{"id":14204,"date":"2024-01-19T09:19:52","date_gmt":"2024-01-19T08:19:52","guid":{"rendered":"https:\/\/serveiseducatius.xtec.cat\/vallesoriental1\/?page_id=14204"},"modified":"2024-02-12T21:08:41","modified_gmt":"2024-02-12T20:08:41","slug":"100-anys-explicant-histories","status":"publish","type":"page","link":"https:\/\/serveiseducatius.xtec.cat\/vallesoriental1\/100-anys-explicant-histories\/","title":{"rendered":"100 anys explicant hist\u00f2ries"},"content":{"rendered":"<p>El\u00a0<strong>13 de febrer de 2024\u00a0<\/strong>se celebra el<strong>\u00a0Dia Mundial de la R\u00e0dio<\/strong>. El Govern de la Generalitat ha aprovat que enguany celebrem els 100 anys de la r\u00e0dio a Catalunya, amb l\u2019objectiu de commemorar i destacar el paper fonamental que ha tingut en la difusi\u00f3 de la cultura, l\u2019entreteniment i la informaci\u00f3 al llarg del segle XX i XXI.\u00a0Fruit d\u2019aquest conjunt d\u2019efem\u00e8rides s\u2019ha proposat dur a terme la preparaci\u00f3 col\u00b7laborativa d\u2019un programa radiof\u00f2nic al mes de febrer i coincidint amb el\u00a0<strong>dia mundial de la r\u00e0dio<\/strong>:<\/p>\n<div class=\"wp-block-spacer\" aria-hidden=\"true\"><img loading=\"lazy\" decoding=\"async\" class=\"aligncenter size-full wp-image-14202\" src=\"https:\/\/serveiseducatius.xtec.cat\/vallesoriental1\/wp-content\/uploads\/usu1135\/2024\/01\/100-ANYS-EXPLICANT-HISTORIES-IMATGE.png\" alt=\"\" width=\"800\" height=\"200\" srcset=\"https:\/\/serveiseducatius.xtec.cat\/vallesoriental1\/wp-content\/uploads\/usu1135\/2024\/01\/100-ANYS-EXPLICANT-HISTORIES-IMATGE.png 800w, https:\/\/serveiseducatius.xtec.cat\/vallesoriental1\/wp-content\/uploads\/usu1135\/2024\/01\/100-ANYS-EXPLICANT-HISTORIES-IMATGE-300x75.png 300w, https:\/\/serveiseducatius.xtec.cat\/vallesoriental1\/wp-content\/uploads\/usu1135\/2024\/01\/100-ANYS-EXPLICANT-HISTORIES-IMATGE-768x192.png 768w\" sizes=\"auto, (max-width: 800px) 100vw, 800px\" \/><\/div>\n<p>&nbsp;<\/p>\n<p>Des dels Serveis Educatius impulsors de la iniciativa s\u2019ha enviat la proposta de participaci\u00f3 en l\u2019activitat\u00a0<strong>\u201cCent anys explicant hist\u00f2ries\u201d,<\/strong>\u00a0on es convida els centres a enregistrar una pe\u00e7a sonora basada en un conte, llegenda o relat popular arrelat al territori. Els CRP ofereixen a les escoles i instituts interessats suport t\u00e8cnic i pedag\u00f2gic per poder tirar endavant l\u2019enregistrament sonor que s\u2019emetr\u00e0 en un programa radiof\u00f2nic en obert durant el mat\u00ed del 13 de febrer.<\/p>\n<h3><\/h3>\n<h3>Llegendes dels centres participants en el projecte<\/h3>\n<table class=\" aligncenter\" style=\"width: 78.5143%; border-collapse: collapse;\">\n<tbody>\n<tr>\n<td style=\"width: 13.8118%;\"><img loading=\"lazy\" decoding=\"async\" class=\"aligncenter wp-image-14222\" src=\"https:\/\/serveiseducatius.xtec.cat\/vallesoriental1\/wp-content\/uploads\/usu1135\/2024\/02\/logocongost.jpg\" alt=\"\" width=\"187\" height=\"120\" \/><\/td>\n<td style=\"width: 30.9299%;\">\n<h4>Escola Congost<br \/>\n(Canovelles)<\/h4>\n<p><a href=\"https:\/\/serveiseducatius.xtec.cat\/vallesoriental1\/wp-content\/uploads\/usu1135\/2024\/02\/08039677_LOrigen_dels_Cans_i_les_Ovelles.mp3\">Hist\u00f2ria dels Cans i les Ovelles<\/a><\/td>\n<td style=\"width: 12.7678%;\">\n<h4><img loading=\"lazy\" decoding=\"async\" class=\"aligncenter wp-image-14221\" src=\"https:\/\/serveiseducatius.xtec.cat\/vallesoriental1\/wp-content\/uploads\/usu1135\/2024\/02\/logosolans.jpg\" alt=\"\" width=\"120\" height=\"120\" srcset=\"https:\/\/serveiseducatius.xtec.cat\/vallesoriental1\/wp-content\/uploads\/usu1135\/2024\/02\/logosolans.jpg 225w, https:\/\/serveiseducatius.xtec.cat\/vallesoriental1\/wp-content\/uploads\/usu1135\/2024\/02\/logosolans-150x150.jpg 150w\" sizes=\"auto, (max-width: 120px) 100vw, 120px\" \/><\/h4>\n<\/td>\n<td style=\"width: 32.7553%;\">\n<h4>Escola Joan Solans<br \/>\n(Granollers)<\/h4>\n<p><a href=\"https:\/\/serveiseducatius.xtec.cat\/vallesoriental1\/wp-content\/uploads\/usu1135\/2024\/02\/08017700_La_llegenda_de_la_Mina_de_agua_sucia.mp3\">La llegenda de la &#8220;Mina de agua sucia&#8221;<\/a><\/td>\n<\/tr>\n<tr>\n<td style=\"width: 13.8118%;\"><img loading=\"lazy\" decoding=\"async\" class=\"aligncenter wp-image-14224\" src=\"https:\/\/serveiseducatius.xtec.cat\/vallesoriental1\/wp-content\/uploads\/usu1135\/2024\/02\/logopereanton.png\" alt=\"\" width=\"120\" height=\"120\" srcset=\"https:\/\/serveiseducatius.xtec.cat\/vallesoriental1\/wp-content\/uploads\/usu1135\/2024\/02\/logopereanton.png 225w, https:\/\/serveiseducatius.xtec.cat\/vallesoriental1\/wp-content\/uploads\/usu1135\/2024\/02\/logopereanton-150x150.png 150w\" sizes=\"auto, (max-width: 120px) 100vw, 120px\" \/><\/td>\n<td style=\"width: 30.9299%;\">\n<h4>Escola Pereanton<br \/>\n(Granollers)<\/h4>\n<p><a href=\"https:\/\/serveiseducatius.xtec.cat\/vallesoriental1\/wp-content\/uploads\/usu1135\/2024\/02\/08017694_La_llegenda_de_la_Casa_Blanxart_i_les_quatre_dones_daigua_de_Granollers.mp3\">La llegenda de la Casa Blanxart i les quatre dones d&#8217;aigua de Granollers<\/a><\/td>\n<td style=\"width: 12.7678%;\">\n<h4><img loading=\"lazy\" decoding=\"async\" class=\"aligncenter wp-image-14225\" src=\"https:\/\/serveiseducatius.xtec.cat\/vallesoriental1\/wp-content\/uploads\/usu1135\/2024\/02\/logodomus.jpg\" alt=\"\" width=\"120\" height=\"120\" srcset=\"https:\/\/serveiseducatius.xtec.cat\/vallesoriental1\/wp-content\/uploads\/usu1135\/2024\/02\/logodomus.jpg 225w, https:\/\/serveiseducatius.xtec.cat\/vallesoriental1\/wp-content\/uploads\/usu1135\/2024\/02\/logodomus-150x150.jpg 150w\" sizes=\"auto, (max-width: 120px) 100vw, 120px\" \/><\/h4>\n<\/td>\n<td style=\"width: 32.7553%;\">\n<h4>Institut Domus d&#8217;Olivet<br \/>\n(Canovelles)<\/h4>\n<p><a href=\"https:\/\/serveiseducatius.xtec.cat\/vallesoriental1\/wp-content\/uploads\/usu1135\/2024\/02\/08072383_La_historia_de_la_Domus_dOlivet.mp3\">Hist\u00f2ria de la Domus d&#8217;Olivet<\/a><\/td>\n<\/tr>\n<tr>\n<td style=\"width: 13.8118%;\"><img loading=\"lazy\" decoding=\"async\" class=\"aligncenter wp-image-14223\" src=\"https:\/\/serveiseducatius.xtec.cat\/vallesoriental1\/wp-content\/uploads\/usu1135\/2024\/02\/logoguerau.jpg\" alt=\"\" width=\"160\" height=\"120\" srcset=\"https:\/\/serveiseducatius.xtec.cat\/vallesoriental1\/wp-content\/uploads\/usu1135\/2024\/02\/logoguerau.jpg 259w, https:\/\/serveiseducatius.xtec.cat\/vallesoriental1\/wp-content\/uploads\/usu1135\/2024\/02\/logoguerau-200x150.jpg 200w\" sizes=\"auto, (max-width: 160px) 100vw, 160px\" \/><\/td>\n<td style=\"width: 30.9299%;\">\n<h4>Escola Guerau de Liost<br \/>\n(Les Franqueses del Vall\u00e8s)<\/h4>\n<p><a href=\"https:\/\/serveiseducatius.xtec.cat\/vallesoriental1\/wp-content\/uploads\/usu1135\/2024\/02\/08060939_La_llegenda_del_Torrent_de_la_fantasma.mp3\">La llegenda del Torrent de la Fantasma<\/a><\/td>\n<td style=\"width: 12.7678%;\">\n<h4><img loading=\"lazy\" decoding=\"async\" class=\"aligncenter wp-image-14226\" src=\"https:\/\/serveiseducatius.xtec.cat\/vallesoriental1\/wp-content\/uploads\/usu1135\/2024\/02\/logomogent.jpg\" alt=\"\" width=\"120\" height=\"120\" srcset=\"https:\/\/serveiseducatius.xtec.cat\/vallesoriental1\/wp-content\/uploads\/usu1135\/2024\/02\/logomogent.jpg 225w, https:\/\/serveiseducatius.xtec.cat\/vallesoriental1\/wp-content\/uploads\/usu1135\/2024\/02\/logomogent-150x150.jpg 150w\" sizes=\"auto, (max-width: 120px) 100vw, 120px\" \/><\/h4>\n<\/td>\n<td style=\"width: 32.7553%;\">\n<h4>Escola Mogent<br \/>\n(La Roca del Vall\u00e8s)<\/h4>\n<p><a href=\"https:\/\/serveiseducatius.xtec.cat\/vallesoriental1\/wp-content\/uploads\/usu1135\/2024\/02\/08060991_La_llegenda_dels_Gegants_de_la_Roca.mp3\">La llegenda dels Gegants de la Roca<\/a><\/td>\n<\/tr>\n<tr>\n<td style=\"width: 13.8118%;\"><img loading=\"lazy\" decoding=\"async\" class=\"aligncenter wp-image-14239\" src=\"https:\/\/serveiseducatius.xtec.cat\/vallesoriental1\/wp-content\/uploads\/usu1135\/2024\/02\/baixa-1.jpg\" alt=\"\" width=\"120\" height=\"120\" srcset=\"https:\/\/serveiseducatius.xtec.cat\/vallesoriental1\/wp-content\/uploads\/usu1135\/2024\/02\/baixa-1.jpg 225w, https:\/\/serveiseducatius.xtec.cat\/vallesoriental1\/wp-content\/uploads\/usu1135\/2024\/02\/baixa-1-150x150.jpg 150w\" sizes=\"auto, (max-width: 120px) 100vw, 120px\" \/><\/td>\n<td style=\"width: 30.9299%;\">\n<h4>Escola Pia<br \/>\n(Granollers)<\/h4>\n<p><a href=\"https:\/\/serveiseducatius.xtec.cat\/vallesoriental1\/wp-content\/uploads\/usu1135\/2024\/02\/08017785_La_Pedra_de_lEncant.mp3\">La llegenda de la Pedra de l&#8217;Encant<\/a><\/td>\n<td style=\"width: 12.7678%;\"><img loading=\"lazy\" decoding=\"async\" class=\"aligncenter wp-image-14238\" src=\"https:\/\/serveiseducatius.xtec.cat\/vallesoriental1\/wp-content\/uploads\/usu1135\/2024\/02\/baixa-2.jpg\" alt=\"\" width=\"180\" height=\"120\" \/><\/td>\n<td style=\"width: 32.7553%;\">\n<h4>Escola Salvador Llobet<br \/>\n(Granollers)<\/h4>\n<p><a href=\"https:\/\/serveiseducatius.xtec.cat\/vallesoriental1\/wp-content\/uploads\/usu1135\/2024\/02\/08037553_Les_dones_d_aigua.mp3\">La llegenda de la Casa Blanxart i les quatre dones d\u2019aigua de Granollers<\/a><\/td>\n<\/tr>\n<tr>\n<td style=\"width: 13.8118%;\"><img loading=\"lazy\" decoding=\"async\" class=\"aligncenter wp-image-14241\" src=\"https:\/\/serveiseducatius.xtec.cat\/vallesoriental1\/wp-content\/uploads\/usu1135\/2024\/02\/logoquatrevents.png\" alt=\"\" width=\"115\" height=\"120\" \/><\/td>\n<td style=\"width: 30.9299%;\">\n<h4>Escola Els Quatre vents<br \/>\n(Canovelles)<\/h4>\n<p><a href=\"https:\/\/serveiseducatius.xtec.cat\/vallesoriental1\/wp-content\/uploads\/usu1135\/2024\/02\/08064805_Un_jaciment_neolitic_al_soterrani_de_lescola.mp3\">Un jaciment neol\u00edtic al soterrani de l&#8217;Escola<\/a><\/td>\n<td style=\"width: 12.7678%;\"><\/td>\n<td style=\"width: 32.7553%;\">\n<h4><\/h4>\n<\/td>\n<\/tr>\n<\/tbody>\n<\/table>\n<p>&nbsp;<\/p>\n<p><b>#canaldereporters #100anysradio<\/b><\/p>\n","protected":false},"excerpt":{"rendered":"<p>El\u00a013 de febrer de 2024\u00a0se celebra el\u00a0Dia Mundial de la R\u00e0dio. El Govern de la Generalitat ha aprovat que enguany [&hellip;]<\/p>\n","protected":false},"author":3,"featured_media":0,"parent":0,"menu_order":0,"comment_status":"closed","ping_status":"closed","template":"","meta":{"_bbp_topic_count":0,"_bbp_reply_count":0,"_bbp_total_topic_count":0,"_bbp_total_reply_count":0,"_bbp_voice_count":0,"_bbp_anonymous_reply_count":0,"_bbp_topic_count_hidden":0,"_bbp_reply_count_hidden":0,"_bbp_forum_subforum_count":0,"site-sidebar-layout":"default","site-content-layout":"","ast-site-content-layout":"","site-content-style":"default","site-sidebar-style":"default","ast-global-header-display":"","ast-banner-title-visibility":"","ast-main-header-display":"","ast-hfb-above-header-display":"","ast-hfb-below-header-display":"","ast-hfb-mobile-header-display":"","site-post-title":"","ast-breadcrumbs-content":"","ast-featured-img":"","footer-sml-layout":"","theme-transparent-header-meta":"","adv-header-id-meta":"","stick-header-meta":"","header-above-stick-meta":"","header-main-stick-meta":"","header-below-stick-meta":"","astra-migrate-meta-layouts":"default","ast-page-background-enabled":"default","ast-page-background-meta":{"desktop":{"background-color":"var(--ast-global-color-4)","background-image":"","background-repeat":"repeat","background-position":"center center","background-size":"auto","background-attachment":"scroll","background-type":"","background-media":"","overlay-type":"","overlay-color":"","overlay-opacity":"","overlay-gradient":""},"tablet":{"background-color":"","background-image":"","background-repeat":"repeat","background-position":"center center","background-size":"auto","background-attachment":"scroll","background-type":"","background-media":"","overlay-type":"","overlay-color":"","overlay-opacity":"","overlay-gradient":""},"mobile":{"background-color":"","background-image":"","background-repeat":"repeat","background-position":"center center","background-size":"auto","background-attachment":"scroll","background-type":"","background-media":"","overlay-type":"","overlay-color":"","overlay-opacity":"","overlay-gradient":""}},"ast-content-background-meta":{"desktop":{"background-color":"var(--ast-global-color-5)","background-image":"","background-repeat":"repeat","background-position":"center center","background-size":"auto","background-attachment":"scroll","background-type":"","background-media":"","overlay-type":"","overlay-color":"","overlay-opacity":"","overlay-gradient":""},"tablet":{"background-color":"var(--ast-global-color-5)","background-image":"","background-repeat":"repeat","background-position":"center center","background-size":"auto","background-attachment":"scroll","background-type":"","background-media":"","overlay-type":"","overlay-color":"","overlay-opacity":"","overlay-gradient":""},"mobile":{"background-color":"var(--ast-global-color-5)","background-image":"","background-repeat":"repeat","background-position":"center center","background-size":"auto","background-attachment":"scroll","background-type":"","background-media":"","overlay-type":"","overlay-color":"","overlay-opacity":"","overlay-gradient":""}},"footnotes":""},"class_list":["post-14204","page","type-page","status-publish","hentry"],"post_mailing_queue_ids":[],"_links":{"self":[{"href":"https:\/\/serveiseducatius.xtec.cat\/vallesoriental1\/wp-json\/wp\/v2\/pages\/14204","targetHints":{"allow":["GET"]}}],"collection":[{"href":"https:\/\/serveiseducatius.xtec.cat\/vallesoriental1\/wp-json\/wp\/v2\/pages"}],"about":[{"href":"https:\/\/serveiseducatius.xtec.cat\/vallesoriental1\/wp-json\/wp\/v2\/types\/page"}],"author":[{"embeddable":true,"href":"https:\/\/serveiseducatius.xtec.cat\/vallesoriental1\/wp-json\/wp\/v2\/users\/3"}],"replies":[{"embeddable":true,"href":"https:\/\/serveiseducatius.xtec.cat\/vallesoriental1\/wp-json\/wp\/v2\/comments?post=14204"}],"version-history":[{"count":6,"href":"https:\/\/serveiseducatius.xtec.cat\/vallesoriental1\/wp-json\/wp\/v2\/pages\/14204\/revisions"}],"predecessor-version":[{"id":14252,"href":"https:\/\/serveiseducatius.xtec.cat\/vallesoriental1\/wp-json\/wp\/v2\/pages\/14204\/revisions\/14252"}],"wp:attachment":[{"href":"https:\/\/serveiseducatius.xtec.cat\/vallesoriental1\/wp-json\/wp\/v2\/media?parent=14204"}],"curies":[{"name":"wp","href":"https:\/\/api.w.org\/{rel}","templated":true}]}}