{"id":14005,"date":"2023-11-07T17:06:17","date_gmt":"2023-11-07T16:06:17","guid":{"rendered":"https:\/\/serveiseducatius.xtec.cat\/vallesoriental1\/?page_id=14005"},"modified":"2026-03-16T10:32:54","modified_gmt":"2026-03-16T09:32:54","slug":"mediateca","status":"publish","type":"page","link":"https:\/\/serveiseducatius.xtec.cat\/vallesoriental1\/mediateca\/","title":{"rendered":"Mediateca"},"content":{"rendered":"\n<p>En la nostra mediateca trobareu un conjunt de recursos en forma de materials de lectura, maletes pedag\u00f2giques o diferents aparells per treballar a l\u2019aula amb alumnat del vostre centre. El per\u00edode de pr\u00e9stec habitual \u00e9s de&nbsp;quinze dies. Tot i aix\u00f2, si el material o l&#8217;activitat ho requereix, es pot ampliar, sempre que no hi hagi altres centres a l&#8217;espera.<\/p>\n\n\n\n<p>Per fer una reserva, seleccioneu el recurs desitjat i comproveu la seva disponibilitat. A continuaci\u00f3, ompliu la sol\u00b7licitud en la fitxa de cada recurs. En pocs dies ens posarem en contacte amb vosaltres per formalitzar la reserva. Si passat uns dies no heu rebut cap resposta, contacteu amb nosaltres. En el cas que no us aparegui la llista de materials de la mediateca o trobeu qualsevol error, poseu-vos en contacte amb nosaltres.<\/p>\n\n\n\n<iframe src=\"https:\/\/script.google.com\/macros\/s\/AKfycbyvo-lS5bVj5fdw1-hyLE95WoxZBphies6VsEPYX8-hXMmjvGGyasqDOUGbn3zWNKUD\/exec\" style=\"width: 100%; height: 800px; border: none;\"><\/iframe>\n\n\n\n<p><\/p>\n","protected":false},"excerpt":{"rendered":"<p>En la nostra mediateca trobareu un conjunt de recursos en forma de materials de lectura, maletes pedag\u00f2giques o diferents aparells [&hellip;]<\/p>\n","protected":false},"author":3,"featured_media":0,"parent":0,"menu_order":0,"comment_status":"closed","ping_status":"closed","template":"","meta":{"_bbp_topic_count":0,"_bbp_reply_count":0,"_bbp_total_topic_count":0,"_bbp_total_reply_count":0,"_bbp_voice_count":0,"_bbp_anonymous_reply_count":0,"_bbp_topic_count_hidden":0,"_bbp_reply_count_hidden":0,"_bbp_forum_subforum_count":0,"site-sidebar-layout":"no-sidebar","site-content-layout":"","ast-site-content-layout":"default","site-content-style":"default","site-sidebar-style":"default","ast-global-header-display":"","ast-banner-title-visibility":"","ast-main-header-display":"","ast-hfb-above-header-display":"","ast-hfb-below-header-display":"","ast-hfb-mobile-header-display":"","site-post-title":"","ast-breadcrumbs-content":"","ast-featured-img":"","footer-sml-layout":"","theme-transparent-header-meta":"","adv-header-id-meta":"","stick-header-meta":"","header-above-stick-meta":"","header-main-stick-meta":"","header-below-stick-meta":"","astra-migrate-meta-layouts":"set","ast-page-background-enabled":"default","ast-page-background-meta":{"desktop":{"background-color":"var(--ast-global-color-4)","background-image":"","background-repeat":"repeat","background-position":"center center","background-size":"auto","background-attachment":"scroll","background-type":"","background-media":"","overlay-type":"","overlay-color":"","overlay-opacity":"","overlay-gradient":""},"tablet":{"background-color":"","background-image":"","background-repeat":"repeat","background-position":"center center","background-size":"auto","background-attachment":"scroll","background-type":"","background-media":"","overlay-type":"","overlay-color":"","overlay-opacity":"","overlay-gradient":""},"mobile":{"background-color":"","background-image":"","background-repeat":"repeat","background-position":"center center","background-size":"auto","background-attachment":"scroll","background-type":"","background-media":"","overlay-type":"","overlay-color":"","overlay-opacity":"","overlay-gradient":""}},"ast-content-background-meta":{"desktop":{"background-color":"var(--ast-global-color-5)","background-image":"","background-repeat":"repeat","background-position":"center center","background-size":"auto","background-attachment":"scroll","background-type":"","background-media":"","overlay-type":"","overlay-color":"","overlay-opacity":"","overlay-gradient":""},"tablet":{"background-color":"var(--ast-global-color-5)","background-image":"","background-repeat":"repeat","background-position":"center center","background-size":"auto","background-attachment":"scroll","background-type":"","background-media":"","overlay-type":"","overlay-color":"","overlay-opacity":"","overlay-gradient":""},"mobile":{"background-color":"var(--ast-global-color-5)","background-image":"","background-repeat":"repeat","background-position":"center center","background-size":"auto","background-attachment":"scroll","background-type":"","background-media":"","overlay-type":"","overlay-color":"","overlay-opacity":"","overlay-gradient":""}},"footnotes":""},"class_list":["post-14005","page","type-page","status-publish","hentry"],"post_mailing_queue_ids":[],"_links":{"self":[{"href":"https:\/\/serveiseducatius.xtec.cat\/vallesoriental1\/wp-json\/wp\/v2\/pages\/14005","targetHints":{"allow":["GET"]}}],"collection":[{"href":"https:\/\/serveiseducatius.xtec.cat\/vallesoriental1\/wp-json\/wp\/v2\/pages"}],"about":[{"href":"https:\/\/serveiseducatius.xtec.cat\/vallesoriental1\/wp-json\/wp\/v2\/types\/page"}],"author":[{"embeddable":true,"href":"https:\/\/serveiseducatius.xtec.cat\/vallesoriental1\/wp-json\/wp\/v2\/users\/3"}],"replies":[{"embeddable":true,"href":"https:\/\/serveiseducatius.xtec.cat\/vallesoriental1\/wp-json\/wp\/v2\/comments?post=14005"}],"version-history":[{"count":6,"href":"https:\/\/serveiseducatius.xtec.cat\/vallesoriental1\/wp-json\/wp\/v2\/pages\/14005\/revisions"}],"predecessor-version":[{"id":15779,"href":"https:\/\/serveiseducatius.xtec.cat\/vallesoriental1\/wp-json\/wp\/v2\/pages\/14005\/revisions\/15779"}],"wp:attachment":[{"href":"https:\/\/serveiseducatius.xtec.cat\/vallesoriental1\/wp-json\/wp\/v2\/media?parent=14005"}],"curies":[{"name":"wp","href":"https:\/\/api.w.org\/{rel}","templated":true}]}}