{"id":11546,"date":"2020-05-21T11:04:02","date_gmt":"2020-05-21T09:04:02","guid":{"rendered":"http:\/\/serveiseducatius.xtec.cat\/vallesoriental1\/?page_id=11546"},"modified":"2020-05-26T18:11:40","modified_gmt":"2020-05-26T16:11:40","slug":"nivell-avancat","status":"publish","type":"page","link":"https:\/\/serveiseducatius.xtec.cat\/vallesoriental1\/vallesbot2020\/categoria-microbit\/nivell-avancat\/","title":{"rendered":"Nivell avan\u00e7at"},"content":{"rendered":"<h2 style=\"text-align: center;\"><span style=\"text-decoration: underline;\"><b>DETECTOR D\u2019OBSTACLES<\/b><\/span><\/h2>\n<p><img loading=\"lazy\" decoding=\"async\" class=\"aligncenter\" src=\"https:\/\/www.kitronik.co.uk\/wp\/wp-content\/uploads\/2019\/01\/distance-sensing-microbit-sonar-hc-sr04-1.jpg\" alt=\"Distance Sensing With A microbit And HC-SR04 Module - Kitronik\" width=\"277\" height=\"215\" \/><\/p>\n<table>\n<tbody>\n<tr>\n<td><b>CONTEXTUALITZACI\u00d3<\/b><\/td>\n<\/tr>\n<tr>\n<td><span style=\"font-weight: 400;\">Les persones amb baixa visi\u00f3 o ceguera necessiten alguna ajuda per moure\u2019s per un entorn ple d\u2019objectes. Molts utilitzen el bast\u00f3 per caminar pel carrer. Aquest repte us proposa millorar aquest bast\u00f3 afegint-hi un dispositiu que avisi de la proximitat dels objectes.<\/span><\/td>\n<\/tr>\n<tr>\n<td><b>PAUTES<\/b><\/td>\n<\/tr>\n<tr>\n<td><span style=\"font-weight: 400;\">Per a la realitzaci\u00f3 d\u2019aquest repte cal accedir a <\/span><a href=\"https:\/\/makecode.microbit.org\/\"><span style=\"font-weight: 400;\">https:\/\/makecode.microbit.org\/<\/span><\/a><span style=\"font-weight: 400;\"> i crear un projecte nou.<\/span><\/p>\n<p><span style=\"font-weight: 400;\">Abans de comen\u00e7ar cal que li doneu un nom al vostre projecte, <\/span><span style=\"font-weight: 400;\">amb el t\u00edtol i el vostre nom; per exemple: detector-joana-ruiz.<\/span><\/td>\n<\/tr>\n<tr>\n<td><b>DESCRIPCI\u00d3<\/b><\/td>\n<\/tr>\n<tr>\n<td><span style=\"font-weight: 400;\">El vostre repte consisteix a programar la Micro:bit per tal que detecti i avisi a l\u2019usuari que hi ha algun objecte proper.\u00a0<\/span><\/td>\n<\/tr>\n<tr>\n<td><b>PISTES<\/b><\/td>\n<\/tr>\n<tr>\n<td><span style=\"font-weight: 400;\">Podeu utilitzar l&#8217;extensi\u00f3 \u201csonar\u201d.<\/span><\/p>\n<p><span style=\"font-weight: 400;\">Podeu utilitzar dues Micro:bit que es comuniquin via r\u00e0dio.<\/span><\/p>\n<p><span style=\"font-weight: 400;\">Segons la intensitat amb qu\u00e8 arriba el senyal de r\u00e0dio, podem saber si un objecte \u00e9s m\u00e9s a prop o m\u00e9s lluny.<\/span><\/td>\n<\/tr>\n<tr>\n<td><b>EN ACABAR&#8230;<\/b><\/td>\n<\/tr>\n<tr>\n<td><span style=\"font-weight: 400;\">Heu de descarregar el vostre projecte i enviar l\u2019arxiu al vostre mestre.<\/span><\/td>\n<\/tr>\n<\/tbody>\n<\/table>\n","protected":false},"excerpt":{"rendered":"<p>DETECTOR D\u2019OBSTACLES CONTEXTUALITZACI\u00d3 Les persones amb baixa visi\u00f3 o ceguera necessiten alguna ajuda per moure\u2019s per un entorn ple d\u2019objectes. [&hellip;]<\/p>\n","protected":false},"author":3,"featured_media":0,"parent":11482,"menu_order":2,"comment_status":"closed","ping_status":"closed","template":"page-templates\/side-menu.php","meta":{"_bbp_topic_count":0,"_bbp_reply_count":0,"_bbp_total_topic_count":0,"_bbp_total_reply_count":0,"_bbp_voice_count":0,"_bbp_anonymous_reply_count":0,"_bbp_topic_count_hidden":0,"_bbp_reply_count_hidden":0,"_bbp_forum_subforum_count":0,"site-sidebar-layout":"default","site-content-layout":"","ast-site-content-layout":"","site-content-style":"default","site-sidebar-style":"default","ast-global-header-display":"","ast-banner-title-visibility":"","ast-main-header-display":"","ast-hfb-above-header-display":"","ast-hfb-below-header-display":"","ast-hfb-mobile-header-display":"","site-post-title":"","ast-breadcrumbs-content":"","ast-featured-img":"","footer-sml-layout":"","theme-transparent-header-meta":"","adv-header-id-meta":"","stick-header-meta":"","header-above-stick-meta":"","header-main-stick-meta":"","header-below-stick-meta":"","astra-migrate-meta-layouts":"default","ast-page-background-enabled":"default","ast-page-background-meta":{"desktop":{"background-color":"var(--ast-global-color-4)","background-image":"","background-repeat":"repeat","background-position":"center center","background-size":"auto","background-attachment":"scroll","background-type":"","background-media":"","overlay-type":"","overlay-color":"","overlay-opacity":"","overlay-gradient":""},"tablet":{"background-color":"","background-image":"","background-repeat":"repeat","background-position":"center center","background-size":"auto","background-attachment":"scroll","background-type":"","background-media":"","overlay-type":"","overlay-color":"","overlay-opacity":"","overlay-gradient":""},"mobile":{"background-color":"","background-image":"","background-repeat":"repeat","background-position":"center center","background-size":"auto","background-attachment":"scroll","background-type":"","background-media":"","overlay-type":"","overlay-color":"","overlay-opacity":"","overlay-gradient":""}},"ast-content-background-meta":{"desktop":{"background-color":"var(--ast-global-color-5)","background-image":"","background-repeat":"repeat","background-position":"center center","background-size":"auto","background-attachment":"scroll","background-type":"","background-media":"","overlay-type":"","overlay-color":"","overlay-opacity":"","overlay-gradient":""},"tablet":{"background-color":"var(--ast-global-color-5)","background-image":"","background-repeat":"repeat","background-position":"center center","background-size":"auto","background-attachment":"scroll","background-type":"","background-media":"","overlay-type":"","overlay-color":"","overlay-opacity":"","overlay-gradient":""},"mobile":{"background-color":"var(--ast-global-color-5)","background-image":"","background-repeat":"repeat","background-position":"center center","background-size":"auto","background-attachment":"scroll","background-type":"","background-media":"","overlay-type":"","overlay-color":"","overlay-opacity":"","overlay-gradient":""}},"footnotes":""},"class_list":["post-11546","page","type-page","status-publish","hentry"],"post_mailing_queue_ids":[],"_links":{"self":[{"href":"https:\/\/serveiseducatius.xtec.cat\/vallesoriental1\/wp-json\/wp\/v2\/pages\/11546","targetHints":{"allow":["GET"]}}],"collection":[{"href":"https:\/\/serveiseducatius.xtec.cat\/vallesoriental1\/wp-json\/wp\/v2\/pages"}],"about":[{"href":"https:\/\/serveiseducatius.xtec.cat\/vallesoriental1\/wp-json\/wp\/v2\/types\/page"}],"author":[{"embeddable":true,"href":"https:\/\/serveiseducatius.xtec.cat\/vallesoriental1\/wp-json\/wp\/v2\/users\/3"}],"replies":[{"embeddable":true,"href":"https:\/\/serveiseducatius.xtec.cat\/vallesoriental1\/wp-json\/wp\/v2\/comments?post=11546"}],"version-history":[{"count":2,"href":"https:\/\/serveiseducatius.xtec.cat\/vallesoriental1\/wp-json\/wp\/v2\/pages\/11546\/revisions"}],"predecessor-version":[{"id":11605,"href":"https:\/\/serveiseducatius.xtec.cat\/vallesoriental1\/wp-json\/wp\/v2\/pages\/11546\/revisions\/11605"}],"up":[{"embeddable":true,"href":"https:\/\/serveiseducatius.xtec.cat\/vallesoriental1\/wp-json\/wp\/v2\/pages\/11482"}],"wp:attachment":[{"href":"https:\/\/serveiseducatius.xtec.cat\/vallesoriental1\/wp-json\/wp\/v2\/media?parent=11546"}],"curies":[{"name":"wp","href":"https:\/\/api.w.org\/{rel}","templated":true}]}}