{"id":9378,"date":"2018-01-15T12:22:42","date_gmt":"2018-01-15T11:22:42","guid":{"rendered":"http:\/\/serveiseducatius.xtec.cat\/vallesoccidental8\/?page_id=9378"},"modified":"2025-09-10T16:19:36","modified_gmt":"2025-09-10T14:19:36","slug":"crp","status":"publish","type":"page","link":"https:\/\/serveiseducatius.xtec.cat\/vallesoccidental8\/el-servei-educatiu\/equip\/crp\/","title":{"rendered":"Funcions del CRP"},"content":{"rendered":"<div class=\"panel-heading\">\n<div class=\"panel-heading\"><\/div>\n<\/div>\n<div id=\"bloc2\" class=\"panel-collapse collapsible collapse in\">\n<div class=\"col-xs-12 columna_esquerra\">\n<div class=\"cos_bloc basic_text_peq pd-15 link-dotted\">\n<h1 data-start=\"220\" data-end=\"238\">Qu\u00e8 s\u00f3n els CRP?<\/h1>\n<p data-start=\"240\" data-end=\"444\">Els <strong data-start=\"244\" data-end=\"284\">Centres de Recursos Pedag\u00f2gics (CRP)<\/strong> s\u00f3n equips que donen <strong data-start=\"306\" data-end=\"346\">suport, assessorament i dinamitzaci\u00f3<\/strong> als professionals i centres educatius per impulsar la <strong data-start=\"401\" data-end=\"441\">millora i la transformaci\u00f3 educativa<\/strong>.<\/p>\n<hr data-start=\"446\" data-end=\"449\" \/>\n<h2 data-start=\"451\" data-end=\"490\">Funcions principals (curs 2025-2026)<\/h2>\n<h3 data-start=\"492\" data-end=\"526\">\ud83d\udd39 Assessorament als centres<\/h3>\n<ul data-start=\"527\" data-end=\"709\">\n<li data-start=\"527\" data-end=\"638\">\n<p data-start=\"529\" data-end=\"638\"><strong data-start=\"529\" data-end=\"570\">Disseny, planificaci\u00f3 i implementaci\u00f3<\/strong> de l\u2019acompanyament als centres en els processos de transformaci\u00f3.<\/p>\n<\/li>\n<li data-start=\"639\" data-end=\"709\">\n<p data-start=\"641\" data-end=\"709\">Temps reservat per al <strong data-start=\"663\" data-end=\"693\">treball pedag\u00f2gic en equip<\/strong> dins del CRP.<\/p>\n<\/li>\n<\/ul>\n<h3 data-start=\"711\" data-end=\"739\">\ud83d\udd39 Projectes integrats<\/h3>\n<ul data-start=\"740\" data-end=\"971\">\n<li data-start=\"740\" data-end=\"822\">\n<p data-start=\"742\" data-end=\"822\">Fer visibles els <strong data-start=\"759\" data-end=\"806\">projectes compartits dels Serveis Educatius<\/strong> al territori.<\/p>\n<\/li>\n<li data-start=\"823\" data-end=\"896\">\n<p data-start=\"825\" data-end=\"896\">Generar un <strong data-start=\"836\" data-end=\"858\">espai virtual com\u00fa<\/strong> de difusi\u00f3, comunicaci\u00f3 i formaci\u00f3.<\/p>\n<\/li>\n<li data-start=\"897\" data-end=\"971\">\n<p data-start=\"899\" data-end=\"971\">Impulsar la col\u00b7laboraci\u00f3 entre equips <strong data-start=\"938\" data-end=\"968\">multiprofessionals del SEZ<\/strong>.<\/p>\n<\/li>\n<\/ul>\n<h3 data-start=\"973\" data-end=\"1017\">\ud83d\udd39 Pr\u00e0ctiques educatives de refer\u00e8ncia<\/h3>\n<ul data-start=\"1018\" data-end=\"1218\">\n<li data-start=\"1018\" data-end=\"1126\">\n<p data-start=\"1020\" data-end=\"1126\">Detectar, recollir i difondre <strong data-start=\"1050\" data-end=\"1093\">bones pr\u00e0ctiques i projectes innovadors<\/strong> del professorat i els centres.<\/p>\n<\/li>\n<li data-start=\"1127\" data-end=\"1218\">\n<p data-start=\"1129\" data-end=\"1218\">Gestionar canals de <strong data-start=\"1149\" data-end=\"1174\">difusi\u00f3 i comunicaci\u00f3<\/strong> per a centres, docents, alumnat i xarxes.<\/p>\n<\/li>\n<\/ul>\n<h3 data-start=\"1220\" data-end=\"1250\">\ud83d\udd39 Transformaci\u00f3 digital<\/h3>\n<ul data-start=\"1251\" data-end=\"1428\">\n<li data-start=\"1251\" data-end=\"1333\">\n<p data-start=\"1253\" data-end=\"1333\">Donar <strong data-start=\"1259\" data-end=\"1285\">suport i acompanyament<\/strong> en l\u2019\u00fas educatiu de les tecnologies digitals.<\/p>\n<\/li>\n<li data-start=\"1334\" data-end=\"1428\">\n<p data-start=\"1336\" data-end=\"1428\">Garantir l\u2019<strong data-start=\"1347\" data-end=\"1385\">aprenentatge en l\u00ednia de l\u2019alumnat<\/strong> en coordinaci\u00f3 amb els mentors digitals.<\/p>\n<\/li>\n<\/ul>\n<h3 data-start=\"1430\" data-end=\"1456\">\ud83d\udd39 Xarxes educatives<\/h3>\n<ul data-start=\"1457\" data-end=\"1571\">\n<li data-start=\"1457\" data-end=\"1526\">\n<p data-start=\"1459\" data-end=\"1526\"><strong data-start=\"1459\" data-end=\"1488\">Dinamitzar i donar suport<\/strong> a les xarxes educatives de la zona.<\/p>\n<\/li>\n<li data-start=\"1527\" data-end=\"1571\">\n<p data-start=\"1529\" data-end=\"1571\">Vetllar per la <strong data-start=\"1544\" data-end=\"1568\">inclusi\u00f3 i l\u2019equitat<\/strong>.<\/p>\n<\/li>\n<\/ul>\n<h3 data-start=\"1573\" data-end=\"1601\">\ud83d\udd39 Formaci\u00f3 i recursos<\/h3>\n<ul data-start=\"1602\" data-end=\"1826\">\n<li data-start=\"1602\" data-end=\"1688\">\n<p data-start=\"1604\" data-end=\"1688\">Elaborar la <strong data-start=\"1616\" data-end=\"1646\">proposta formativa del PFZ<\/strong> a partir de les necessitats detectades.<\/p>\n<\/li>\n<li data-start=\"1689\" data-end=\"1826\">\n<p data-start=\"1691\" data-end=\"1826\">Actualitzar i visibilitzar el <strong data-start=\"1721\" data-end=\"1771\">repositori de materials i propostes educatives<\/strong> amb la coordinaci\u00f3 de tots els agents del territori.<\/p>\n<\/li>\n<\/ul>\n<hr data-start=\"1828\" data-end=\"1831\" \/>\n<p data-start=\"1833\" data-end=\"1932\">\ud83d\udc49 <strong data-start=\"1836\" data-end=\"1858\">Vols saber-ne m\u00e9s?<\/strong><br data-start=\"1858\" data-end=\"1861\" \/>Consulta m\u00e9s informaci\u00f3 sobre els equips <a href=\"https:\/\/xtec.gencat.cat\/ca\/serveis\/sez\/crp\/\"><strong data-start=\"1902\" data-end=\"1909\">CRP<\/strong><\/a> a la p\u00e0gina oficial.<\/p>\n<\/div>\n<\/div>\n<\/div>\n","protected":false},"excerpt":{"rendered":"<p>Qu\u00e8 s\u00f3n els CRP? Els Centres de Recursos Pedag\u00f2gics (CRP) s\u00f3n equips que donen suport, assessorament i dinamitzaci\u00f3 als professionals [&hellip;]<\/p>\n","protected":false},"author":1,"featured_media":0,"parent":306,"menu_order":0,"comment_status":"closed","ping_status":"closed","template":"","meta":{"_bbp_topic_count":0,"_bbp_reply_count":0,"_bbp_total_topic_count":0,"_bbp_total_reply_count":0,"_bbp_voice_count":0,"_bbp_anonymous_reply_count":0,"_bbp_topic_count_hidden":0,"_bbp_reply_count_hidden":0,"_bbp_forum_subforum_count":0,"site-sidebar-layout":"default","site-content-layout":"","ast-site-content-layout":"default","site-content-style":"default","site-sidebar-style":"default","ast-global-header-display":"","ast-banner-title-visibility":"","ast-main-header-display":"","ast-hfb-above-header-display":"","ast-hfb-below-header-display":"","ast-hfb-mobile-header-display":"","site-post-title":"","ast-breadcrumbs-content":"","ast-featured-img":"","footer-sml-layout":"","theme-transparent-header-meta":"","adv-header-id-meta":"","stick-header-meta":"","header-above-stick-meta":"","header-main-stick-meta":"","header-below-stick-meta":"","astra-migrate-meta-layouts":"set","ast-page-background-enabled":"default","ast-page-background-meta":{"desktop":{"background-color":"var(--ast-global-color-4)","background-image":"","background-repeat":"repeat","background-position":"center center","background-size":"auto","background-attachment":"scroll","background-type":"","background-media":"","overlay-type":"","overlay-color":"","overlay-opacity":"","overlay-gradient":""},"tablet":{"background-color":"","background-image":"","background-repeat":"repeat","background-position":"center center","background-size":"auto","background-attachment":"scroll","background-type":"","background-media":"","overlay-type":"","overlay-color":"","overlay-opacity":"","overlay-gradient":""},"mobile":{"background-color":"","background-image":"","background-repeat":"repeat","background-position":"center center","background-size":"auto","background-attachment":"scroll","background-type":"","background-media":"","overlay-type":"","overlay-color":"","overlay-opacity":"","overlay-gradient":""}},"ast-content-background-meta":{"desktop":{"background-color":"var(--ast-global-color-5)","background-image":"","background-repeat":"repeat","background-position":"center center","background-size":"auto","background-attachment":"scroll","background-type":"","background-media":"","overlay-type":"","overlay-color":"","overlay-opacity":"","overlay-gradient":""},"tablet":{"background-color":"var(--ast-global-color-5)","background-image":"","background-repeat":"repeat","background-position":"center center","background-size":"auto","background-attachment":"scroll","background-type":"","background-media":"","overlay-type":"","overlay-color":"","overlay-opacity":"","overlay-gradient":""},"mobile":{"background-color":"var(--ast-global-color-5)","background-image":"","background-repeat":"repeat","background-position":"center center","background-size":"auto","background-attachment":"scroll","background-type":"","background-media":"","overlay-type":"","overlay-color":"","overlay-opacity":"","overlay-gradient":""}},"footnotes":""},"class_list":["post-9378","page","type-page","status-publish","hentry"],"post_mailing_queue_ids":[],"_links":{"self":[{"href":"https:\/\/serveiseducatius.xtec.cat\/vallesoccidental8\/wp-json\/wp\/v2\/pages\/9378","targetHints":{"allow":["GET"]}}],"collection":[{"href":"https:\/\/serveiseducatius.xtec.cat\/vallesoccidental8\/wp-json\/wp\/v2\/pages"}],"about":[{"href":"https:\/\/serveiseducatius.xtec.cat\/vallesoccidental8\/wp-json\/wp\/v2\/types\/page"}],"author":[{"embeddable":true,"href":"https:\/\/serveiseducatius.xtec.cat\/vallesoccidental8\/wp-json\/wp\/v2\/users\/1"}],"replies":[{"embeddable":true,"href":"https:\/\/serveiseducatius.xtec.cat\/vallesoccidental8\/wp-json\/wp\/v2\/comments?post=9378"}],"version-history":[{"count":6,"href":"https:\/\/serveiseducatius.xtec.cat\/vallesoccidental8\/wp-json\/wp\/v2\/pages\/9378\/revisions"}],"predecessor-version":[{"id":16725,"href":"https:\/\/serveiseducatius.xtec.cat\/vallesoccidental8\/wp-json\/wp\/v2\/pages\/9378\/revisions\/16725"}],"up":[{"embeddable":true,"href":"https:\/\/serveiseducatius.xtec.cat\/vallesoccidental8\/wp-json\/wp\/v2\/pages\/306"}],"wp:attachment":[{"href":"https:\/\/serveiseducatius.xtec.cat\/vallesoccidental8\/wp-json\/wp\/v2\/media?parent=9378"}],"curies":[{"name":"wp","href":"https:\/\/api.w.org\/{rel}","templated":true}]}}