{"id":9085,"date":"2016-06-23T08:32:59","date_gmt":"2016-06-23T07:32:59","guid":{"rendered":"http:\/\/agora.xtec.cat\/demoinstitut\/?page_id=1252"},"modified":"2016-06-23T08:32:59","modified_gmt":"2016-06-23T07:32:59","slug":"curs-scratch-primaria","status":"publish","type":"page","link":"https:\/\/serveiseducatius.xtec.cat\/vallesoccidental8\/curs-scratch-primaria\/","title":{"rendered":"Curs de Scratch"},"content":{"rendered":"<p style=\"text-align: right;\"><span style=\"color: #808080;\">Aquest curs \u00e9s una iniciativa<\/span> <a href=\"http:\/\/mschools.mobileworldcapital.com\/\"><img decoding=\"async\" src=\"http:\/\/mschools.mobileworldcapital.com\/wp-content\/themes\/mschools\/images\/logo.png\" width=\"150px\" \/><\/a><br \/>\n<a href=\"http:\/\/agora.xtec.cat\/demoinstitut\/wp-content\/uploads\/usu314\/2016\/06\/ScratchBlogLogo.jpg\" rel=\"attachment wp-att-1253\"><img loading=\"lazy\" decoding=\"async\" class=\"wp-image-1253 aligncenter\" src=\"http:\/\/agora.xtec.cat\/demoinstitut\/wp-content\/uploads\/usu314\/2016\/06\/ScratchBlogLogo.jpg\" alt=\"ScratchBlogLogo\" width=\"691\" height=\"199\" \/><\/a><\/p>\n<p style=\"text-align: left;\">Curs d\u2019Scratch per a professorat de prim\u00e0ria i primer cicle de secund\u00e0ria.<\/p>\n<p>L\u2019objectiu del curs \u00e9s proporcionar al professorat els materials i els recursos necessaris per implementar a l\u2019aula aquest entorn de programaci\u00f3 seguint els m\u00f2duls desenvolupats.<\/p>\n<p><strong>DESCRIPCI\u00d3<\/strong><\/p>\n<p>Curs basat en materials modulars dirigits a l\u2019alumnat de Cicle Superior de Prim\u00e0ria. Tot i pensar en aquest nivell d\u2019ensenyament, tamb\u00e9 podrien ser emprats per l\u2019alumnat de 1r i 2n d\u2019ESO, tenint en compte que molts centres ho estan duent a terme i que el curr\u00edculum de 2n d\u2019ESO inclou programaci\u00f3. Aix\u00ed mateix, si el centre vol aplicar-ho\u00a0al Cicle Mitj\u00e0 de Prim\u00e0ria tamb\u00e9 pot emprar aquests materials. Cada m\u00f2dul correspon a un repte a solucionar amb una previsi\u00f3 de 12 hores de desenvolupament a l\u2019aula.<\/p>\n<p>El m\u00f2duls tenen una estructura seq\u00fcencial, de forma que la seva complexitat es va incrementant. Els centres, en funci\u00f3 de la seva experi\u00e8ncia pr\u00e8via, poden decidir a partir de quin m\u00f2dul comencen a treballar i fins a quin m\u00f2dul pretenen arribar.<\/p>\n<p><strong>OBJECTIUS<\/strong><\/p>\n<p>Introduir la programaci\u00f3 als nivells de prim\u00e0ria (cicle superior) i secund\u00e0ria (1r i 2n)<br \/>\nFomentar el pensament computacional i l\u2019assoliment de les compet\u00e8ncies digitals.<\/p>\n<p><strong>ESTRUCTURA<\/strong><\/p>\n<p><a href=\"https:\/\/docs.google.com\/document\/d\/1Ta9zj72sOJ_obbcsrNkoahPLSz-Q_4LSnSo3XlOsgn0\/edit?usp=sharing\"><strong>Guia del docent<\/strong><\/a><\/p>\n<p><strong>M\u00f2duls 1 a 6<\/strong><em><strong><br \/>\n<\/strong><\/em>Materials per treballar directament amb l&#8217;alumnat<\/p>\n","protected":false},"excerpt":{"rendered":"<p>Aquest curs \u00e9s una iniciativa Curs d\u2019Scratch per a professorat de prim\u00e0ria i primer cicle de secund\u00e0ria. L\u2019objectiu del curs [&hellip;]<\/p>\n","protected":false},"author":1,"featured_media":0,"parent":0,"menu_order":0,"comment_status":"closed","ping_status":"closed","template":"page-templates\/side-menu.php","meta":{"_bbp_topic_count":0,"_bbp_reply_count":0,"_bbp_total_topic_count":0,"_bbp_total_reply_count":0,"_bbp_voice_count":0,"_bbp_anonymous_reply_count":0,"_bbp_topic_count_hidden":0,"_bbp_reply_count_hidden":0,"_bbp_forum_subforum_count":0,"site-sidebar-layout":"default","site-content-layout":"","ast-site-content-layout":"","site-content-style":"default","site-sidebar-style":"default","ast-global-header-display":"","ast-banner-title-visibility":"","ast-main-header-display":"","ast-hfb-above-header-display":"","ast-hfb-below-header-display":"","ast-hfb-mobile-header-display":"","site-post-title":"","ast-breadcrumbs-content":"","ast-featured-img":"","footer-sml-layout":"","theme-transparent-header-meta":"","adv-header-id-meta":"","stick-header-meta":"","header-above-stick-meta":"","header-main-stick-meta":"","header-below-stick-meta":"","astra-migrate-meta-layouts":"default","ast-page-background-enabled":"default","ast-page-background-meta":{"desktop":{"background-color":"var(--ast-global-color-4)","background-image":"","background-repeat":"repeat","background-position":"center center","background-size":"auto","background-attachment":"scroll","background-type":"","background-media":"","overlay-type":"","overlay-color":"","overlay-opacity":"","overlay-gradient":""},"tablet":{"background-color":"","background-image":"","background-repeat":"repeat","background-position":"center center","background-size":"auto","background-attachment":"scroll","background-type":"","background-media":"","overlay-type":"","overlay-color":"","overlay-opacity":"","overlay-gradient":""},"mobile":{"background-color":"","background-image":"","background-repeat":"repeat","background-position":"center center","background-size":"auto","background-attachment":"scroll","background-type":"","background-media":"","overlay-type":"","overlay-color":"","overlay-opacity":"","overlay-gradient":""}},"ast-content-background-meta":{"desktop":{"background-color":"var(--ast-global-color-5)","background-image":"","background-repeat":"repeat","background-position":"center center","background-size":"auto","background-attachment":"scroll","background-type":"","background-media":"","overlay-type":"","overlay-color":"","overlay-opacity":"","overlay-gradient":""},"tablet":{"background-color":"var(--ast-global-color-5)","background-image":"","background-repeat":"repeat","background-position":"center center","background-size":"auto","background-attachment":"scroll","background-type":"","background-media":"","overlay-type":"","overlay-color":"","overlay-opacity":"","overlay-gradient":""},"mobile":{"background-color":"var(--ast-global-color-5)","background-image":"","background-repeat":"repeat","background-position":"center center","background-size":"auto","background-attachment":"scroll","background-type":"","background-media":"","overlay-type":"","overlay-color":"","overlay-opacity":"","overlay-gradient":""}},"footnotes":""},"class_list":["post-9085","page","type-page","status-publish","hentry"],"post_mailing_queue_ids":[],"_links":{"self":[{"href":"https:\/\/serveiseducatius.xtec.cat\/vallesoccidental8\/wp-json\/wp\/v2\/pages\/9085","targetHints":{"allow":["GET"]}}],"collection":[{"href":"https:\/\/serveiseducatius.xtec.cat\/vallesoccidental8\/wp-json\/wp\/v2\/pages"}],"about":[{"href":"https:\/\/serveiseducatius.xtec.cat\/vallesoccidental8\/wp-json\/wp\/v2\/types\/page"}],"author":[{"embeddable":true,"href":"https:\/\/serveiseducatius.xtec.cat\/vallesoccidental8\/wp-json\/wp\/v2\/users\/1"}],"replies":[{"embeddable":true,"href":"https:\/\/serveiseducatius.xtec.cat\/vallesoccidental8\/wp-json\/wp\/v2\/comments?post=9085"}],"version-history":[{"count":0,"href":"https:\/\/serveiseducatius.xtec.cat\/vallesoccidental8\/wp-json\/wp\/v2\/pages\/9085\/revisions"}],"wp:attachment":[{"href":"https:\/\/serveiseducatius.xtec.cat\/vallesoccidental8\/wp-json\/wp\/v2\/media?parent=9085"}],"curies":[{"name":"wp","href":"https:\/\/api.w.org\/{rel}","templated":true}]}}