{"id":548,"date":"2015-11-26T18:10:47","date_gmt":"2015-11-26T17:10:47","guid":{"rendered":"http:\/\/serveiseducatius.xtec.cat\/se-vallesoccidental8\/?page_id=548"},"modified":"2017-03-24T09:16:40","modified_gmt":"2017-03-24T08:16:40","slug":"zona-formadors","status":"publish","type":"page","link":"https:\/\/serveiseducatius.xtec.cat\/vallesoccidental8\/formacio\/zona-formadors\/","title":{"rendered":"Zona formadors"},"content":{"rendered":"<h4><img decoding=\"async\" src=\"http:\/\/serveiseducatius.xtec.cat\/se-vallesoccidental8\/wp-content\/uploads\/usu1103\/2015\/11\/formador.png\" alt=\"\" \/><\/h4>\n<p>Primer de tot, us agra\u00efm la vostra col\u00b7laboraci\u00f3 i us desitgem que gaudiu de l&#8217;experi\u00e8ncia com a formadors.<\/p>\n<h4>GUIA R\u00c0PIDA<\/h4>\n<div>\n<ul>\n<li><span style=\"font-family: Verdana,Arial,Helvetica,sans-serif; font-size: small;\">Connecteu-vos a l\u2019adre\u00e7a\u00a0 <a href=\"https:\/\/aplicacions.gestioeducativa.gencat.cat\/pls\/gtaf\/inici.\"><span style=\"color: #0000ff;\">GTAF\u00a0<\/span>\u00a0\u00a0 <\/a><\/span><\/li>\n<\/ul>\n<\/div>\n<div>\n<ul>\n<li><span style=\"font-family: Verdana,Arial,Helvetica,sans-serif; font-size: small;\">Seleccioneu i cliqueu: <span style=\"color: #0000ff;\">Formador\/es, col\u00b7laboradors, suport.<\/span><\/span><\/li>\n<\/ul>\n<ul>\n<li>Introdu\u00efu el nom d&#8217;usuari i contrasenya de la XTEC.<\/li>\n<\/ul>\n<ul>\n<li>Cliqueu Llista d&#8217;activitats per veure a quines activitats consteu com a docent.<\/li>\n<\/ul>\n<ul>\n<li>A la llista, cliqueu el nom d&#8217;una activitat i veureu <span style=\"font-family: Verdana,Arial,Helvetica,sans-serif; font-size: small;\">la pantalla de<span style=\"color: #0000ff;\"> Detall de l\u2019activitat.<\/span><\/span><\/li>\n<\/ul>\n<\/div>\n<div><\/div>\n<div>\n<ul>\n<ul>\n<li><span style=\"font-family: Verdana,Arial,Helvetica,sans-serif; font-size: small;\">\u00a0<span style=\"color: #b60044;\"><span style=\"color: #0000ff;\">Llista d\u2019assistents:<\/span> <\/span>accediu a una pantalla on trobareu la llista amb les dades professionals de les persones que han estat assignades a l\u2019activitat.<\/span><\/li>\n<\/ul>\n<\/ul>\n<\/div>\n<div><\/div>\n<div>\n<ul>\n<ul>\n<li><span style=\"font-family: Verdana,Arial,Helvetica,sans-serif; font-size: small;\"><span style=\"color: #0000ff;\">Full d\u2019assist\u00e8ncia<\/span>:per imprimir la graella que els assistents han de signar cada sessi\u00f3.<\/span><\/li>\n<\/ul>\n<\/ul>\n<\/div>\n<div><\/div>\n<div>\n<ul>\n<ul>\n<li><span style=\"font-family: Verdana,Arial,Helvetica,sans-serif; font-size: small;\"><span style=\"color: #0000ff;\">Seguiment dels assistents:<\/span> cliqueu el bot\u00f3 i marqueu les sessions a les quals han assistit els alumnes; si un alumne no t\u00e9 dret a certificaci\u00f3 cal indicar la incid\u00e8ncia que ha motivat la no certificaci\u00f3 en el desplegable que hi ha al costat de cada un dels alumnes. Recordeu que heu de marcar una a una les persones que tenen dret a certificat. Quan acabeu cal que cliqueu el bot\u00f3 <span style=\"color: #b60044;\">Desar dades<\/span> que trobareu al final de la pantalla.<\/span><\/li>\n<\/ul>\n<\/ul>\n<\/div>\n<div><\/div>\n<div>\n<ul>\n<ul>\n<li><span style=\"font-family: Verdana,Arial,Helvetica,sans-serif; font-size: small;\"><span style=\"color: #0000ff;\">Acta d\u2019assist\u00e8ncia:<\/span> Cal imprimir-la, signar-la i fer-la arribar al CRP, juntament amb els originals dels fulls de signatures.<\/span><\/li>\n<\/ul>\n<\/ul>\n<\/div>\n<p>Si ho preferiu, podeu\u00a0contactar amb el servei educatiu\u00a0del Vall\u00e8s Occidental VIII mitjan\u00e7ant el correu electr\u00f2nic crp-castellar@xtec.cat\u00a0o trucant al tel\u00e8fon 93 747 23 92.<\/p>\n","protected":false},"excerpt":{"rendered":"<p>Primer de tot, us agra\u00efm la vostra col\u00b7laboraci\u00f3 i us desitgem que gaudiu de l&#8217;experi\u00e8ncia com a formadors. GUIA R\u00c0PIDA [&hellip;]<\/p>\n","protected":false},"author":1,"featured_media":0,"parent":416,"menu_order":30,"comment_status":"closed","ping_status":"closed","template":"","meta":{"_bbp_topic_count":0,"_bbp_reply_count":0,"_bbp_total_topic_count":0,"_bbp_total_reply_count":0,"_bbp_voice_count":0,"_bbp_anonymous_reply_count":0,"_bbp_topic_count_hidden":0,"_bbp_reply_count_hidden":0,"_bbp_forum_subforum_count":0,"site-sidebar-layout":"default","site-content-layout":"","ast-site-content-layout":"","site-content-style":"default","site-sidebar-style":"default","ast-global-header-display":"","ast-banner-title-visibility":"","ast-main-header-display":"","ast-hfb-above-header-display":"","ast-hfb-below-header-display":"","ast-hfb-mobile-header-display":"","site-post-title":"","ast-breadcrumbs-content":"","ast-featured-img":"","footer-sml-layout":"","theme-transparent-header-meta":"","adv-header-id-meta":"","stick-header-meta":"","header-above-stick-meta":"","header-main-stick-meta":"","header-below-stick-meta":"","astra-migrate-meta-layouts":"default","ast-page-background-enabled":"default","ast-page-background-meta":{"desktop":{"background-color":"var(--ast-global-color-4)","background-image":"","background-repeat":"repeat","background-position":"center center","background-size":"auto","background-attachment":"scroll","background-type":"","background-media":"","overlay-type":"","overlay-color":"","overlay-opacity":"","overlay-gradient":""},"tablet":{"background-color":"","background-image":"","background-repeat":"repeat","background-position":"center center","background-size":"auto","background-attachment":"scroll","background-type":"","background-media":"","overlay-type":"","overlay-color":"","overlay-opacity":"","overlay-gradient":""},"mobile":{"background-color":"","background-image":"","background-repeat":"repeat","background-position":"center center","background-size":"auto","background-attachment":"scroll","background-type":"","background-media":"","overlay-type":"","overlay-color":"","overlay-opacity":"","overlay-gradient":""}},"ast-content-background-meta":{"desktop":{"background-color":"var(--ast-global-color-5)","background-image":"","background-repeat":"repeat","background-position":"center center","background-size":"auto","background-attachment":"scroll","background-type":"","background-media":"","overlay-type":"","overlay-color":"","overlay-opacity":"","overlay-gradient":""},"tablet":{"background-color":"var(--ast-global-color-5)","background-image":"","background-repeat":"repeat","background-position":"center center","background-size":"auto","background-attachment":"scroll","background-type":"","background-media":"","overlay-type":"","overlay-color":"","overlay-opacity":"","overlay-gradient":""},"mobile":{"background-color":"var(--ast-global-color-5)","background-image":"","background-repeat":"repeat","background-position":"center center","background-size":"auto","background-attachment":"scroll","background-type":"","background-media":"","overlay-type":"","overlay-color":"","overlay-opacity":"","overlay-gradient":""}},"footnotes":""},"class_list":["post-548","page","type-page","status-publish","hentry"],"post_mailing_queue_ids":[],"_links":{"self":[{"href":"https:\/\/serveiseducatius.xtec.cat\/vallesoccidental8\/wp-json\/wp\/v2\/pages\/548","targetHints":{"allow":["GET"]}}],"collection":[{"href":"https:\/\/serveiseducatius.xtec.cat\/vallesoccidental8\/wp-json\/wp\/v2\/pages"}],"about":[{"href":"https:\/\/serveiseducatius.xtec.cat\/vallesoccidental8\/wp-json\/wp\/v2\/types\/page"}],"author":[{"embeddable":true,"href":"https:\/\/serveiseducatius.xtec.cat\/vallesoccidental8\/wp-json\/wp\/v2\/users\/1"}],"replies":[{"embeddable":true,"href":"https:\/\/serveiseducatius.xtec.cat\/vallesoccidental8\/wp-json\/wp\/v2\/comments?post=548"}],"version-history":[{"count":3,"href":"https:\/\/serveiseducatius.xtec.cat\/vallesoccidental8\/wp-json\/wp\/v2\/pages\/548\/revisions"}],"predecessor-version":[{"id":14969,"href":"https:\/\/serveiseducatius.xtec.cat\/vallesoccidental8\/wp-json\/wp\/v2\/pages\/548\/revisions\/14969"}],"up":[{"embeddable":true,"href":"https:\/\/serveiseducatius.xtec.cat\/vallesoccidental8\/wp-json\/wp\/v2\/pages\/416"}],"wp:attachment":[{"href":"https:\/\/serveiseducatius.xtec.cat\/vallesoccidental8\/wp-json\/wp\/v2\/media?parent=548"}],"curies":[{"name":"wp","href":"https:\/\/api.w.org\/{rel}","templated":true}]}}