{"id":306,"date":"2015-11-24T18:02:44","date_gmt":"2015-11-24T17:02:44","guid":{"rendered":"http:\/\/serveiseducatius.xtec.cat\/se-vallesoccidental8\/?page_id=306"},"modified":"2025-09-10T16:30:36","modified_gmt":"2025-09-10T14:30:36","slug":"equip","status":"publish","type":"page","link":"https:\/\/serveiseducatius.xtec.cat\/vallesoccidental8\/el-servei-educatiu\/equip\/","title":{"rendered":"Membres de l&#8217;equip"},"content":{"rendered":"\n<h5 class=\"wp-block-heading\"><strong>Servei Educatiu del Vall\u00e8s Occidental VIII<\/strong><\/h5>\n\n\n\n<p style=\"padding-top:var(--wp--preset--spacing--30);padding-bottom:var(--wp--preset--spacing--30)\">El Servei Educatiu del Vall\u00e8s Occidental VIII \u00e9s un organisme del Departament d&#8217;Ensenyament amb professionals que duen a terme tasques d&#8217;assessorament i de suport a la doc\u00e8ncia dels centres educatius de les localitats de Castellar del Vall\u00e8s, Sentmenat, Palau-solit\u00e0 i Plegamans, Poliny\u00e0 i Sant Lloren\u00e7 Savall.<\/p>\n\n\n\n<p style=\"padding-top:var(--wp--preset--spacing--30);padding-bottom:var(--wp--preset--spacing--30)\">Estem al carrer Major, 76, 2n, de Castellar del Vall\u00e8s, el nostre tel\u00e8fon \u00e9s el 93 7472392.<br>Utilitzeu, preferentment, el correu electr\u00f2nic per a contactar amb qualsevol professional del Servei Educatiu.<br>Atenci\u00f3 al professorat: de dilluns a divendres, de 9 a 14 del mat\u00ed i de 15 a 18 de la tarda.<\/p>\n\n\n\n<figure class=\"wp-block-image aligncenter size-full\"><a href=\"https:\/\/serveiseducatius.xtec.cat\/vallesoccidental8\/wp-content\/uploads\/usu1103\/2025\/03\/engranatge-1.jpg\"><img loading=\"lazy\" decoding=\"async\" width=\"391\" height=\"255\" src=\"https:\/\/serveiseducatius.xtec.cat\/vallesoccidental8\/wp-content\/uploads\/usu1103\/2025\/03\/engranatge-1.jpg\" alt=\"\" class=\"wp-image-15665\" srcset=\"https:\/\/serveiseducatius.xtec.cat\/vallesoccidental8\/wp-content\/uploads\/usu1103\/2025\/03\/engranatge-1.jpg 391w, https:\/\/serveiseducatius.xtec.cat\/vallesoccidental8\/wp-content\/uploads\/usu1103\/2025\/03\/engranatge-1-300x196.jpg 300w\" sizes=\"auto, (max-width: 391px) 100vw, 391px\" \/><\/a><\/figure>\n\n\n\n<p style=\"padding-top:var(--wp--preset--spacing--30);padding-bottom:var(--wp--preset--spacing--30)\">L&#8217;equip t\u00e8cnic de coordinaci\u00f3 del Servei Educatiu est\u00e0 format per: Montse Navas (Coordinaci\u00f3 del SE i Direcci\u00f3 de l&#8217;EAP), Maria Jos\u00e9 Egea (Coordinadora de l&#8217;ELIC).<\/p>\n\n\n\n<p>Els equips professionals que formem el Servei Educatiu s\u00f3n els seg\u00fcents:<\/p>\n\n\n\n<p style=\"padding-top:var(--wp--preset--spacing--30);padding-bottom:var(--wp--preset--spacing--30)\"><strong>EAP (Equip d&#8217;Assessorament Psicopedag\u00f2gic)<\/strong><br>Psicopedagogs, fisioterapeuta i treballadora social que donen suport al professorat per tal d&#8217;oferir la resposta educativa m\u00e9s adequada al conjunt de l&#8217;alumnat, especialment aquell que presenta m\u00e9s dificultats en el proc\u00e9s d&#8217;aprenentatge, i a les seves fam\u00edlies.<br><strong>Relaci\u00f3 dels professionals que formen l&#8217;EAP:<\/strong><br>Montse Navas (direcci\u00f3), Marta Mart\u00ednez, Alba Pedr\u00f3, Teresa Coyo, Carles Andreu, Maite Aguilar, Nati Ruiz, (Treballadora Social), Irene S\u00e1nchez i J\u00falia Escalas (fisioterapeuta).<\/p>\n\n\n\n<p><strong>Correu electr\u00f2nic: eap-castellar@xtec.cat&nbsp;<\/strong><\/p>\n\n\n\n<hr class=\"wp-block-separator has-text-color has-ast-global-color-0-color has-alpha-channel-opacity has-ast-global-color-0-background-color has-background is-style-wide\" style=\"margin-top:0;margin-bottom:0\"\/>\n\n\n\n<p style=\"padding-top:var(--wp--preset--spacing--30);padding-bottom:var(--wp--preset--spacing--30)\"><strong>CRP (Centre de Recursos Pedag\u00f2gics)<\/strong><br>Assessors en formaci\u00f3, innovaci\u00f3 educativa i recursos pedag\u00f2gics que donen suport als centres en diversos \u00e0mbits: formaci\u00f3 permanent del professorat, coordinacions de zona, projectes d&#8217;innovaci\u00f3, recursos educatius de l&#8217;entorn, mediateca, incorporaci\u00f3 de les TIC, activitats d&#8217;intercanvi entre centres\u2026<\/p>\n\n\n\n<p style=\"padding-top:var(--wp--preset--spacing--30);padding-bottom:var(--wp--preset--spacing--30)\"><br><strong>Relaci\u00f3 dels professionals que formen el CRP:<\/strong><br>Gl\u00f2ria Iniesta, Sergi S\u00e0nchez, Llu\u00eds del Castillo.<\/p>\n\n\n\n<p><strong>Correu electr\u00f2nic: a8930074@xtec.cat<\/strong><\/p>\n\n\n\n<hr class=\"wp-block-separator has-text-color has-ast-global-color-0-color has-alpha-channel-opacity has-ast-global-color-0-background-color has-background is-style-wide\"\/>\n\n\n\n<p style=\"padding-top:var(--wp--preset--spacing--30);padding-bottom:var(--wp--preset--spacing--30)\"><strong>ELIC (Equip de Llengua, Interculturalitat i Cohesi\u00f3 social)<\/strong><br>Assessora els centres educatius en aspectes relacionats amb l&#8217;acollida de nouvinguts, estrat\u00e8gies &nbsp;d&#8217;immersi\u00f3 ling\u00fc\u00edstica i inclusi\u00f3 social, metodologies, recursos i materials, l&#8217;elaboraci\u00f3 de projectes ling\u00fc\u00edstics i plans d&#8217;acollida.<br><strong>La professional que forma part de l&#8217;ELIC:<\/strong><br>Mar\u00eda Jos\u00e9 Egea<\/p>\n\n\n\n<p><strong>Correu electr\u00f2nic: megea4@xtec.cat<\/strong><\/p>\n\n\n\n<hr class=\"wp-block-separator has-text-color has-ast-global-color-0-color has-alpha-channel-opacity has-ast-global-color-0-background-color has-background is-style-wide\"\/>\n\n\n\n<p><strong>Suport administratiu&nbsp;<\/strong><br>Marc Tristany<\/p>\n\n\n\n<figure class=\"wp-block-table is-style-regular\" style=\"padding-top:0;padding-right:0;padding-bottom:0;padding-left:0\"><table class=\"has-background has-border-color has-ast-global-color-0-border-color\" style=\"background-color:#f0efef;border-width:1px\"><thead><tr><th class=\"has-text-align-center\" data-align=\"center\">Nom Professional<\/th><th>Centres educatius<\/th><\/tr><\/thead><tbody><tr><td class=\"has-text-align-center\" data-align=\"center\">Alba Pedr\u00f3<br>(psicopedagoga)<\/td><td>Institut Castellar (Castellar del Vall\u00e8s)<br>Institut &#8211; Escola Sant Esteve (Castellar del Vall\u00e8s)<br>Escola Bonavista (Castellar del Vall\u00e8s)<br>Les Garberes (Castellar del Vall\u00e8s)<br>Escoles Bressol de Castellar del Vall\u00e8s<\/td><\/tr><tr><td class=\"has-text-align-center\" data-align=\"center\">Marta Mart\u00ednez<br>(psicopedagoga)<\/td><td>Escola Mestre Pla (Castellar del Vall\u00e8s)<br>Institut Puig de la Creu (Castellar del Vall\u00e8s)<br>Escola El Sol i La Lluna (Castellar del Vall\u00e8s)<br>Escola Emili Carles Tolr\u00e0 (Castellar del Vall\u00e8s)<br>El Casal (Castellar del Vall\u00e8s)<br>Escoles Bressol de Castellar del Vall\u00e8s<br><\/td><\/tr><tr><td class=\"has-text-align-center\" data-align=\"center\">Carles Andreu<br>(psicopedagog)<\/td><td>Escola de la Vila (Poliny\u00e0)<br>Escola Roser Capdevila (Poliny\u00e0)<br>EB de Poliny\u00e0<br>Castanyers &#8211; Alzina (Palau-Solit\u00e0)<br>INS Can Periquet (Palau-Solit\u00e0)<br>Marinada (Palau-Solit\u00e0)<\/td><\/tr><tr><td class=\"has-text-align-center\" data-align=\"center\">Maite Aguilar<br>(psicopedagoga)<\/td><td>Escola Can Sorts (Sentmenat)<br>Escola les Filadores (Sentmenat)<br>Escola Josep Gras (Sant Lloren\u00e7 Savall)<br>EB Sant Lloren\u00e7<br>INS Sentmenat<br>EB Sentmenat<br>Cor Immaculat de Maria (Sentmenat)<br>Ntra Senyora del Pilar (Sentmenat)<\/td><\/tr><tr><td class=\"has-text-align-center\" data-align=\"center\">Teresa Coyo<br>(psicopedagoga)<\/td><td>Escola Folch i Torres (Palau-Solit\u00e0)<br>INS Ramon Casas i Carb\u00f3 (Palau-Solit\u00e0)<br>Escola Can Cladellas (Palau-Solit\u00e0)<br>Escola Palau (Palau-Solit\u00e0)<br>EB Palau (Palau-Solit\u00e0)<\/td><\/tr><tr><td class=\"has-text-align-center\" data-align=\"center\">Montse Navas<br>(psicopedagoga)<br>Direcci\u00f3<\/td><td>Escola Joan Blanquer (Castellar del Vall\u00e8s)<br>FEDAC (Castellar del Vall\u00e8s)<br>INS Poliny\u00e0 (Poliny\u00e0)<br>EB Castellar (Castellar del Vall\u00e8s)<\/td><\/tr><\/tbody><\/table><\/figure>\n\n\n\n<figure class=\"wp-block-table is-style-regular\" style=\"padding-top:0;padding-right:0;padding-bottom:0;padding-left:0\"><table class=\"has-background has-border-color has-ast-global-color-0-border-color has-fixed-layout\" style=\"background-color:#f0efef;border-width:1px\"><thead><tr><th class=\"has-text-align-center\" data-align=\"center\">Treballadora social<\/th><th class=\"has-text-align-center\" data-align=\"center\">Centres educatius<\/th><\/tr><\/thead><tbody><tr><td class=\"has-text-align-center\" data-align=\"center\">Nati Ru\u00edz<\/td><td class=\"has-text-align-center\" data-align=\"center\">Atenci\u00f3 als centres de la zona<\/td><\/tr><\/tbody><\/table><\/figure>\n\n\n\n<figure class=\"wp-block-table is-style-regular\" style=\"padding-top:0;padding-right:0;padding-bottom:0;padding-left:0\"><table class=\"has-background has-border-color has-ast-global-color-0-border-color has-fixed-layout\" style=\"background-color:#f0efef;border-width:1px\"><thead><tr><th class=\"has-text-align-center\" data-align=\"center\">Fisioterapeuta<\/th><th class=\"has-text-align-center\" data-align=\"center\">Centres educatius<\/th><\/tr><\/thead><tbody><tr><td class=\"has-text-align-center\" data-align=\"center\">Irene S\u00e1nchez<\/td><td class=\"has-text-align-center\" data-align=\"center\">Institut &#8211; Escola Sant Esteve (Castellar del Vall\u00e8s)<br>Escola Bonavista (Castellar del Vall\u00e8s)<br>Escola Palau (Palau-Solit\u00e0)<br>Escola Can Sorts (Sentmenat)<\/td><\/tr><tr><td class=\"has-text-align-center\" data-align=\"center\">J\u00falia Escalas<\/td><td class=\"has-text-align-center\" data-align=\"center\">Escola Roser Capdevila (Poliny\u00e0)<br>INS Poliny\u00e0<br>Escola de la Vila (Poliny\u00e0)<br>Escola Can Cladellas (Palau-Solit\u00e0)<br>Escola Folch i Torres (Palau-Solit\u00e0)<\/td><\/tr><\/tbody><\/table><\/figure>\n\n\n\n<p><\/p>\n\n\n\n<p><\/p>\n\n\n\n<p><\/p>\n\n\n\n<p><\/p>\n\n\n\n<p><\/p>\n\n\n\n<p><\/p>\n\n\n\n<p><\/p>\n\n\n\n<p><\/p>\n\n\n\n<p><\/p>\n\n\n\n<p><\/p>\n\n\n\n<p><\/p>\n\n\n\n<p><\/p>\n\n\n\n<p><\/p>\n\n\n\n<p><\/p>\n\n\n\n<p><\/p>\n\n\n\n<p><\/p>\n\n\n\n<p><\/p>\n\n\n\n<p><\/p>\n\n\n\n<p><\/p>\n\n\n\n<p><\/p>\n\n\n\n<p><\/p>\n\n\n\n<p><\/p>\n\n\n\n<p><\/p>\n\n\n\n<p><\/p>\n\n\n\n<p><\/p>\n\n\n\n<p><\/p>\n\n\n\n<p><\/p>\n\n\n\n<p><\/p>\n\n\n\n<p><\/p>\n\n\n\n<p><\/p>\n\n\n\n<p><\/p>\n\n\n\n<p><\/p>\n\n\n\n<p><\/p>\n\n\n\n<p><\/p>\n","protected":false},"excerpt":{"rendered":"<p>Servei Educatiu del Vall\u00e8s Occidental VIII El Servei Educatiu del Vall\u00e8s Occidental VIII \u00e9s un organisme del Departament d&#8217;Ensenyament amb [&hellip;]<\/p>\n","protected":false},"author":1,"featured_media":0,"parent":806,"menu_order":20,"comment_status":"closed","ping_status":"closed","template":"","meta":{"_bbp_topic_count":0,"_bbp_reply_count":0,"_bbp_total_topic_count":0,"_bbp_total_reply_count":0,"_bbp_voice_count":0,"_bbp_anonymous_reply_count":0,"_bbp_topic_count_hidden":0,"_bbp_reply_count_hidden":0,"_bbp_forum_subforum_count":0,"site-sidebar-layout":"default","site-content-layout":"","ast-site-content-layout":"default","site-content-style":"default","site-sidebar-style":"default","ast-global-header-display":"","ast-banner-title-visibility":"","ast-main-header-display":"","ast-hfb-above-header-display":"","ast-hfb-below-header-display":"","ast-hfb-mobile-header-display":"","site-post-title":"","ast-breadcrumbs-content":"","ast-featured-img":"","footer-sml-layout":"","theme-transparent-header-meta":"","adv-header-id-meta":"","stick-header-meta":"","header-above-stick-meta":"","header-main-stick-meta":"","header-below-stick-meta":"","astra-migrate-meta-layouts":"set","ast-page-background-enabled":"default","ast-page-background-meta":{"desktop":{"background-color":"var(--ast-global-color-4)","background-image":"","background-repeat":"repeat","background-position":"center center","background-size":"auto","background-attachment":"scroll","background-type":"","background-media":"","overlay-type":"","overlay-color":"","overlay-opacity":"","overlay-gradient":""},"tablet":{"background-color":"","background-image":"","background-repeat":"repeat","background-position":"center center","background-size":"auto","background-attachment":"scroll","background-type":"","background-media":"","overlay-type":"","overlay-color":"","overlay-opacity":"","overlay-gradient":""},"mobile":{"background-color":"","background-image":"","background-repeat":"repeat","background-position":"center center","background-size":"auto","background-attachment":"scroll","background-type":"","background-media":"","overlay-type":"","overlay-color":"","overlay-opacity":"","overlay-gradient":""}},"ast-content-background-meta":{"desktop":{"background-color":"var(--ast-global-color-5)","background-image":"","background-repeat":"repeat","background-position":"center center","background-size":"auto","background-attachment":"scroll","background-type":"","background-media":"","overlay-type":"","overlay-color":"","overlay-opacity":"","overlay-gradient":""},"tablet":{"background-color":"var(--ast-global-color-5)","background-image":"","background-repeat":"repeat","background-position":"center center","background-size":"auto","background-attachment":"scroll","background-type":"","background-media":"","overlay-type":"","overlay-color":"","overlay-opacity":"","overlay-gradient":""},"mobile":{"background-color":"var(--ast-global-color-5)","background-image":"","background-repeat":"repeat","background-position":"center center","background-size":"auto","background-attachment":"scroll","background-type":"","background-media":"","overlay-type":"","overlay-color":"","overlay-opacity":"","overlay-gradient":""}},"footnotes":""},"class_list":["post-306","page","type-page","status-publish","hentry"],"post_mailing_queue_ids":[],"_links":{"self":[{"href":"https:\/\/serveiseducatius.xtec.cat\/vallesoccidental8\/wp-json\/wp\/v2\/pages\/306","targetHints":{"allow":["GET"]}}],"collection":[{"href":"https:\/\/serveiseducatius.xtec.cat\/vallesoccidental8\/wp-json\/wp\/v2\/pages"}],"about":[{"href":"https:\/\/serveiseducatius.xtec.cat\/vallesoccidental8\/wp-json\/wp\/v2\/types\/page"}],"author":[{"embeddable":true,"href":"https:\/\/serveiseducatius.xtec.cat\/vallesoccidental8\/wp-json\/wp\/v2\/users\/1"}],"replies":[{"embeddable":true,"href":"https:\/\/serveiseducatius.xtec.cat\/vallesoccidental8\/wp-json\/wp\/v2\/comments?post=306"}],"version-history":[{"count":5,"href":"https:\/\/serveiseducatius.xtec.cat\/vallesoccidental8\/wp-json\/wp\/v2\/pages\/306\/revisions"}],"predecessor-version":[{"id":16732,"href":"https:\/\/serveiseducatius.xtec.cat\/vallesoccidental8\/wp-json\/wp\/v2\/pages\/306\/revisions\/16732"}],"up":[{"embeddable":true,"href":"https:\/\/serveiseducatius.xtec.cat\/vallesoccidental8\/wp-json\/wp\/v2\/pages\/806"}],"wp:attachment":[{"href":"https:\/\/serveiseducatius.xtec.cat\/vallesoccidental8\/wp-json\/wp\/v2\/media?parent=306"}],"curies":[{"name":"wp","href":"https:\/\/api.w.org\/{rel}","templated":true}]}}