{"id":16613,"date":"2025-07-01T09:30:24","date_gmt":"2025-07-01T07:30:24","guid":{"rendered":"https:\/\/serveiseducatius.xtec.cat\/vallesoccidental8\/?page_id=16613"},"modified":"2025-07-07T10:27:42","modified_gmt":"2025-07-07T08:27:42","slug":"trastorns-daprenentatge","status":"publish","type":"page","link":"https:\/\/serveiseducatius.xtec.cat\/vallesoccidental8\/recursos\/educacio-inclusiva\/trastorns-daprenentatge\/","title":{"rendered":"Trastorns d&#8217;aprenentatge"},"content":{"rendered":"\n<figure style=\"font-size:16px\" class=\"wp-block-table\"><table><thead><tr><th>Nom<\/th><th>Descripci\u00f3<\/th><th class=\"has-text-align-center\" data-align=\"center\">Paraula Clau<\/th><\/tr><\/thead><tbody><tr><td><a href=\"https:\/\/educacio.gencat.cat\/web\/.content\/home\/departament\/publicacions\/colleccions\/inclusio\/tdah\/tdah.pdf\">El TDAH: detecci\u00f3 i actuaci\u00f3 en l&#8217;\u00e0mbit educatiu<\/a><\/td><td>La guia exposa els obstacles que el TDAH pot generar en l\u2019\u00e0mbit escolar i ofereix als docents eines i estrat\u00e8gies educatives per reduir-ne les conseq\u00fc\u00e8ncies i afavorir l\u2019\u00e8xit de tot l\u2019alumnat, especialment dels que tenen TDAH.<\/td><td class=\"has-text-align-center\" data-align=\"center\">TDAH<\/td><\/tr><tr><td><a href=\"https:\/\/educacio.gencat.cat\/web\/.content\/home\/departament\/publicacions\/colleccions\/inclusio\/orientacions-pla-suport-individualitzat\/orientacions-pla-suport-individualitzat.pdf\">Orientacions per a l&#8217;elaboraci\u00f3 del pla de suport individualitzat<\/a><\/td><td>Document pensat per ajudar els docents a elaborar el Pla de Suport Individualitzat (PI) i entendre els marcs i la normativa que orienten l\u2019atenci\u00f3 educativa dins d\u2019un sistema inclusiu.<\/td><td class=\"has-text-align-center\" data-align=\"center\">Pla individualitzat<\/td><\/tr><tr><td><\/td><td><\/td><td class=\"has-text-align-center\" data-align=\"center\"><\/td><\/tr><tr><td><\/td><td><\/td><td class=\"has-text-align-center\" data-align=\"center\"><\/td><\/tr><tr><td><\/td><td><\/td><td class=\"has-text-align-center\" data-align=\"center\"><\/td><\/tr><\/tbody><\/table><\/figure>\n","protected":false},"excerpt":{"rendered":"<p>Nom Descripci\u00f3 Paraula Clau El TDAH: detecci\u00f3 i actuaci\u00f3 en l&#8217;\u00e0mbit educatiu La guia exposa els obstacles que el TDAH [&hellip;]<\/p>\n","protected":false},"author":1,"featured_media":0,"parent":16521,"menu_order":0,"comment_status":"closed","ping_status":"close","template":"","meta":{"_bbp_topic_count":0,"_bbp_reply_count":0,"_bbp_total_topic_count":0,"_bbp_total_reply_count":0,"_bbp_voice_count":0,"_bbp_anonymous_reply_count":0,"_bbp_topic_count_hidden":0,"_bbp_reply_count_hidden":0,"_bbp_forum_subforum_count":0,"site-sidebar-layout":"default","site-content-layout":"","ast-site-content-layout":"default","site-content-style":"default","site-sidebar-style":"default","ast-global-header-display":"","ast-banner-title-visibility":"","ast-main-header-display":"","ast-hfb-above-header-display":"","ast-hfb-below-header-display":"","ast-hfb-mobile-header-display":"","site-post-title":"","ast-breadcrumbs-content":"","ast-featured-img":"","footer-sml-layout":"","theme-transparent-header-meta":"","adv-header-id-meta":"","stick-header-meta":"","header-above-stick-meta":"","header-main-stick-meta":"","header-below-stick-meta":"","astra-migrate-meta-layouts":"set","ast-page-background-enabled":"default","ast-page-background-meta":{"desktop":{"background-color":"var(--ast-global-color-4)","background-image":"","background-repeat":"repeat","background-position":"center center","background-size":"auto","background-attachment":"scroll","background-type":"","background-media":"","overlay-type":"","overlay-color":"","overlay-opacity":"","overlay-gradient":""},"tablet":{"background-color":"","background-image":"","background-repeat":"repeat","background-position":"center center","background-size":"auto","background-attachment":"scroll","background-type":"","background-media":"","overlay-type":"","overlay-color":"","overlay-opacity":"","overlay-gradient":""},"mobile":{"background-color":"","background-image":"","background-repeat":"repeat","background-position":"center center","background-size":"auto","background-attachment":"scroll","background-type":"","background-media":"","overlay-type":"","overlay-color":"","overlay-opacity":"","overlay-gradient":""}},"ast-content-background-meta":{"desktop":{"background-color":"var(--ast-global-color-5)","background-image":"","background-repeat":"repeat","background-position":"center center","background-size":"auto","background-attachment":"scroll","background-type":"","background-media":"","overlay-type":"","overlay-color":"","overlay-opacity":"","overlay-gradient":""},"tablet":{"background-color":"var(--ast-global-color-5)","background-image":"","background-repeat":"repeat","background-position":"center center","background-size":"auto","background-attachment":"scroll","background-type":"","background-media":"","overlay-type":"","overlay-color":"","overlay-opacity":"","overlay-gradient":""},"mobile":{"background-color":"var(--ast-global-color-5)","background-image":"","background-repeat":"repeat","background-position":"center center","background-size":"auto","background-attachment":"scroll","background-type":"","background-media":"","overlay-type":"","overlay-color":"","overlay-opacity":"","overlay-gradient":""}},"footnotes":""},"class_list":["post-16613","page","type-page","status-publish","hentry"],"post_mailing_queue_ids":[],"_links":{"self":[{"href":"https:\/\/serveiseducatius.xtec.cat\/vallesoccidental8\/wp-json\/wp\/v2\/pages\/16613","targetHints":{"allow":["GET"]}}],"collection":[{"href":"https:\/\/serveiseducatius.xtec.cat\/vallesoccidental8\/wp-json\/wp\/v2\/pages"}],"about":[{"href":"https:\/\/serveiseducatius.xtec.cat\/vallesoccidental8\/wp-json\/wp\/v2\/types\/page"}],"author":[{"embeddable":true,"href":"https:\/\/serveiseducatius.xtec.cat\/vallesoccidental8\/wp-json\/wp\/v2\/users\/1"}],"replies":[{"embeddable":true,"href":"https:\/\/serveiseducatius.xtec.cat\/vallesoccidental8\/wp-json\/wp\/v2\/comments?post=16613"}],"version-history":[{"count":6,"href":"https:\/\/serveiseducatius.xtec.cat\/vallesoccidental8\/wp-json\/wp\/v2\/pages\/16613\/revisions"}],"predecessor-version":[{"id":16633,"href":"https:\/\/serveiseducatius.xtec.cat\/vallesoccidental8\/wp-json\/wp\/v2\/pages\/16613\/revisions\/16633"}],"up":[{"embeddable":true,"href":"https:\/\/serveiseducatius.xtec.cat\/vallesoccidental8\/wp-json\/wp\/v2\/pages\/16521"}],"wp:attachment":[{"href":"https:\/\/serveiseducatius.xtec.cat\/vallesoccidental8\/wp-json\/wp\/v2\/media?parent=16613"}],"curies":[{"name":"wp","href":"https:\/\/api.w.org\/{rel}","templated":true}]}}