{"id":16534,"date":"2025-06-23T10:57:04","date_gmt":"2025-06-23T08:57:04","guid":{"rendered":"https:\/\/serveiseducatius.xtec.cat\/vallesoccidental8\/?page_id=16534"},"modified":"2025-07-01T09:37:45","modified_gmt":"2025-07-01T07:37:45","slug":"regulacio-de-la-conducta","status":"publish","type":"page","link":"https:\/\/serveiseducatius.xtec.cat\/vallesoccidental8\/recursos\/educacio-inclusiva\/regulacio-de-la-conducta\/","title":{"rendered":"Regulaci\u00f3 de la conducta"},"content":{"rendered":"\n<figure class=\"wp-block-table is-style-stripes\" style=\"font-size:16px\"><table><thead><tr><th class=\"has-text-align-center\" data-align=\"center\">Nom<\/th><th>Descripci\u00f3<\/th><\/tr><\/thead><tbody><tr><td class=\"has-text-align-center\" data-align=\"center\"><a href=\"https:\/\/drive.google.com\/file\/d\/1wnuNBG9l9iU_xwO_nzyN6X1snv0-zjUi\/view?usp=sharing\">Aprofundiment en el TEA<\/a><\/td><td>Orientacions pr\u00e0ctiques per adaptar l\u2019entorn educatiu a <strong>l\u2019alumnat amb TEA<\/strong>, afavorint l\u2019estructura, la regulaci\u00f3 emocional i l\u2019\u00fas de recursos i aplicacions digitals per a la inclusi\u00f3.<\/td><\/tr><tr><td class=\"has-text-align-center\" data-align=\"center\"><a href=\"https:\/\/drive.google.com\/file\/d\/1vuY0WuU57BG4qXDe3OxgsguJ7BEsKA2d\/view?usp=drive_link\">Qu\u00e8 \u00e9s el TEACCH?<\/a><\/td><td>Presentaci\u00f3 introduct\u00f2ria al m\u00e8tode TEACCH, una proposta educativa per a infants amb trastorn de l\u2019espectre autista <strong>(TEA) <\/strong>basada en l\u2019estructuraci\u00f3 visual i la previsibilitat. <\/td><\/tr><tr><td class=\"has-text-align-center\" data-align=\"center\"><a href=\"https:\/\/drive.google.com\/file\/d\/1NEh12aNIfnrzJxNtdtPZouAmhrpNvPiU\/view?usp=sharing\">Sensorialitat a l&#8217;escola<\/a><\/td><td>Introducci\u00f3 a la teoria de la integraci\u00f3 sensorial d\u2019Ayres. Explica com el processament sensorial influeix en l\u2019estat d\u2019alerta, el comportament, l\u2019aprenentatge i la regulaci\u00f3 emocional dels infants. A m\u00e9s, presenta diferents tipus d\u2019activitats, estrat\u00e8gies TEACCH i orientacions per adaptar l\u2019entorn i les rutines a les necessitats sensorials dels alumnes.<\/td><\/tr><tr><td class=\"has-text-align-center\" data-align=\"center\"><a href=\"https:\/\/sites.google.com\/xtec.cat\/cretdicvoc\/el-rebost\">El rebost del CRETDIC Vall\u00e8s Occidental<\/a><\/td><td>En aquest rebost virtual, hi trobareu propostes, idees, ingredients per a la reflexi\u00f3&#8230; per l&#8217;alumnat amb trastorn de l&#8217;espectre de l&#8217;autisme (TEA), dificultats de regulaci\u00f3 de la conducta (DRC), salut mental i tamb\u00e9 benestar personal.<br>El rebost del CRETDIC VOC pret\u00e9n ser un espai viu i obert a totes les propostes on tot est\u00e0 preparat per poder ser transforma&#8217;t<\/td><\/tr><\/tbody><\/table><\/figure>\n\n\n\n<p><\/p>\n","protected":false},"excerpt":{"rendered":"<p>Nom Descripci\u00f3 Aprofundiment en el TEA Orientacions pr\u00e0ctiques per adaptar l\u2019entorn educatiu a l\u2019alumnat amb TEA, afavorint l\u2019estructura, la regulaci\u00f3 [&hellip;]<\/p>\n","protected":false},"author":1,"featured_media":0,"parent":16521,"menu_order":0,"comment_status":"closed","ping_status":"close","template":"","meta":{"_bbp_topic_count":0,"_bbp_reply_count":0,"_bbp_total_topic_count":0,"_bbp_total_reply_count":0,"_bbp_voice_count":0,"_bbp_anonymous_reply_count":0,"_bbp_topic_count_hidden":0,"_bbp_reply_count_hidden":0,"_bbp_forum_subforum_count":0,"site-sidebar-layout":"default","site-content-layout":"","ast-site-content-layout":"default","site-content-style":"default","site-sidebar-style":"default","ast-global-header-display":"","ast-banner-title-visibility":"","ast-main-header-display":"","ast-hfb-above-header-display":"","ast-hfb-below-header-display":"","ast-hfb-mobile-header-display":"","site-post-title":"","ast-breadcrumbs-content":"","ast-featured-img":"","footer-sml-layout":"","theme-transparent-header-meta":"","adv-header-id-meta":"","stick-header-meta":"","header-above-stick-meta":"","header-main-stick-meta":"","header-below-stick-meta":"","astra-migrate-meta-layouts":"set","ast-page-background-enabled":"default","ast-page-background-meta":{"desktop":{"background-color":"var(--ast-global-color-4)","background-image":"","background-repeat":"repeat","background-position":"center center","background-size":"auto","background-attachment":"scroll","background-type":"","background-media":"","overlay-type":"","overlay-color":"","overlay-opacity":"","overlay-gradient":""},"tablet":{"background-color":"","background-image":"","background-repeat":"repeat","background-position":"center center","background-size":"auto","background-attachment":"scroll","background-type":"","background-media":"","overlay-type":"","overlay-color":"","overlay-opacity":"","overlay-gradient":""},"mobile":{"background-color":"","background-image":"","background-repeat":"repeat","background-position":"center center","background-size":"auto","background-attachment":"scroll","background-type":"","background-media":"","overlay-type":"","overlay-color":"","overlay-opacity":"","overlay-gradient":""}},"ast-content-background-meta":{"desktop":{"background-color":"var(--ast-global-color-5)","background-image":"","background-repeat":"repeat","background-position":"center center","background-size":"auto","background-attachment":"scroll","background-type":"","background-media":"","overlay-type":"","overlay-color":"","overlay-opacity":"","overlay-gradient":""},"tablet":{"background-color":"var(--ast-global-color-5)","background-image":"","background-repeat":"repeat","background-position":"center center","background-size":"auto","background-attachment":"scroll","background-type":"","background-media":"","overlay-type":"","overlay-color":"","overlay-opacity":"","overlay-gradient":""},"mobile":{"background-color":"var(--ast-global-color-5)","background-image":"","background-repeat":"repeat","background-position":"center center","background-size":"auto","background-attachment":"scroll","background-type":"","background-media":"","overlay-type":"","overlay-color":"","overlay-opacity":"","overlay-gradient":""}},"footnotes":""},"class_list":["post-16534","page","type-page","status-publish","hentry"],"post_mailing_queue_ids":[],"_links":{"self":[{"href":"https:\/\/serveiseducatius.xtec.cat\/vallesoccidental8\/wp-json\/wp\/v2\/pages\/16534","targetHints":{"allow":["GET"]}}],"collection":[{"href":"https:\/\/serveiseducatius.xtec.cat\/vallesoccidental8\/wp-json\/wp\/v2\/pages"}],"about":[{"href":"https:\/\/serveiseducatius.xtec.cat\/vallesoccidental8\/wp-json\/wp\/v2\/types\/page"}],"author":[{"embeddable":true,"href":"https:\/\/serveiseducatius.xtec.cat\/vallesoccidental8\/wp-json\/wp\/v2\/users\/1"}],"replies":[{"embeddable":true,"href":"https:\/\/serveiseducatius.xtec.cat\/vallesoccidental8\/wp-json\/wp\/v2\/comments?post=16534"}],"version-history":[{"count":6,"href":"https:\/\/serveiseducatius.xtec.cat\/vallesoccidental8\/wp-json\/wp\/v2\/pages\/16534\/revisions"}],"predecessor-version":[{"id":16617,"href":"https:\/\/serveiseducatius.xtec.cat\/vallesoccidental8\/wp-json\/wp\/v2\/pages\/16534\/revisions\/16617"}],"up":[{"embeddable":true,"href":"https:\/\/serveiseducatius.xtec.cat\/vallesoccidental8\/wp-json\/wp\/v2\/pages\/16521"}],"wp:attachment":[{"href":"https:\/\/serveiseducatius.xtec.cat\/vallesoccidental8\/wp-json\/wp\/v2\/media?parent=16534"}],"curies":[{"name":"wp","href":"https:\/\/api.w.org\/{rel}","templated":true}]}}