{"id":16074,"date":"2025-04-22T13:48:37","date_gmt":"2025-04-22T11:48:37","guid":{"rendered":"https:\/\/serveiseducatius.xtec.cat\/vallesoccidental8\/?page_id=16074"},"modified":"2025-04-23T09:42:57","modified_gmt":"2025-04-23T07:42:57","slug":"competencia-matematica","status":"publish","type":"page","link":"https:\/\/serveiseducatius.xtec.cat\/vallesoccidental8\/competencia-matematica\/","title":{"rendered":"COMPET\u00c8NCIA MATEM\u00c0TICA"},"content":{"rendered":"\n<div class=\"wp-block-getwid-table-of-contents is-style-ordered\"><ol class=\"wp-block-getwid-table-of-contents__list\"><li><a href=\"#gdc0ff67ebc69\">ORIENTACIONS CURRICULARS<\/a><\/li><li><a href=\"#ge6c2c0298c2a\">CONFER\u00c8NCIES CREAMAT<\/a><\/li><\/ol><\/div>\n\n\n\n<h5 class=\"wp-block-heading\" id=\"gdc0ff67ebc69\">ORIENTACIONS CURRICULARS<\/h5>\n\n\n\n<div class=\"wp-block-columns is-layout-flex wp-container-core-columns-is-layout-1 wp-block-columns-is-layout-flex\">\n<div class=\"wp-block-column is-layout-flow wp-block-column-is-layout-flow\">\n<div class=\"wp-block-media-text is-stacked-on-mobile has-background\" style=\"background-color:#fcb9006e;grid-template-columns:27% auto\"><figure class=\"wp-block-media-text__media\"><a href=\"https:\/\/projectes.xtec.cat\/nou-curriculum\/orientacions-curriculars\/orientacions-curriculars-de-matematiques-de-primaria\/\"><img loading=\"lazy\" decoding=\"async\" width=\"349\" height=\"552\" src=\"https:\/\/serveiseducatius.xtec.cat\/vallesoccidental8\/wp-content\/uploads\/usu1103\/2025\/04\/Captura-de-pantalla-2025-04-22-134151-1.png\" alt=\"\" class=\"wp-image-16069 size-full\" srcset=\"https:\/\/serveiseducatius.xtec.cat\/vallesoccidental8\/wp-content\/uploads\/usu1103\/2025\/04\/Captura-de-pantalla-2025-04-22-134151-1.png 349w, https:\/\/serveiseducatius.xtec.cat\/vallesoccidental8\/wp-content\/uploads\/usu1103\/2025\/04\/Captura-de-pantalla-2025-04-22-134151-1-190x300.png 190w\" sizes=\"auto, (max-width: 349px) 100vw, 349px\" \/><\/a><\/figure><div class=\"wp-block-media-text__content\">\n<p>Matem\u00e0tiques Prim\u00e0ria<\/p>\n<\/div><\/div>\n<\/div>\n\n\n\n<div class=\"wp-block-column is-layout-flow wp-block-column-is-layout-flow\">\n<div class=\"wp-block-media-text is-stacked-on-mobile has-background\" style=\"background-color:#fcb9006e;grid-template-columns:27% auto\"><figure class=\"wp-block-media-text__media\"><a href=\"https:\/\/projectes.xtec.cat\/nou-curriculum\/orientacions-curriculars\/orientacions-curriculars-matematiques-secundaria-eso\/\"><img loading=\"lazy\" decoding=\"async\" width=\"352\" height=\"555\" src=\"https:\/\/serveiseducatius.xtec.cat\/vallesoccidental8\/wp-content\/uploads\/usu1103\/2025\/04\/Captura-de-pantalla-2025-04-22-134212.png\" alt=\"\" class=\"wp-image-16070 size-full\" srcset=\"https:\/\/serveiseducatius.xtec.cat\/vallesoccidental8\/wp-content\/uploads\/usu1103\/2025\/04\/Captura-de-pantalla-2025-04-22-134212.png 352w, https:\/\/serveiseducatius.xtec.cat\/vallesoccidental8\/wp-content\/uploads\/usu1103\/2025\/04\/Captura-de-pantalla-2025-04-22-134212-190x300.png 190w\" sizes=\"auto, (max-width: 352px) 100vw, 352px\" \/><\/a><\/figure><div class=\"wp-block-media-text__content\">\n<p>Matem\u00e0tiques Secund\u00e0ria<\/p>\n<\/div><\/div>\n<\/div>\n<\/div>\n\n\n\n<h5 class=\"wp-block-heading\" id=\"ge6c2c0298c2a\">CONFER\u00c8NCIES CREAMAT<\/h5>\n\n\n\n<ul class=\"wp-block-list\">\n<li><a href=\"https:\/\/www.youtube.com\/watch?v=q7y0bbDIs0k\" target=\"_blank\" rel=\"noreferrer noopener\">Projectes de matem\u00e0tiques a prim\u00e0ria.<\/a> Xes\u00fas Ballesteros<\/li>\n\n\n\n<li><a href=\"https:\/\/www.youtube.com\/live\/7eJXoD9gJwY\" target=\"_blank\" rel=\"noreferrer noopener\">Dibuixos matem\u00e0tics d&#8217;ABEAM. <\/a> Carles Granell i Yolanda Mart\u00edn<\/li>\n\n\n\n<li><a href=\"https:\/\/www.youtube.com\/watch?v=0dJWaoKWE4I\" target=\"_blank\" rel=\"noreferrer noopener\">Sentido estoc\u00e1stico en la educaci\u00f3n primaria<\/a> Lu\u00eds Jos\u00e9 Rodr\u00edguez Mu\u00f1iz.<\/li>\n\n\n\n<li><a href=\"https:\/\/www.youtube.com\/watch?v=47xEy2a4KHo\" target=\"_blank\" rel=\"noreferrer noopener\">Perspectives matem\u00e0tiques. Instit\u00edstica<\/a>. Jordi Cort\u00e9s i Isabel Serra. <a href=\"https:\/\/drive.google.com\/file\/d\/1wcF-HwIikE3O9XeQlBDnvirFwPLW3IMN\/view\" target=\"_blank\" rel=\"noreferrer noopener\">PDF presentaci\u00f3<\/a><\/li>\n<\/ul>\n","protected":false},"excerpt":{"rendered":"<p>ORIENTACIONS CURRICULARS Matem\u00e0tiques Prim\u00e0ria Matem\u00e0tiques Secund\u00e0ria CONFER\u00c8NCIES CREAMAT<\/p>\n","protected":false},"author":1,"featured_media":0,"parent":0,"menu_order":0,"comment_status":"closed","ping_status":"close","template":"","meta":{"_bbp_topic_count":0,"_bbp_reply_count":0,"_bbp_total_topic_count":0,"_bbp_total_reply_count":0,"_bbp_voice_count":0,"_bbp_anonymous_reply_count":0,"_bbp_topic_count_hidden":0,"_bbp_reply_count_hidden":0,"_bbp_forum_subforum_count":0,"site-sidebar-layout":"default","site-content-layout":"","ast-site-content-layout":"default","site-content-style":"default","site-sidebar-style":"default","ast-global-header-display":"","ast-banner-title-visibility":"","ast-main-header-display":"","ast-hfb-above-header-display":"","ast-hfb-below-header-display":"","ast-hfb-mobile-header-display":"","site-post-title":"","ast-breadcrumbs-content":"","ast-featured-img":"","footer-sml-layout":"","theme-transparent-header-meta":"","adv-header-id-meta":"","stick-header-meta":"","header-above-stick-meta":"","header-main-stick-meta":"","header-below-stick-meta":"","astra-migrate-meta-layouts":"set","ast-page-background-enabled":"default","ast-page-background-meta":{"desktop":{"background-color":"var(--ast-global-color-4)","background-image":"","background-repeat":"repeat","background-position":"center center","background-size":"auto","background-attachment":"scroll","background-type":"","background-media":"","overlay-type":"","overlay-color":"","overlay-opacity":"","overlay-gradient":""},"tablet":{"background-color":"","background-image":"","background-repeat":"repeat","background-position":"center center","background-size":"auto","background-attachment":"scroll","background-type":"","background-media":"","overlay-type":"","overlay-color":"","overlay-opacity":"","overlay-gradient":""},"mobile":{"background-color":"","background-image":"","background-repeat":"repeat","background-position":"center center","background-size":"auto","background-attachment":"scroll","background-type":"","background-media":"","overlay-type":"","overlay-color":"","overlay-opacity":"","overlay-gradient":""}},"ast-content-background-meta":{"desktop":{"background-color":"var(--ast-global-color-5)","background-image":"","background-repeat":"repeat","background-position":"center center","background-size":"auto","background-attachment":"scroll","background-type":"","background-media":"","overlay-type":"","overlay-color":"","overlay-opacity":"","overlay-gradient":""},"tablet":{"background-color":"var(--ast-global-color-5)","background-image":"","background-repeat":"repeat","background-position":"center center","background-size":"auto","background-attachment":"scroll","background-type":"","background-media":"","overlay-type":"","overlay-color":"","overlay-opacity":"","overlay-gradient":""},"mobile":{"background-color":"var(--ast-global-color-5)","background-image":"","background-repeat":"repeat","background-position":"center center","background-size":"auto","background-attachment":"scroll","background-type":"","background-media":"","overlay-type":"","overlay-color":"","overlay-opacity":"","overlay-gradient":""}},"footnotes":""},"class_list":["post-16074","page","type-page","status-publish","hentry"],"post_mailing_queue_ids":[],"_links":{"self":[{"href":"https:\/\/serveiseducatius.xtec.cat\/vallesoccidental8\/wp-json\/wp\/v2\/pages\/16074","targetHints":{"allow":["GET"]}}],"collection":[{"href":"https:\/\/serveiseducatius.xtec.cat\/vallesoccidental8\/wp-json\/wp\/v2\/pages"}],"about":[{"href":"https:\/\/serveiseducatius.xtec.cat\/vallesoccidental8\/wp-json\/wp\/v2\/types\/page"}],"author":[{"embeddable":true,"href":"https:\/\/serveiseducatius.xtec.cat\/vallesoccidental8\/wp-json\/wp\/v2\/users\/1"}],"replies":[{"embeddable":true,"href":"https:\/\/serveiseducatius.xtec.cat\/vallesoccidental8\/wp-json\/wp\/v2\/comments?post=16074"}],"version-history":[{"count":6,"href":"https:\/\/serveiseducatius.xtec.cat\/vallesoccidental8\/wp-json\/wp\/v2\/pages\/16074\/revisions"}],"predecessor-version":[{"id":16091,"href":"https:\/\/serveiseducatius.xtec.cat\/vallesoccidental8\/wp-json\/wp\/v2\/pages\/16074\/revisions\/16091"}],"wp:attachment":[{"href":"https:\/\/serveiseducatius.xtec.cat\/vallesoccidental8\/wp-json\/wp\/v2\/media?parent=16074"}],"curies":[{"name":"wp","href":"https:\/\/api.w.org\/{rel}","templated":true}]}}