{"id":15983,"date":"2025-04-07T16:31:50","date_gmt":"2025-04-07T14:31:50","guid":{"rendered":"https:\/\/serveiseducatius.xtec.cat\/vallesoccidental8\/?page_id=15983"},"modified":"2025-06-12T13:46:19","modified_gmt":"2025-06-12T11:46:19","slug":"maletes-pedagogiques-2","status":"publish","type":"page","link":"https:\/\/serveiseducatius.xtec.cat\/vallesoccidental8\/maletes-pedagogiques-2\/","title":{"rendered":"Recursos en pr\u00e9stec"},"content":{"rendered":"\n<p class=\"has-background\" style=\"background-color:#e5f2f2\"><strong>Els recursos educatius en pr\u00e9stec s\u00f3n materials que el Servei Educatiu posa a disposici\u00f3 del professorat per donar suport al desenvolupament de les activitats educatives als centres.<\/strong> Dins d\u2019aquest fons s\u2019inclouen les maletes pedag\u00f2giques, concebudes com a propostes tem\u00e0tiques per treballar de manera espec\u00edfica determinats continguts o metodologies. <br><br>En la seg\u00fcent <strong>presentaci\u00f3 interactiva<\/strong> trobareu la descripci\u00f3 de tots els recursos que tenim en pr\u00e9stec.<br><br><strong>Maletes pedag\u00f2giques:<\/strong> sensorial, inclusi\u00f3, expressart, let&#8217;s play in english, pedagogia del dol, plantes arom\u00e0tiques, coeducaci\u00f3 i emocions.<br><strong>Altres recursos:<\/strong> laboratori de lectura i m\u00e0quina de xapes.<\/p>\n\n\n\n<p><\/p>\n\n\n\n<div style=\"width: 100%;\"><div style=\"position: relative; padding-bottom: 70.66508313539192%; padding-top: 0; height: 0;\"><iframe loading=\"lazy\" title=\"1. Consulta l'oferta de pr\u00e9stec\" frameborder=\"0\" width=\"1122.6666666666667px\" height=\"793.3333333333334px\" style=\"position: absolute; top: 0; left: 0; width: 100%; height: 100%;\" src=\"https:\/\/view.genially.com\/683d5e877a8b8d63b2ef7d8f\" type=\"text\/html\" allowscriptaccess=\"always\" allowfullscreen=\"true\" scrolling=\"yes\" allownetworking=\"all\"><\/iframe> <\/div> <\/div>\n\n\n\n<p><\/p>\n\n\n\n<p><strong>AJUDA\u2019NS A MILLORAR EL SERVEI<\/strong><\/p>\n\n\n\n<p>Comparteix la teva opini\u00f3 sobre alguna de les maletes que has fet servir o fes-nos arribar els teus suggeriments omplint el<a href=\"https:\/\/goo.gl\/forms\/YVISBIOyTDmyYpEO2\">&nbsp;FORMULARI DE VALORACI\u00d3<\/a><\/p>\n\n\n\n<p><\/p>\n","protected":false},"excerpt":{"rendered":"<p>Els recursos educatius en pr\u00e9stec s\u00f3n materials que el Servei Educatiu posa a disposici\u00f3 del professorat per donar suport al [&hellip;]<\/p>\n","protected":false},"author":1,"featured_media":0,"parent":0,"menu_order":0,"comment_status":"closed","ping_status":"close","template":"","meta":{"_bbp_topic_count":0,"_bbp_reply_count":0,"_bbp_total_topic_count":0,"_bbp_total_reply_count":0,"_bbp_voice_count":0,"_bbp_anonymous_reply_count":0,"_bbp_topic_count_hidden":0,"_bbp_reply_count_hidden":0,"_bbp_forum_subforum_count":0,"site-sidebar-layout":"default","site-content-layout":"","ast-site-content-layout":"default","site-content-style":"default","site-sidebar-style":"default","ast-global-header-display":"","ast-banner-title-visibility":"","ast-main-header-display":"","ast-hfb-above-header-display":"","ast-hfb-below-header-display":"","ast-hfb-mobile-header-display":"","site-post-title":"","ast-breadcrumbs-content":"","ast-featured-img":"","footer-sml-layout":"","theme-transparent-header-meta":"","adv-header-id-meta":"","stick-header-meta":"","header-above-stick-meta":"","header-main-stick-meta":"","header-below-stick-meta":"","astra-migrate-meta-layouts":"set","ast-page-background-enabled":"default","ast-page-background-meta":{"desktop":{"background-color":"var(--ast-global-color-4)","background-image":"","background-repeat":"repeat","background-position":"center center","background-size":"auto","background-attachment":"scroll","background-type":"","background-media":"","overlay-type":"","overlay-color":"","overlay-opacity":"","overlay-gradient":""},"tablet":{"background-color":"","background-image":"","background-repeat":"repeat","background-position":"center center","background-size":"auto","background-attachment":"scroll","background-type":"","background-media":"","overlay-type":"","overlay-color":"","overlay-opacity":"","overlay-gradient":""},"mobile":{"background-color":"","background-image":"","background-repeat":"repeat","background-position":"center center","background-size":"auto","background-attachment":"scroll","background-type":"","background-media":"","overlay-type":"","overlay-color":"","overlay-opacity":"","overlay-gradient":""}},"ast-content-background-meta":{"desktop":{"background-color":"var(--ast-global-color-5)","background-image":"","background-repeat":"repeat","background-position":"center center","background-size":"auto","background-attachment":"scroll","background-type":"","background-media":"","overlay-type":"","overlay-color":"","overlay-opacity":"","overlay-gradient":""},"tablet":{"background-color":"var(--ast-global-color-5)","background-image":"","background-repeat":"repeat","background-position":"center center","background-size":"auto","background-attachment":"scroll","background-type":"","background-media":"","overlay-type":"","overlay-color":"","overlay-opacity":"","overlay-gradient":""},"mobile":{"background-color":"var(--ast-global-color-5)","background-image":"","background-repeat":"repeat","background-position":"center center","background-size":"auto","background-attachment":"scroll","background-type":"","background-media":"","overlay-type":"","overlay-color":"","overlay-opacity":"","overlay-gradient":""}},"footnotes":""},"class_list":["post-15983","page","type-page","status-publish","hentry"],"post_mailing_queue_ids":[],"_links":{"self":[{"href":"https:\/\/serveiseducatius.xtec.cat\/vallesoccidental8\/wp-json\/wp\/v2\/pages\/15983","targetHints":{"allow":["GET"]}}],"collection":[{"href":"https:\/\/serveiseducatius.xtec.cat\/vallesoccidental8\/wp-json\/wp\/v2\/pages"}],"about":[{"href":"https:\/\/serveiseducatius.xtec.cat\/vallesoccidental8\/wp-json\/wp\/v2\/types\/page"}],"author":[{"embeddable":true,"href":"https:\/\/serveiseducatius.xtec.cat\/vallesoccidental8\/wp-json\/wp\/v2\/users\/1"}],"replies":[{"embeddable":true,"href":"https:\/\/serveiseducatius.xtec.cat\/vallesoccidental8\/wp-json\/wp\/v2\/comments?post=15983"}],"version-history":[{"count":6,"href":"https:\/\/serveiseducatius.xtec.cat\/vallesoccidental8\/wp-json\/wp\/v2\/pages\/15983\/revisions"}],"predecessor-version":[{"id":16510,"href":"https:\/\/serveiseducatius.xtec.cat\/vallesoccidental8\/wp-json\/wp\/v2\/pages\/15983\/revisions\/16510"}],"wp:attachment":[{"href":"https:\/\/serveiseducatius.xtec.cat\/vallesoccidental8\/wp-json\/wp\/v2\/media?parent=15983"}],"curies":[{"name":"wp","href":"https:\/\/api.w.org\/{rel}","templated":true}]}}