{"id":15330,"date":"2025-02-05T11:06:21","date_gmt":"2025-02-05T10:06:21","guid":{"rendered":"https:\/\/serveiseducatius.xtec.cat\/vallesoccidental8\/?page_id=15330"},"modified":"2025-06-25T14:15:28","modified_gmt":"2025-06-25T12:15:28","slug":"recursos-accio-tutorial","status":"publish","type":"page","link":"https:\/\/serveiseducatius.xtec.cat\/vallesoccidental8\/recursos-accio-tutorial\/","title":{"rendered":"Recursos Acci\u00f3 Tutorial"},"content":{"rendered":"\n<figure class=\"wp-block-table is-style-stripes\" style=\"padding-top:0;padding-right:0;padding-bottom:0;padding-left:0;font-size:15px\"><table class=\"has-ast-global-color-6-color has-white-background-color has-text-color has-background has-link-color has-border-color has-white-border-color\"><thead><tr><th class=\"has-text-align-left\" data-align=\"left\">Proposta pedag\u00f2gica<\/th><th class=\"has-text-align-left\" data-align=\"left\">Descripci\u00f3<\/th><th class=\"has-text-align-center\" data-align=\"center\">Etapa <\/th><th class=\"has-text-align-center\" data-align=\"center\">Tem\u00e0tica<\/th><\/tr><\/thead><tbody><tr><td class=\"has-text-align-left\" data-align=\"left\"><a href=\"https:\/\/serveiseducatius.xtec.cat\/vallesoccidental8\/wp-content\/uploads\/usu1103\/2025\/02\/En-Kiko-i-la-ma.pdf\">En Kiko i la m\u00e0<\/a><\/td><td class=\"has-text-align-left\" data-align=\"left\">Conte per treballar la prevenci\u00f3 dels abusos sexuals<\/td><td class=\"has-text-align-center\" data-align=\"center\">Infantil i CI<\/td><td class=\"has-text-align-center\" data-align=\"center\">Abusos sexuals<\/td><\/tr><tr><td class=\"has-text-align-left\" data-align=\"left\"><a href=\"https:\/\/www.canva.com\/design\/DAGY4oa7bLg\/lncy1ywVET8AhLaSG8CVPw\/view?utm_content=DAGY4oa7bLg&amp;utm_campaign=designshare&amp;utm_medium=link2&amp;utm_source=uniquelinks&amp;utlId=h26fe462df5\">Fem com si no sab\u00e9ssim el final<\/a><\/td><td class=\"has-text-align-left\" data-align=\"left\">Presentaci\u00f3 amb activitats sobre la pedagogia de la finitud<\/td><td class=\"has-text-align-center\" data-align=\"center\">CS i ESO<\/td><td class=\"has-text-align-center\" data-align=\"center\">Dol i p\u00e8rdua<\/td><\/tr><tr><td class=\"has-text-align-left\" data-align=\"left\">\u00a0<a href=\"https:\/\/drive.google.com\/file\/d\/1E3GXQN1tmrbquuy1Iyvq7lRM9O-Fa5Or\/view\">Proposta pedag\u00f2gica<\/a><\/td><td class=\"has-text-align-left\" data-align=\"left\">Proposta pedag\u00f2gica basada en el llibre \u201cSense pantalles sento i penso millor\u201d de Francisco Villar<\/td><td class=\"has-text-align-center\" data-align=\"center\">CS i ESO<\/td><td class=\"has-text-align-center\" data-align=\"center\">Pantalles i m\u00f2bils<\/td><\/tr><\/tbody><\/table><\/figure>\n\n\n\n\n\n<p><\/p>\n","protected":false},"excerpt":{"rendered":"<p>Proposta pedag\u00f2gica Descripci\u00f3 Etapa Tem\u00e0tica En Kiko i la m\u00e0 Conte per treballar la prevenci\u00f3 dels abusos sexuals Infantil i [&hellip;]<\/p>\n","protected":false},"author":1,"featured_media":15328,"parent":0,"menu_order":0,"comment_status":"closed","ping_status":"close","template":"","meta":{"_bbp_topic_count":0,"_bbp_reply_count":0,"_bbp_total_topic_count":0,"_bbp_total_reply_count":0,"_bbp_voice_count":0,"_bbp_anonymous_reply_count":0,"_bbp_topic_count_hidden":0,"_bbp_reply_count_hidden":0,"_bbp_forum_subforum_count":0,"site-sidebar-layout":"default","site-content-layout":"","ast-site-content-layout":"default","site-content-style":"default","site-sidebar-style":"default","ast-global-header-display":"","ast-banner-title-visibility":"","ast-main-header-display":"","ast-hfb-above-header-display":"","ast-hfb-below-header-display":"","ast-hfb-mobile-header-display":"","site-post-title":"","ast-breadcrumbs-content":"","ast-featured-img":"disabled","footer-sml-layout":"","theme-transparent-header-meta":"","adv-header-id-meta":"","stick-header-meta":"","header-above-stick-meta":"","header-main-stick-meta":"","header-below-stick-meta":"","astra-migrate-meta-layouts":"set","ast-page-background-enabled":"default","ast-page-background-meta":{"desktop":{"background-color":"var(--ast-global-color-4)","background-image":"","background-repeat":"repeat","background-position":"center center","background-size":"auto","background-attachment":"scroll","background-type":"","background-media":"","overlay-type":"","overlay-color":"","overlay-opacity":"","overlay-gradient":""},"tablet":{"background-color":"","background-image":"","background-repeat":"repeat","background-position":"center center","background-size":"auto","background-attachment":"scroll","background-type":"","background-media":"","overlay-type":"","overlay-color":"","overlay-opacity":"","overlay-gradient":""},"mobile":{"background-color":"","background-image":"","background-repeat":"repeat","background-position":"center center","background-size":"auto","background-attachment":"scroll","background-type":"","background-media":"","overlay-type":"","overlay-color":"","overlay-opacity":"","overlay-gradient":""}},"ast-content-background-meta":{"desktop":{"background-color":"var(--ast-global-color-5)","background-image":"","background-repeat":"repeat","background-position":"center center","background-size":"auto","background-attachment":"scroll","background-type":"","background-media":"","overlay-type":"","overlay-color":"","overlay-opacity":"","overlay-gradient":""},"tablet":{"background-color":"var(--ast-global-color-5)","background-image":"","background-repeat":"repeat","background-position":"center center","background-size":"auto","background-attachment":"scroll","background-type":"","background-media":"","overlay-type":"","overlay-color":"","overlay-opacity":"","overlay-gradient":""},"mobile":{"background-color":"var(--ast-global-color-5)","background-image":"","background-repeat":"repeat","background-position":"center center","background-size":"auto","background-attachment":"scroll","background-type":"","background-media":"","overlay-type":"","overlay-color":"","overlay-opacity":"","overlay-gradient":""}},"footnotes":""},"class_list":["post-15330","page","type-page","status-publish","has-post-thumbnail","hentry"],"post_mailing_queue_ids":[],"_links":{"self":[{"href":"https:\/\/serveiseducatius.xtec.cat\/vallesoccidental8\/wp-json\/wp\/v2\/pages\/15330","targetHints":{"allow":["GET"]}}],"collection":[{"href":"https:\/\/serveiseducatius.xtec.cat\/vallesoccidental8\/wp-json\/wp\/v2\/pages"}],"about":[{"href":"https:\/\/serveiseducatius.xtec.cat\/vallesoccidental8\/wp-json\/wp\/v2\/types\/page"}],"author":[{"embeddable":true,"href":"https:\/\/serveiseducatius.xtec.cat\/vallesoccidental8\/wp-json\/wp\/v2\/users\/1"}],"replies":[{"embeddable":true,"href":"https:\/\/serveiseducatius.xtec.cat\/vallesoccidental8\/wp-json\/wp\/v2\/comments?post=15330"}],"version-history":[{"count":6,"href":"https:\/\/serveiseducatius.xtec.cat\/vallesoccidental8\/wp-json\/wp\/v2\/pages\/15330\/revisions"}],"predecessor-version":[{"id":16611,"href":"https:\/\/serveiseducatius.xtec.cat\/vallesoccidental8\/wp-json\/wp\/v2\/pages\/15330\/revisions\/16611"}],"wp:featuredmedia":[{"embeddable":true,"href":"https:\/\/serveiseducatius.xtec.cat\/vallesoccidental8\/wp-json\/wp\/v2\/media\/15328"}],"wp:attachment":[{"href":"https:\/\/serveiseducatius.xtec.cat\/vallesoccidental8\/wp-json\/wp\/v2\/media?parent=15330"}],"curies":[{"name":"wp","href":"https:\/\/api.w.org\/{rel}","templated":true}]}}