{"id":15289,"date":"2025-01-30T13:03:51","date_gmt":"2025-01-30T12:03:51","guid":{"rendered":"https:\/\/serveiseducatius.xtec.cat\/vallesoccidental8\/?page_id=15289"},"modified":"2025-06-12T13:45:20","modified_gmt":"2025-06-12T11:45:20","slug":"recursos-competencia-linguistica","status":"publish","type":"page","link":"https:\/\/serveiseducatius.xtec.cat\/vallesoccidental8\/recursos-competencia-linguistica\/","title":{"rendered":"Recursos compet\u00e8ncia ling\u00fc\u00edstica"},"content":{"rendered":"\n<div class=\"wp-block-columns is-layout-flex wp-container-core-columns-is-layout-1 wp-block-columns-is-layout-flex\">\n<div class=\"wp-block-column is-layout-flow wp-block-column-is-layout-flow\">\n<div class=\"wp-block-media-text is-stacked-on-mobile has-white-color has-ast-global-color-0-background-color has-text-color has-background has-link-color wp-elements-0c6c59e1679d2eacc4d39d2280ec0642\"><figure class=\"wp-block-media-text__media\"><a href=\"https:\/\/serveiseducatius.xtec.cat\/vallesoccidental8\/alumnat-nouvingut\/\" target=\"_blank\" rel=\"noreferrer noopener\"><img loading=\"lazy\" decoding=\"async\" width=\"1024\" height=\"1024\" src=\"https:\/\/serveiseducatius.xtec.cat\/vallesoccidental8\/wp-content\/uploads\/usu1103\/2025\/03\/Un-mapa-del-mon-dibuixat-amb-linies-que-connecten-diferents-paisos-i-una-escola-al-centre-1024x1024.jpg\" alt=\"\" class=\"wp-image-15738 size-full\" srcset=\"https:\/\/serveiseducatius.xtec.cat\/vallesoccidental8\/wp-content\/uploads\/usu1103\/2025\/03\/Un-mapa-del-mon-dibuixat-amb-linies-que-connecten-diferents-paisos-i-una-escola-al-centre-1024x1024.jpg 1024w, https:\/\/serveiseducatius.xtec.cat\/vallesoccidental8\/wp-content\/uploads\/usu1103\/2025\/03\/Un-mapa-del-mon-dibuixat-amb-linies-que-connecten-diferents-paisos-i-una-escola-al-centre-300x300.jpg 300w, https:\/\/serveiseducatius.xtec.cat\/vallesoccidental8\/wp-content\/uploads\/usu1103\/2025\/03\/Un-mapa-del-mon-dibuixat-amb-linies-que-connecten-diferents-paisos-i-una-escola-al-centre-150x150.jpg 150w, https:\/\/serveiseducatius.xtec.cat\/vallesoccidental8\/wp-content\/uploads\/usu1103\/2025\/03\/Un-mapa-del-mon-dibuixat-amb-linies-que-connecten-diferents-paisos-i-una-escola-al-centre-768x768.jpg 768w, https:\/\/serveiseducatius.xtec.cat\/vallesoccidental8\/wp-content\/uploads\/usu1103\/2025\/03\/Un-mapa-del-mon-dibuixat-amb-linies-que-connecten-diferents-paisos-i-una-escola-al-centre.jpg 1120w\" sizes=\"auto, (max-width: 1024px) 100vw, 1024px\" \/><\/a><\/figure><div class=\"wp-block-media-text__content\">\n<p class=\"has-text-align-center\" style=\"font-size:20px\">Alumnat nouvingut<\/p>\n<\/div><\/div>\n<\/div>\n\n\n\n<div class=\"wp-block-column is-layout-flow wp-block-column-is-layout-flow\">\n<div class=\"wp-block-media-text is-stacked-on-mobile has-white-color has-ast-global-color-0-background-color has-text-color has-background has-link-color wp-elements-7ab991a47acd0e3ad5b6b92440724637\"><figure class=\"wp-block-media-text__media\"><a href=\"https:\/\/serveiseducatius.xtec.cat\/vallesoccidental8\/recursos-competencia-linguistica\/impuls-de-la-lectura\/\"><img loading=\"lazy\" decoding=\"async\" width=\"1024\" height=\"1024\" src=\"https:\/\/serveiseducatius.xtec.cat\/vallesoccidental8\/wp-content\/uploads\/usu1103\/2025\/03\/Paraules-flotant-o-formant-un-vent-que-bufa-des-dun-llibre-obert-haurien-dapareixer-elements-de-fantasi-i-de-somnis-on-apareguin-elements-i-objectes-fantastics-1024x1024.jpg\" alt=\"\" class=\"wp-image-15732 size-full\" srcset=\"https:\/\/serveiseducatius.xtec.cat\/vallesoccidental8\/wp-content\/uploads\/usu1103\/2025\/03\/Paraules-flotant-o-formant-un-vent-que-bufa-des-dun-llibre-obert-haurien-dapareixer-elements-de-fantasi-i-de-somnis-on-apareguin-elements-i-objectes-fantastics-1024x1024.jpg 1024w, https:\/\/serveiseducatius.xtec.cat\/vallesoccidental8\/wp-content\/uploads\/usu1103\/2025\/03\/Paraules-flotant-o-formant-un-vent-que-bufa-des-dun-llibre-obert-haurien-dapareixer-elements-de-fantasi-i-de-somnis-on-apareguin-elements-i-objectes-fantastics-300x300.jpg 300w, https:\/\/serveiseducatius.xtec.cat\/vallesoccidental8\/wp-content\/uploads\/usu1103\/2025\/03\/Paraules-flotant-o-formant-un-vent-que-bufa-des-dun-llibre-obert-haurien-dapareixer-elements-de-fantasi-i-de-somnis-on-apareguin-elements-i-objectes-fantastics-150x150.jpg 150w, https:\/\/serveiseducatius.xtec.cat\/vallesoccidental8\/wp-content\/uploads\/usu1103\/2025\/03\/Paraules-flotant-o-formant-un-vent-que-bufa-des-dun-llibre-obert-haurien-dapareixer-elements-de-fantasi-i-de-somnis-on-apareguin-elements-i-objectes-fantastics-768x768.jpg 768w, https:\/\/serveiseducatius.xtec.cat\/vallesoccidental8\/wp-content\/uploads\/usu1103\/2025\/03\/Paraules-flotant-o-formant-un-vent-que-bufa-des-dun-llibre-obert-haurien-dapareixer-elements-de-fantasi-i-de-somnis-on-apareguin-elements-i-objectes-fantastics.jpg 1120w\" sizes=\"auto, (max-width: 1024px) 100vw, 1024px\" \/><\/a><\/figure><div class=\"wp-block-media-text__content\">\n<p class=\"has-text-align-center\" style=\"font-size:20px\">Impuls de la lectura<\/p>\n\n\n\n<p><\/p>\n<\/div><\/div>\n<\/div>\n<\/div>\n\n\n\n<div class=\"wp-block-columns is-layout-flex wp-container-core-columns-is-layout-2 wp-block-columns-is-layout-flex\">\n<div class=\"wp-block-column is-layout-flow wp-block-column-is-layout-flow\">\n<div class=\"wp-block-media-text is-stacked-on-mobile has-white-color has-ast-global-color-0-background-color has-text-color has-background has-link-color wp-elements-32fac476155aedf95d2809a979227edb\"><figure class=\"wp-block-media-text__media\"><img loading=\"lazy\" decoding=\"async\" width=\"1024\" height=\"1024\" src=\"https:\/\/serveiseducatius.xtec.cat\/vallesoccidental8\/wp-content\/uploads\/usu1103\/2025\/03\/Una-ma-escrivint-amb-un-llapis-o-ploma-don-surten-paraules-idees-o-dibuixos-flotan-1-1024x1024.jpg\" alt=\"\" class=\"wp-image-15731 size-full\" srcset=\"https:\/\/serveiseducatius.xtec.cat\/vallesoccidental8\/wp-content\/uploads\/usu1103\/2025\/03\/Una-ma-escrivint-amb-un-llapis-o-ploma-don-surten-paraules-idees-o-dibuixos-flotan-1-1024x1024.jpg 1024w, https:\/\/serveiseducatius.xtec.cat\/vallesoccidental8\/wp-content\/uploads\/usu1103\/2025\/03\/Una-ma-escrivint-amb-un-llapis-o-ploma-don-surten-paraules-idees-o-dibuixos-flotan-1-300x300.jpg 300w, https:\/\/serveiseducatius.xtec.cat\/vallesoccidental8\/wp-content\/uploads\/usu1103\/2025\/03\/Una-ma-escrivint-amb-un-llapis-o-ploma-don-surten-paraules-idees-o-dibuixos-flotan-1-150x150.jpg 150w, https:\/\/serveiseducatius.xtec.cat\/vallesoccidental8\/wp-content\/uploads\/usu1103\/2025\/03\/Una-ma-escrivint-amb-un-llapis-o-ploma-don-surten-paraules-idees-o-dibuixos-flotan-1-768x768.jpg 768w, https:\/\/serveiseducatius.xtec.cat\/vallesoccidental8\/wp-content\/uploads\/usu1103\/2025\/03\/Una-ma-escrivint-amb-un-llapis-o-ploma-don-surten-paraules-idees-o-dibuixos-flotan-1.jpg 1120w\" sizes=\"auto, (max-width: 1024px) 100vw, 1024px\" \/><\/figure><div class=\"wp-block-media-text__content\">\n<p>Expressi\u00f3 Escrita (en construcci\u00f3)<\/p>\n<\/div><\/div>\n<\/div>\n\n\n\n<div class=\"wp-block-column is-layout-flow wp-block-column-is-layout-flow\">\n<div class=\"wp-block-media-text is-stacked-on-mobile has-white-color has-ast-global-color-0-background-color has-text-color has-background has-link-color wp-elements-96b23cbd67f48033da4f1a5aa702885a\"><figure class=\"wp-block-media-text__media\"><img loading=\"lazy\" decoding=\"async\" width=\"1024\" height=\"1024\" src=\"https:\/\/serveiseducatius.xtec.cat\/vallesoccidental8\/wp-content\/uploads\/usu1103\/2025\/03\/Un-microfon-del-qual-surten-paraules-formes-o-simbols-com-ones-de-so-o-bombolles-de-dialeg--1024x1024.jpg\" alt=\"\" class=\"wp-image-15734 size-full\" srcset=\"https:\/\/serveiseducatius.xtec.cat\/vallesoccidental8\/wp-content\/uploads\/usu1103\/2025\/03\/Un-microfon-del-qual-surten-paraules-formes-o-simbols-com-ones-de-so-o-bombolles-de-dialeg--1024x1024.jpg 1024w, https:\/\/serveiseducatius.xtec.cat\/vallesoccidental8\/wp-content\/uploads\/usu1103\/2025\/03\/Un-microfon-del-qual-surten-paraules-formes-o-simbols-com-ones-de-so-o-bombolles-de-dialeg--300x300.jpg 300w, https:\/\/serveiseducatius.xtec.cat\/vallesoccidental8\/wp-content\/uploads\/usu1103\/2025\/03\/Un-microfon-del-qual-surten-paraules-formes-o-simbols-com-ones-de-so-o-bombolles-de-dialeg--150x150.jpg 150w, https:\/\/serveiseducatius.xtec.cat\/vallesoccidental8\/wp-content\/uploads\/usu1103\/2025\/03\/Un-microfon-del-qual-surten-paraules-formes-o-simbols-com-ones-de-so-o-bombolles-de-dialeg--768x768.jpg 768w, https:\/\/serveiseducatius.xtec.cat\/vallesoccidental8\/wp-content\/uploads\/usu1103\/2025\/03\/Un-microfon-del-qual-surten-paraules-formes-o-simbols-com-ones-de-so-o-bombolles-de-dialeg-.jpg 1120w\" sizes=\"auto, (max-width: 1024px) 100vw, 1024px\" \/><\/figure><div class=\"wp-block-media-text__content\">\n<p>Expressi\u00f3 oral (en construcci\u00f3)<\/p>\n<\/div><\/div>\n<\/div>\n<\/div>\n\n\n\n<div class=\"wp-block-columns is-layout-flex wp-container-core-columns-is-layout-3 wp-block-columns-is-layout-flex\">\n<div class=\"wp-block-column is-layout-flow wp-block-column-is-layout-flow\"><\/div>\n\n\n\n<div class=\"wp-block-column is-layout-flow wp-block-column-is-layout-flow\"><\/div>\n<\/div>\n\n\n\n<div class=\"wp-block-getwid-toggle has-icon-left\">\n<div class=\"wp-block-getwid-toggle__row\"><div class=\"wp-block-getwid-toggle__header-wrapper\"><span class=\"wp-block-getwid-toggle__header\"><a href=\"#\"><span class=\"wp-block-getwid-toggle__header-title\">Seminaris i confer\u00e8ncies<\/span><span class=\"wp-block-getwid-toggle__icon is-active\"><i class=\"fas fa-plus\"><\/i><\/span><span class=\"wp-block-getwid-toggle__icon is-passive\"><i class=\"fas fa-minus\"><\/i><\/span><\/a><\/span><\/div><div class=\"wp-block-getwid-toggle__content-wrapper\"><div class=\"wp-block-getwid-toggle__content\">\n<div class=\"wp-block-columns is-layout-flex wp-container-core-columns-is-layout-4 wp-block-columns-is-layout-flex\">\n<div class=\"wp-block-column is-layout-flow wp-block-column-is-layout-flow\" style=\"flex-basis:33.33%\">\n<div class=\"wp-block-media-text is-stacked-on-mobile has-white-color has-ast-global-color-0-background-color has-text-color has-background has-link-color wp-elements-4b1394119548a77c2e385b141cdceb65\" style=\"grid-template-columns:51% auto\"><figure class=\"wp-block-media-text__media\"><img loading=\"lazy\" decoding=\"async\" width=\"1024\" height=\"1024\" src=\"https:\/\/serveiseducatius.xtec.cat\/vallesoccidental8\/wp-content\/uploads\/usu1103\/2025\/01\/Cicle-Conferencies.-Diapos-Cartell-quadrat-1-1024x1024.png\" alt=\"\" class=\"wp-image-15298 size-full\" srcset=\"https:\/\/serveiseducatius.xtec.cat\/vallesoccidental8\/wp-content\/uploads\/usu1103\/2025\/01\/Cicle-Conferencies.-Diapos-Cartell-quadrat-1-1024x1024.png 1024w, https:\/\/serveiseducatius.xtec.cat\/vallesoccidental8\/wp-content\/uploads\/usu1103\/2025\/01\/Cicle-Conferencies.-Diapos-Cartell-quadrat-1-300x300.png 300w, https:\/\/serveiseducatius.xtec.cat\/vallesoccidental8\/wp-content\/uploads\/usu1103\/2025\/01\/Cicle-Conferencies.-Diapos-Cartell-quadrat-1-150x150.png 150w, https:\/\/serveiseducatius.xtec.cat\/vallesoccidental8\/wp-content\/uploads\/usu1103\/2025\/01\/Cicle-Conferencies.-Diapos-Cartell-quadrat-1-768x768.png 768w, https:\/\/serveiseducatius.xtec.cat\/vallesoccidental8\/wp-content\/uploads\/usu1103\/2025\/01\/Cicle-Conferencies.-Diapos-Cartell-quadrat-1-1536x1536.png 1536w, https:\/\/serveiseducatius.xtec.cat\/vallesoccidental8\/wp-content\/uploads\/usu1103\/2025\/01\/Cicle-Conferencies.-Diapos-Cartell-quadrat-1.png 1750w\" sizes=\"auto, (max-width: 1024px) 100vw, 1024px\" \/><\/figure><div class=\"wp-block-media-text__content\">\n<p>Cicle de confer\u00e8ncies: Despertant lectors i lectores<\/p>\n<\/div><\/div>\n<\/div>\n\n\n\n<div class=\"wp-block-column is-layout-flow wp-block-column-is-layout-flow\" style=\"flex-basis:66.66%\">\n<ul class=\"wp-block-list\">\n<li style=\"font-size:15px\"><a href=\"https:\/\/drive.google.com\/file\/d\/1yTj-bWnrzC0Th92E7Ectil5VKK5WzKGm\/view\">So x So: Programa per a desenvolupar la consci\u00e8ncia fonol\u00f2gica.<\/a> <\/li>\n\n\n\n<li style=\"font-size:15px\">La Conversa Liter\u00e0ria: Compartint Significats.<\/li>\n\n\n\n<li style=\"font-size:15px\">L\u2019Oralitat en la Llengua Catalana: Un Pilar per al Desenvolupament. <\/li>\n\n\n\n<li style=\"font-size:15px\"><a href=\"https:\/\/serveiseducatius.xtec.cat\/vallesoccidental8\/general\/cicle-de-conferencies-despertant-lectors-i-lectores\/\">Article <\/a>amb el resum de continguts del cicle de confer\u00e8ncies.<\/li>\n<\/ul>\n<\/div>\n<\/div>\n<\/div><\/div><\/div>\n<\/div>\n","protected":false},"excerpt":{"rendered":"<p>Alumnat nouvingut Impuls de la lectura Expressi\u00f3 Escrita (en construcci\u00f3) Expressi\u00f3 oral (en construcci\u00f3)<\/p>\n","protected":false},"author":20,"featured_media":0,"parent":0,"menu_order":0,"comment_status":"closed","ping_status":"close","template":"","meta":{"_bbp_topic_count":0,"_bbp_reply_count":0,"_bbp_total_topic_count":0,"_bbp_total_reply_count":0,"_bbp_voice_count":0,"_bbp_anonymous_reply_count":0,"_bbp_topic_count_hidden":0,"_bbp_reply_count_hidden":0,"_bbp_forum_subforum_count":0,"site-sidebar-layout":"default","site-content-layout":"","ast-site-content-layout":"default","site-content-style":"default","site-sidebar-style":"default","ast-global-header-display":"","ast-banner-title-visibility":"","ast-main-header-display":"","ast-hfb-above-header-display":"","ast-hfb-below-header-display":"","ast-hfb-mobile-header-display":"","site-post-title":"","ast-breadcrumbs-content":"","ast-featured-img":"","footer-sml-layout":"","theme-transparent-header-meta":"","adv-header-id-meta":"","stick-header-meta":"","header-above-stick-meta":"","header-main-stick-meta":"","header-below-stick-meta":"","astra-migrate-meta-layouts":"set","ast-page-background-enabled":"default","ast-page-background-meta":{"desktop":{"background-color":"var(--ast-global-color-4)","background-image":"","background-repeat":"repeat","background-position":"center center","background-size":"auto","background-attachment":"scroll","background-type":"","background-media":"","overlay-type":"","overlay-color":"","overlay-opacity":"","overlay-gradient":""},"tablet":{"background-color":"","background-image":"","background-repeat":"repeat","background-position":"center center","background-size":"auto","background-attachment":"scroll","background-type":"","background-media":"","overlay-type":"","overlay-color":"","overlay-opacity":"","overlay-gradient":""},"mobile":{"background-color":"","background-image":"","background-repeat":"repeat","background-position":"center center","background-size":"auto","background-attachment":"scroll","background-type":"","background-media":"","overlay-type":"","overlay-color":"","overlay-opacity":"","overlay-gradient":""}},"ast-content-background-meta":{"desktop":{"background-color":"var(--ast-global-color-5)","background-image":"","background-repeat":"repeat","background-position":"center center","background-size":"auto","background-attachment":"scroll","background-type":"","background-media":"","overlay-type":"","overlay-color":"","overlay-opacity":"","overlay-gradient":""},"tablet":{"background-color":"var(--ast-global-color-5)","background-image":"","background-repeat":"repeat","background-position":"center center","background-size":"auto","background-attachment":"scroll","background-type":"","background-media":"","overlay-type":"","overlay-color":"","overlay-opacity":"","overlay-gradient":""},"mobile":{"background-color":"var(--ast-global-color-5)","background-image":"","background-repeat":"repeat","background-position":"center center","background-size":"auto","background-attachment":"scroll","background-type":"","background-media":"","overlay-type":"","overlay-color":"","overlay-opacity":"","overlay-gradient":""}},"footnotes":""},"class_list":["post-15289","page","type-page","status-publish","hentry"],"post_mailing_queue_ids":[],"_links":{"self":[{"href":"https:\/\/serveiseducatius.xtec.cat\/vallesoccidental8\/wp-json\/wp\/v2\/pages\/15289","targetHints":{"allow":["GET"]}}],"collection":[{"href":"https:\/\/serveiseducatius.xtec.cat\/vallesoccidental8\/wp-json\/wp\/v2\/pages"}],"about":[{"href":"https:\/\/serveiseducatius.xtec.cat\/vallesoccidental8\/wp-json\/wp\/v2\/types\/page"}],"author":[{"embeddable":true,"href":"https:\/\/serveiseducatius.xtec.cat\/vallesoccidental8\/wp-json\/wp\/v2\/users\/20"}],"replies":[{"embeddable":true,"href":"https:\/\/serveiseducatius.xtec.cat\/vallesoccidental8\/wp-json\/wp\/v2\/comments?post=15289"}],"version-history":[{"count":6,"href":"https:\/\/serveiseducatius.xtec.cat\/vallesoccidental8\/wp-json\/wp\/v2\/pages\/15289\/revisions"}],"predecessor-version":[{"id":16509,"href":"https:\/\/serveiseducatius.xtec.cat\/vallesoccidental8\/wp-json\/wp\/v2\/pages\/15289\/revisions\/16509"}],"wp:attachment":[{"href":"https:\/\/serveiseducatius.xtec.cat\/vallesoccidental8\/wp-json\/wp\/v2\/media?parent=15289"}],"curies":[{"name":"wp","href":"https:\/\/api.w.org\/{rel}","templated":true}]}}