{"id":15184,"date":"2025-01-29T16:42:05","date_gmt":"2025-01-29T15:42:05","guid":{"rendered":"https:\/\/serveiseducatius.xtec.cat\/vallesoccidental8\/?page_id=15184"},"modified":"2026-01-21T09:29:48","modified_gmt":"2026-01-21T08:29:48","slug":"recursos-ambit-digital","status":"publish","type":"page","link":"https:\/\/serveiseducatius.xtec.cat\/vallesoccidental8\/recursos-ambit-digital\/","title":{"rendered":"Compet\u00e8ncia Digital"},"content":{"rendered":"\n<figure class=\"wp-block-gallery has-nested-images columns-3 is-cropped wp-block-gallery-1 is-layout-flex wp-block-gallery-is-layout-flex\">\n<figure class=\"wp-block-image size-full\"><a href=\"https:\/\/projectes.xtec.cat\/digital\/\"><img loading=\"lazy\" decoding=\"async\" width=\"874\" height=\"620\" data-id=\"16484\" src=\"https:\/\/serveiseducatius.xtec.cat\/vallesoccidental8\/wp-content\/uploads\/usu1103\/2025\/06\/Pagina-web-13.png\" alt=\"\" class=\"wp-image-16484\" srcset=\"https:\/\/serveiseducatius.xtec.cat\/vallesoccidental8\/wp-content\/uploads\/usu1103\/2025\/06\/Pagina-web-13.png 874w, https:\/\/serveiseducatius.xtec.cat\/vallesoccidental8\/wp-content\/uploads\/usu1103\/2025\/06\/Pagina-web-13-300x213.png 300w, https:\/\/serveiseducatius.xtec.cat\/vallesoccidental8\/wp-content\/uploads\/usu1103\/2025\/06\/Pagina-web-13-768x545.png 768w\" sizes=\"auto, (max-width: 874px) 100vw, 874px\" \/><\/a><\/figure>\n\n\n\n<figure class=\"wp-block-image size-full\"><a href=\"https:\/\/sites.google.com\/xtec.cat\/xtcd-se-educatiu\/inici\"><img loading=\"lazy\" decoding=\"async\" width=\"874\" height=\"620\" data-id=\"16482\" src=\"https:\/\/serveiseducatius.xtec.cat\/vallesoccidental8\/wp-content\/uploads\/usu1103\/2025\/06\/Pagina-web-11.png\" alt=\"\" class=\"wp-image-16482\" srcset=\"https:\/\/serveiseducatius.xtec.cat\/vallesoccidental8\/wp-content\/uploads\/usu1103\/2025\/06\/Pagina-web-11.png 874w, https:\/\/serveiseducatius.xtec.cat\/vallesoccidental8\/wp-content\/uploads\/usu1103\/2025\/06\/Pagina-web-11-300x213.png 300w, https:\/\/serveiseducatius.xtec.cat\/vallesoccidental8\/wp-content\/uploads\/usu1103\/2025\/06\/Pagina-web-11-768x545.png 768w\" sizes=\"auto, (max-width: 874px) 100vw, 874px\" \/><\/a><\/figure>\n\n\n\n<figure class=\"wp-block-image size-full\"><img loading=\"lazy\" decoding=\"async\" width=\"874\" height=\"620\" data-id=\"16474\" src=\"https:\/\/serveiseducatius.xtec.cat\/vallesoccidental8\/wp-content\/uploads\/usu1103\/2025\/06\/3-1.png\" alt=\"\" class=\"wp-image-16474\" srcset=\"https:\/\/serveiseducatius.xtec.cat\/vallesoccidental8\/wp-content\/uploads\/usu1103\/2025\/06\/3-1.png 874w, https:\/\/serveiseducatius.xtec.cat\/vallesoccidental8\/wp-content\/uploads\/usu1103\/2025\/06\/3-1-300x213.png 300w, https:\/\/serveiseducatius.xtec.cat\/vallesoccidental8\/wp-content\/uploads\/usu1103\/2025\/06\/3-1-768x545.png 768w\" sizes=\"auto, (max-width: 874px) 100vw, 874px\" \/><\/figure>\n<\/figure>\n\n\n\n<figure class=\"wp-block-gallery has-nested-images columns-2 is-cropped wp-block-gallery-2 is-layout-flex wp-block-gallery-is-layout-flex\">\n<figure class=\"wp-block-image size-full\"><a href=\"https:\/\/serveiseducatius.xtec.cat\/vallesoccidental8\/recursos-ambit-digital\/intelligencia-artificial\/\"><img loading=\"lazy\" decoding=\"async\" width=\"874\" height=\"620\" data-id=\"16477\" src=\"https:\/\/serveiseducatius.xtec.cat\/vallesoccidental8\/wp-content\/uploads\/usu1103\/2025\/06\/4-1.png\" alt=\"\" class=\"wp-image-16477\" srcset=\"https:\/\/serveiseducatius.xtec.cat\/vallesoccidental8\/wp-content\/uploads\/usu1103\/2025\/06\/4-1.png 874w, https:\/\/serveiseducatius.xtec.cat\/vallesoccidental8\/wp-content\/uploads\/usu1103\/2025\/06\/4-1-300x213.png 300w, https:\/\/serveiseducatius.xtec.cat\/vallesoccidental8\/wp-content\/uploads\/usu1103\/2025\/06\/4-1-768x545.png 768w\" sizes=\"auto, (max-width: 874px) 100vw, 874px\" \/><\/a><\/figure>\n\n\n\n<figure class=\"wp-block-image size-full\"><a href=\"https:\/\/serveiseducatius.xtec.cat\/vallesoccidental8\/wp-content\/uploads\/usu1103\/2025\/06\/5-1.png\"><img loading=\"lazy\" decoding=\"async\" width=\"874\" height=\"620\" data-id=\"16478\" src=\"https:\/\/serveiseducatius.xtec.cat\/vallesoccidental8\/wp-content\/uploads\/usu1103\/2025\/06\/5-1.png\" alt=\"\" class=\"wp-image-16478\" srcset=\"https:\/\/serveiseducatius.xtec.cat\/vallesoccidental8\/wp-content\/uploads\/usu1103\/2025\/06\/5-1.png 874w, https:\/\/serveiseducatius.xtec.cat\/vallesoccidental8\/wp-content\/uploads\/usu1103\/2025\/06\/5-1-300x213.png 300w, https:\/\/serveiseducatius.xtec.cat\/vallesoccidental8\/wp-content\/uploads\/usu1103\/2025\/06\/5-1-768x545.png 768w\" sizes=\"auto, (max-width: 874px) 100vw, 874px\" \/><\/a><\/figure>\n<\/figure>\n\n\n\n<figure class=\"wp-block-gallery has-nested-images columns-2 is-cropped wp-block-gallery-3 is-layout-flex wp-block-gallery-is-layout-flex\">\n<figure class=\"wp-block-image size-full\"><a href=\"https:\/\/serveiseducatius.xtec.cat\/vallesoccidental8\/recursos-ambit-digital\/seminaris-i-cicles-de-conferencies\/\"><img loading=\"lazy\" decoding=\"async\" width=\"1748\" height=\"1240\" data-id=\"16479\" src=\"https:\/\/serveiseducatius.xtec.cat\/vallesoccidental8\/wp-content\/uploads\/usu1103\/2025\/06\/Pagina-web-9.png\" alt=\"\" class=\"wp-image-16479\" srcset=\"https:\/\/serveiseducatius.xtec.cat\/vallesoccidental8\/wp-content\/uploads\/usu1103\/2025\/06\/Pagina-web-9.png 1748w, https:\/\/serveiseducatius.xtec.cat\/vallesoccidental8\/wp-content\/uploads\/usu1103\/2025\/06\/Pagina-web-9-300x213.png 300w, https:\/\/serveiseducatius.xtec.cat\/vallesoccidental8\/wp-content\/uploads\/usu1103\/2025\/06\/Pagina-web-9-1024x726.png 1024w, https:\/\/serveiseducatius.xtec.cat\/vallesoccidental8\/wp-content\/uploads\/usu1103\/2025\/06\/Pagina-web-9-768x545.png 768w, https:\/\/serveiseducatius.xtec.cat\/vallesoccidental8\/wp-content\/uploads\/usu1103\/2025\/06\/Pagina-web-9-1536x1090.png 1536w\" sizes=\"auto, (max-width: 1748px) 100vw, 1748px\" \/><\/a><\/figure>\n\n\n\n<figure class=\"wp-block-image size-full\"><a href=\"https:\/\/serveiseducatius.xtec.cat\/vallesoccidental8\/wp-content\/uploads\/usu1103\/2025\/07\/Pagina-web-16.png\"><img loading=\"lazy\" decoding=\"async\" width=\"874\" height=\"620\" data-id=\"16640\" src=\"https:\/\/serveiseducatius.xtec.cat\/vallesoccidental8\/wp-content\/uploads\/usu1103\/2025\/07\/Pagina-web-16.png\" alt=\"\" class=\"wp-image-16640\" srcset=\"https:\/\/serveiseducatius.xtec.cat\/vallesoccidental8\/wp-content\/uploads\/usu1103\/2025\/07\/Pagina-web-16.png 874w, https:\/\/serveiseducatius.xtec.cat\/vallesoccidental8\/wp-content\/uploads\/usu1103\/2025\/07\/Pagina-web-16-300x213.png 300w, https:\/\/serveiseducatius.xtec.cat\/vallesoccidental8\/wp-content\/uploads\/usu1103\/2025\/07\/Pagina-web-16-768x545.png 768w\" sizes=\"auto, (max-width: 874px) 100vw, 874px\" \/><\/a><\/figure>\n<\/figure>\n\n\n\n<div style=\"height:39px\" aria-hidden=\"true\" class=\"wp-block-spacer\"><\/div>\n\n\n\n<p><\/p>\n\n\n\n<figure class=\"wp-block-table is-style-stripes\"><table><thead><tr><th>T\u00edtol<\/th><th class=\"has-text-align-center\" data-align=\"center\">Format<\/th><\/tr><\/thead><tbody><tr><td>IA en educaci\u00f3n . D. Carlos Gonz\u00e1lez Morcillo. Escuela Superior de Inform\u00e1tica. Universidad de Castilla-La Mancha.<\/td><td class=\"has-text-align-center\" data-align=\"center\"><a href=\"https:\/\/www.youtube.com\/live\/EaJYInmR4XI?si=h5NKjI9Od5oYFes7\">V\u00eddeo<\/a><\/td><\/tr><tr><td>Ponencia: IA en educaci\u00f3n . D. Carlos Gonz\u00e1lez Morcillo. Escuela Superior de Inform\u00e1tica. Universidad de Castilla-La Mancha.<\/td><td class=\"has-text-align-center\" data-align=\"center\"><a href=\"https:\/\/www.youtube.com\/live\/EaJYInmR4XI?si=h5NKjI9Od5oYFes7\">V\u00eddeo<\/a><\/td><\/tr><tr><td><\/td><td class=\"has-text-align-center\" data-align=\"center\"><\/td><\/tr><\/tbody><\/table><\/figure>\n\n\n\n<p><\/p>\n\n\n\n<div class=\"wp-block-columns is-layout-flex wp-container-core-columns-is-layout-2 wp-block-columns-is-layout-flex\" style=\"margin-top:0;margin-bottom:0;padding-top:0;padding-right:0;padding-bottom:0;padding-left:0\">\n<div class=\"wp-block-column is-layout-flow wp-block-column-is-layout-flow\">\n<div class=\"wp-block-columns is-layout-flex wp-container-core-columns-is-layout-1 wp-block-columns-is-layout-flex\">\n<div class=\"wp-block-column is-layout-flow wp-block-column-is-layout-flow\" style=\"flex-basis:100%\"><\/div>\n<\/div>\n<\/div>\n\n\n\n<div class=\"wp-block-column is-layout-flow wp-block-column-is-layout-flow\"><\/div>\n\n\n\n<div class=\"wp-block-column is-layout-flow wp-block-column-is-layout-flow\"><\/div>\n<\/div>\n\n\n\n<div class=\"wp-block-getwid-section\"><div class=\"wp-block-getwid-section__wrapper\"><div class=\"wp-block-getwid-section__inner-wrapper\"><div class=\"wp-block-getwid-section__background-holder\"><div class=\"wp-block-getwid-section__background\"><\/div><div class=\"wp-block-getwid-section__foreground\"><\/div><\/div><div class=\"wp-block-getwid-section__content\"><div class=\"wp-block-getwid-section__inner-content\"><\/div><\/div><\/div><\/div><\/div>\n\n\n\n<p><\/p>\n","protected":false},"excerpt":{"rendered":"<p>T\u00edtol Format IA en educaci\u00f3n . D. Carlos Gonz\u00e1lez Morcillo. Escuela Superior de Inform\u00e1tica. Universidad de Castilla-La Mancha. V\u00eddeo Ponencia: [&hellip;]<\/p>\n","protected":false},"author":1,"featured_media":0,"parent":0,"menu_order":0,"comment_status":"closed","ping_status":"close","template":"","meta":{"_bbp_topic_count":0,"_bbp_reply_count":0,"_bbp_total_topic_count":0,"_bbp_total_reply_count":0,"_bbp_voice_count":0,"_bbp_anonymous_reply_count":0,"_bbp_topic_count_hidden":0,"_bbp_reply_count_hidden":0,"_bbp_forum_subforum_count":0,"site-sidebar-layout":"left-sidebar","site-content-layout":"","ast-site-content-layout":"default","site-content-style":"default","site-sidebar-style":"default","ast-global-header-display":"","ast-banner-title-visibility":"","ast-main-header-display":"","ast-hfb-above-header-display":"","ast-hfb-below-header-display":"","ast-hfb-mobile-header-display":"","site-post-title":"","ast-breadcrumbs-content":"","ast-featured-img":"","footer-sml-layout":"","theme-transparent-header-meta":"","adv-header-id-meta":"","stick-header-meta":"","header-above-stick-meta":"","header-main-stick-meta":"","header-below-stick-meta":"","astra-migrate-meta-layouts":"set","ast-page-background-enabled":"default","ast-page-background-meta":{"desktop":{"background-color":"var(--ast-global-color-4)","background-image":"","background-repeat":"repeat","background-position":"center center","background-size":"auto","background-attachment":"scroll","background-type":"","background-media":"","overlay-type":"","overlay-color":"","overlay-opacity":"","overlay-gradient":""},"tablet":{"background-color":"","background-image":"","background-repeat":"repeat","background-position":"center center","background-size":"auto","background-attachment":"scroll","background-type":"","background-media":"","overlay-type":"","overlay-color":"","overlay-opacity":"","overlay-gradient":""},"mobile":{"background-color":"","background-image":"","background-repeat":"repeat","background-position":"center center","background-size":"auto","background-attachment":"scroll","background-type":"","background-media":"","overlay-type":"","overlay-color":"","overlay-opacity":"","overlay-gradient":""}},"ast-content-background-meta":{"desktop":{"background-color":"var(--ast-global-color-5)","background-image":"","background-repeat":"repeat","background-position":"center center","background-size":"auto","background-attachment":"scroll","background-type":"","background-media":"","overlay-type":"","overlay-color":"","overlay-opacity":"","overlay-gradient":""},"tablet":{"background-color":"var(--ast-global-color-5)","background-image":"","background-repeat":"repeat","background-position":"center center","background-size":"auto","background-attachment":"scroll","background-type":"","background-media":"","overlay-type":"","overlay-color":"","overlay-opacity":"","overlay-gradient":""},"mobile":{"background-color":"var(--ast-global-color-5)","background-image":"","background-repeat":"repeat","background-position":"center center","background-size":"auto","background-attachment":"scroll","background-type":"","background-media":"","overlay-type":"","overlay-color":"","overlay-opacity":"","overlay-gradient":""}},"footnotes":"[]"},"class_list":["post-15184","page","type-page","status-publish","hentry"],"post_mailing_queue_ids":[],"_links":{"self":[{"href":"https:\/\/serveiseducatius.xtec.cat\/vallesoccidental8\/wp-json\/wp\/v2\/pages\/15184","targetHints":{"allow":["GET"]}}],"collection":[{"href":"https:\/\/serveiseducatius.xtec.cat\/vallesoccidental8\/wp-json\/wp\/v2\/pages"}],"about":[{"href":"https:\/\/serveiseducatius.xtec.cat\/vallesoccidental8\/wp-json\/wp\/v2\/types\/page"}],"author":[{"embeddable":true,"href":"https:\/\/serveiseducatius.xtec.cat\/vallesoccidental8\/wp-json\/wp\/v2\/users\/1"}],"replies":[{"embeddable":true,"href":"https:\/\/serveiseducatius.xtec.cat\/vallesoccidental8\/wp-json\/wp\/v2\/comments?post=15184"}],"version-history":[{"count":6,"href":"https:\/\/serveiseducatius.xtec.cat\/vallesoccidental8\/wp-json\/wp\/v2\/pages\/15184\/revisions"}],"predecessor-version":[{"id":17394,"href":"https:\/\/serveiseducatius.xtec.cat\/vallesoccidental8\/wp-json\/wp\/v2\/pages\/15184\/revisions\/17394"}],"wp:attachment":[{"href":"https:\/\/serveiseducatius.xtec.cat\/vallesoccidental8\/wp-json\/wp\/v2\/media?parent=15184"}],"curies":[{"name":"wp","href":"https:\/\/api.w.org\/{rel}","templated":true}]}}