{"id":15128,"date":"2025-01-28T11:37:51","date_gmt":"2025-01-28T10:37:51","guid":{"rendered":"https:\/\/serveiseducatius.xtec.cat\/vallesoccidental8\/?page_id=15128"},"modified":"2025-06-23T13:26:23","modified_gmt":"2025-06-23T11:26:23","slug":"recursos-2","status":"publish","type":"page","link":"https:\/\/serveiseducatius.xtec.cat\/vallesoccidental8\/recursos-2\/","title":{"rendered":"Recursos"},"content":{"rendered":"\n<div class=\"wp-block-columns is-layout-flex wp-container-core-columns-is-layout-1 wp-block-columns-is-layout-flex\">\n<div class=\"wp-block-column is-layout-flow wp-block-column-is-layout-flow\">\n<div class=\"wp-block-group is-nowrap is-layout-flex wp-container-core-group-is-layout-1 wp-block-group-is-layout-flex\">\n<div class=\"wp-block-media-text alignfull is-stacked-on-mobile is-vertically-aligned-center has-white-color has-ast-global-color-0-background-color has-text-color has-background has-link-color has-medium-font-size wp-elements-d7cabbabaf5f6b6d861ff2ae94dda1ec\" style=\"margin-top:0;margin-right:0;margin-bottom:0;margin-left:0;padding-top:0;padding-right:0;padding-bottom:0;padding-left:0\"><figure class=\"wp-block-media-text__media\"><a href=\"https:\/\/serveiseducatius.xtec.cat\/vallesoccidental8\/recursos-competencia-linguistica\/\"><img loading=\"lazy\" decoding=\"async\" width=\"1024\" height=\"1024\" src=\"https:\/\/serveiseducatius.xtec.cat\/vallesoccidental8\/wp-content\/uploads\/usu1103\/2025\/01\/una-adolescent-desquenes-llegint-un-llibre-asseguda-al-terra-del-pati-duna-escola-1024x1024.jpg\" alt=\"\" class=\"wp-image-15174 size-full\" srcset=\"https:\/\/serveiseducatius.xtec.cat\/vallesoccidental8\/wp-content\/uploads\/usu1103\/2025\/01\/una-adolescent-desquenes-llegint-un-llibre-asseguda-al-terra-del-pati-duna-escola-1024x1024.jpg 1024w, https:\/\/serveiseducatius.xtec.cat\/vallesoccidental8\/wp-content\/uploads\/usu1103\/2025\/01\/una-adolescent-desquenes-llegint-un-llibre-asseguda-al-terra-del-pati-duna-escola-300x300.jpg 300w, https:\/\/serveiseducatius.xtec.cat\/vallesoccidental8\/wp-content\/uploads\/usu1103\/2025\/01\/una-adolescent-desquenes-llegint-un-llibre-asseguda-al-terra-del-pati-duna-escola-150x150.jpg 150w, https:\/\/serveiseducatius.xtec.cat\/vallesoccidental8\/wp-content\/uploads\/usu1103\/2025\/01\/una-adolescent-desquenes-llegint-un-llibre-asseguda-al-terra-del-pati-duna-escola-768x768.jpg 768w, https:\/\/serveiseducatius.xtec.cat\/vallesoccidental8\/wp-content\/uploads\/usu1103\/2025\/01\/una-adolescent-desquenes-llegint-un-llibre-asseguda-al-terra-del-pati-duna-escola.jpg 1120w\" sizes=\"auto, (max-width: 1024px) 100vw, 1024px\" \/><\/a><\/figure><div class=\"wp-block-media-text__content\">\n<p style=\"font-size:15px\">Impuls de la llengua<\/p>\n<\/div><\/div>\n<\/div>\n<\/div>\n\n\n\n<div class=\"wp-block-column is-layout-flow wp-block-column-is-layout-flow\">\n<div class=\"wp-block-media-text is-stacked-on-mobile is-vertically-aligned-center has-white-color has-ast-global-color-0-background-color has-text-color has-background has-link-color has-medium-font-size wp-elements-89eddc011e964d9871e390484952cf19\" style=\"margin-top:0;margin-right:0;margin-bottom:0;margin-left:0;padding-top:0;padding-right:0;padding-bottom:0;padding-left:0\"><figure class=\"wp-block-media-text__media\"><a href=\"https:\/\/serveiseducatius.xtec.cat\/vallesoccidental8\/recursos-accio-tutorial\/\"><img loading=\"lazy\" decoding=\"async\" width=\"1024\" height=\"1024\" src=\"https:\/\/serveiseducatius.xtec.cat\/vallesoccidental8\/wp-content\/uploads\/usu1103\/2025\/02\/una-mestra-jove-occidental-parlant-amb-un-alumne-per-donar-li-consells-1024x1024.jpg\" alt=\"\" class=\"wp-image-15328 size-full\" srcset=\"https:\/\/serveiseducatius.xtec.cat\/vallesoccidental8\/wp-content\/uploads\/usu1103\/2025\/02\/una-mestra-jove-occidental-parlant-amb-un-alumne-per-donar-li-consells-1024x1024.jpg 1024w, https:\/\/serveiseducatius.xtec.cat\/vallesoccidental8\/wp-content\/uploads\/usu1103\/2025\/02\/una-mestra-jove-occidental-parlant-amb-un-alumne-per-donar-li-consells-300x300.jpg 300w, https:\/\/serveiseducatius.xtec.cat\/vallesoccidental8\/wp-content\/uploads\/usu1103\/2025\/02\/una-mestra-jove-occidental-parlant-amb-un-alumne-per-donar-li-consells-150x150.jpg 150w, https:\/\/serveiseducatius.xtec.cat\/vallesoccidental8\/wp-content\/uploads\/usu1103\/2025\/02\/una-mestra-jove-occidental-parlant-amb-un-alumne-per-donar-li-consells-768x768.jpg 768w, https:\/\/serveiseducatius.xtec.cat\/vallesoccidental8\/wp-content\/uploads\/usu1103\/2025\/02\/una-mestra-jove-occidental-parlant-amb-un-alumne-per-donar-li-consells.jpg 1120w\" sizes=\"auto, (max-width: 1024px) 100vw, 1024px\" \/><\/a><\/figure><div class=\"wp-block-media-text__content\">\n<p style=\"font-size:15px\">Acci\u00f3 tutorial<\/p>\n<\/div><\/div>\n<\/div>\n<\/div>\n\n\n\n<div class=\"wp-block-columns is-layout-flex wp-container-core-columns-is-layout-2 wp-block-columns-is-layout-flex\">\n<div class=\"wp-block-column is-layout-flow wp-block-column-is-layout-flow\">\n<div class=\"wp-block-group is-nowrap is-layout-flex wp-container-core-group-is-layout-2 wp-block-group-is-layout-flex\">\n<div class=\"wp-block-media-text alignfull is-stacked-on-mobile is-vertically-aligned-center has-white-color has-ast-global-color-0-background-color has-text-color has-background has-link-color has-medium-font-size wp-elements-c63afd57652b19a1ded6478820e936f5\" style=\"margin-top:0;margin-right:0;margin-bottom:0;margin-left:0;padding-top:0;padding-right:0;padding-bottom:0;padding-left:0\"><figure class=\"wp-block-media-text__media\"><a href=\"https:\/\/serveiseducatius.xtec.cat\/vallesoccidental8\/recursos-ambit-digital\/\"><img loading=\"lazy\" decoding=\"async\" width=\"1120\" height=\"1120\" src=\"https:\/\/serveiseducatius.xtec.cat\/vallesoccidental8\/wp-content\/uploads\/usu1103\/2025\/01\/ordinador-amb-una-presentacio-a-la-pantalla-sobre-un-cicle-de-conferencies-educatives-2.jpg\" alt=\"\" class=\"wp-image-15131 size-full\" srcset=\"https:\/\/serveiseducatius.xtec.cat\/vallesoccidental8\/wp-content\/uploads\/usu1103\/2025\/01\/ordinador-amb-una-presentacio-a-la-pantalla-sobre-un-cicle-de-conferencies-educatives-2.jpg 1120w, https:\/\/serveiseducatius.xtec.cat\/vallesoccidental8\/wp-content\/uploads\/usu1103\/2025\/01\/ordinador-amb-una-presentacio-a-la-pantalla-sobre-un-cicle-de-conferencies-educatives-2-300x300.jpg 300w, https:\/\/serveiseducatius.xtec.cat\/vallesoccidental8\/wp-content\/uploads\/usu1103\/2025\/01\/ordinador-amb-una-presentacio-a-la-pantalla-sobre-un-cicle-de-conferencies-educatives-2-1024x1024.jpg 1024w, https:\/\/serveiseducatius.xtec.cat\/vallesoccidental8\/wp-content\/uploads\/usu1103\/2025\/01\/ordinador-amb-una-presentacio-a-la-pantalla-sobre-un-cicle-de-conferencies-educatives-2-150x150.jpg 150w, https:\/\/serveiseducatius.xtec.cat\/vallesoccidental8\/wp-content\/uploads\/usu1103\/2025\/01\/ordinador-amb-una-presentacio-a-la-pantalla-sobre-un-cicle-de-conferencies-educatives-2-768x768.jpg 768w\" sizes=\"auto, (max-width: 1120px) 100vw, 1120px\" \/><\/a><\/figure><div class=\"wp-block-media-text__content\">\n<p class=\"has-white-color has-text-color has-link-color wp-elements-523917dab57e9edb4d68f0bf21519572\" style=\"font-size:15px\">Compet\u00e8ncia Digital<\/p>\n<\/div><\/div>\n<\/div>\n<\/div>\n\n\n\n<div class=\"wp-block-column is-layout-flow wp-block-column-is-layout-flow\">\n<div class=\"wp-block-media-text is-stacked-on-mobile has-white-color has-ast-global-color-0-background-color has-text-color has-background has-link-color has-medium-font-size wp-elements-6a950661e33576f8587f2012e1b4892d\" style=\"margin-top:0;margin-right:0;margin-bottom:0;margin-left:0;padding-top:0;padding-right:0;padding-bottom:0;padding-left:0\"><figure class=\"wp-block-media-text__media\"><a href=\"https:\/\/serveiseducatius.xtec.cat\/vallesoccidental8\/competencia-matematica\/\"><img loading=\"lazy\" decoding=\"async\" width=\"1024\" height=\"1024\" src=\"https:\/\/serveiseducatius.xtec.cat\/vallesoccidental8\/wp-content\/uploads\/usu1103\/2025\/01\/pizarra-blanca-llena-de-conceptos-matematicos-y-geometricos-1024x1024.jpg\" alt=\"\" class=\"wp-image-15305 size-full\" srcset=\"https:\/\/serveiseducatius.xtec.cat\/vallesoccidental8\/wp-content\/uploads\/usu1103\/2025\/01\/pizarra-blanca-llena-de-conceptos-matematicos-y-geometricos-1024x1024.jpg 1024w, https:\/\/serveiseducatius.xtec.cat\/vallesoccidental8\/wp-content\/uploads\/usu1103\/2025\/01\/pizarra-blanca-llena-de-conceptos-matematicos-y-geometricos-300x300.jpg 300w, https:\/\/serveiseducatius.xtec.cat\/vallesoccidental8\/wp-content\/uploads\/usu1103\/2025\/01\/pizarra-blanca-llena-de-conceptos-matematicos-y-geometricos-150x150.jpg 150w, https:\/\/serveiseducatius.xtec.cat\/vallesoccidental8\/wp-content\/uploads\/usu1103\/2025\/01\/pizarra-blanca-llena-de-conceptos-matematicos-y-geometricos-768x768.jpg 768w, https:\/\/serveiseducatius.xtec.cat\/vallesoccidental8\/wp-content\/uploads\/usu1103\/2025\/01\/pizarra-blanca-llena-de-conceptos-matematicos-y-geometricos.jpg 1120w\" sizes=\"auto, (max-width: 1024px) 100vw, 1024px\" \/><\/a><\/figure><div class=\"wp-block-media-text__content\">\n<p style=\"font-size:15px\">Compet\u00e8ncia matem\u00e0tica<\/p>\n<\/div><\/div>\n<\/div>\n<\/div>\n\n\n\n<div class=\"wp-block-columns is-layout-flex wp-container-core-columns-is-layout-3 wp-block-columns-is-layout-flex\">\n<div class=\"wp-block-column is-layout-flow wp-block-column-is-layout-flow\">\n<div class=\"wp-block-group is-nowrap is-layout-flex wp-container-core-group-is-layout-3 wp-block-group-is-layout-flex\">\n<div class=\"wp-block-media-text is-stacked-on-mobile has-white-color has-ast-global-color-0-background-color has-text-color has-background has-link-color has-medium-font-size wp-elements-d7c9b6fe7ac80ab78c98eb559e44684e\" style=\"margin-top:0;margin-right:0;margin-bottom:0;margin-left:0;padding-top:0;padding-right:0;padding-bottom:0;padding-left:0\"><figure class=\"wp-block-media-text__media\"><a href=\"https:\/\/serveiseducatius.xtec.cat\/vallesoccidental8\/recursos\/educacio-inclusiva\/\"><img loading=\"lazy\" decoding=\"async\" width=\"1024\" height=\"1024\" src=\"https:\/\/serveiseducatius.xtec.cat\/vallesoccidental8\/wp-content\/uploads\/usu1103\/2025\/01\/una-imatge-que-representi-leducacio-inclusiva-duna-manera-mes-abstracte-1024x1024.jpg\" alt=\"\" class=\"wp-image-15175 size-full\" srcset=\"https:\/\/serveiseducatius.xtec.cat\/vallesoccidental8\/wp-content\/uploads\/usu1103\/2025\/01\/una-imatge-que-representi-leducacio-inclusiva-duna-manera-mes-abstracte-1024x1024.jpg 1024w, https:\/\/serveiseducatius.xtec.cat\/vallesoccidental8\/wp-content\/uploads\/usu1103\/2025\/01\/una-imatge-que-representi-leducacio-inclusiva-duna-manera-mes-abstracte-300x300.jpg 300w, https:\/\/serveiseducatius.xtec.cat\/vallesoccidental8\/wp-content\/uploads\/usu1103\/2025\/01\/una-imatge-que-representi-leducacio-inclusiva-duna-manera-mes-abstracte-150x150.jpg 150w, https:\/\/serveiseducatius.xtec.cat\/vallesoccidental8\/wp-content\/uploads\/usu1103\/2025\/01\/una-imatge-que-representi-leducacio-inclusiva-duna-manera-mes-abstracte-768x768.jpg 768w, https:\/\/serveiseducatius.xtec.cat\/vallesoccidental8\/wp-content\/uploads\/usu1103\/2025\/01\/una-imatge-que-representi-leducacio-inclusiva-duna-manera-mes-abstracte.jpg 1120w\" sizes=\"auto, (max-width: 1024px) 100vw, 1024px\" \/><\/a><\/figure><div class=\"wp-block-media-text__content\">\n<p style=\"font-size:15px\">Educaci\u00f3 Inclusiva<\/p>\n<\/div><\/div>\n<\/div>\n<\/div>\n\n\n\n<div class=\"wp-block-column is-layout-flow wp-block-column-is-layout-flow\">\n<div class=\"wp-block-media-text is-stacked-on-mobile has-white-color has-ast-global-color-0-background-color has-text-color has-background has-link-color has-medium-font-size wp-elements-e8c1316251277e12b64f562bc3b0c01a\" style=\"margin-top:0;margin-right:0;margin-bottom:0;margin-left:0;padding-top:0;padding-right:0;padding-bottom:0;padding-left:0\"><figure class=\"wp-block-media-text__media\"><a href=\"https:\/\/serveiseducatius.xtec.cat\/vallesoccidental8\/orientacio-educativa\/\"><img loading=\"lazy\" decoding=\"async\" width=\"1024\" height=\"1024\" src=\"https:\/\/serveiseducatius.xtec.cat\/vallesoccidental8\/wp-content\/uploads\/usu1103\/2025\/06\/senales-de-encrucijada-que-representen-la-orientacion-educativa-1024x1024.jpg\" alt=\"\" class=\"wp-image-16569 size-full\" srcset=\"https:\/\/serveiseducatius.xtec.cat\/vallesoccidental8\/wp-content\/uploads\/usu1103\/2025\/06\/senales-de-encrucijada-que-representen-la-orientacion-educativa-1024x1024.jpg 1024w, https:\/\/serveiseducatius.xtec.cat\/vallesoccidental8\/wp-content\/uploads\/usu1103\/2025\/06\/senales-de-encrucijada-que-representen-la-orientacion-educativa-300x300.jpg 300w, https:\/\/serveiseducatius.xtec.cat\/vallesoccidental8\/wp-content\/uploads\/usu1103\/2025\/06\/senales-de-encrucijada-que-representen-la-orientacion-educativa-150x150.jpg 150w, https:\/\/serveiseducatius.xtec.cat\/vallesoccidental8\/wp-content\/uploads\/usu1103\/2025\/06\/senales-de-encrucijada-que-representen-la-orientacion-educativa-768x768.jpg 768w, https:\/\/serveiseducatius.xtec.cat\/vallesoccidental8\/wp-content\/uploads\/usu1103\/2025\/06\/senales-de-encrucijada-que-representen-la-orientacion-educativa.jpg 1120w\" sizes=\"auto, (max-width: 1024px) 100vw, 1024px\" \/><\/a><\/figure><div class=\"wp-block-media-text__content\">\n<p style=\"font-size:15px\">Orientaci\u00f3 educativa<\/p>\n<\/div><\/div>\n<\/div>\n<\/div>\n\n\n\n<div class=\"wp-block-columns is-layout-flex wp-container-core-columns-is-layout-4 wp-block-columns-is-layout-flex\" style=\"margin-top:0;margin-bottom:0\">\n<div class=\"wp-block-column is-layout-flow wp-block-column-is-layout-flow\">\n<div class=\"wp-block-media-text is-stacked-on-mobile has-white-color has-ast-global-color-0-background-color has-text-color has-background has-link-color has-medium-font-size wp-elements-bc3c7e85e782ba317246a58c6f391dec\" style=\"margin-top:0;margin-right:0;margin-bottom:0;margin-left:0;padding-top:0;padding-right:0;padding-bottom:0;padding-left:0\"><figure class=\"wp-block-media-text__media\"><img loading=\"lazy\" decoding=\"async\" width=\"1024\" height=\"1024\" src=\"https:\/\/serveiseducatius.xtec.cat\/vallesoccidental8\/wp-content\/uploads\/usu1103\/2025\/01\/persona-reflexionando-sobre-su-proceso-de-aprendizaje-que-aparezcan-elementos-como-engranajes-y-simbolos-de-pregunta-que-representen-el-proceso-de-metacognicion-1-1024x1024.jpg\" alt=\"\" class=\"wp-image-15304 size-full\" srcset=\"https:\/\/serveiseducatius.xtec.cat\/vallesoccidental8\/wp-content\/uploads\/usu1103\/2025\/01\/persona-reflexionando-sobre-su-proceso-de-aprendizaje-que-aparezcan-elementos-como-engranajes-y-simbolos-de-pregunta-que-representen-el-proceso-de-metacognicion-1-1024x1024.jpg 1024w, https:\/\/serveiseducatius.xtec.cat\/vallesoccidental8\/wp-content\/uploads\/usu1103\/2025\/01\/persona-reflexionando-sobre-su-proceso-de-aprendizaje-que-aparezcan-elementos-como-engranajes-y-simbolos-de-pregunta-que-representen-el-proceso-de-metacognicion-1-300x300.jpg 300w, https:\/\/serveiseducatius.xtec.cat\/vallesoccidental8\/wp-content\/uploads\/usu1103\/2025\/01\/persona-reflexionando-sobre-su-proceso-de-aprendizaje-que-aparezcan-elementos-como-engranajes-y-simbolos-de-pregunta-que-representen-el-proceso-de-metacognicion-1-150x150.jpg 150w, https:\/\/serveiseducatius.xtec.cat\/vallesoccidental8\/wp-content\/uploads\/usu1103\/2025\/01\/persona-reflexionando-sobre-su-proceso-de-aprendizaje-que-aparezcan-elementos-como-engranajes-y-simbolos-de-pregunta-que-representen-el-proceso-de-metacognicion-1-768x768.jpg 768w, https:\/\/serveiseducatius.xtec.cat\/vallesoccidental8\/wp-content\/uploads\/usu1103\/2025\/01\/persona-reflexionando-sobre-su-proceso-de-aprendizaje-que-aparezcan-elementos-como-engranajes-y-simbolos-de-pregunta-que-representen-el-proceso-de-metacognicion-1.jpg 1120w\" sizes=\"auto, (max-width: 1024px) 100vw, 1024px\" \/><\/figure><div class=\"wp-block-media-text__content\">\n<p style=\"font-size:15px\">Avaluaci\u00f3 i metacognici\u00f3<\/p>\n<\/div><\/div>\n<\/div>\n\n\n\n<div class=\"wp-block-column is-layout-flow wp-block-column-is-layout-flow\">\n<div class=\"wp-block-media-text is-stacked-on-mobile has-white-color has-ast-global-color-0-background-color has-text-color has-background has-link-color has-medium-font-size wp-elements-f693d54ba58d526befec0627c2c2a826\" style=\"margin-top:0;margin-right:0;margin-bottom:0;margin-left:0;padding-top:0;padding-right:0;padding-bottom:0;padding-left:0\"><figure class=\"wp-block-media-text__media\"><img loading=\"lazy\" decoding=\"async\" width=\"1024\" height=\"1024\" src=\"https:\/\/serveiseducatius.xtec.cat\/vallesoccidental8\/wp-content\/uploads\/usu1103\/2025\/01\/boardgame-kids-ticket-to-ride-learning-1-1024x1024.jpg\" alt=\"\" class=\"wp-image-15182 size-full\" srcset=\"https:\/\/serveiseducatius.xtec.cat\/vallesoccidental8\/wp-content\/uploads\/usu1103\/2025\/01\/boardgame-kids-ticket-to-ride-learning-1-1024x1024.jpg 1024w, https:\/\/serveiseducatius.xtec.cat\/vallesoccidental8\/wp-content\/uploads\/usu1103\/2025\/01\/boardgame-kids-ticket-to-ride-learning-1-300x300.jpg 300w, https:\/\/serveiseducatius.xtec.cat\/vallesoccidental8\/wp-content\/uploads\/usu1103\/2025\/01\/boardgame-kids-ticket-to-ride-learning-1-150x150.jpg 150w, https:\/\/serveiseducatius.xtec.cat\/vallesoccidental8\/wp-content\/uploads\/usu1103\/2025\/01\/boardgame-kids-ticket-to-ride-learning-1-768x768.jpg 768w, https:\/\/serveiseducatius.xtec.cat\/vallesoccidental8\/wp-content\/uploads\/usu1103\/2025\/01\/boardgame-kids-ticket-to-ride-learning-1.jpg 1120w\" sizes=\"auto, (max-width: 1024px) 100vw, 1024px\" \/><\/figure><div class=\"wp-block-media-text__content\">\n<p style=\"font-size:15px\">Aprenentatge basat en jocs<\/p>\n<\/div><\/div>\n<\/div>\n<\/div>\n","protected":false},"excerpt":{"rendered":"<p>Impuls de la llengua Acci\u00f3 tutorial Compet\u00e8ncia Digital Compet\u00e8ncia matem\u00e0tica Educaci\u00f3 Inclusiva Orientaci\u00f3 educativa Avaluaci\u00f3 i metacognici\u00f3 Aprenentatge basat en [&hellip;]<\/p>\n","protected":false},"author":1,"featured_media":0,"parent":0,"menu_order":0,"comment_status":"closed","ping_status":"close","template":"","meta":{"_bbp_topic_count":0,"_bbp_reply_count":0,"_bbp_total_topic_count":0,"_bbp_total_reply_count":0,"_bbp_voice_count":0,"_bbp_anonymous_reply_count":0,"_bbp_topic_count_hidden":0,"_bbp_reply_count_hidden":0,"_bbp_forum_subforum_count":0,"site-sidebar-layout":"default","site-content-layout":"","ast-site-content-layout":"default","site-content-style":"default","site-sidebar-style":"default","ast-global-header-display":"","ast-banner-title-visibility":"","ast-main-header-display":"","ast-hfb-above-header-display":"","ast-hfb-below-header-display":"","ast-hfb-mobile-header-display":"","site-post-title":"","ast-breadcrumbs-content":"","ast-featured-img":"","footer-sml-layout":"","theme-transparent-header-meta":"","adv-header-id-meta":"","stick-header-meta":"","header-above-stick-meta":"","header-main-stick-meta":"","header-below-stick-meta":"","astra-migrate-meta-layouts":"set","ast-page-background-enabled":"default","ast-page-background-meta":{"desktop":{"background-color":"var(--ast-global-color-4)","background-image":"","background-repeat":"repeat","background-position":"center center","background-size":"auto","background-attachment":"scroll","background-type":"","background-media":"","overlay-type":"","overlay-color":"","overlay-opacity":"","overlay-gradient":""},"tablet":{"background-color":"","background-image":"","background-repeat":"repeat","background-position":"center center","background-size":"auto","background-attachment":"scroll","background-type":"","background-media":"","overlay-type":"","overlay-color":"","overlay-opacity":"","overlay-gradient":""},"mobile":{"background-color":"","background-image":"","background-repeat":"repeat","background-position":"center center","background-size":"auto","background-attachment":"scroll","background-type":"","background-media":"","overlay-type":"","overlay-color":"","overlay-opacity":"","overlay-gradient":""}},"ast-content-background-meta":{"desktop":{"background-color":"var(--ast-global-color-5)","background-image":"","background-repeat":"repeat","background-position":"center center","background-size":"auto","background-attachment":"scroll","background-type":"","background-media":"","overlay-type":"","overlay-color":"","overlay-opacity":"","overlay-gradient":""},"tablet":{"background-color":"var(--ast-global-color-5)","background-image":"","background-repeat":"repeat","background-position":"center center","background-size":"auto","background-attachment":"scroll","background-type":"","background-media":"","overlay-type":"","overlay-color":"","overlay-opacity":"","overlay-gradient":""},"mobile":{"background-color":"var(--ast-global-color-5)","background-image":"","background-repeat":"repeat","background-position":"center center","background-size":"auto","background-attachment":"scroll","background-type":"","background-media":"","overlay-type":"","overlay-color":"","overlay-opacity":"","overlay-gradient":""}},"footnotes":""},"class_list":["post-15128","page","type-page","status-publish","hentry"],"post_mailing_queue_ids":[],"_links":{"self":[{"href":"https:\/\/serveiseducatius.xtec.cat\/vallesoccidental8\/wp-json\/wp\/v2\/pages\/15128","targetHints":{"allow":["GET"]}}],"collection":[{"href":"https:\/\/serveiseducatius.xtec.cat\/vallesoccidental8\/wp-json\/wp\/v2\/pages"}],"about":[{"href":"https:\/\/serveiseducatius.xtec.cat\/vallesoccidental8\/wp-json\/wp\/v2\/types\/page"}],"author":[{"embeddable":true,"href":"https:\/\/serveiseducatius.xtec.cat\/vallesoccidental8\/wp-json\/wp\/v2\/users\/1"}],"replies":[{"embeddable":true,"href":"https:\/\/serveiseducatius.xtec.cat\/vallesoccidental8\/wp-json\/wp\/v2\/comments?post=15128"}],"version-history":[{"count":6,"href":"https:\/\/serveiseducatius.xtec.cat\/vallesoccidental8\/wp-json\/wp\/v2\/pages\/15128\/revisions"}],"predecessor-version":[{"id":16574,"href":"https:\/\/serveiseducatius.xtec.cat\/vallesoccidental8\/wp-json\/wp\/v2\/pages\/15128\/revisions\/16574"}],"wp:attachment":[{"href":"https:\/\/serveiseducatius.xtec.cat\/vallesoccidental8\/wp-json\/wp\/v2\/media?parent=15128"}],"curies":[{"name":"wp","href":"https:\/\/api.w.org\/{rel}","templated":true}]}}