{"id":13765,"date":"2023-05-02T13:11:49","date_gmt":"2023-05-02T11:11:49","guid":{"rendered":"https:\/\/serveiseducatius.xtec.cat\/vallesoccidental8\/?page_id=13765"},"modified":"2025-01-15T13:40:02","modified_gmt":"2025-01-15T12:40:02","slug":"avaluacio-de-primaria","status":"publish","type":"page","link":"https:\/\/serveiseducatius.xtec.cat\/vallesoccidental8\/avaluacio-del-sistema\/avaluacio-de-primaria\/","title":{"rendered":"Avaluaci\u00f3 del sistema (Proves)"},"content":{"rendered":"<p>Us compartim dos Sites que us facilitaran la informaci\u00f3 necess\u00e0ria per a l&#8217;aplicaci\u00f3 i la correcci\u00f3 de les Proves de Compet\u00e8ncies B\u00e0siques.<\/p>\n<p><strong>Aquests espais estan pendents de revisi\u00f3 a l&#8217;espera de les indicacions per a les proves del curs 2024-2025.\u00a0<\/strong><\/p>\n<p>En aquest <a href=\"https:\/\/sites.google.com\/xtec.cat\/suport-comissiovoc3-a6p?usp=sharing\"><b>Espai web de suport_VOC VIII- Avaluaci\u00f3 del sistema educatiu &#8211; Prim\u00e0ria<\/b><\/a> trobareu les informacions per a equips directius, persones aplicadores, correctores, de les compet\u00e8ncies b\u00e0siques i de l&#8217;avaluaci\u00f3 de comunicaci\u00f3 oral de 6\u00e8 de Prim\u00e0ria<\/p>\n<p>En aquest <a href=\"https:\/\/sites.google.com\/xtec.cat\/suport-comissiovoc03-a4s\/p%C3%A0gina-principal\"><b>Espai web de suport_VOC VIII- Avaluaci\u00f3 del sistema educatiu &#8211; Secund\u00e0ria <\/b><\/a>trobareu les informacions per a equips directius, persones aplicadores, correctores, de les compet\u00e8ncies b\u00e0siques i de l&#8217;avaluaci\u00f3\u00a0 de comunicaci\u00f3 oral de 4t d&#8217;ESO<\/p>\n","protected":false},"excerpt":{"rendered":"<p>Us compartim dos Sites que us facilitaran la informaci\u00f3 necess\u00e0ria per a l&#8217;aplicaci\u00f3 i la correcci\u00f3 de les Proves de [&hellip;]<\/p>\n","protected":false},"author":1,"featured_media":0,"parent":13762,"menu_order":0,"comment_status":"closed","ping_status":"closed","template":"","meta":{"_bbp_topic_count":0,"_bbp_reply_count":0,"_bbp_total_topic_count":0,"_bbp_total_reply_count":0,"_bbp_voice_count":0,"_bbp_anonymous_reply_count":0,"_bbp_topic_count_hidden":0,"_bbp_reply_count_hidden":0,"_bbp_forum_subforum_count":0,"site-sidebar-layout":"default","site-content-layout":"","ast-site-content-layout":"","site-content-style":"default","site-sidebar-style":"default","ast-global-header-display":"","ast-banner-title-visibility":"","ast-main-header-display":"","ast-hfb-above-header-display":"","ast-hfb-below-header-display":"","ast-hfb-mobile-header-display":"","site-post-title":"","ast-breadcrumbs-content":"","ast-featured-img":"","footer-sml-layout":"","theme-transparent-header-meta":"","adv-header-id-meta":"","stick-header-meta":"","header-above-stick-meta":"","header-main-stick-meta":"","header-below-stick-meta":"","astra-migrate-meta-layouts":"default","ast-page-background-enabled":"default","ast-page-background-meta":{"desktop":{"background-color":"var(--ast-global-color-4)","background-image":"","background-repeat":"repeat","background-position":"center center","background-size":"auto","background-attachment":"scroll","background-type":"","background-media":"","overlay-type":"","overlay-color":"","overlay-opacity":"","overlay-gradient":""},"tablet":{"background-color":"","background-image":"","background-repeat":"repeat","background-position":"center center","background-size":"auto","background-attachment":"scroll","background-type":"","background-media":"","overlay-type":"","overlay-color":"","overlay-opacity":"","overlay-gradient":""},"mobile":{"background-color":"","background-image":"","background-repeat":"repeat","background-position":"center center","background-size":"auto","background-attachment":"scroll","background-type":"","background-media":"","overlay-type":"","overlay-color":"","overlay-opacity":"","overlay-gradient":""}},"ast-content-background-meta":{"desktop":{"background-color":"var(--ast-global-color-5)","background-image":"","background-repeat":"repeat","background-position":"center center","background-size":"auto","background-attachment":"scroll","background-type":"","background-media":"","overlay-type":"","overlay-color":"","overlay-opacity":"","overlay-gradient":""},"tablet":{"background-color":"var(--ast-global-color-5)","background-image":"","background-repeat":"repeat","background-position":"center center","background-size":"auto","background-attachment":"scroll","background-type":"","background-media":"","overlay-type":"","overlay-color":"","overlay-opacity":"","overlay-gradient":""},"mobile":{"background-color":"var(--ast-global-color-5)","background-image":"","background-repeat":"repeat","background-position":"center center","background-size":"auto","background-attachment":"scroll","background-type":"","background-media":"","overlay-type":"","overlay-color":"","overlay-opacity":"","overlay-gradient":""}},"footnotes":""},"class_list":["post-13765","page","type-page","status-publish","hentry"],"post_mailing_queue_ids":[],"_links":{"self":[{"href":"https:\/\/serveiseducatius.xtec.cat\/vallesoccidental8\/wp-json\/wp\/v2\/pages\/13765","targetHints":{"allow":["GET"]}}],"collection":[{"href":"https:\/\/serveiseducatius.xtec.cat\/vallesoccidental8\/wp-json\/wp\/v2\/pages"}],"about":[{"href":"https:\/\/serveiseducatius.xtec.cat\/vallesoccidental8\/wp-json\/wp\/v2\/types\/page"}],"author":[{"embeddable":true,"href":"https:\/\/serveiseducatius.xtec.cat\/vallesoccidental8\/wp-json\/wp\/v2\/users\/1"}],"replies":[{"embeddable":true,"href":"https:\/\/serveiseducatius.xtec.cat\/vallesoccidental8\/wp-json\/wp\/v2\/comments?post=13765"}],"version-history":[{"count":6,"href":"https:\/\/serveiseducatius.xtec.cat\/vallesoccidental8\/wp-json\/wp\/v2\/pages\/13765\/revisions"}],"predecessor-version":[{"id":14974,"href":"https:\/\/serveiseducatius.xtec.cat\/vallesoccidental8\/wp-json\/wp\/v2\/pages\/13765\/revisions\/14974"}],"up":[{"embeddable":true,"href":"https:\/\/serveiseducatius.xtec.cat\/vallesoccidental8\/wp-json\/wp\/v2\/pages\/13762"}],"wp:attachment":[{"href":"https:\/\/serveiseducatius.xtec.cat\/vallesoccidental8\/wp-json\/wp\/v2\/media?parent=13765"}],"curies":[{"name":"wp","href":"https:\/\/api.w.org\/{rel}","templated":true}]}}