{"id":8375,"date":"2016-11-03T18:02:38","date_gmt":"2016-11-03T17:02:38","guid":{"rendered":"http:\/\/serveiseducatius.xtec.cat\/vallesoccidental7\/?page_id=8375"},"modified":"2016-11-07T13:12:18","modified_gmt":"2016-11-07T12:12:18","slug":"sessio-1-programacio-i-robotica-a-laula","status":"publish","type":"page","link":"https:\/\/serveiseducatius.xtec.cat\/vallesoccidental7\/recursos\/stac\/sessio-1-programacio-i-robotica-a-laula\/","title":{"rendered":"Sessi\u00f3 1: Programaci\u00f3 i Rob\u00f2tica a l&#8217;aula"},"content":{"rendered":"<h5><strong>A &#8211; Introducci\u00f3 (Informacions)<\/strong><\/h5>\n<ul>\n<li style=\"font-weight: 400;\"><b><a href=\"http:\/\/educat.xtec.cat\/\" target=\"_blank\">Xarxa Docent<\/a>: <\/b>A<span style=\"font-weight: 400;\">favorir l\u2019intercanvi i l\u2019aprenentatge permanent, entre iguals.<a href=\"http:\/\/educat.xtec.cat\/\" target=\"_blank\"><img loading=\"lazy\" decoding=\"async\" class=\"wp-image-8378 alignright\" src=\"http:\/\/serveiseducatius.xtec.cat\/vallesoccidental7\/wp-content\/uploads\/usu1104\/2016\/11\/xarxa-docent-1.png\" alt=\"xarxa-docent\" width=\"320\" height=\"45\" srcset=\"https:\/\/serveiseducatius.xtec.cat\/vallesoccidental7\/wp-content\/uploads\/usu1104\/2016\/11\/xarxa-docent-1.png 390w, https:\/\/serveiseducatius.xtec.cat\/vallesoccidental7\/wp-content\/uploads\/usu1104\/2016\/11\/xarxa-docent-1-300x42.png 300w\" sizes=\"auto, (max-width: 320px) 100vw, 320px\" \/><\/a><\/span><\/li>\n<\/ul>\n<ul>\n<li style=\"font-weight: 400;\"><span style=\"font-weight: 400;\"><strong>Twitter:<\/strong>\u00a0l&#8217;etiqueta #seminarisTAC per a difondre i compartir tot all\u00f2 que cregueu interessant per al professorat, referent a l&#8217;\u00fas de les tecnologies a l&#8217;educaci\u00f3. Les aportacions apareixeran a la<\/span><a href=\"https:\/\/sites.google.com\/a\/xtec.cat\/seminaris-tac\/\" target=\"_blank\"> <span style=\"font-weight: 400;\">p\u00e0gina d&#8217;inici<\/span><\/a><span style=\"font-weight: 400;\">\u00a0dels seminaris.<\/span><\/li>\n<\/ul>\n<ul>\n<li style=\"font-weight: 400;\"><strong><a href=\"http:\/\/toolbox.mobileworldcapital.com\/\">mSchools Toolbox<\/a><\/strong><span style=\"font-weight: 400;\">:col\u00b7lecci\u00f3 en l\u00ednia de continguts educatius per a dispositius m\u00f2bils orienta<a href=\"http:\/\/toolbox.mobileworldcapital.com\/\" target=\"_blank\"><img loading=\"lazy\" decoding=\"async\" class=\"size-full wp-image-8376 alignright\" src=\"http:\/\/serveiseducatius.xtec.cat\/vallesoccidental7\/wp-content\/uploads\/usu1104\/2016\/11\/toolbox-e1478185828728.png\" alt=\"toolbox\" width=\"300\" height=\"31\" \/><\/a>da per a escoles, mestres, pares i estudiants. El contingut est\u00e0 validat i valorat per professors i experts en educaci\u00f3 i sovint va acompanyat d&#8217;experi\u00e8ncies d&#8217;aula per a facilitar la seva aplicaci\u00f3 educativa.<\/span><\/li>\n<\/ul>\n<ul>\n<li style=\"font-weight: 400;\"><span style=\"font-weight: 400;\">Per tal de fomentar i esperonar el professorat en la introducci\u00f3 de la programaci\u00f3 i la rob\u00f2tica a les aules, el<\/span><a href=\"http:\/\/www.xtec.cat\/web\/centres\/celebracions\/2016\/codeweek\" target=\"_blank\"> <span style=\"font-weight: 400;\">Departament anima a la participaci\u00f3 activa a la CodeWeek<\/span><\/a><span style=\"font-weight: 400;\">, que se celebra del 15 al 23 d&#8217;octubre de 2016.\u00a0<\/span><\/li>\n<\/ul>\n<ul>\n<li style=\"font-weight: 400;\"><span style=\"font-weight: 400;\">La<\/span><a href=\"http:\/\/codeweek.eu\/\" target=\"_blank\"> <span style=\"font-weight: 400;\">CodeWeek<\/span><\/a><span style=\"font-weight: 400;\">\u00a0pret\u00e9n apropar la programaci\u00f3 i l&#8217;alfabetitzaci\u00f3 digital a tothom d&#8217;una manera divertida i atractiva.\u00a0L\u2019objectiu \u00e9s fomentar<br \/>\n<img loading=\"lazy\" decoding=\"async\" class=\"wp-image-8380 alignleft\" src=\"http:\/\/serveiseducatius.xtec.cat\/vallesoccidental7\/wp-content\/uploads\/usu1104\/2016\/11\/event-codeweek-1.png\" alt=\"event-codeweek\" width=\"156\" height=\"155\" srcset=\"https:\/\/serveiseducatius.xtec.cat\/vallesoccidental7\/wp-content\/uploads\/usu1104\/2016\/11\/event-codeweek-1.png 329w, https:\/\/serveiseducatius.xtec.cat\/vallesoccidental7\/wp-content\/uploads\/usu1104\/2016\/11\/event-codeweek-1-150x150.png 150w, https:\/\/serveiseducatius.xtec.cat\/vallesoccidental7\/wp-content\/uploads\/usu1104\/2016\/11\/event-codeweek-1-300x298.png 300w\" sizes=\"auto, (max-width: 156px) 100vw, 156px\" \/>la programaci\u00f3 com a activitat que afavoreix la resoluci\u00f3 de problemes, la creativitat i el pensament estructurat. Permet compartir not\u00edcies i esdeveniments relacionats amb les activitats al voltant d&#8217;aquests temes i mostrar els nostres<\/span><a href=\"http:\/\/events.codeweek.eu\/\" target=\"_blank\"> <span style=\"font-weight: 400;\">esdeveniments o activitats en el lloc de CodeWeek<\/span><\/a>\u00a0georeferenciats al mapa.<\/li>\n<\/ul>\n<p>&nbsp;<\/p>\n<p>&nbsp;<\/p>\n<h5><strong>B &#8211; Eix tem\u00e0tic de la sessi\u00f3: Programaci\u00f3 i Rob\u00f2tica a l&#8217;aula<\/strong><\/h5>\n<ul>\n<li><a href=\"https:\/\/docs.google.com\/a\/xtec.cat\/document\/d\/1BW5q0q_xB4t8IrZk853ghcA5wj9EUqn0FYrc7izi_a8\/edit?usp=sharing\" target=\"_blank\">Document sobre Programaci\u00f3 i Rob\u00f2tica<\/a><\/li>\n<\/ul>\n<ul>\n<li><span style=\"font-weight: 400;\">Presentacions sobre qu\u00e8 significa i qu\u00e8 comporta programar:\u00a0<\/span><a href=\"https:\/\/docs.google.com\/presentation\/d\/1-QFMgC4nNq_YqtObmyTb_u_YCh329anEZ7nNcbsxGEM\/edit?authuser=0\" target=\"_blank\">Educaci\u00f3 Infantil<\/a>, <a href=\"https:\/\/docs.google.com\/presentation\/d\/17gx8wzGOu8zwTpZSFnMEe9BWuSyiuhqQiWvoG4FgWik\/edit?authuser=0\" target=\"_blank\">Educaci\u00f3 Prim\u00e0ria<\/a>, <a href=\"https:\/\/docs.google.com\/presentation\/d\/1g6avfYEX6kSxpfcn--imcTGiAKXc3lBqyEedzTguhow\/edit?authuser=0\" target=\"_blank\">Educaci\u00f3 Secund\u00e0ria<\/a><\/li>\n<\/ul>\n<ul>\n<li><b>Toolbox<\/b><a href=\"https:\/\/docs.google.com\/presentation\/d\/12sxk-JFQ72NdE3eTXvv8ioSWVxBbzZ6UGQeEf5L1TAE\/edit?authuser=0\" target=\"_blank\"> (presentaci\u00f3)<\/a><b>:<\/b><span style=\"font-weight: 400;\">\u00a0T\u00e9 col\u00b7leccions espec\u00edfiques relacionades amb la Programaci\u00f3 i la Rob\u00f2tica:<\/span>\n<ul>\n<li style=\"font-weight: 400;\"><a href=\"http:\/\/toolbox.mobileworldcapital.com\/apps\/ios\/metacategory:code-week\"><span style=\"font-weight: 400;\">CodeWeek 2016<\/span><\/a>\n<ul>\n<li style=\"font-weight: 400;\"><a href=\"http:\/\/toolbox.mobileworldcapital.com\/apps\/ios\/metacategory:Programacio_infantil\"><span style=\"font-weight: 400;\">Programaci\u00f3 a infantil<\/span><\/a><\/li>\n<li style=\"font-weight: 400;\"><a href=\"http:\/\/toolbox.mobileworldcapital.com\/apps\/ios\/metacategory:Programacio_primaria\"><span style=\"font-weight: 400;\">Programaci\u00f3 a prim\u00e0ria<\/span><\/a><\/li>\n<li style=\"font-weight: 400;\"><a href=\"http:\/\/toolbox.mobileworldcapital.com\/apps\/ios\/metacategory:programacio_secundaria\"><span style=\"font-weight: 400;\">Programaci\u00f3 a secund\u00e0ria<\/span><\/a><\/li>\n<\/ul>\n<\/li>\n<\/ul>\n<\/li>\n<\/ul>\n<p><strong>C &#8211; Concreci\u00f3 de tasques a desenvolupar<\/strong><\/p>\n<p><strong>1. Treball presencial al Seminari<\/strong><\/p>\n<ul>\n<li style=\"font-weight: 400;\">An\u00e0lisi d&#8217;un dels recursos<span style=\"font-weight: 400;\"> que trobareu a la<\/span><a href=\"http:\/\/www.edu365.cat\/imagina\/\" target=\"_blank\"> <b>p\u00e0gina de l&#8217;edu365<\/b><\/a> i omplir el <a href=\"https:\/\/docs.google.com\/a\/xtec.cat\/forms\/d\/e\/1FAIpQLSe7mDCLf8pr2V-bKnstLtxtiQ_ZYcNfG5TvX35Gp92YUaW1ig\/viewform\" target=\"_blank\"><b>formulari<\/b><\/a> <span style=\"font-weight: 400;\">amb l&#8217;an\u00e0lisi que n&#8217;heu fet i enviar-lo.<br \/>\n<\/span>Alguns recursos en entorn web:<\/p>\n<table>\n<tbody>\n<tr>\n<td style=\"text-align: center;\"><a href=\"https:\/\/scratch.mit.edu\/\" target=\"_blank\"><img loading=\"lazy\" decoding=\"async\" class=\"alignnone size-full wp-image-8381\" src=\"http:\/\/serveiseducatius.xtec.cat\/vallesoccidental7\/wp-content\/uploads\/usu1104\/2016\/11\/scratch.png\" alt=\"scratch\" width=\"74\" height=\"74\" \/><\/a><\/td>\n<td style=\"text-align: center;\"><a href=\"http:\/\/botlogic.us\/\" target=\"_blank\"><img loading=\"lazy\" decoding=\"async\" class=\"alignnone size-full wp-image-8383\" src=\"http:\/\/serveiseducatius.xtec.cat\/vallesoccidental7\/wp-content\/uploads\/usu1104\/2016\/11\/botlogic.png\" alt=\"botlogic\" width=\"75\" height=\"73\" \/><\/a><\/td>\n<td style=\"text-align: center;\"><a href=\"https:\/\/lightbot.com\/\" target=\"_blank\"><img loading=\"lazy\" decoding=\"async\" class=\"alignnone wp-image-8382\" src=\"http:\/\/serveiseducatius.xtec.cat\/vallesoccidental7\/wp-content\/uploads\/usu1104\/2016\/11\/lightboot.png\" alt=\"lightboot\" width=\"73\" height=\"74\" \/><\/a><\/td>\n<td style=\"text-align: center;\"><a href=\"https:\/\/studio.code.org\/\" target=\"_blank\"><img loading=\"lazy\" decoding=\"async\" class=\"alignnone wp-image-8384\" src=\"http:\/\/serveiseducatius.xtec.cat\/vallesoccidental7\/wp-content\/uploads\/usu1104\/2016\/11\/code.png\" alt=\"code\" width=\"80\" height=\"73\" \/><\/a><\/td>\n<td style=\"text-align: center;\"><a href=\"https:\/\/gym.pencilcode.net\/\" target=\"_blank\"><img loading=\"lazy\" decoding=\"async\" class=\"alignnone wp-image-8385\" src=\"http:\/\/serveiseducatius.xtec.cat\/vallesoccidental7\/wp-content\/uploads\/usu1104\/2016\/11\/pencil.png\" alt=\"pencil\" width=\"69\" height=\"73\" \/><\/a><\/td>\n<\/tr>\n<tr>\n<td style=\"text-align: center;\">Scratch<\/td>\n<td style=\"text-align: center;\">Botlogic<\/td>\n<td style=\"text-align: center;\">Lightbot<\/td>\n<td style=\"text-align: center;\">Code Studio<\/td>\n<td>Pencil Code<\/td>\n<\/tr>\n<\/tbody>\n<\/table>\n<\/li>\n<li style=\"font-weight: 400;\">Feu una de les activitats que us proposem a l&#8217;apartat 2<span style=\"font-weight: 400;\"> d&#8217;aqu\u00ed sota per fer amb l&#8217;alumnat i\/o amb el professorat del vostre centre.<\/span><\/li>\n<li style=\"font-weight: 400;\">Presentaci\u00f3 material de rob\u00f2tica<br \/>\n<table style=\"height: 144px;\" width=\"395\">\n<tbody>\n<tr>\n<td><a href=\"http:\/\/serveiseducatius.xtec.cat\/vallesoccidental7\/wp-content\/uploads\/usu1104\/2016\/11\/beebot.png\"><img loading=\"lazy\" decoding=\"async\" class=\"alignnone wp-image-8390\" src=\"http:\/\/serveiseducatius.xtec.cat\/vallesoccidental7\/wp-content\/uploads\/usu1104\/2016\/11\/beebot.png\" alt=\"beebot\" width=\"92\" height=\"92\" srcset=\"https:\/\/serveiseducatius.xtec.cat\/vallesoccidental7\/wp-content\/uploads\/usu1104\/2016\/11\/beebot.png 685w, https:\/\/serveiseducatius.xtec.cat\/vallesoccidental7\/wp-content\/uploads\/usu1104\/2016\/11\/beebot-150x150.png 150w, https:\/\/serveiseducatius.xtec.cat\/vallesoccidental7\/wp-content\/uploads\/usu1104\/2016\/11\/beebot-300x300.png 300w\" sizes=\"auto, (max-width: 92px) 100vw, 92px\" \/><\/a><\/td>\n<td><a href=\"http:\/\/serveiseducatius.xtec.cat\/vallesoccidental7\/wp-content\/uploads\/usu1104\/2016\/11\/bluebot.jpg\"><img loading=\"lazy\" decoding=\"async\" class=\"alignnone wp-image-8391\" src=\"http:\/\/serveiseducatius.xtec.cat\/vallesoccidental7\/wp-content\/uploads\/usu1104\/2016\/11\/bluebot.jpg\" alt=\"bluebot\" width=\"91\" height=\"92\" srcset=\"https:\/\/serveiseducatius.xtec.cat\/vallesoccidental7\/wp-content\/uploads\/usu1104\/2016\/11\/bluebot.jpg 980w, https:\/\/serveiseducatius.xtec.cat\/vallesoccidental7\/wp-content\/uploads\/usu1104\/2016\/11\/bluebot-150x150.jpg 150w, https:\/\/serveiseducatius.xtec.cat\/vallesoccidental7\/wp-content\/uploads\/usu1104\/2016\/11\/bluebot-295x300.jpg 295w, https:\/\/serveiseducatius.xtec.cat\/vallesoccidental7\/wp-content\/uploads\/usu1104\/2016\/11\/bluebot-768x782.jpg 768w\" sizes=\"auto, (max-width: 91px) 100vw, 91px\" \/><\/a><\/td>\n<td><img loading=\"lazy\" decoding=\"async\" class=\"alignnone wp-image-8393\" src=\"http:\/\/serveiseducatius.xtec.cat\/vallesoccidental7\/wp-content\/uploads\/usu1104\/2016\/11\/probot.jpg\" alt=\"probot\" width=\"144\" height=\"90\" \/><\/td>\n<\/tr>\n<tr>\n<td style=\"text-align: center;\"><a href=\"http:\/\/ro-botica.com\/Producto\/BEE-BOT\/\" target=\"_blank\"><strong>Bee-bot<\/strong><\/a><\/td>\n<td style=\"text-align: center;\"><a href=\"http:\/\/ro-botica.com\/Producto\/TTS-Blue-Bot\/\" target=\"_blank\"><strong>Blue-bot<\/strong><\/a><\/td>\n<td style=\"text-align: center;\"><strong><a href=\"http:\/\/ro-botica.com\/Producto\/PRO-BOT\/\" target=\"_blank\">Pro-bot<\/a><\/strong><\/td>\n<\/tr>\n<\/tbody>\n<\/table>\n<p><a href=\"http:\/\/blocs.xtec.cat\/roboticaalescola\/files\/2015\/03\/plantilla_ex.pdf\" target=\"_blank\">Plantilles exemple bee-bot<\/a><br \/>\n<a href=\"http:\/\/codigo21.educacion.navarra.es\/wp-content\/uploads\/2015\/10\/plantilla_beebot_A4.pdf\" target=\"_blank\">Plantilla imprimible 15&#215;15 cm<\/a><a href=\"http:\/\/www.smartcubofiles.com\/diplomado\/Diplomado\/MANUAL%20DE%20USUARIO%20PARA%20PROBOT.pdf\" target=\"_blank\"><br \/>\n<\/a><a href=\"https:\/\/issuu.com\/susanaoubina\/docs\/guia_r__pida_pro-bot__xornadas_\" target=\"_blank\">Guia r\u00e0pida maneig pro bot (castell\u00e0)<br \/>\n<\/a><a href=\"https:\/\/www.youtube.com\/watch?v=vq1B4ouTEuw\" target=\"_blank\">Video tutorial pro bot (angl\u00e8s)<\/a><a href=\"https:\/\/issuu.com\/susanaoubina\/docs\/guia_r__pida_pro-bot__xornadas_\" target=\"_blank\"><br \/>\n<\/a><\/p>\n<p>Exemples de bones pr\u00e0ctiques<\/p>\n<p>&#8211; <em><a href=\"http:\/\/blocs.xtec.cat\/roboticaalescola\/\" target=\"_blank\">Rob\u00f2tica \u00a0a l&#8217;escola<\/a><\/em> (bloc CRP Giron\u00e8s)<br \/>\n&#8211;\u00a0<em><a href=\"http:\/\/apprendiendoconrobotica.blogspot.com.es\/p\/actividades-con-bee-bot.html\" target=\"_blank\">Aprendiendo con rob\u00f2tica<\/a><\/em> (bee-bots)<br \/>\n&#8211;\u00a0<em><a href=\"http:\/\/elviajedebeebot.blogspot.com.es\/\" target=\"_blank\">El viaje de bee-bot<\/a><\/em> (Projecte col\u00b7laboratiu de rob\u00f2tica educativa)<br \/>\n&#8211;<a href=\"http:\/\/www.edubcn.cat\/rcs_gene\/extra\/00_tecnologia_educativa\/bones_practiques_2015_2016\/treballs_centres\/28.pdf\" target=\"_blank\"><em> Som els robots<\/em><\/a> (Tastet en programaci\u00f3 i en rob\u00f2tica a l&#8217;escola Eul\u00e0lia Pica)<\/li>\n<\/ul>\n<p><strong>2.\u00a0Treball al centre<\/strong><\/p>\n<p><span style=\"font-weight: 400;\">Diverses opcions que detallem tot seguit.<\/span><\/p>\n<ul>\n<li>Utilitzeu les presentacions<span style=\"font-weight: 400;\"> que us hem facilitat i que tamb\u00e9 trobareu a la p\u00e0gina de la XTEC per mostrar a la resta del <\/span>Claustre<span style=\"font-weight: 400;\">, a les <\/span>fam\u00edlies<span style=\"font-weight: 400;\">, i si escau a l&#8217;<\/span>alumnat<span style=\"font-weight: 400;\">.<\/span><\/li>\n<\/ul>\n<ul>\n<li><span style=\"font-weight: 400;\">Proposeu als vostres companys <\/span>fer a classe amb l&#8217;alumnat del vostre centre alguna de les activitats que us presentem a continuaci\u00f3 en funci\u00f3 de l&#8217;etapa educativa.<br \/>\n<span style=\"text-decoration: underline;\">Educaci\u00f3 infantil<br \/>\n<\/span><em>&#8211; P\u00e0gines de jocs de programaci\u00f3 per a educaci\u00f3 infantil:<a href=\"http:\/\/www.edu365.cat\/infantil\/jocs\/index2.htm\" target=\"_blank\"> http:\/\/www.edu365.cat\/infantil\/jocs\/index2.htm<\/a><span style=\"font-weight: 400;\"> Hi ha for\u00e7a activitats de programaci\u00f3 en <\/span>entorns web<span style=\"font-weight: 400;\"> que permeten donar instruccions per fer petits itineraris o resoldre reptes senzills.<br \/>\n&#8211; Treball amb lightbot:<a href=\"http:\/\/lightbot.com\/\" target=\"_blank\"> http:\/\/lightbot.com\/<\/a><span style=\"font-weight: 400;\"> Resoluci\u00f3 de puzzles en diferents pantalles on cal donar instruccions a un petit robot per a qu\u00e8 els superi. Hi ha diferents nivells de dificultat i est\u00e0 orientat a entendre les seq\u00fc\u00e8ncies de programaci\u00f3. Es pot realitzar <\/span>en web i en APP per Android i iOs<br \/>\n<\/span>&#8211;\u00a0<span style=\"font-weight: 400;\">Treball amb l\u2019<\/span><a href=\"https:\/\/itunes.apple.com\/gb\/app\/bee-bot\/id500131639?mt=8&amp;ls=1\" target=\"_blank\">APP de Bee-bot<\/a><span style=\"font-weight: 400;\"> per a iOS. Es resolen diferents pantalles en les que s\u2019haur\u00e0 de donar instruccions simples a l\u2019abella per tal que superi els circuits proposats. Hi ha diferents nivells de dificultat i est\u00e0 orientat a entendre les seq\u00fc\u00e8ncies de programaci\u00f3. Nom\u00e9s es pot fer amb l\u2019APP per iOs.<br \/>\n<\/span><\/em><span style=\"text-decoration: underline;\">Educaci\u00f3 prim\u00e0ria<br \/>\n<\/span>&#8211;\u00a0<i><\/i><em><em><span style=\"font-weight: 400;\">P\u00e0gines programaci\u00f3 a l&#8217;Edu365 \/ Imagina<\/span><a href=\"http:\/\/www.edu365.cat\/imagina\/\" target=\"_blank\"> http:\/\/www.edu365.cat\/imagina\/<br \/>\n<\/a><\/em><\/em><em><em><span style=\"font-weight: 400;\">&#8211; Treball amb code.org:<\/span><a href=\"https:\/\/studio.code.org\/\" target=\"_blank\"> https:\/\/studio.code.org\/<\/a>.\u00a0<span style=\"font-weight: 400;\">Activitats dirigides a diferents edats. Funciona per reptes que s\u2019han d\u2019anar assolint com si fos un videojoc. La programaci\u00f3 \u00e9s per blocs i es van donant orientacions al llarg del proc\u00e9s. (<a href=\"https:\/\/hourofcode.com\/es\/ca\/how-to\" target=\"_blank\">Tutorial<\/a> en angl\u00e8s)<br \/>\n<\/span><\/em><\/em><em><em><span style=\"font-weight: 400;\">&#8211;\u00a0<\/span><\/em><\/em><i><\/i><em><em><span style=\"font-weight: 400;\">Treball amb Scratch Jr:<\/span><a href=\"http:\/\/www.scratchjr.org\/teach.html\" target=\"_blank\"> http:\/\/www.scratchjr.org\/teach.html<\/a><span style=\"font-weight: 400;\">\u00a0.<\/span><span style=\"font-weight: 400;\">Cont\u00e9 reptes que es plantegen a l\u2019alumnat amb pistes per resoldre\u2019ls. En Angl\u00e8s. Els reptes s\u00f3n fitxes en pdf descarregables i imprimibles, i els reptes es realitzen al web.<br \/>\n<\/span><\/em><\/em><em><em><span style=\"font-weight: 400;\">&#8211;\u00a0Treball amb lightbot:<a href=\"http:\/\/lightbot.com\/\" target=\"_blank\"> http:\/\/lightbot.com\/<\/a><span style=\"font-weight: 400;\"> Resoluci\u00f3 de puzzles en diferents pantalles on cal donar instruccions a un petit robot per a qu\u00e8 els superi. Hi ha diferents nivells de dificultat i est\u00e0 orientat a entendre les seq\u00fc\u00e8ncies de programaci\u00f3. Es pot realitzar en web i en APP per Android i iOs<br \/>\n<\/span><\/span><\/em><\/em><span style=\"text-decoration: underline;\">Educaci\u00f3 secund\u00e0ria<br \/>\n<\/span><em>&#8211;\u00a0P\u00e0gines programaci\u00f3 a l&#8217;Edu365 \/ Imagina<a href=\"http:\/\/www.edu365.cat\/imagina\/\" target=\"_blank\"> http:\/\/www.edu365.cat\/imagina\/<br \/>\n<\/a>&#8211; Visiteu la p\u00e0gina de l\u2019Scratch<a href=\"https:\/\/scratch.mit.edu\/\" target=\"_blank\"> https:\/\/scratch.mit.edu\/<br \/>\n<\/a>&#8211;\u00a0<span style=\"font-weight: 400;\">Treball amb App Inventor:<\/span> <a href=\"http:\/\/ai2.appinventor.mit.edu\" target=\"_blank\">http:\/\/ai2.appinventor.mit.edu<\/a><\/em><br \/>\n<em> &#8211; Treball amb Mozilla X-Ray Googles:<a href=\"https:\/\/teach.mozilla.org\/tools\/\" target=\"_blank\"> https:\/\/teach.mozilla.org\/tools\/<\/a>.\u00a0Permet visualitzar el codi de qualsevol p\u00e0gina web i modificar-lo de forma local (no permanent). Cal instal\u00b7lar pr\u00e8viament l\u2019extensi\u00f3.<\/em><\/li>\n<\/ul>\n<ul>\n<li>Afegiu les activitats que feu en el vostre centre relacionades amb la Programaci\u00f3 i la Rob\u00f2tica <span style=\"font-weight: 400;\">per emmarcar-les dins les accions de la CodeWeek a la p\u00e0gina dels <\/span><b>&#8220;<\/b><a href=\"http:\/\/events.codeweek.eu\/\" target=\"_blank\"><b>Events&#8221;<\/b><span style=\"font-weight: 400;\"> de la CodeWeek<\/span><\/a><\/li>\n<\/ul>\n<ul>\n<li>Ompliu el<a href=\"https:\/\/docs.google.com\/a\/xtec.cat\/forms\/d\/e\/1FAIpQLScwg1aqFHzyAkEBaQZliAOdUDE7T6epsqko52z0aHxTsAT6HQ\/viewform\" target=\"_blank\"> <b>formulari<\/b><\/a> amb les activitats que heu realitzat en el vostre centre<span style=\"font-weight: 400;\">. Podeu veure les respostes de tothom en<\/span><a href=\"https:\/\/sites.google.com\/a\/xtec.cat\/seminaris-tac\/curs-16-17\/sessio-1\/respostes-activitats-semtac-sessio-1\"><span style=\"font-weight: 400;\"> aquesta <\/span>p\u00e0gina<span style=\"font-weight: 400;\">.<\/span><\/a><\/li>\n<\/ul>\n<p>&nbsp;<\/p>\n","protected":false},"excerpt":{"rendered":"<p>A &#8211; Introducci\u00f3 (Informacions) Xarxa Docent: Afavorir l\u2019intercanvi i l\u2019aprenentatge permanent, entre iguals. Twitter:\u00a0l&#8217;etiqueta #seminarisTAC per a difondre i compartir tot all\u00f2 que cregueu interessant per al professorat, referent a l&#8217;\u00fas de les tecnologies a l&#8217;educaci\u00f3. Les aportacions apareixeran a la p\u00e0gina d&#8217;inici\u00a0dels seminaris. mSchools Toolbox:col\u00b7lecci\u00f3 en l\u00ednia de continguts educatius per a dispositius m\u00f2bils [&hellip;]<\/p>\n","protected":false},"author":1,"featured_media":0,"parent":8370,"menu_order":0,"comment_status":"closed","ping_status":"closed","template":"page-templates\/side-menu.php","meta":{"_bbp_topic_count":0,"_bbp_reply_count":0,"_bbp_total_topic_count":0,"_bbp_total_reply_count":0,"_bbp_voice_count":0,"_bbp_anonymous_reply_count":0,"_bbp_topic_count_hidden":0,"_bbp_reply_count_hidden":0,"_bbp_forum_subforum_count":0,"site-sidebar-layout":"default","site-content-layout":"","ast-site-content-layout":"","site-content-style":"default","site-sidebar-style":"default","ast-global-header-display":"","ast-banner-title-visibility":"","ast-main-header-display":"","ast-hfb-above-header-display":"","ast-hfb-below-header-display":"","ast-hfb-mobile-header-display":"","site-post-title":"","ast-breadcrumbs-content":"","ast-featured-img":"","footer-sml-layout":"","theme-transparent-header-meta":"","adv-header-id-meta":"","stick-header-meta":"","header-above-stick-meta":"","header-main-stick-meta":"","header-below-stick-meta":"","astra-migrate-meta-layouts":"default","ast-page-background-enabled":"default","ast-page-background-meta":{"desktop":{"background-color":"var(--ast-global-color-4)","background-image":"","background-repeat":"repeat","background-position":"center center","background-size":"auto","background-attachment":"scroll","background-type":"","background-media":"","overlay-type":"","overlay-color":"","overlay-opacity":"","overlay-gradient":""},"tablet":{"background-color":"","background-image":"","background-repeat":"repeat","background-position":"center center","background-size":"auto","background-attachment":"scroll","background-type":"","background-media":"","overlay-type":"","overlay-color":"","overlay-opacity":"","overlay-gradient":""},"mobile":{"background-color":"","background-image":"","background-repeat":"repeat","background-position":"center center","background-size":"auto","background-attachment":"scroll","background-type":"","background-media":"","overlay-type":"","overlay-color":"","overlay-opacity":"","overlay-gradient":""}},"ast-content-background-meta":{"desktop":{"background-color":"var(--ast-global-color-5)","background-image":"","background-repeat":"repeat","background-position":"center center","background-size":"auto","background-attachment":"scroll","background-type":"","background-media":"","overlay-type":"","overlay-color":"","overlay-opacity":"","overlay-gradient":""},"tablet":{"background-color":"var(--ast-global-color-5)","background-image":"","background-repeat":"repeat","background-position":"center center","background-size":"auto","background-attachment":"scroll","background-type":"","background-media":"","overlay-type":"","overlay-color":"","overlay-opacity":"","overlay-gradient":""},"mobile":{"background-color":"var(--ast-global-color-5)","background-image":"","background-repeat":"repeat","background-position":"center center","background-size":"auto","background-attachment":"scroll","background-type":"","background-media":"","overlay-type":"","overlay-color":"","overlay-opacity":"","overlay-gradient":""}},"footnotes":""},"class_list":["post-8375","page","type-page","status-publish","hentry"],"post_mailing_queue_ids":[],"_links":{"self":[{"href":"https:\/\/serveiseducatius.xtec.cat\/vallesoccidental7\/wp-json\/wp\/v2\/pages\/8375","targetHints":{"allow":["GET"]}}],"collection":[{"href":"https:\/\/serveiseducatius.xtec.cat\/vallesoccidental7\/wp-json\/wp\/v2\/pages"}],"about":[{"href":"https:\/\/serveiseducatius.xtec.cat\/vallesoccidental7\/wp-json\/wp\/v2\/types\/page"}],"author":[{"embeddable":true,"href":"https:\/\/serveiseducatius.xtec.cat\/vallesoccidental7\/wp-json\/wp\/v2\/users\/1"}],"replies":[{"embeddable":true,"href":"https:\/\/serveiseducatius.xtec.cat\/vallesoccidental7\/wp-json\/wp\/v2\/comments?post=8375"}],"version-history":[{"count":4,"href":"https:\/\/serveiseducatius.xtec.cat\/vallesoccidental7\/wp-json\/wp\/v2\/pages\/8375\/revisions"}],"predecessor-version":[{"id":8411,"href":"https:\/\/serveiseducatius.xtec.cat\/vallesoccidental7\/wp-json\/wp\/v2\/pages\/8375\/revisions\/8411"}],"up":[{"embeddable":true,"href":"https:\/\/serveiseducatius.xtec.cat\/vallesoccidental7\/wp-json\/wp\/v2\/pages\/8370"}],"wp:attachment":[{"href":"https:\/\/serveiseducatius.xtec.cat\/vallesoccidental7\/wp-json\/wp\/v2\/media?parent=8375"}],"curies":[{"name":"wp","href":"https:\/\/api.w.org\/{rel}","templated":true}]}}