{"id":8370,"date":"2016-11-03T15:33:18","date_gmt":"2016-11-03T14:33:18","guid":{"rendered":"http:\/\/serveiseducatius.xtec.cat\/vallesoccidental7\/?page_id=8370"},"modified":"2016-11-29T10:46:26","modified_gmt":"2016-11-29T09:46:26","slug":"stac","status":"publish","type":"page","link":"https:\/\/serveiseducatius.xtec.cat\/vallesoccidental7\/recursos\/stac\/","title":{"rendered":"STAC 2016-2017"},"content":{"rendered":"<p><strong><a href=\"https:\/\/sites.google.com\/a\/xtec.cat\/seminaris-tac\/\" target=\"_blank\">Seminaris Tecnologies Aprenentatge i Coneixement (xtec)<br \/>\n<\/a>Vall\u00e8s Occidental 7<\/strong><\/p>\n<p><strong>Curs 2016-2107<br \/>\n<\/strong>&#8211; Lloc: ESC Pablo Picasso (Barber\u00e0 del Vall\u00e8s)<br \/>\n&#8211; Hora: 15:00-18:00<\/p>\n<ul style=\"list-style-type: disc;\">\n<li style=\"font-weight: 400;\"><a href=\"http:\/\/serveiseducatius.xtec.cat\/vallesoccidental7\/recursos\/stac\/sessio-1-programacio-i-robotica-a-laula\/\"><b>Sessi\u00f3 1<\/b><\/a><span style=\"font-weight: 400;\">: <strong><em>Programaci\u00f3 i rob\u00f2tica a l\u2019aula<\/em><\/strong> (7\/11\/2016)\u00a0<\/span><\/li>\n<li style=\"font-weight: 400;\"><a href=\"http:\/\/serveiseducatius.xtec.cat\/vallesoccidental7\/recursos\/stac\/sessio-2-els-dispositius-mobils-a-laula-tecnica-de-lstop-motion\/\"><b>Sessi\u00f3 2<\/b><\/a><span style=\"font-weight: 400;\">:<em><strong> Dispositius m\u00f2bils a l\u2019aula\u00a0<\/strong><\/em>(28\/11\/2016)<\/span><\/li>\n<li style=\"font-weight: 400;\"><b>Sessi\u00f3 3<\/b><span style=\"font-weight: 400;\">: Aprenentatge basat en jocs i\/o projectes<\/span><\/li>\n<li style=\"font-weight: 400;\"><b>Sessi\u00f3 4<\/b><span style=\"font-weight: 400;\">: Disseny Universal de l\u2019Aprenentatge<\/span><\/li>\n<li style=\"font-weight: 400;\"><b>Sessi\u00f3 5<\/b><span style=\"font-weight: 400;\">: Aprofundiment en la compet\u00e8ncia digital de l\u2019alumnat.<\/span><\/li>\n<\/ul>\n","protected":false},"excerpt":{"rendered":"<p>Seminaris Tecnologies Aprenentatge i Coneixement (xtec) Vall\u00e8s Occidental 7 Curs 2016-2107 &#8211; Lloc: ESC Pablo Picasso (Barber\u00e0 del Vall\u00e8s) &#8211; Hora: 15:00-18:00 Sessi\u00f3 1: Programaci\u00f3 i rob\u00f2tica a l\u2019aula (7\/11\/2016)\u00a0 Sessi\u00f3 2: Dispositius m\u00f2bils a l\u2019aula\u00a0(28\/11\/2016) Sessi\u00f3 3: Aprenentatge basat en jocs i\/o projectes Sessi\u00f3 4: Disseny Universal de l\u2019Aprenentatge Sessi\u00f3 5: Aprofundiment en la [&hellip;]<\/p>\n","protected":false},"author":1,"featured_media":0,"parent":906,"menu_order":0,"comment_status":"closed","ping_status":"closed","template":"","meta":{"_bbp_topic_count":0,"_bbp_reply_count":0,"_bbp_total_topic_count":0,"_bbp_total_reply_count":0,"_bbp_voice_count":0,"_bbp_anonymous_reply_count":0,"_bbp_topic_count_hidden":0,"_bbp_reply_count_hidden":0,"_bbp_forum_subforum_count":0,"site-sidebar-layout":"default","site-content-layout":"","ast-site-content-layout":"","site-content-style":"default","site-sidebar-style":"default","ast-global-header-display":"","ast-banner-title-visibility":"","ast-main-header-display":"","ast-hfb-above-header-display":"","ast-hfb-below-header-display":"","ast-hfb-mobile-header-display":"","site-post-title":"","ast-breadcrumbs-content":"","ast-featured-img":"","footer-sml-layout":"","theme-transparent-header-meta":"","adv-header-id-meta":"","stick-header-meta":"","header-above-stick-meta":"","header-main-stick-meta":"","header-below-stick-meta":"","astra-migrate-meta-layouts":"default","ast-page-background-enabled":"default","ast-page-background-meta":{"desktop":{"background-color":"var(--ast-global-color-4)","background-image":"","background-repeat":"repeat","background-position":"center center","background-size":"auto","background-attachment":"scroll","background-type":"","background-media":"","overlay-type":"","overlay-color":"","overlay-opacity":"","overlay-gradient":""},"tablet":{"background-color":"","background-image":"","background-repeat":"repeat","background-position":"center center","background-size":"auto","background-attachment":"scroll","background-type":"","background-media":"","overlay-type":"","overlay-color":"","overlay-opacity":"","overlay-gradient":""},"mobile":{"background-color":"","background-image":"","background-repeat":"repeat","background-position":"center center","background-size":"auto","background-attachment":"scroll","background-type":"","background-media":"","overlay-type":"","overlay-color":"","overlay-opacity":"","overlay-gradient":""}},"ast-content-background-meta":{"desktop":{"background-color":"var(--ast-global-color-5)","background-image":"","background-repeat":"repeat","background-position":"center center","background-size":"auto","background-attachment":"scroll","background-type":"","background-media":"","overlay-type":"","overlay-color":"","overlay-opacity":"","overlay-gradient":""},"tablet":{"background-color":"var(--ast-global-color-5)","background-image":"","background-repeat":"repeat","background-position":"center center","background-size":"auto","background-attachment":"scroll","background-type":"","background-media":"","overlay-type":"","overlay-color":"","overlay-opacity":"","overlay-gradient":""},"mobile":{"background-color":"var(--ast-global-color-5)","background-image":"","background-repeat":"repeat","background-position":"center center","background-size":"auto","background-attachment":"scroll","background-type":"","background-media":"","overlay-type":"","overlay-color":"","overlay-opacity":"","overlay-gradient":""}},"footnotes":""},"class_list":["post-8370","page","type-page","status-publish","hentry"],"post_mailing_queue_ids":[],"_links":{"self":[{"href":"https:\/\/serveiseducatius.xtec.cat\/vallesoccidental7\/wp-json\/wp\/v2\/pages\/8370","targetHints":{"allow":["GET"]}}],"collection":[{"href":"https:\/\/serveiseducatius.xtec.cat\/vallesoccidental7\/wp-json\/wp\/v2\/pages"}],"about":[{"href":"https:\/\/serveiseducatius.xtec.cat\/vallesoccidental7\/wp-json\/wp\/v2\/types\/page"}],"author":[{"embeddable":true,"href":"https:\/\/serveiseducatius.xtec.cat\/vallesoccidental7\/wp-json\/wp\/v2\/users\/1"}],"replies":[{"embeddable":true,"href":"https:\/\/serveiseducatius.xtec.cat\/vallesoccidental7\/wp-json\/wp\/v2\/comments?post=8370"}],"version-history":[{"count":3,"href":"https:\/\/serveiseducatius.xtec.cat\/vallesoccidental7\/wp-json\/wp\/v2\/pages\/8370\/revisions"}],"predecessor-version":[{"id":8483,"href":"https:\/\/serveiseducatius.xtec.cat\/vallesoccidental7\/wp-json\/wp\/v2\/pages\/8370\/revisions\/8483"}],"up":[{"embeddable":true,"href":"https:\/\/serveiseducatius.xtec.cat\/vallesoccidental7\/wp-json\/wp\/v2\/pages\/906"}],"wp:attachment":[{"href":"https:\/\/serveiseducatius.xtec.cat\/vallesoccidental7\/wp-json\/wp\/v2\/media?parent=8370"}],"curies":[{"name":"wp","href":"https:\/\/api.w.org\/{rel}","templated":true}]}}