{"id":8272,"date":"2016-09-13T16:07:48","date_gmt":"2016-09-13T15:07:48","guid":{"rendered":"http:\/\/serveiseducatius.xtec.cat\/vallesoccidental7\/?page_id=8272"},"modified":"2024-09-10T14:21:14","modified_gmt":"2024-09-10T12:21:14","slug":"recursos-matematics","status":"publish","type":"page","link":"https:\/\/serveiseducatius.xtec.cat\/vallesoccidental7\/recursos\/recursos-matematics\/","title":{"rendered":"Recursos matem\u00e0tics"},"content":{"rendered":"<h4>PROGRAMA DE MILLORA DE LA COMPET\u00c8NCIA MATEM\u00c0TICA<\/h4>\n<p><img loading=\"lazy\" decoding=\"async\" class=\"size-full wp-image-12660 alignleft\" src=\"https:\/\/serveiseducatius.xtec.cat\/vallesoccidental7\/wp-content\/uploads\/usu1104\/2024\/09\/logo-florence.png_1130349558.png\" alt=\"\" width=\"750\" height=\"225\" srcset=\"https:\/\/serveiseducatius.xtec.cat\/vallesoccidental7\/wp-content\/uploads\/usu1104\/2024\/09\/logo-florence.png_1130349558.png 750w, https:\/\/serveiseducatius.xtec.cat\/vallesoccidental7\/wp-content\/uploads\/usu1104\/2024\/09\/logo-florence.png_1130349558-300x90.png 300w\" sizes=\"auto, (max-width: 750px) 100vw, 750px\" \/><\/p>\n<p>&nbsp;<\/p>\n<p>&nbsp;<\/p>\n<p>&nbsp;<\/p>\n<p>&nbsp;<\/p>\n<p>&nbsp;<\/p>\n<p>&nbsp;<\/p>\n<p>Podeu trobar m\u00e9s informaci\u00f3 sobre aquest programa en<a href=\"https:\/\/educacio.gencat.cat\/ca\/departament\/linies-estrategiques\/programaflorence\/\"> aquest enlla\u00e7<\/a><\/p>\n<p>____________________________________________________________________________<\/p>\n<h6>BANC DE RECURSOS<\/h6>\n<table style=\"width: 685px; height: 345px;\">\n<tbody>\n<tr style=\"height: 31px;\">\n<td style=\"width: 330px; height: 31px;\"><strong>Infantil i prim\u00e0ria<\/strong><\/td>\n<td style=\"width: 351.111px; height: 31px;\"><strong>Secund\u00e0ria<\/strong><\/td>\n<\/tr>\n<tr style=\"height: 95px;\">\n<td style=\"width: 330px; height: 95px;\">Matem\u00e0tiques:<\/p>\n<ul>\n<li><a href=\"https:\/\/sites.google.com\/xtec.cat\/cesire-mates-take-away\/educaci%C3%B3-infantil?authuser=0\">Activitats INF<\/a><\/li>\n<li><a href=\"https:\/\/sites.google.com\/xtec.cat\/cesire-mates-take-away\/prim%C3%A0ria-1r-a-3r?authuser=0\">Propostes per prim\u00e0ria (1r-3r)<\/a><\/li>\n<li><a href=\"https:\/\/sites.google.com\/xtec.cat\/cesire-mates-take-away\/prim%C3%A0ria-4t-a-6%C3%A8?authuser=0\">Propostes per prim\u00e0ria (4t-6\u00e8)<\/a><\/li>\n<li><a href=\"https:\/\/agora.xtec.cat\/cesire\/wp-content\/uploads\/usu397\/2020\/07\/Represa-Infantil-Prim%C3%A0ria-Matem%C3%A0tiques.pdf\">Activitats matem\u00e0tiques INF-PRIM<\/a><\/li>\n<li><a href=\"https:\/\/www.cangur.org\/telecangur\/\">Propostes cangur d&#8217;altres anys (matem\u00e0tica per pensar)<\/a><\/li>\n<li><a href=\"https:\/\/sites.google.com\/xtec.cat\/cesire-matematiques-campanyes\/laboratori-de-matem%C3%A0tiques\">El CESIRE d\u2019\u00e0mbit matem\u00e0tic, ofereix a la seva web un seguit de propostes relacionades amb diferents materials manipulatius.<\/a><\/li>\n<li><a href=\"https:\/\/www.slideshare.net\/creamat\/matematiques-familia-idees\">Propostes en fam\u00edlia<\/a><\/li>\n<li><a href=\"https:\/\/edu365.cat\/workshop\/joc\/descripcions\/escapecub.html\">Joc de matem\u00e0tiques en l\u00ednia\u00a0 per als diferents cicles<\/a><\/li>\n<\/ul>\n<p><a href=\"https:\/\/sites.google.com\/xtec.cat\/cesire-mates-take-away\/altres-recursos?authuser=0\">Altres recursos<\/a><\/td>\n<td style=\"width: 351.111px; height: 95px;\">Matem\u00e0tiques:<\/p>\n<ul>\n<li><a href=\"https:\/\/sites.google.com\/xtec.cat\/cesire-mates-take-away\/1r-i-2n-deso?authuser=0\">Propostes 1r i 2n d&#8217;ESO<\/a><\/li>\n<li><a href=\"https:\/\/sites.google.com\/xtec.cat\/cesire-mates-take-away\/3r-i-4t-deso?authuser=0\">Propostes 3r i 4t d&#8217;ESO<\/a><\/li>\n<li><a href=\"https:\/\/agora.xtec.cat\/cesire\/wp-content\/uploads\/usu397\/2020\/07\/Represa-Infantil-Prim%C3%A0ria-Matem%C3%A0tiques.pdf\">Transici\u00f3 a l&#8217;ESO<\/a><\/li>\n<li><a href=\"https:\/\/www.cangur.org\/telecangur\/\">Propostes cangur d&#8217;altres anys (matem\u00e0tica per pensar)<\/a><\/li>\n<li><a href=\"https:\/\/sites.google.com\/xtec.cat\/cesire-matematiques-campanyes\/laboratori-de-matem%C3%A0tiques\">El CESIRE d\u2019\u00e0mbit matem\u00e0tic, ofereix a la seva web un seguit de propostes relacionades amb diferents materials manipulatius.<\/a><\/li>\n<li><a href=\"https:\/\/sites.google.com\/xtec.cat\/cesire-mates-take-away\/batxillerat?authuser=0\">Propostes per batxillerat<\/a><\/li>\n<\/ul>\n<p><a href=\"https:\/\/sites.google.com\/xtec.cat\/cesire-mates-take-away\/altres-recursos?authuser=0\">Altres recursos<\/a><\/td>\n<\/tr>\n<\/tbody>\n<\/table>\n<p class=\"Estilo1\"><span style=\"text-decoration: underline;\">Documents<\/span><\/p>\n<ul class=\"Estilo3\">\n<li><a href=\"http:\/\/www.xtec.cat\/alfresco\/d\/d\/workspace\/SpacesStore\/f43cbb20-e286-49df-a80f-d20bdac9745f\/Orientacions%20metodologiques%20en%20el%20document%20de%20competencies%20Mates%20Prim.pdf\" target=\"_blank\" rel=\"noopener\">Recull de recomanacions metodol\u00f2giques \u00e0mbit matem\u00e0tic (Prim\u00e0ria)<\/a>.<\/li>\n<li><a href=\"http:\/\/www.xtec.cat\/alfresco\/d\/d\/workspace\/SpacesStore\/f16c212c-e1c7-4770-9cc4-672e6917d735\/MATOrientacionsmetodologiquesESO.pdf\" target=\"_blank\" rel=\"noopener\">Recull de recomanacions metodol\u00f2giques \u00e0mbit matem\u00e0tic (Secund\u00e0ria).<\/a><\/li>\n<li><a href=\"http:\/\/srvcnpbs.xtec.cat\/creamat\/joomla\/file\/que_es_important_que_facin.pdf\" target=\"_blank\" rel=\"noopener\">Qu\u00e8 \u00e9s important que facin per cicle d&#8217;infantil a cicle superior (CREAMAT) <\/a>(taula per cicles i blocs tem\u00e0tics)<\/li>\n<li><a href=\"http:\/\/srvcnpbs.xtec.cat\/\/creamat\/joomla\/index.php\/suport-curricular\/43\/846-material-de-suport-per-al-l-sep-educacio-infantil--matematiques\" target=\"_blank\" rel=\"noopener\">Material per al SEP (Infantil) (CREAMAT)<\/a><\/li>\n<li><a href=\"http:\/\/srvcnpbs.xtec.cat\/\/creamat\/joomla\/index.php\/suport-curricular\/43\/869-material-de-suport-per-al-l-sep-educacio-infantil-matematiques\" target=\"_blank\" rel=\"noopener\">Material per al SEP (Cicle Inicial) (CREAMAT)<\/a><\/li>\n<li><a href=\"http:\/\/srvcnpbs.xtec.cat\/\/creamat\/joomla\/index.php\/sep\/72-documents-sep\/943-material-de-suport-per-al-suport-escolar-personalitzat-cicle-mitja-deducacio-primaria-matematiques\" target=\"_blank\" rel=\"noopener\">Material per al SEP (Cicle Mitj\u00e0) (CREAMAT)<\/a><\/li>\n<li><a href=\"http:\/\/srvcnpbs.xtec.cat\/\/creamat\/joomla\/index.php\/sep\/72-documents-sep\/1235-material-per-al-suport-escolar-personalitzat-cicle-superior-deducacio-primaria-matematiques\" target=\"_blank\" rel=\"noopener\">Material per al SEP (Cicle Superior) (CREAMAT)<\/a><\/li>\n<li><a href=\"http:\/\/xtec.gencat.cat\/ca\/curriculum\/eso\/orientacionsgeometria\/index.html\" target=\"_blank\" rel=\"noopener\">Orientacions pr\u00e0ctiques per a la millora de la geometria (ESO)<\/a><\/li>\n<\/ul>\n<p class=\"Estilo3\"><span style=\"text-decoration: underline;\">Confer\u00e8ncies<\/span><\/p>\n<ul class=\"Estilo3\">\n<li><a href=\"http:\/\/srvcnpbs.xtec.cat\/creamat\/joomla\/index.php\/formacio-creamat\/conferencies\/884--aritmetica-abans-dels-algorismes-calcul-a-cicle-inicial\" target=\"_blank\" rel=\"noopener\">Aritm\u00e8tica abans dels algorismes: <em>C\u00e0lcul a Cicle Inicial<\/em><\/a> (David Barba i Cec\u00edlia Calvo)<\/li>\n<li><a href=\"http:\/\/srvcnpbs.xtec.cat\/creamat\/joomla\/index.php\/formacio-creamat\/conferencies\/900-aritmetica-entre-les-estrategies-i-els-algorismes-calcul-a-cicle-mitja\" target=\"_blank\" rel=\"noopener\">Aritm\u00e8tica: entre les estrat\u00e8gies i els algorismes. <em>C\u00e0lcul a Cicle Mitj\u00e0<\/em><\/a> (David Barba i Cec\u00edlia Calvo)<\/li>\n<li><a href=\"http:\/\/srvcnpbs.xtec.cat\/creamat\/joomla\/index.php\/formacio-creamat\/conferencies\/914-aritmetica-mes-enlla-dels-algorismes-calcul-a-cicle-superior\">Aritm\u00e8tica m\u00e9s enll\u00e0 dels algorismes: <em>C\u00e0lcul a Cicle Superior<\/em><\/a> (David Barba i Cec\u00edlia Calvo)<\/li>\n<li><a href=\"http:\/\/srvcnpbs.xtec.cat\/creamat\/joomla\/index.php\/formacio-creamat\/conferencies\/956-entre-el-pla-i-lespai-la-visualitzacio-reflexions-sobre-el-bloc-espai-i-forma\" target=\"_blank\" rel=\"noopener\">Entre el pla i l&#8217;espai, la visualitzaci\u00f3. <em>Reflexions sobre el bloc Espai i Forma<\/em><\/a> (David Barba i Cec\u00edlia Calvo)<\/li>\n<\/ul>\n<p class=\"Estilo3\"><span style=\"text-decoration: underline;\">Activitats experimentades a l&#8217;aula<\/span><\/p>\n<ul>\n<li><a class=\"Estilo3\" href=\"https:\/\/sites.google.com\/site\/seselva1\/Home\/zona-dintercanvi\/projectesdelsassessoraments\/matematica-manipulativa\" target=\"_blank\" rel=\"noopener\">Matem\u00e0tica competencial i manipulativa (Selva i Xarxa Educativa)<\/a><\/li>\n<li><a class=\"Estilo3\" href=\"http:\/\/web2.udg.edu\/ice\/doc\/doc_fnu\/primaria\/matematiques_manipulatives.pdf\">Recull d&#8217;experi\u00e8ncies de matem\u00e0triques manipulatives (Universitat de Girona)<\/a><\/li>\n<li><a class=\"Estilo3\" href=\"https:\/\/www.dropbox.com\/s\/il1oi737dnfx1sq\/Presentaci%C3%B3n%20ALCA%2020142015.pdf?dl=0\" target=\"_blank\" rel=\"noopener\">Espai d&#8217;aprenentatge ALCA (Espai d&#8217;aprenentatge altes capacitats a cicle superior)<\/a> <span class=\"Estilo3\">(Col\u00b7legi Jard\u00ed)<\/span><\/li>\n<li class=\"Estilo3\"><a href=\"http:\/\/www.videomat.cat\/\" target=\"_blank\" rel=\"noopener\">Videomat<\/a> (videos on es responen preguntes que posen de manifest les aplicacions de les matem\u00e0tiques)<\/li>\n<\/ul>\n<p class=\"Estilo3\"><span style=\"text-decoration: underline;\">Materials (enlla\u00e7os a webs, proveidors&#8230;)<\/span><\/p>\n<ul>\n<li class=\"Estilo3\"><a href=\"http:\/\/www.udg.edu\/projectesbiblioteca\/GAMAR\/Materials\/tabid\/17595\/language\/ca-ES\/Default.aspx\" target=\"_blank\" rel=\"noopener\">GAMAR<\/a> <span class=\"Estilo5\">(Gabinet de Materials i de Recerca per a la Matem\u00e0tica a l&#8217;Escola) Ant\u00f2nia Canals UdG<\/span><\/li>\n<li class=\"Estilo3\"><a href=\"http:\/\/puntmat.blogspot.com.es\/\" target=\"_blank\" rel=\"noopener\">PuntMat<\/a> (Informaci\u00f3 i divulgaci\u00f3 d&#8217;activitats, materials i reflexions) David Barba, Ana Cerezo i Cecilia Calvo<\/li>\n<li class=\"Estilo3\"><a href=\"https:\/\/sites.google.com\/site\/espaijordiesteve2\/home\" target=\"_blank\" rel=\"noopener\">Espai Jordi Esteve<\/a> (Divulgaci\u00f3 de materials manipulatius classificats i activitats) PuntMat<\/li>\n<li class=\"Estilo3\"><a href=\"http:\/\/materialsdematematiques.blogspot.com.es\/\" target=\"_blank\" rel=\"noopener\">Aprenent amb les mans<\/a> <span class=\"Estilo3\">(Lara Gim\u00e9nez Barrag\u00e1n)<\/span><\/li>\n<li class=\"Estilo3\"><a href=\"http:\/\/matesvivesiclares.blogspot.com.es\/\" target=\"_blank\" rel=\"noopener\">Mates vives i clares<\/a> (M\u00f2nica Batlle)<\/li>\n<li class=\"Estilo3\"><span class=\"Estilo3\"><a href=\"http:\/\/www.escuelasactivas.com\/\" target=\"_blank\" rel=\"noopener\">EscuelasActivas<\/a> (Marcel Boesch)<\/span><\/li>\n<li class=\"Estilo3\"><a href=\"http:\/\/www.lu2.cat\/categoria-producte\/matematiques-2\/\" target=\"_blank\" rel=\"noopener\">Lu2 (jocs de taula)<\/a> Botiga on line de Mollet del Vall\u00e8s<\/li>\n<li class=\"Estilo3\"><a href=\"http:\/\/www.jugarijugar.com\/ca\/172-metematiques\" target=\"_blank\" rel=\"noopener\">Jugarijugar<\/a> Botiga on line<\/li>\n<\/ul>\n<p class=\"Estilo3\"><span style=\"text-decoration: underline;\">Articles<\/span><\/p>\n<ul>\n<li><span class=\"Estilo3\">David Barba: <\/span><a class=\"Estilo6\" href=\"http:\/\/diarieducacio.cat\/la-rapidesa-doperacions-matematiques-una-activitat-interessant\/\" target=\"_blank\" rel=\"noopener\">La rapidesa d&#8217;operacions matem\u00e0tiques: una activitat interessant?<\/a><span class=\"Estilo3\"> (El Diari de l&#8217;Educaci\u00f3)<\/span><\/li>\n<li class=\"Estilo3\">Josep Call\u00eds i Albert Mallart: <a href=\"http:\/\/publicacions.iec.cat\/repository\/pdf\/00000177%5C00000005.pdf\" target=\"_blank\" rel=\"noopener\">L&#8217;adquisici\u00f3 i desenvolupament de la compet\u00e8ncia matem\u00e0tica<\/a> (IEC)<\/li>\n<\/ul>\n<p class=\"Estilo3\"><span style=\"text-decoration: underline;\">Llocs<\/span><\/p>\n<ul class=\"Estilo3\">\n<li><a href=\"http:\/\/www.mmaca.cat\/index.php\" target=\"_blank\" rel=\"noopener\">Museu de les Matem\u00e0tiques de Catalunya (MMACA)<\/a><\/li>\n<\/ul>\n","protected":false},"excerpt":{"rendered":"<p>PROGRAMA DE MILLORA DE LA COMPET\u00c8NCIA MATEM\u00c0TICA &nbsp; &nbsp; &nbsp; &nbsp; &nbsp; &nbsp; Podeu trobar m\u00e9s informaci\u00f3 sobre aquest programa en aquest enlla\u00e7 ____________________________________________________________________________ BANC DE RECURSOS Infantil i prim\u00e0ria Secund\u00e0ria Matem\u00e0tiques: Activitats INF Propostes per prim\u00e0ria (1r-3r) Propostes per prim\u00e0ria (4t-6\u00e8) Activitats matem\u00e0tiques INF-PRIM Propostes cangur d&#8217;altres anys (matem\u00e0tica per pensar) El CESIRE d\u2019\u00e0mbit [&hellip;]<\/p>\n","protected":false},"author":1,"featured_media":0,"parent":906,"menu_order":0,"comment_status":"closed","ping_status":"closed","template":"","meta":{"_bbp_topic_count":0,"_bbp_reply_count":0,"_bbp_total_topic_count":0,"_bbp_total_reply_count":0,"_bbp_voice_count":0,"_bbp_anonymous_reply_count":0,"_bbp_topic_count_hidden":0,"_bbp_reply_count_hidden":0,"_bbp_forum_subforum_count":0,"site-sidebar-layout":"default","site-content-layout":"","ast-site-content-layout":"","site-content-style":"default","site-sidebar-style":"default","ast-global-header-display":"","ast-banner-title-visibility":"","ast-main-header-display":"","ast-hfb-above-header-display":"","ast-hfb-below-header-display":"","ast-hfb-mobile-header-display":"","site-post-title":"","ast-breadcrumbs-content":"","ast-featured-img":"","footer-sml-layout":"","theme-transparent-header-meta":"","adv-header-id-meta":"","stick-header-meta":"","header-above-stick-meta":"","header-main-stick-meta":"","header-below-stick-meta":"","astra-migrate-meta-layouts":"default","ast-page-background-enabled":"default","ast-page-background-meta":{"desktop":{"background-color":"var(--ast-global-color-4)","background-image":"","background-repeat":"repeat","background-position":"center center","background-size":"auto","background-attachment":"scroll","background-type":"","background-media":"","overlay-type":"","overlay-color":"","overlay-opacity":"","overlay-gradient":""},"tablet":{"background-color":"","background-image":"","background-repeat":"repeat","background-position":"center center","background-size":"auto","background-attachment":"scroll","background-type":"","background-media":"","overlay-type":"","overlay-color":"","overlay-opacity":"","overlay-gradient":""},"mobile":{"background-color":"","background-image":"","background-repeat":"repeat","background-position":"center center","background-size":"auto","background-attachment":"scroll","background-type":"","background-media":"","overlay-type":"","overlay-color":"","overlay-opacity":"","overlay-gradient":""}},"ast-content-background-meta":{"desktop":{"background-color":"var(--ast-global-color-5)","background-image":"","background-repeat":"repeat","background-position":"center center","background-size":"auto","background-attachment":"scroll","background-type":"","background-media":"","overlay-type":"","overlay-color":"","overlay-opacity":"","overlay-gradient":""},"tablet":{"background-color":"var(--ast-global-color-5)","background-image":"","background-repeat":"repeat","background-position":"center center","background-size":"auto","background-attachment":"scroll","background-type":"","background-media":"","overlay-type":"","overlay-color":"","overlay-opacity":"","overlay-gradient":""},"mobile":{"background-color":"var(--ast-global-color-5)","background-image":"","background-repeat":"repeat","background-position":"center center","background-size":"auto","background-attachment":"scroll","background-type":"","background-media":"","overlay-type":"","overlay-color":"","overlay-opacity":"","overlay-gradient":""}},"footnotes":""},"class_list":["post-8272","page","type-page","status-publish","hentry"],"post_mailing_queue_ids":[],"_links":{"self":[{"href":"https:\/\/serveiseducatius.xtec.cat\/vallesoccidental7\/wp-json\/wp\/v2\/pages\/8272","targetHints":{"allow":["GET"]}}],"collection":[{"href":"https:\/\/serveiseducatius.xtec.cat\/vallesoccidental7\/wp-json\/wp\/v2\/pages"}],"about":[{"href":"https:\/\/serveiseducatius.xtec.cat\/vallesoccidental7\/wp-json\/wp\/v2\/types\/page"}],"author":[{"embeddable":true,"href":"https:\/\/serveiseducatius.xtec.cat\/vallesoccidental7\/wp-json\/wp\/v2\/users\/1"}],"replies":[{"embeddable":true,"href":"https:\/\/serveiseducatius.xtec.cat\/vallesoccidental7\/wp-json\/wp\/v2\/comments?post=8272"}],"version-history":[{"count":6,"href":"https:\/\/serveiseducatius.xtec.cat\/vallesoccidental7\/wp-json\/wp\/v2\/pages\/8272\/revisions"}],"predecessor-version":[{"id":12662,"href":"https:\/\/serveiseducatius.xtec.cat\/vallesoccidental7\/wp-json\/wp\/v2\/pages\/8272\/revisions\/12662"}],"up":[{"embeddable":true,"href":"https:\/\/serveiseducatius.xtec.cat\/vallesoccidental7\/wp-json\/wp\/v2\/pages\/906"}],"wp:attachment":[{"href":"https:\/\/serveiseducatius.xtec.cat\/vallesoccidental7\/wp-json\/wp\/v2\/media?parent=8272"}],"curies":[{"name":"wp","href":"https:\/\/api.w.org\/{rel}","templated":true}]}}