{"id":8269,"date":"2016-09-13T15:26:22","date_gmt":"2016-09-13T14:26:22","guid":{"rendered":"http:\/\/serveiseducatius.xtec.cat\/vallesoccidental7\/?page_id=8269"},"modified":"2026-02-12T09:18:13","modified_gmt":"2026-02-12T08:18:13","slug":"gestio","status":"publish","type":"page","link":"https:\/\/serveiseducatius.xtec.cat\/vallesoccidental7\/gestio\/","title":{"rendered":"Gesti\u00f3"},"content":{"rendered":"<p><strong><u>Administraci\u00f3<\/u><\/strong><strong>\u00a0<\/strong><\/p>\n<ul>\n<li><a href=\"http:\/\/educacio.gencat.cat\/portal\/page\/portal\/EducacioIntranet\/Inici\/RecursosPortalIntranet\/Llengua\/GuiaEstil\">Guia d&#8217;Estil del Departament<\/a><strong>\u00a0<\/strong><\/li>\n<li><a href=\"http:\/\/educacio.gencat.cat\/portal\/page\/portal\/EducacioIntranet\/Inici\/PortalCentres\/pcDocumentacioAcademica\">Documentaci\u00f3 acad\u00e8mica<\/a><strong>\u00a0<\/strong><\/li>\n<li><a href=\"http:\/\/educacio.gencat.cat\/portal\/page\/portal\/EducacioIntranet\/Inici\/RecursosPortalIntranet\/DocumentsAdministratius\">Documents administratius<\/a>\u00a0Plantilles i\/o esquemes d&#8217;<a href=\"http:\/\/educacio.gencat.cat\/documents\/eines\/recursos\/plantilles\/docadmin\/ACT_003_01_10.doc\">actes<\/a>,\u00a0<a href=\"http:\/\/educacio.gencat.cat\/documents\/eines\/recursos\/plantilles\/docadmin\/CER_001_01_10.doc\">certificats<\/a>,\u00a0<a href=\"http:\/\/educacio.gencat.cat\/documents\/eines\/recursos\/plantilles\/docadmin\/INF_001_01_10.doc\">informes<\/a>,\u00a0<a href=\"http:\/\/educacio.gencat.cat\/documents\/eines\/recursos\/plantilles\/docadmin\/SOL_001_01_10.doc\">sol\u00b7licituds<\/a>&#8230;<strong>\u00a0<\/strong><\/li>\n<li><a href=\"http:\/\/educacio.gencat.cat\/portal\/page\/portal\/EducacioIntranet\/Inici\/PortalCentres\/PCCatalegModels\">Cat\u00e0leg de models<\/a><strong>\u00a0<\/strong><\/li>\n<li><a href=\"https:\/\/idp-gicar.gencat.cat\/siteminderagent\/forms\/gicar\/loginCorp2014.fcc?TYPE=33554433&amp;REALMOID=06-1717728c-92f8-4268-bb1d-91753bff7d59&amp;GUID=&amp;SMAUTHREASON=0&amp;METHOD=GET&amp;SMAGENTNAME=-SM-ny7O\/IFymZZtNci5TwzDe\/BvYYLY7NcCRwRWB4cwEKrTmNufSFSyRmXubw89Zsdn&amp;TARGET=-SM-HTTP:\/\/idpeacat.gencat.cat\/group\/1\/valisa\">Acc\u00e9s a e-Valisa<\/a><strong>\u00a0<\/strong><\/li>\n<li><a href=\"https:\/\/drive.google.com\/file\/d\/0BwLqN54M0g3hNkl4TEstOG1tRVk\/view?usp=sharing\">Adreces per procediments de eValisa (octubre 2015)<\/a><strong>\u00a0<\/strong><\/li>\n<li><a href=\"https:\/\/drive.google.com\/a\/xtec.cat\/file\/d\/0BzC7_0vH7IQPcjBFZU5pVUdRQmM\/view\">Adreces aplicacions xtec amb enlla\u00e7os directes<\/a><strong>\u00a0<\/strong><\/li>\n<li><a href=\"http:\/\/educacio.gencat.cat\/portal\/page\/portal\/EducacioIntranet\/Inici\/AdministracioElectronica\/SignaturaElectronica\/SignaturaElectronicaCom\">Com signar electr\u00f2nicament<\/a><strong>\u00a0<\/strong><\/li>\n<li><a href=\"http:\/\/www.symbaloo.com\/mix\/formaciodireccionsvoc\">Symbaloo formaci\u00f3 direccions<\/a><strong>\u00a0<\/strong><\/li>\n<li><a href=\"https:\/\/drive.google.com\/file\/d\/0B0sXTTE9k_9KMUhleXVuOVFkS2c\/view?usp=sharing\">Arxiu documental de l&#8217;escola<\/a>\u00a0(presentaci\u00f3 de N\u00faria Caballeria 2013)<\/li>\n<li><a href=\"http:\/\/educacio.gencat.cat\/documents\/informat\/SessionsInformatives\/Presentacio_esfera_ralc_gedac.pdf\">Presentaci\u00f3 Esfer@<\/a><\/li>\n<\/ul>\n<p><strong><u>Gesti\u00f3 Econ\u00f2mica<\/u><\/strong><strong>\u00a0<\/strong><\/p>\n<ul>\n<li><a href=\"http:\/\/educacio.gencat.cat\/portal\/page\/portal\/EducacioIntranet\/Inici\/PortalCentres\/pcGestioEconomica\">Acc\u00e9s al portal de centres<\/a><strong>\u00a0<\/strong><\/li>\n<li><a href=\"http:\/\/educacio.gencat.cat\/documents\/IPCNormativa\/DisposicionsInternes\/Modificacio_instruccio_gestio_economica_per_pluriennals.pdf\">Instrucci\u00f3 1\/2014 relativa a la gesti\u00f3 econ\u00f2mica dels centres<\/a><strong>\u00a0<\/strong><\/li>\n<li><a href=\"http:\/\/educacio.gencat.cat\/portal\/page\/portal\/EducacioIntranet\/Inici\/RecursosPortalIntranet\/BonesPractiques\/BPGestioEconomica\">Bones pr\u00e0ctiques<\/a><strong>\u00a0<\/strong><\/li>\n<li><a href=\"https:\/\/docs.google.com\/folderview?id=0B6eMJjzJLnhbWWRrd0pVS1BQbUk&amp;usp=drive_web\">La gesti\u00f3 econ\u00f2mica (presentaci\u00f3 a les direccions febrer 2015)<\/a><strong>\u00a0<\/strong><\/li>\n<\/ul>\n","protected":false},"excerpt":{"rendered":"<p>Administraci\u00f3\u00a0 Guia d&#8217;Estil del Departament\u00a0 Documentaci\u00f3 acad\u00e8mica\u00a0 Documents administratius\u00a0Plantilles i\/o esquemes d&#8217;actes,\u00a0certificats,\u00a0informes,\u00a0sol\u00b7licituds&#8230;\u00a0 Cat\u00e0leg de models\u00a0 Acc\u00e9s a e-Valisa\u00a0 Adreces per procediments de eValisa (octubre 2015)\u00a0 Adreces aplicacions xtec amb enlla\u00e7os directes\u00a0 Com signar electr\u00f2nicament\u00a0 Symbaloo formaci\u00f3 direccions\u00a0 Arxiu documental de l&#8217;escola\u00a0(presentaci\u00f3 de N\u00faria Caballeria 2013) Presentaci\u00f3 Esfer@ Gesti\u00f3 Econ\u00f2mica\u00a0 Acc\u00e9s al portal de centres\u00a0 Instrucci\u00f3 [&hellip;]<\/p>\n","protected":false},"author":1,"featured_media":0,"parent":0,"menu_order":0,"comment_status":"closed","ping_status":"closed","template":"","meta":{"_bbp_topic_count":0,"_bbp_reply_count":0,"_bbp_total_topic_count":0,"_bbp_total_reply_count":0,"_bbp_voice_count":0,"_bbp_anonymous_reply_count":0,"_bbp_topic_count_hidden":0,"_bbp_reply_count_hidden":0,"_bbp_forum_subforum_count":0,"site-sidebar-layout":"default","site-content-layout":"","ast-site-content-layout":"default","site-content-style":"default","site-sidebar-style":"default","ast-global-header-display":"","ast-banner-title-visibility":"","ast-main-header-display":"","ast-hfb-above-header-display":"","ast-hfb-below-header-display":"","ast-hfb-mobile-header-display":"","site-post-title":"","ast-breadcrumbs-content":"","ast-featured-img":"","footer-sml-layout":"","theme-transparent-header-meta":"","adv-header-id-meta":"","stick-header-meta":"","header-above-stick-meta":"","header-main-stick-meta":"","header-below-stick-meta":"","astra-migrate-meta-layouts":"set","ast-page-background-enabled":"default","ast-page-background-meta":{"desktop":{"background-color":"var(--ast-global-color-4)","background-image":"","background-repeat":"repeat","background-position":"center center","background-size":"auto","background-attachment":"scroll","background-type":"","background-media":"","overlay-type":"","overlay-color":"","overlay-opacity":"","overlay-gradient":""},"tablet":{"background-color":"","background-image":"","background-repeat":"repeat","background-position":"center center","background-size":"auto","background-attachment":"scroll","background-type":"","background-media":"","overlay-type":"","overlay-color":"","overlay-opacity":"","overlay-gradient":""},"mobile":{"background-color":"","background-image":"","background-repeat":"repeat","background-position":"center center","background-size":"auto","background-attachment":"scroll","background-type":"","background-media":"","overlay-type":"","overlay-color":"","overlay-opacity":"","overlay-gradient":""}},"ast-content-background-meta":{"desktop":{"background-color":"var(--ast-global-color-5)","background-image":"","background-repeat":"repeat","background-position":"center center","background-size":"auto","background-attachment":"scroll","background-type":"","background-media":"","overlay-type":"","overlay-color":"","overlay-opacity":"","overlay-gradient":""},"tablet":{"background-color":"var(--ast-global-color-5)","background-image":"","background-repeat":"repeat","background-position":"center center","background-size":"auto","background-attachment":"scroll","background-type":"","background-media":"","overlay-type":"","overlay-color":"","overlay-opacity":"","overlay-gradient":""},"mobile":{"background-color":"var(--ast-global-color-5)","background-image":"","background-repeat":"repeat","background-position":"center center","background-size":"auto","background-attachment":"scroll","background-type":"","background-media":"","overlay-type":"","overlay-color":"","overlay-opacity":"","overlay-gradient":""}},"footnotes":""},"class_list":["post-8269","page","type-page","status-publish","hentry"],"post_mailing_queue_ids":[],"_links":{"self":[{"href":"https:\/\/serveiseducatius.xtec.cat\/vallesoccidental7\/wp-json\/wp\/v2\/pages\/8269","targetHints":{"allow":["GET"]}}],"collection":[{"href":"https:\/\/serveiseducatius.xtec.cat\/vallesoccidental7\/wp-json\/wp\/v2\/pages"}],"about":[{"href":"https:\/\/serveiseducatius.xtec.cat\/vallesoccidental7\/wp-json\/wp\/v2\/types\/page"}],"author":[{"embeddable":true,"href":"https:\/\/serveiseducatius.xtec.cat\/vallesoccidental7\/wp-json\/wp\/v2\/users\/1"}],"replies":[{"embeddable":true,"href":"https:\/\/serveiseducatius.xtec.cat\/vallesoccidental7\/wp-json\/wp\/v2\/comments?post=8269"}],"version-history":[{"count":2,"href":"https:\/\/serveiseducatius.xtec.cat\/vallesoccidental7\/wp-json\/wp\/v2\/pages\/8269\/revisions"}],"predecessor-version":[{"id":13832,"href":"https:\/\/serveiseducatius.xtec.cat\/vallesoccidental7\/wp-json\/wp\/v2\/pages\/8269\/revisions\/13832"}],"wp:attachment":[{"href":"https:\/\/serveiseducatius.xtec.cat\/vallesoccidental7\/wp-json\/wp\/v2\/media?parent=8269"}],"curies":[{"name":"wp","href":"https:\/\/api.w.org\/{rel}","templated":true}]}}