{"id":338,"date":"2015-11-24T18:40:49","date_gmt":"2015-11-24T17:40:49","guid":{"rendered":"http:\/\/serveiseducatius.xtec.cat\/se-vallesoccidental7\/?page_id=338"},"modified":"2025-03-17T09:00:14","modified_gmt":"2025-03-17T08:00:14","slug":"centres-educatius","status":"publish","type":"page","link":"https:\/\/serveiseducatius.xtec.cat\/vallesoccidental7\/comunitat\/centres-educatius\/","title":{"rendered":"Centres educatius"},"content":{"rendered":"<table style=\"height: 510px;\" width=\"509\">\n<tbody>\n<tr>\n<td style=\"vertical-align: top;\"><strong>Badia del Vall\u00e8s<\/strong><\/td>\n<td style=\"vertical-align: top;\"><strong>Barber\u00e0 del Vall\u00e8s<\/strong><\/td>\n<\/tr>\n<tr>\n<td style=\"vertical-align: top;\"><u>Llars d&#8217;infants<\/u><\/p>\n<ul>\n<li><a href=\"https:\/\/www.facebook.com\/pages\/category\/School\/Llar-dinfants-La-Llavor-Badia-del-Vall%C3%A8s-198299607018548\/\" target=\"_blank\" rel=\"noopener noreferrer\">La Llavor<\/a><\/li>\n<li><a href=\"http:\/\/www.xtec.es\/centres\/a8047959\/\" target=\"_blank\" rel=\"noopener noreferrer\">Mainada<\/a><\/li>\n<\/ul>\n<\/td>\n<td style=\"vertical-align: top;\"><u>Llars d&#8217;infants<\/u><\/p>\n<ul>\n<li><a href=\"http:\/\/blocs.xtec.cat\/llarelbosquet\/\" target=\"_blank\" rel=\"noopener noreferrer\">El Bosquet<\/a>\u00a0(municipal)<\/li>\n<li><a href=\"http:\/\/blocs.xtec.cat\/llarlabaldufa\/\" target=\"_blank\" rel=\"noopener noreferrer\">La Baldufa<\/a>\u00a0(municipal)<\/li>\n<li><a href=\"http:\/\/blocs.xtec.cat\/llarlablava\/\" target=\"_blank\" rel=\"noopener noreferrer\">La\u00a0Blava<\/a>\u00a0(municipal)<\/li>\n<li><a href=\"http:\/\/www.xtec.net\/eeirodona\/\" target=\"_blank\" rel=\"noopener noreferrer\">Rodona\u00a0<\/a>(municipal)<\/li>\n<li><a href=\"http:\/\/www.xtec.es\/eeilarondalla\/\" target=\"_blank\" rel=\"noopener noreferrer\">Rondalla\u00a0<\/a>(municipal)<\/li>\n<li><a href=\"http:\/\/www.xtec.net\/eeixerinola\/\" target=\"_blank\" rel=\"noopener noreferrer\">Xerinola\u00a0<\/a>(municipal)<\/li>\n<li><a href=\"http:\/\/www.llarinfantsiris.com\/\" target=\"_blank\" rel=\"noopener noreferrer\">Iris\u00a0<\/a>(privada)<\/li>\n<li><a href=\"https:\/\/www.facebook.com\/Escola-Bressol-El-Petit-Cangur-1696419987294101\/?fref=nf\" target=\"_blank\" rel=\"noopener noreferrer\">El Petit Cangur<\/a> (privada)<\/li>\n<li><a href=\"https:\/\/es-es.facebook.com\/pg\/escolabressolesquitx\/about\/\" target=\"_blank\" rel=\"noopener noreferrer\">Esquitx<\/a> (privada)<\/li>\n<\/ul>\n<\/td>\n<\/tr>\n<tr>\n<td style=\"vertical-align: top;\"><span style=\"text-decoration: underline;\">Escoles d&#8217;Educaci\u00f3 Infantil i Prim\u00e0ria<\/span><\/p>\n<ul>\n<li><a href=\"https:\/\/agora.xtec.cat\/esc-nova-de-badia\/\" target=\"_blank\" rel=\"noopener\">L&#8217;Oreneta<\/a><\/li>\n<\/ul>\n<\/td>\n<td style=\"vertical-align: top;\"><span style=\"text-decoration: underline;\">Escoles d&#8217;Educaci\u00f3 Infantil i Prim\u00e0ria<\/span><\/p>\n<ul>\n<li><a href=\"http:\/\/www.xtec.cat\/escolacanserra\/\" target=\"_blank\" rel=\"noopener noreferrer\">Can Serra<\/a><\/li>\n<li><a href=\"https:\/\/agora.xtec.cat\/escolabosc-barbera\/\" target=\"_blank\" rel=\"noopener noreferrer\">del Bosc<\/a><\/li>\n<li><a href=\"http:\/\/www.xtec.cat\/escolaelisabadia\/\" target=\"_blank\" rel=\"noopener noreferrer\">Elisa Badia<\/a><\/li>\n<li><a href=\"http:\/\/www.escolamartamata.cat\/\" target=\"_blank\" rel=\"noopener noreferrer\">Marta Mata<\/a><\/li>\n<li><a href=\"https:\/\/blocs.xtec.cat\/escolamiquelmartipolbdv\/\" target=\"_blank\" rel=\"noopener noreferrer\">Miquel Mart\u00ed i Pol<\/a><\/li>\n<li><a href=\"http:\/\/www.xtec.cat\/escolapablopicasso\/\" target=\"_blank\" rel=\"noopener noreferrer\">Pablo Picasso<\/a><\/li>\n<\/ul>\n<\/td>\n<\/tr>\n<tr>\n<td style=\"vertical-align: top;\"><span style=\"text-decoration: underline;\">Instituts-Escola<\/span><\/p>\n<ul style=\"list-style-type: square;\">\n<li><a href=\"https:\/\/agora.xtec.cat\/ceiplajota\/\" target=\"_blank\" rel=\"noopener\">La Jota<\/a><\/li>\n<\/ul>\n<\/td>\n<td style=\"vertical-align: top;\"><span style=\"text-decoration: underline;\">Instituts-Escola<\/span><\/p>\n<ul style=\"font-size: 14px; font-family: 'Helvetica Neue', Helvetica, Helvetica, Arial, sans-serif;\">\n<li><a href=\"https:\/\/agora.xtec.cat\/escolacanllobet\/\" target=\"_blank\" rel=\"noopener\">Can Llobet<\/a><\/li>\n<\/ul>\n<\/td>\n<\/tr>\n<tr>\n<td style=\"vertical-align: top;\">\n<p style=\"font-family: 'Helvetica Neue', Helvetica, Helvetica, Arial, sans-serif; font-size: 14px; background-color: #f9f9f9;\"><span style=\"text-decoration: underline;\">Instituts d&#8217;Ensenyament Secundari<\/span><\/p>\n<ul>\n<li><a href=\"https:\/\/agora.xtec.cat\/iesbadia\/\" target=\"_blank\" rel=\"noopener noreferrer\">Badia\u00a0del Vall\u00e8s (CCFF)<\/a><\/li>\n<li><a href=\"http:\/\/www.insfedericamontseny.cat\/\" target=\"_blank\" rel=\"noopener noreferrer\">Federica Montseny<\/a><\/li>\n<\/ul>\n<\/td>\n<td style=\"vertical-align: top;\">\n<p style=\"font-family: 'Helvetica Neue', Helvetica, Helvetica, Arial, sans-serif; font-size: 14px; background-color: #f9f9f9;\"><span style=\"text-decoration: underline;\">Instituts d&#8217;Ensenyament Secundari<\/span><\/p>\n<ul>\n<li><a href=\"https:\/\/agora.xtec.cat\/institutcanplanas\/\" target=\"_blank\" rel=\"noopener noreferrer\">Can Planas<\/a><\/li>\n<li><a href=\"https:\/\/agora.xtec.cat\/ieslaromanica\/\" target=\"_blank\" rel=\"noopener noreferrer\">La Rom\u00e0nica<\/a><\/li>\n<li><a href=\"http:\/\/agora.xtec.cat\/insbarbera\/\" target=\"_blank\" rel=\"noopener noreferrer\">Bit\u00e0cola<\/a><\/li>\n<\/ul>\n<\/td>\n<\/tr>\n<\/tbody>\n<\/table>\n<p><iframe loading=\"lazy\" src=\"http:\/\/www.instamaps.cat\/geocatweb\/visor.html?businessid=5f81beab9669173e70230a8c4b31cf79&amp;id=30010556&amp;title=Centres%20Educatius%20SE%20VOC%20VII&amp;3D=false&amp;embed=1\" width=\"640\" height=\"480\" frameborder=\"0\" marginwidth=\"0\" marginheight=\"0\" scrolling=\"no\"><\/iframe><\/p>\n","protected":false},"excerpt":{"rendered":"<p>Badia del Vall\u00e8s Barber\u00e0 del Vall\u00e8s Llars d&#8217;infants La Llavor Mainada Llars d&#8217;infants El Bosquet\u00a0(municipal) La Baldufa\u00a0(municipal) La\u00a0Blava\u00a0(municipal) Rodona\u00a0(municipal) Rondalla\u00a0(municipal) Xerinola\u00a0(municipal) Iris\u00a0(privada) El Petit Cangur (privada) Esquitx (privada) Escoles d&#8217;Educaci\u00f3 Infantil i Prim\u00e0ria L&#8217;Oreneta Escoles d&#8217;Educaci\u00f3 Infantil i Prim\u00e0ria Can Serra del Bosc Elisa Badia Marta Mata Miquel Mart\u00ed i Pol Pablo Picasso Instituts-Escola La [&hellip;]<\/p>\n","protected":false},"author":1,"featured_media":0,"parent":341,"menu_order":10,"comment_status":"closed","ping_status":"closed","template":"page-templates\/side-menu.php","meta":{"_bbp_topic_count":0,"_bbp_reply_count":0,"_bbp_total_topic_count":0,"_bbp_total_reply_count":0,"_bbp_voice_count":0,"_bbp_anonymous_reply_count":0,"_bbp_topic_count_hidden":0,"_bbp_reply_count_hidden":0,"_bbp_forum_subforum_count":0,"site-sidebar-layout":"default","site-content-layout":"","ast-site-content-layout":"","site-content-style":"default","site-sidebar-style":"default","ast-global-header-display":"","ast-banner-title-visibility":"","ast-main-header-display":"","ast-hfb-above-header-display":"","ast-hfb-below-header-display":"","ast-hfb-mobile-header-display":"","site-post-title":"","ast-breadcrumbs-content":"","ast-featured-img":"","footer-sml-layout":"","theme-transparent-header-meta":"","adv-header-id-meta":"","stick-header-meta":"","header-above-stick-meta":"","header-main-stick-meta":"","header-below-stick-meta":"","astra-migrate-meta-layouts":"default","ast-page-background-enabled":"default","ast-page-background-meta":{"desktop":{"background-color":"var(--ast-global-color-4)","background-image":"","background-repeat":"repeat","background-position":"center center","background-size":"auto","background-attachment":"scroll","background-type":"","background-media":"","overlay-type":"","overlay-color":"","overlay-opacity":"","overlay-gradient":""},"tablet":{"background-color":"","background-image":"","background-repeat":"repeat","background-position":"center center","background-size":"auto","background-attachment":"scroll","background-type":"","background-media":"","overlay-type":"","overlay-color":"","overlay-opacity":"","overlay-gradient":""},"mobile":{"background-color":"","background-image":"","background-repeat":"repeat","background-position":"center center","background-size":"auto","background-attachment":"scroll","background-type":"","background-media":"","overlay-type":"","overlay-color":"","overlay-opacity":"","overlay-gradient":""}},"ast-content-background-meta":{"desktop":{"background-color":"var(--ast-global-color-5)","background-image":"","background-repeat":"repeat","background-position":"center center","background-size":"auto","background-attachment":"scroll","background-type":"","background-media":"","overlay-type":"","overlay-color":"","overlay-opacity":"","overlay-gradient":""},"tablet":{"background-color":"var(--ast-global-color-5)","background-image":"","background-repeat":"repeat","background-position":"center center","background-size":"auto","background-attachment":"scroll","background-type":"","background-media":"","overlay-type":"","overlay-color":"","overlay-opacity":"","overlay-gradient":""},"mobile":{"background-color":"var(--ast-global-color-5)","background-image":"","background-repeat":"repeat","background-position":"center center","background-size":"auto","background-attachment":"scroll","background-type":"","background-media":"","overlay-type":"","overlay-color":"","overlay-opacity":"","overlay-gradient":""}},"footnotes":""},"class_list":["post-338","page","type-page","status-publish","hentry"],"post_mailing_queue_ids":[],"_links":{"self":[{"href":"https:\/\/serveiseducatius.xtec.cat\/vallesoccidental7\/wp-json\/wp\/v2\/pages\/338","targetHints":{"allow":["GET"]}}],"collection":[{"href":"https:\/\/serveiseducatius.xtec.cat\/vallesoccidental7\/wp-json\/wp\/v2\/pages"}],"about":[{"href":"https:\/\/serveiseducatius.xtec.cat\/vallesoccidental7\/wp-json\/wp\/v2\/types\/page"}],"author":[{"embeddable":true,"href":"https:\/\/serveiseducatius.xtec.cat\/vallesoccidental7\/wp-json\/wp\/v2\/users\/1"}],"replies":[{"embeddable":true,"href":"https:\/\/serveiseducatius.xtec.cat\/vallesoccidental7\/wp-json\/wp\/v2\/comments?post=338"}],"version-history":[{"count":7,"href":"https:\/\/serveiseducatius.xtec.cat\/vallesoccidental7\/wp-json\/wp\/v2\/pages\/338\/revisions"}],"predecessor-version":[{"id":13061,"href":"https:\/\/serveiseducatius.xtec.cat\/vallesoccidental7\/wp-json\/wp\/v2\/pages\/338\/revisions\/13061"}],"up":[{"embeddable":true,"href":"https:\/\/serveiseducatius.xtec.cat\/vallesoccidental7\/wp-json\/wp\/v2\/pages\/341"}],"wp:attachment":[{"href":"https:\/\/serveiseducatius.xtec.cat\/vallesoccidental7\/wp-json\/wp\/v2\/media?parent=338"}],"curies":[{"name":"wp","href":"https:\/\/api.w.org\/{rel}","templated":true}]}}