{"id":13926,"date":"2026-03-24T12:29:52","date_gmt":"2026-03-24T11:29:52","guid":{"rendered":"https:\/\/serveiseducatius.xtec.cat\/vallesoccidental7\/?page_id=13926"},"modified":"2026-04-13T09:22:25","modified_gmt":"2026-04-13T07:22:25","slug":"instruccions-per-a-laplicacio-de-les-proves-de-lavaluacio-de-diagnostic-25-26","status":"publish","type":"page","link":"https:\/\/serveiseducatius.xtec.cat\/vallesoccidental7\/instruccions-per-a-laplicacio-de-les-proves-de-lavaluacio-de-diagnostic-25-26\/","title":{"rendered":"Proves de l&#8217;avaluaci\u00f3 de diagn\u00f2stic 25-26; 4t de prim\u00e0ria i 2n d&#8217;ESO"},"content":{"rendered":"\n<p><\/p>\n\n\n\n<p>P<strong>resentaci\u00f3<\/strong>&nbsp;que detalla el&nbsp;<strong>procediment abans, durant i despr\u00e9s de l\u2019aplicaci\u00f3 de les proves<\/strong><\/p>\n\n\n\n<p><a href=\"https:\/\/drive.google.com\/file\/d\/1c-2txpOaOu6Vtp2PGMstSbh1RL1JLMjH\/view?usp=sharing\">https:\/\/drive.google.com\/file\/d\/1c-2txpOaOu6Vtp2PGMstSbh1RL1JLMjH\/view?usp=sharing<\/a><\/p>\n\n\n\n<p>PRIM\u00c0RIA: Us recordem que podeu trobar tota la&nbsp;<strong>informaci\u00f3 detallada<\/strong>&nbsp;al&nbsp;&nbsp;<a href=\"https:\/\/serveiseducatius.xtec.cat\/vallesoccidental5\/avaluacions-curs-25-26\/avaluacio-diagnostica-4t-primaria-voc-2\/\" target=\"_blank\" rel=\"noreferrer noopener\"><strong>nostre web.<\/strong>&nbsp;<\/a>&nbsp;Aix\u00ed mateix, us demanem que ompliu el&nbsp;&nbsp;<a href=\"https:\/\/docs.google.com\/forms\/d\/e\/1FAIpQLSd1hJixfUjfEdSZFtXbpX51-XLOJSnesIzr3pT5OGGKmg9tYw\/viewform\" target=\"_blank\" rel=\"noreferrer noopener\">formulari&nbsp;<\/a>&nbsp;<br>per indicar a quina seu lliurareu les proves el pr\u00f2xim dia&nbsp;<strong>20 d\u2019abril.<\/strong>&nbsp;Aix\u00ed mateix, us adjuntem la presentaci\u00f3.&nbsp;<\/p>\n\n\n\n<p>SECUND\u00c0RIA: <a href=\"https:\/\/sites.google.com\/xtec.cat\/proves-competencies-basiques\/reuni%C3%B3-informativa?authuser=0\" target=\"_blank\" rel=\"noreferrer noopener\">presentaci\u00f3<\/a>.<br>Tamb\u00e9 et fem arribar el&nbsp;<a href=\"https:\/\/docs.google.com\/forms\/d\/e\/1FAIpQLSd1hJixfUjfEdSZFtXbpX51-XLOJSnesIzr3pT5OGGKmg9tYw\/viewform\" target=\"_blank\" rel=\"noreferrer noopener\">formulari<\/a>&nbsp;per tal que puguis dir-nos en quin servei educatiu deixar\u00e0s els sobres (Santa Perp\u00e8tua, Badia o Cerdanyola).&nbsp;<\/p>\n\n\n\n<p class=\"has-large-font-size\">Materials proves<strong> <\/strong> &nbsp;<a href=\"https:\/\/drive.google.com\/drive\/folders\/1kuwJDBuNhGehi-o_LpY1ZtUvBEOvqomL?usp=drive_link\">https:\/\/drive.google.com\/drive\/folders\/1kuwJDBuNhGehi-o_LpY1ZtUvBEOvqomL?usp=drive_link<\/a><\/p>\n\n\n\n<p><\/p>\n","protected":false},"excerpt":{"rendered":"<p>Presentaci\u00f3&nbsp;que detalla el&nbsp;procediment abans, durant i despr\u00e9s de l\u2019aplicaci\u00f3 de les proves https:\/\/drive.google.com\/file\/d\/1c-2txpOaOu6Vtp2PGMstSbh1RL1JLMjH\/view?usp=sharing PRIM\u00c0RIA: Us recordem que podeu trobar tota la&nbsp;informaci\u00f3 detallada&nbsp;al&nbsp;&nbsp;nostre web.&nbsp;&nbsp;Aix\u00ed mateix, us demanem que ompliu el&nbsp;&nbsp;formulari&nbsp;&nbsp;per indicar a quina seu lliurareu les proves el pr\u00f2xim dia&nbsp;20 d\u2019abril.&nbsp;Aix\u00ed mateix, us adjuntem la presentaci\u00f3.&nbsp; SECUND\u00c0RIA: presentaci\u00f3.Tamb\u00e9 et fem arribar el&nbsp;formulari&nbsp;per tal que puguis dir-nos [&hellip;]<\/p>\n","protected":false},"author":5,"featured_media":0,"parent":0,"menu_order":0,"comment_status":"closed","ping_status":"close","template":"","meta":{"_bbp_topic_count":0,"_bbp_reply_count":0,"_bbp_total_topic_count":0,"_bbp_total_reply_count":0,"_bbp_voice_count":0,"_bbp_anonymous_reply_count":0,"_bbp_topic_count_hidden":0,"_bbp_reply_count_hidden":0,"_bbp_forum_subforum_count":0,"site-sidebar-layout":"default","site-content-layout":"","ast-site-content-layout":"default","site-content-style":"default","site-sidebar-style":"default","ast-global-header-display":"","ast-banner-title-visibility":"","ast-main-header-display":"","ast-hfb-above-header-display":"","ast-hfb-below-header-display":"","ast-hfb-mobile-header-display":"","site-post-title":"","ast-breadcrumbs-content":"","ast-featured-img":"","footer-sml-layout":"","theme-transparent-header-meta":"","adv-header-id-meta":"","stick-header-meta":"","header-above-stick-meta":"","header-main-stick-meta":"","header-below-stick-meta":"","astra-migrate-meta-layouts":"set","ast-page-background-enabled":"default","ast-page-background-meta":{"desktop":{"background-color":"var(--ast-global-color-4)","background-image":"","background-repeat":"repeat","background-position":"center center","background-size":"auto","background-attachment":"scroll","background-type":"","background-media":"","overlay-type":"","overlay-color":"","overlay-opacity":"","overlay-gradient":""},"tablet":{"background-color":"","background-image":"","background-repeat":"repeat","background-position":"center center","background-size":"auto","background-attachment":"scroll","background-type":"","background-media":"","overlay-type":"","overlay-color":"","overlay-opacity":"","overlay-gradient":""},"mobile":{"background-color":"","background-image":"","background-repeat":"repeat","background-position":"center center","background-size":"auto","background-attachment":"scroll","background-type":"","background-media":"","overlay-type":"","overlay-color":"","overlay-opacity":"","overlay-gradient":""}},"ast-content-background-meta":{"desktop":{"background-color":"var(--ast-global-color-5)","background-image":"","background-repeat":"repeat","background-position":"center center","background-size":"auto","background-attachment":"scroll","background-type":"","background-media":"","overlay-type":"","overlay-color":"","overlay-opacity":"","overlay-gradient":""},"tablet":{"background-color":"var(--ast-global-color-5)","background-image":"","background-repeat":"repeat","background-position":"center center","background-size":"auto","background-attachment":"scroll","background-type":"","background-media":"","overlay-type":"","overlay-color":"","overlay-opacity":"","overlay-gradient":""},"mobile":{"background-color":"var(--ast-global-color-5)","background-image":"","background-repeat":"repeat","background-position":"center center","background-size":"auto","background-attachment":"scroll","background-type":"","background-media":"","overlay-type":"","overlay-color":"","overlay-opacity":"","overlay-gradient":""}},"footnotes":""},"class_list":["post-13926","page","type-page","status-publish","hentry"],"post_mailing_queue_ids":[],"_links":{"self":[{"href":"https:\/\/serveiseducatius.xtec.cat\/vallesoccidental7\/wp-json\/wp\/v2\/pages\/13926","targetHints":{"allow":["GET"]}}],"collection":[{"href":"https:\/\/serveiseducatius.xtec.cat\/vallesoccidental7\/wp-json\/wp\/v2\/pages"}],"about":[{"href":"https:\/\/serveiseducatius.xtec.cat\/vallesoccidental7\/wp-json\/wp\/v2\/types\/page"}],"author":[{"embeddable":true,"href":"https:\/\/serveiseducatius.xtec.cat\/vallesoccidental7\/wp-json\/wp\/v2\/users\/5"}],"replies":[{"embeddable":true,"href":"https:\/\/serveiseducatius.xtec.cat\/vallesoccidental7\/wp-json\/wp\/v2\/comments?post=13926"}],"version-history":[{"count":6,"href":"https:\/\/serveiseducatius.xtec.cat\/vallesoccidental7\/wp-json\/wp\/v2\/pages\/13926\/revisions"}],"predecessor-version":[{"id":14077,"href":"https:\/\/serveiseducatius.xtec.cat\/vallesoccidental7\/wp-json\/wp\/v2\/pages\/13926\/revisions\/14077"}],"wp:attachment":[{"href":"https:\/\/serveiseducatius.xtec.cat\/vallesoccidental7\/wp-json\/wp\/v2\/media?parent=13926"}],"curies":[{"name":"wp","href":"https:\/\/api.w.org\/{rel}","templated":true}]}}