{"id":13877,"date":"2026-03-02T13:01:13","date_gmt":"2026-03-02T12:01:13","guid":{"rendered":"https:\/\/serveiseducatius.xtec.cat\/vallesoccidental7\/?page_id=13877"},"modified":"2026-03-02T13:01:14","modified_gmt":"2026-03-02T12:01:14","slug":"projecte-reconnect-es","status":"publish","type":"page","link":"https:\/\/serveiseducatius.xtec.cat\/vallesoccidental7\/projecte-reconnect-es\/","title":{"rendered":"Projecte Reconnect-ES"},"content":{"rendered":"\n<p>\u00c9s una iniciativa del Departament d\u2019Educaci\u00f3 i Formaci\u00f3 Professional que incorpora la figura de l\u2019educadora social als diferents Serveis Educatius amb l\u2019objectiu de reduir la taxa d\u2019Abandonament Escolar Prematur (AEP), que actualment es situa al 14% a Catalunya.<\/p>\n\n\n\n<p>Aquest enfocament es desenvolupa en el marc del&nbsp;<a href=\"https:\/\/educacio.gencat.cat\/web\/.content\/home\/departament\/publicacions\/documents-tecnics\/pla-contra-abandonament-escolar-prematur\/pla-contra-abandonament-escolar-prematur.pdf\" target=\"_blank\" rel=\"noreferrer noopener\">Pla d\u2019acci\u00f3 contra l\u2019abandonament escolar prematur<\/a>, que fixa com a objectiu reduir la taxa d\u2019abandonament per sota del 9 % l\u2019any 2030.<\/p>\n\n\n\n<p><strong>ABANDONAMENT ESCOLAR PREMATUR<\/strong><\/p>\n\n\n\n<p><strong>\u00c9s el tant per cent de la poblaci\u00f3 que ha assolit com a m\u00e0xim la primera etapa de l\u2019educaci\u00f3 secund\u00e0ria.&nbsp;<\/strong>Inclou la poblaci\u00f3 que no ha completat l\u2019ESO o que havent-la finalitzat, no segueix cap mena d\u2019educaci\u00f3 o formaci\u00f3. Ens referim als i les joves d\u2019entre 16 i 24 anys que no han assolit el nivell d\u2019estudis de secund\u00e0ria superior (nivell 3 de la CINE).<\/p>\n\n\n\n<p><strong>L\u00cdNIES DE TREBALL<\/strong><\/p>\n\n\n\n<p>&gt; Atenci\u00f3 directa:&nbsp;<\/p>\n\n\n\n<p>S\u2019ofereix un acompanyament socioeducatiu cap al jovent que ha abandonat els estudis i a les respectives fam\u00edlies, amb la finalitat que es reincorporin al sistema educatiu.&nbsp;<\/p>\n\n\n\n<p>&gt; Treball en xarxa:&nbsp;<\/p>\n\n\n\n<p>Coordinaci\u00f3 amb els agents socioeducatius de l\u2019entorn per tal d\u2019optimitzar els recursos locals i contribuir a l\u2019efectivitat en els circuits de prevenci\u00f3, detecci\u00f3 i intervenci\u00f3.<\/p>\n\n\n\n<p><strong>COM HO FEM<\/strong><\/p>\n\n\n\n<figure class=\"wp-block-embed is-type-video is-provider-youtube wp-block-embed-youtube wp-embed-aspect-16-9 wp-has-aspect-ratio\"><div class=\"wp-block-embed__wrapper\">\n<div class=\"ast-oembed-container \" style=\"height: 100%;\"><iframe loading=\"lazy\" title=\"Projecte Reconnect-ES: acompanyar i orientar contra l&#039;abandonament escolar\" width=\"500\" height=\"281\" src=\"https:\/\/www.youtube.com\/embed\/rY8LP6InHcA?feature=oembed\" frameborder=\"0\" allow=\"accelerometer; autoplay; clipboard-write; encrypted-media; gyroscope; picture-in-picture; web-share\" referrerpolicy=\"strict-origin-when-cross-origin\" allowfullscreen><\/iframe><\/div>\n<\/div><\/figure>\n\n\n\n<p><strong>CONTACTA<\/strong><\/p>\n\n\n\n<p><a href=\"https:\/\/drive.google.com\/file\/d\/1ysC2-UQgQ9ehhMoTzf3Ru3GQKaC4qk28\/view?usp=sharing\">Enlla\u00e7 als contactes<\/a><\/p>\n\n\n\n<p><strong>OFERTA FORMATIVA<\/strong><\/p>\n\n\n\n<p><a href=\"https:\/\/drive.google.com\/file\/d\/10Ey923_9qI1qvQwabjhl_qKaXrA_fOaE\/view?usp=sharing\">Enlla\u00e7 Consulta l\u2019oferta formativa que pots trobar\u00a0<strong>a la zona del Servei Educatiu VOCVII<\/strong><\/a><\/p>\n\n\n\n<p><a href=\"https:\/\/triaeducativa.gencat.cat\/ca\/inici\/index.html\">Consulta l\u2019oferta educativa de\u00a0<strong>Catalunya<\/strong>.<\/a><\/p>\n\n\n\n<p><\/p>\n","protected":false},"excerpt":{"rendered":"<p>\u00c9s una iniciativa del Departament d\u2019Educaci\u00f3 i Formaci\u00f3 Professional que incorpora la figura de l\u2019educadora social als diferents Serveis Educatius amb l\u2019objectiu de reduir la taxa d\u2019Abandonament Escolar Prematur (AEP), que actualment es situa al 14% a Catalunya. Aquest enfocament es desenvolupa en el marc del&nbsp;Pla d\u2019acci\u00f3 contra l\u2019abandonament escolar prematur, que fixa com a [&hellip;]<\/p>\n","protected":false},"author":5,"featured_media":0,"parent":0,"menu_order":0,"comment_status":"closed","ping_status":"close","template":"","meta":{"_bbp_topic_count":0,"_bbp_reply_count":0,"_bbp_total_topic_count":0,"_bbp_total_reply_count":0,"_bbp_voice_count":0,"_bbp_anonymous_reply_count":0,"_bbp_topic_count_hidden":0,"_bbp_reply_count_hidden":0,"_bbp_forum_subforum_count":0,"site-sidebar-layout":"default","site-content-layout":"","ast-site-content-layout":"default","site-content-style":"default","site-sidebar-style":"default","ast-global-header-display":"","ast-banner-title-visibility":"","ast-main-header-display":"","ast-hfb-above-header-display":"","ast-hfb-below-header-display":"","ast-hfb-mobile-header-display":"","site-post-title":"","ast-breadcrumbs-content":"","ast-featured-img":"","footer-sml-layout":"","theme-transparent-header-meta":"","adv-header-id-meta":"","stick-header-meta":"","header-above-stick-meta":"","header-main-stick-meta":"","header-below-stick-meta":"","astra-migrate-meta-layouts":"set","ast-page-background-enabled":"default","ast-page-background-meta":{"desktop":{"background-color":"var(--ast-global-color-4)","background-image":"","background-repeat":"repeat","background-position":"center center","background-size":"auto","background-attachment":"scroll","background-type":"","background-media":"","overlay-type":"","overlay-color":"","overlay-opacity":"","overlay-gradient":""},"tablet":{"background-color":"","background-image":"","background-repeat":"repeat","background-position":"center center","background-size":"auto","background-attachment":"scroll","background-type":"","background-media":"","overlay-type":"","overlay-color":"","overlay-opacity":"","overlay-gradient":""},"mobile":{"background-color":"","background-image":"","background-repeat":"repeat","background-position":"center center","background-size":"auto","background-attachment":"scroll","background-type":"","background-media":"","overlay-type":"","overlay-color":"","overlay-opacity":"","overlay-gradient":""}},"ast-content-background-meta":{"desktop":{"background-color":"var(--ast-global-color-5)","background-image":"","background-repeat":"repeat","background-position":"center center","background-size":"auto","background-attachment":"scroll","background-type":"","background-media":"","overlay-type":"","overlay-color":"","overlay-opacity":"","overlay-gradient":""},"tablet":{"background-color":"var(--ast-global-color-5)","background-image":"","background-repeat":"repeat","background-position":"center center","background-size":"auto","background-attachment":"scroll","background-type":"","background-media":"","overlay-type":"","overlay-color":"","overlay-opacity":"","overlay-gradient":""},"mobile":{"background-color":"var(--ast-global-color-5)","background-image":"","background-repeat":"repeat","background-position":"center center","background-size":"auto","background-attachment":"scroll","background-type":"","background-media":"","overlay-type":"","overlay-color":"","overlay-opacity":"","overlay-gradient":""}},"footnotes":""},"class_list":["post-13877","page","type-page","status-publish","hentry"],"post_mailing_queue_ids":[],"_links":{"self":[{"href":"https:\/\/serveiseducatius.xtec.cat\/vallesoccidental7\/wp-json\/wp\/v2\/pages\/13877","targetHints":{"allow":["GET"]}}],"collection":[{"href":"https:\/\/serveiseducatius.xtec.cat\/vallesoccidental7\/wp-json\/wp\/v2\/pages"}],"about":[{"href":"https:\/\/serveiseducatius.xtec.cat\/vallesoccidental7\/wp-json\/wp\/v2\/types\/page"}],"author":[{"embeddable":true,"href":"https:\/\/serveiseducatius.xtec.cat\/vallesoccidental7\/wp-json\/wp\/v2\/users\/5"}],"replies":[{"embeddable":true,"href":"https:\/\/serveiseducatius.xtec.cat\/vallesoccidental7\/wp-json\/wp\/v2\/comments?post=13877"}],"version-history":[{"count":6,"href":"https:\/\/serveiseducatius.xtec.cat\/vallesoccidental7\/wp-json\/wp\/v2\/pages\/13877\/revisions"}],"predecessor-version":[{"id":13888,"href":"https:\/\/serveiseducatius.xtec.cat\/vallesoccidental7\/wp-json\/wp\/v2\/pages\/13877\/revisions\/13888"}],"wp:attachment":[{"href":"https:\/\/serveiseducatius.xtec.cat\/vallesoccidental7\/wp-json\/wp\/v2\/media?parent=13877"}],"curies":[{"name":"wp","href":"https:\/\/api.w.org\/{rel}","templated":true}]}}