{"id":13778,"date":"2026-02-10T13:45:20","date_gmt":"2026-02-10T12:45:20","guid":{"rendered":"https:\/\/serveiseducatius.xtec.cat\/vallesoccidental7\/?page_id=13778"},"modified":"2026-04-07T20:48:25","modified_gmt":"2026-04-07T18:48:25","slug":"certamen-minerva-25-26","status":"publish","type":"page","link":"https:\/\/serveiseducatius.xtec.cat\/vallesoccidental7\/certamen-minerva-25-26\/","title":{"rendered":"Certamen Minerva 25-26"},"content":{"rendered":"\n<p>En data 10\/02\/2026 s\u2019han publicat les <a href=\"https:\/\/drive.google.com\/file\/d\/1SZSqo6HkP6KS5drzsz0QRyvtK9kc__RT\/view?usp=sharing\">BASES<\/a> dels 24\u00e8 Certamen Minerva.<\/p>\n\n\n\n<p class=\"has-text-align-left\">Cada curs, el Servei Educatiu del Vall\u00e8s Occidental VII premia els millors Treballs de Recerca dels instituts de Badia i Barber\u00e0 del Vall\u00e8s. Amb aquest acte, volem celebrar p\u00fablicament l&#8217;esfor\u00e7 i la dedicaci\u00f3 de l&#8217;alumnat de batxillerat i la tasca de guiatge del professorat de la nostra zona.<\/p>\n\n\n\n<p>En aquesta edici\u00f3, l\u2019acte de lliurament de premis tindr\u00e0 lloc a l\u2019Auditori Antonio D\u00edaz \u201cMago Pop\u201d de Badia del Vall\u00e8s, el proper 9 d\u2019abril a les 16.30.<\/p>\n\n\n\n<figure class=\"wp-block-image size-large is-resized\"><a href=\"https:\/\/serveiseducatius.xtec.cat\/vallesoccidental7\/wp-content\/uploads\/usu1104\/2026\/02\/Copia-de-23e-Certamen-Minerva-invitacio-2.png\"><img loading=\"lazy\" decoding=\"async\" width=\"1024\" height=\"724\" src=\"https:\/\/serveiseducatius.xtec.cat\/vallesoccidental7\/wp-content\/uploads\/usu1104\/2026\/02\/Copia-de-23e-Certamen-Minerva-invitacio-2-1024x724.png\" alt=\"\" class=\"wp-image-13786\" style=\"width:385px;height:auto\" srcset=\"https:\/\/serveiseducatius.xtec.cat\/vallesoccidental7\/wp-content\/uploads\/usu1104\/2026\/02\/Copia-de-23e-Certamen-Minerva-invitacio-2-1024x724.png 1024w, https:\/\/serveiseducatius.xtec.cat\/vallesoccidental7\/wp-content\/uploads\/usu1104\/2026\/02\/Copia-de-23e-Certamen-Minerva-invitacio-2-300x212.png 300w, https:\/\/serveiseducatius.xtec.cat\/vallesoccidental7\/wp-content\/uploads\/usu1104\/2026\/02\/Copia-de-23e-Certamen-Minerva-invitacio-2-768x543.png 768w, https:\/\/serveiseducatius.xtec.cat\/vallesoccidental7\/wp-content\/uploads\/usu1104\/2026\/02\/Copia-de-23e-Certamen-Minerva-invitacio-2-1536x1086.png 1536w, https:\/\/serveiseducatius.xtec.cat\/vallesoccidental7\/wp-content\/uploads\/usu1104\/2026\/02\/Copia-de-23e-Certamen-Minerva-invitacio-2.png 2000w\" sizes=\"auto, (max-width: 1024px) 100vw, 1024px\" \/><\/a><\/figure>\n\n\n\n<p>Fes clic a les imatges per consultar els treballs de recerca.<\/p>\n\n\n\n<figure class=\"wp-block-image size-large\"><a href=\"https:\/\/serveiseducatius.xtec.cat\/vallesoccidental7\/wp-content\/uploads\/usu1104\/2026\/04\/Copia-de-Cartell-23e-Minerva-2.png\"><img loading=\"lazy\" decoding=\"async\" width=\"724\" height=\"1024\" src=\"https:\/\/serveiseducatius.xtec.cat\/vallesoccidental7\/wp-content\/uploads\/usu1104\/2026\/04\/Copia-de-Cartell-23e-Minerva-2-724x1024.png\" alt=\"\" class=\"wp-image-13992\" srcset=\"https:\/\/serveiseducatius.xtec.cat\/vallesoccidental7\/wp-content\/uploads\/usu1104\/2026\/04\/Copia-de-Cartell-23e-Minerva-2-724x1024.png 724w, https:\/\/serveiseducatius.xtec.cat\/vallesoccidental7\/wp-content\/uploads\/usu1104\/2026\/04\/Copia-de-Cartell-23e-Minerva-2-212x300.png 212w, https:\/\/serveiseducatius.xtec.cat\/vallesoccidental7\/wp-content\/uploads\/usu1104\/2026\/04\/Copia-de-Cartell-23e-Minerva-2-768x1086.png 768w, https:\/\/serveiseducatius.xtec.cat\/vallesoccidental7\/wp-content\/uploads\/usu1104\/2026\/04\/Copia-de-Cartell-23e-Minerva-2-1086x1536.png 1086w, https:\/\/serveiseducatius.xtec.cat\/vallesoccidental7\/wp-content\/uploads\/usu1104\/2026\/04\/Copia-de-Cartell-23e-Minerva-2-1448x2048.png 1448w, https:\/\/serveiseducatius.xtec.cat\/vallesoccidental7\/wp-content\/uploads\/usu1104\/2026\/04\/Copia-de-Cartell-23e-Minerva-2.png 1587w\" sizes=\"auto, (max-width: 724px) 100vw, 724px\" \/><\/a><\/figure>\n","protected":false},"excerpt":{"rendered":"<p>En data 10\/02\/2026 s\u2019han publicat les BASES dels 24\u00e8 Certamen Minerva. Cada curs, el Servei Educatiu del Vall\u00e8s Occidental VII premia els millors Treballs de Recerca dels instituts de Badia i Barber\u00e0 del Vall\u00e8s. Amb aquest acte, volem celebrar p\u00fablicament l&#8217;esfor\u00e7 i la dedicaci\u00f3 de l&#8217;alumnat de batxillerat i la tasca de guiatge del professorat [&hellip;]<\/p>\n","protected":false},"author":5,"featured_media":0,"parent":0,"menu_order":0,"comment_status":"closed","ping_status":"close","template":"","meta":{"_bbp_topic_count":0,"_bbp_reply_count":0,"_bbp_total_topic_count":0,"_bbp_total_reply_count":0,"_bbp_voice_count":0,"_bbp_anonymous_reply_count":0,"_bbp_topic_count_hidden":0,"_bbp_reply_count_hidden":0,"_bbp_forum_subforum_count":0,"site-sidebar-layout":"default","site-content-layout":"","ast-site-content-layout":"default","site-content-style":"default","site-sidebar-style":"default","ast-global-header-display":"","ast-banner-title-visibility":"","ast-main-header-display":"","ast-hfb-above-header-display":"","ast-hfb-below-header-display":"","ast-hfb-mobile-header-display":"","site-post-title":"","ast-breadcrumbs-content":"","ast-featured-img":"","footer-sml-layout":"","theme-transparent-header-meta":"","adv-header-id-meta":"","stick-header-meta":"","header-above-stick-meta":"","header-main-stick-meta":"","header-below-stick-meta":"","astra-migrate-meta-layouts":"set","ast-page-background-enabled":"default","ast-page-background-meta":{"desktop":{"background-color":"var(--ast-global-color-4)","background-image":"","background-repeat":"repeat","background-position":"center center","background-size":"auto","background-attachment":"scroll","background-type":"","background-media":"","overlay-type":"","overlay-color":"","overlay-opacity":"","overlay-gradient":""},"tablet":{"background-color":"","background-image":"","background-repeat":"repeat","background-position":"center center","background-size":"auto","background-attachment":"scroll","background-type":"","background-media":"","overlay-type":"","overlay-color":"","overlay-opacity":"","overlay-gradient":""},"mobile":{"background-color":"","background-image":"","background-repeat":"repeat","background-position":"center center","background-size":"auto","background-attachment":"scroll","background-type":"","background-media":"","overlay-type":"","overlay-color":"","overlay-opacity":"","overlay-gradient":""}},"ast-content-background-meta":{"desktop":{"background-color":"var(--ast-global-color-5)","background-image":"","background-repeat":"repeat","background-position":"center center","background-size":"auto","background-attachment":"scroll","background-type":"","background-media":"","overlay-type":"","overlay-color":"","overlay-opacity":"","overlay-gradient":""},"tablet":{"background-color":"var(--ast-global-color-5)","background-image":"","background-repeat":"repeat","background-position":"center center","background-size":"auto","background-attachment":"scroll","background-type":"","background-media":"","overlay-type":"","overlay-color":"","overlay-opacity":"","overlay-gradient":""},"mobile":{"background-color":"var(--ast-global-color-5)","background-image":"","background-repeat":"repeat","background-position":"center center","background-size":"auto","background-attachment":"scroll","background-type":"","background-media":"","overlay-type":"","overlay-color":"","overlay-opacity":"","overlay-gradient":""}},"footnotes":""},"class_list":["post-13778","page","type-page","status-publish","hentry"],"post_mailing_queue_ids":[],"_links":{"self":[{"href":"https:\/\/serveiseducatius.xtec.cat\/vallesoccidental7\/wp-json\/wp\/v2\/pages\/13778","targetHints":{"allow":["GET"]}}],"collection":[{"href":"https:\/\/serveiseducatius.xtec.cat\/vallesoccidental7\/wp-json\/wp\/v2\/pages"}],"about":[{"href":"https:\/\/serveiseducatius.xtec.cat\/vallesoccidental7\/wp-json\/wp\/v2\/types\/page"}],"author":[{"embeddable":true,"href":"https:\/\/serveiseducatius.xtec.cat\/vallesoccidental7\/wp-json\/wp\/v2\/users\/5"}],"replies":[{"embeddable":true,"href":"https:\/\/serveiseducatius.xtec.cat\/vallesoccidental7\/wp-json\/wp\/v2\/comments?post=13778"}],"version-history":[{"count":6,"href":"https:\/\/serveiseducatius.xtec.cat\/vallesoccidental7\/wp-json\/wp\/v2\/pages\/13778\/revisions"}],"predecessor-version":[{"id":13997,"href":"https:\/\/serveiseducatius.xtec.cat\/vallesoccidental7\/wp-json\/wp\/v2\/pages\/13778\/revisions\/13997"}],"wp:attachment":[{"href":"https:\/\/serveiseducatius.xtec.cat\/vallesoccidental7\/wp-json\/wp\/v2\/media?parent=13778"}],"curies":[{"name":"wp","href":"https:\/\/api.w.org\/{rel}","templated":true}]}}