{"id":13611,"date":"2026-01-08T15:30:24","date_gmt":"2026-01-08T14:30:24","guid":{"rendered":"https:\/\/serveiseducatius.xtec.cat\/vallesoccidental7\/?page_id=13611"},"modified":"2026-01-08T15:30:25","modified_gmt":"2026-01-08T14:30:25","slug":"materials-per-treballar-la-llengua-a-partir-del-cinema","status":"publish","type":"page","link":"https:\/\/serveiseducatius.xtec.cat\/vallesoccidental7\/materials-per-treballar-la-llengua-a-partir-del-cinema\/","title":{"rendered":"Materials per treballar la llengua a partir del cinema"},"content":{"rendered":"\n<p><strong>Nou cercador de material did\u00e0ctic de pel\u00b7l\u00edcules<\/strong><\/p>\n\n\n\n<p>Posem al vostre abast un\u00a0<strong>nou cercador web<\/strong>\u00a0amb gaireb\u00e9 200 materials did\u00e0ctics en catal\u00e0 per treballar el cinema a l\u2019aula, gr\u00e0cies al conveni amb\u00a0<strong>Cinescola<\/strong>, entitat de refer\u00e8ncia en educaci\u00f3 audiovisual, que ha cedit tots els seus continguts per garantir-ne la continu\u00eftat.<br><br>Hi trobareu<strong>\u00a0propostes did\u00e0ctiques de pel\u00b7l\u00edcules\u00a0<\/strong>que es poden filtrar\u00a0per edat i tem\u00e0tica, amb activitats, debats, an\u00e0lisi cr\u00edtica, recursos t\u00e8cnics i lectures de suport.<br><br>Tot el material \u00e9s gratu\u00eft, en catal\u00e0, i accessible des de\u00a0l\u2019apartat de\u00a0<a href=\"https:\/\/us16.mailchimp.com\/mctx\/clicks?url=https%3A%2F%2Fmuseudelcinema.girona.cat%2Fcat%2Feducacio_professorat_cursos.php&amp;xid=23d698fa71&amp;uid=80430542&amp;iid=1877760180&amp;pool=cts&amp;v=2&amp;c=1763975069&amp;h=478c19961ddcdb684a815ca05c43219d5984d41d4ab774f602ffd7e60be03ea2\" target=\"_blank\" rel=\"noreferrer noopener\">recursos per a professorat\u00a0<\/a>\u00a0del web del Museu.<br><br>Aquest recurs neix per oferir-vos eines pr\u00e0ctiques, adaptables a totes les etapes educatives, i facilitar que incorporeu el cinema a la vostra pr\u00e0ctica fomentant el\u00a0<strong>pensament cr\u00edtic de l\u2019alumna<\/strong>t.<br><br>Un espai creat per vosaltres, pensat per\u00a0<strong>enriquir el treball audiovisual a l\u2019aula<\/strong>.<\/p>\n\n\n\n<p><br>&#8211;&nbsp;&nbsp;&nbsp;&nbsp;&nbsp;&nbsp;&nbsp;&nbsp;<a href=\"https:\/\/museudelcinema.girona.cat\/cat\/educacio_professorat_cinescola.php\" target=\"_blank\" rel=\"noreferrer noopener\">Cercador de material did\u00e0ctic de pel\u00b7l\u00edcules<\/a><\/p>\n\n\n\n<p>&#8211;&nbsp;&nbsp;&nbsp;&nbsp;&nbsp;&nbsp;&nbsp;&nbsp;<a href=\"https:\/\/museudelcinema.girona.cat\/cat\/educacio_professorat_cursos.php\" target=\"_blank\" rel=\"noreferrer noopener\">Espai de recursos pel professorat del Museu del Cinema<\/a><\/p>\n\n\n\n<p><\/p>\n","protected":false},"excerpt":{"rendered":"<p>Nou cercador de material did\u00e0ctic de pel\u00b7l\u00edcules Posem al vostre abast un\u00a0nou cercador web\u00a0amb gaireb\u00e9 200 materials did\u00e0ctics en catal\u00e0 per treballar el cinema a l\u2019aula, gr\u00e0cies al conveni amb\u00a0Cinescola, entitat de refer\u00e8ncia en educaci\u00f3 audiovisual, que ha cedit tots els seus continguts per garantir-ne la continu\u00eftat. Hi trobareu\u00a0propostes did\u00e0ctiques de pel\u00b7l\u00edcules\u00a0que es poden filtrar\u00a0per [&hellip;]<\/p>\n","protected":false},"author":5,"featured_media":0,"parent":0,"menu_order":0,"comment_status":"closed","ping_status":"close","template":"","meta":{"_bbp_topic_count":0,"_bbp_reply_count":0,"_bbp_total_topic_count":0,"_bbp_total_reply_count":0,"_bbp_voice_count":0,"_bbp_anonymous_reply_count":0,"_bbp_topic_count_hidden":0,"_bbp_reply_count_hidden":0,"_bbp_forum_subforum_count":0,"site-sidebar-layout":"default","site-content-layout":"","ast-site-content-layout":"default","site-content-style":"default","site-sidebar-style":"default","ast-global-header-display":"","ast-banner-title-visibility":"","ast-main-header-display":"","ast-hfb-above-header-display":"","ast-hfb-below-header-display":"","ast-hfb-mobile-header-display":"","site-post-title":"","ast-breadcrumbs-content":"","ast-featured-img":"","footer-sml-layout":"","theme-transparent-header-meta":"","adv-header-id-meta":"","stick-header-meta":"","header-above-stick-meta":"","header-main-stick-meta":"","header-below-stick-meta":"","astra-migrate-meta-layouts":"set","ast-page-background-enabled":"default","ast-page-background-meta":{"desktop":{"background-color":"var(--ast-global-color-4)","background-image":"","background-repeat":"repeat","background-position":"center center","background-size":"auto","background-attachment":"scroll","background-type":"","background-media":"","overlay-type":"","overlay-color":"","overlay-opacity":"","overlay-gradient":""},"tablet":{"background-color":"","background-image":"","background-repeat":"repeat","background-position":"center center","background-size":"auto","background-attachment":"scroll","background-type":"","background-media":"","overlay-type":"","overlay-color":"","overlay-opacity":"","overlay-gradient":""},"mobile":{"background-color":"","background-image":"","background-repeat":"repeat","background-position":"center center","background-size":"auto","background-attachment":"scroll","background-type":"","background-media":"","overlay-type":"","overlay-color":"","overlay-opacity":"","overlay-gradient":""}},"ast-content-background-meta":{"desktop":{"background-color":"var(--ast-global-color-5)","background-image":"","background-repeat":"repeat","background-position":"center center","background-size":"auto","background-attachment":"scroll","background-type":"","background-media":"","overlay-type":"","overlay-color":"","overlay-opacity":"","overlay-gradient":""},"tablet":{"background-color":"var(--ast-global-color-5)","background-image":"","background-repeat":"repeat","background-position":"center center","background-size":"auto","background-attachment":"scroll","background-type":"","background-media":"","overlay-type":"","overlay-color":"","overlay-opacity":"","overlay-gradient":""},"mobile":{"background-color":"var(--ast-global-color-5)","background-image":"","background-repeat":"repeat","background-position":"center center","background-size":"auto","background-attachment":"scroll","background-type":"","background-media":"","overlay-type":"","overlay-color":"","overlay-opacity":"","overlay-gradient":""}},"footnotes":""},"class_list":["post-13611","page","type-page","status-publish","hentry"],"post_mailing_queue_ids":[],"_links":{"self":[{"href":"https:\/\/serveiseducatius.xtec.cat\/vallesoccidental7\/wp-json\/wp\/v2\/pages\/13611","targetHints":{"allow":["GET"]}}],"collection":[{"href":"https:\/\/serveiseducatius.xtec.cat\/vallesoccidental7\/wp-json\/wp\/v2\/pages"}],"about":[{"href":"https:\/\/serveiseducatius.xtec.cat\/vallesoccidental7\/wp-json\/wp\/v2\/types\/page"}],"author":[{"embeddable":true,"href":"https:\/\/serveiseducatius.xtec.cat\/vallesoccidental7\/wp-json\/wp\/v2\/users\/5"}],"replies":[{"embeddable":true,"href":"https:\/\/serveiseducatius.xtec.cat\/vallesoccidental7\/wp-json\/wp\/v2\/comments?post=13611"}],"version-history":[{"count":1,"href":"https:\/\/serveiseducatius.xtec.cat\/vallesoccidental7\/wp-json\/wp\/v2\/pages\/13611\/revisions"}],"predecessor-version":[{"id":13613,"href":"https:\/\/serveiseducatius.xtec.cat\/vallesoccidental7\/wp-json\/wp\/v2\/pages\/13611\/revisions\/13613"}],"wp:attachment":[{"href":"https:\/\/serveiseducatius.xtec.cat\/vallesoccidental7\/wp-json\/wp\/v2\/media?parent=13611"}],"curies":[{"name":"wp","href":"https:\/\/api.w.org\/{rel}","templated":true}]}}