{"id":13547,"date":"2025-11-05T12:00:22","date_gmt":"2025-11-05T11:00:22","guid":{"rendered":"https:\/\/serveiseducatius.xtec.cat\/vallesoccidental7\/?page_id=13547"},"modified":"2026-03-11T10:36:32","modified_gmt":"2026-03-11T09:36:32","slug":"seminari-aules-dacollida","status":"publish","type":"page","link":"https:\/\/serveiseducatius.xtec.cat\/vallesoccidental7\/seminari-aules-dacollida\/","title":{"rendered":"Seminari AULES D&#8217;ACOLLIDA"},"content":{"rendered":"<p><strong>CURS 2025-2026<\/strong><\/p>\n<p><a href=\"https:\/\/drive.google.com\/drive\/u\/0\/folders\/1yEhwaNV9B_16hf4V0dCNeC2RlAs_vXMU\">Sessi\u00f3 1<\/a><\/p>\n<ul>\n<li>Aspectes generals de l&#8217;AA (tamb\u00e9 documents relacionats)<\/li>\n<li>Propostes<\/li>\n<li>Materials generats a la sessi\u00f3<\/li>\n<\/ul>\n<p><a href=\"https:\/\/drive.google.com\/drive\/folders\/1M76CMV4uA6m_ez5lSAcSFMNIOFx9pAbO?usp=drive_link\">Sessi\u00f3 2<\/a><\/p>\n<ul>\n<li>Programacions i avaluaci\u00f3: llengua i tenir en compte aspectes emocionals<\/li>\n<li>Pla individualitzat<\/li>\n<li>Materials generats<\/li>\n<li>Pla de treball i mem\u00f2ria: recollida de dades significatives<\/li>\n<li>Materials generats a la sessi\u00f3 1 i presentaci\u00f3 per a treball d&#8217;hivern\/Nadal<\/li>\n<\/ul>\n<p><a href=\"https:\/\/drive.google.com\/drive\/folders\/1ZE_gAMeZuCGvgam8mdTXIis-Ulnexr2-?usp=drive_link\">Sessi\u00f3 4<\/a> (la 3 va ser la xerrada de la Najat El Hachmi)<\/p>\n<ul>\n<li>Di\u00e0leg<\/li>\n<li>Altres temes tractats:\n<ul>\n<li>Binomi fant\u00e0stic: \u00fas de les targetes de vocabulari per a triar-ne dues (o tres, o quatre&#8230;.) i formar frases amb sentit i ben contru\u00efdes<\/li>\n<\/ul>\n<\/li>\n<\/ul>\n","protected":false},"excerpt":{"rendered":"<p>CURS 2025-2026 Sessi\u00f3 1 Aspectes generals de l&#8217;AA (tamb\u00e9 documents relacionats) Propostes Materials generats a la sessi\u00f3 Sessi\u00f3 2 Programacions i avaluaci\u00f3: llengua i tenir en compte aspectes emocionals Pla individualitzat Materials generats Pla de treball i mem\u00f2ria: recollida de dades significatives Materials generats a la sessi\u00f3 1 i presentaci\u00f3 per a treball d&#8217;hivern\/Nadal Sessi\u00f3 [&hellip;]<\/p>\n","protected":false},"author":37,"featured_media":0,"parent":0,"menu_order":0,"comment_status":"closed","ping_status":"closed","template":"","meta":{"_bbp_topic_count":0,"_bbp_reply_count":0,"_bbp_total_topic_count":0,"_bbp_total_reply_count":0,"_bbp_voice_count":0,"_bbp_anonymous_reply_count":0,"_bbp_topic_count_hidden":0,"_bbp_reply_count_hidden":0,"_bbp_forum_subforum_count":0,"site-sidebar-layout":"default","site-content-layout":"","ast-site-content-layout":"default","site-content-style":"default","site-sidebar-style":"default","ast-global-header-display":"","ast-banner-title-visibility":"","ast-main-header-display":"","ast-hfb-above-header-display":"","ast-hfb-below-header-display":"","ast-hfb-mobile-header-display":"","site-post-title":"","ast-breadcrumbs-content":"","ast-featured-img":"","footer-sml-layout":"","theme-transparent-header-meta":"default","adv-header-id-meta":"","stick-header-meta":"","header-above-stick-meta":"","header-main-stick-meta":"","header-below-stick-meta":"","astra-migrate-meta-layouts":"set","ast-page-background-enabled":"default","ast-page-background-meta":{"desktop":{"background-color":"var(--ast-global-color-4)","background-image":"","background-repeat":"repeat","background-position":"center center","background-size":"auto","background-attachment":"scroll","background-type":"","background-media":"","overlay-type":"","overlay-color":"","overlay-opacity":"","overlay-gradient":""},"tablet":{"background-color":"","background-image":"","background-repeat":"repeat","background-position":"center center","background-size":"auto","background-attachment":"scroll","background-type":"","background-media":"","overlay-type":"","overlay-color":"","overlay-opacity":"","overlay-gradient":""},"mobile":{"background-color":"","background-image":"","background-repeat":"repeat","background-position":"center center","background-size":"auto","background-attachment":"scroll","background-type":"","background-media":"","overlay-type":"","overlay-color":"","overlay-opacity":"","overlay-gradient":""}},"ast-content-background-meta":{"desktop":{"background-color":"var(--ast-global-color-5)","background-image":"","background-repeat":"repeat","background-position":"center center","background-size":"auto","background-attachment":"scroll","background-type":"","background-media":"","overlay-type":"","overlay-color":"","overlay-opacity":"","overlay-gradient":""},"tablet":{"background-color":"var(--ast-global-color-5)","background-image":"","background-repeat":"repeat","background-position":"center center","background-size":"auto","background-attachment":"scroll","background-type":"","background-media":"","overlay-type":"","overlay-color":"","overlay-opacity":"","overlay-gradient":""},"mobile":{"background-color":"var(--ast-global-color-5)","background-image":"","background-repeat":"repeat","background-position":"center center","background-size":"auto","background-attachment":"scroll","background-type":"","background-media":"","overlay-type":"","overlay-color":"","overlay-opacity":"","overlay-gradient":""}},"footnotes":""},"class_list":["post-13547","page","type-page","status-publish","hentry"],"post_mailing_queue_ids":[],"_links":{"self":[{"href":"https:\/\/serveiseducatius.xtec.cat\/vallesoccidental7\/wp-json\/wp\/v2\/pages\/13547","targetHints":{"allow":["GET"]}}],"collection":[{"href":"https:\/\/serveiseducatius.xtec.cat\/vallesoccidental7\/wp-json\/wp\/v2\/pages"}],"about":[{"href":"https:\/\/serveiseducatius.xtec.cat\/vallesoccidental7\/wp-json\/wp\/v2\/types\/page"}],"author":[{"embeddable":true,"href":"https:\/\/serveiseducatius.xtec.cat\/vallesoccidental7\/wp-json\/wp\/v2\/users\/37"}],"replies":[{"embeddable":true,"href":"https:\/\/serveiseducatius.xtec.cat\/vallesoccidental7\/wp-json\/wp\/v2\/comments?post=13547"}],"version-history":[{"count":4,"href":"https:\/\/serveiseducatius.xtec.cat\/vallesoccidental7\/wp-json\/wp\/v2\/pages\/13547\/revisions"}],"predecessor-version":[{"id":13906,"href":"https:\/\/serveiseducatius.xtec.cat\/vallesoccidental7\/wp-json\/wp\/v2\/pages\/13547\/revisions\/13906"}],"wp:attachment":[{"href":"https:\/\/serveiseducatius.xtec.cat\/vallesoccidental7\/wp-json\/wp\/v2\/media?parent=13547"}],"curies":[{"name":"wp","href":"https:\/\/api.w.org\/{rel}","templated":true}]}}