{"id":13403,"date":"2025-09-22T15:39:53","date_gmt":"2025-09-22T13:39:53","guid":{"rendered":"https:\/\/serveiseducatius.xtec.cat\/vallesoccidental7\/?page_id=13403"},"modified":"2025-09-22T15:39:53","modified_gmt":"2025-09-22T13:39:53","slug":"araart","status":"publish","type":"page","link":"https:\/\/serveiseducatius.xtec.cat\/vallesoccidental7\/araart\/","title":{"rendered":"araArt"},"content":{"rendered":"<p>L&#8217;Institut Bit\u00e0cola participa al programa des del curs 2024-25.<\/p>\n<p>La finalitat del\u00a0programa\u00a0araArt\u00a0\u00e9s fomentar i posar en valor projectes art\u00edstics que es portin a terme en el si d&#8217;un centre d&#8217;educaci\u00f3 infantil, prim\u00e0ria o secund\u00e0ria, en col\u00b7laboraci\u00f3 amb un agent art\u00edstic extern.<\/p>\n<p><a href=\"https:\/\/projectes.xtec.cat\/araart\/\"><img loading=\"lazy\" decoding=\"async\" class=\"wp-image-13404 alignnone\" src=\"https:\/\/serveiseducatius.xtec.cat\/vallesoccidental7\/wp-content\/uploads\/usu1104\/2025\/09\/art-1024x630.jpg\" alt=\"\" width=\"596\" height=\"367\" srcset=\"https:\/\/serveiseducatius.xtec.cat\/vallesoccidental7\/wp-content\/uploads\/usu1104\/2025\/09\/art-1024x630.jpg 1024w, https:\/\/serveiseducatius.xtec.cat\/vallesoccidental7\/wp-content\/uploads\/usu1104\/2025\/09\/art-300x185.jpg 300w, https:\/\/serveiseducatius.xtec.cat\/vallesoccidental7\/wp-content\/uploads\/usu1104\/2025\/09\/art-768x472.jpg 768w, https:\/\/serveiseducatius.xtec.cat\/vallesoccidental7\/wp-content\/uploads\/usu1104\/2025\/09\/art.jpg 1226w\" sizes=\"auto, (max-width: 596px) 100vw, 596px\" \/><\/a><\/p>\n<p>&nbsp;<\/p>\n<p>El curs 2025-26 es desenvolupar\u00e0 la segona fase o fase d&#8217;implementaci\u00f3.<\/p>\n<p>Les dates de reuni\u00f3 dels centres participants en aquesta segona fase seran:<\/p>\n<table style=\"border-collapse: collapse; width: 51.4328%;\">\n<tbody>\n<tr>\n<td style=\"width: 17.1321%;\">20\/10 en l\u00ednia<\/td>\n<td style=\"width: 16.9117%;\">15\/11 Presencial<\/td>\n<td style=\"width: 17.3889%;\">26\/01 en l\u00ednia<\/td>\n<\/tr>\n<tr>\n<td style=\"width: 17.1321%;\">23\/02 en l\u00ednia<\/td>\n<td style=\"width: 16.9117%;\">23\/03 en l\u00ednia<\/td>\n<td style=\"width: 17.3889%;\">04\/05 en l\u00ednia<\/td>\n<\/tr>\n<tr>\n<td style=\"width: 17.1321%; text-align: center;\" colspan=\"3\">16\/05\u00a0 \u00a0Jornada de Cloenda<\/td>\n<\/tr>\n<\/tbody>\n<\/table>\n<p>&nbsp;<\/p>\n<p>&nbsp;<\/p>\n<p>&nbsp;<\/p>\n","protected":false},"excerpt":{"rendered":"<p>L&#8217;Institut Bit\u00e0cola participa al programa des del curs 2024-25. La finalitat del\u00a0programa\u00a0araArt\u00a0\u00e9s fomentar i posar en valor projectes art\u00edstics que es portin a terme en el si d&#8217;un centre d&#8217;educaci\u00f3 infantil, prim\u00e0ria o secund\u00e0ria, en col\u00b7laboraci\u00f3 amb un agent art\u00edstic extern. &nbsp; El curs 2025-26 es desenvolupar\u00e0 la segona fase o fase d&#8217;implementaci\u00f3. Les dates [&hellip;]<\/p>\n","protected":false},"author":5,"featured_media":0,"parent":0,"menu_order":0,"comment_status":"closed","ping_status":"closed","template":"","meta":{"_bbp_topic_count":0,"_bbp_reply_count":0,"_bbp_total_topic_count":0,"_bbp_total_reply_count":0,"_bbp_voice_count":0,"_bbp_anonymous_reply_count":0,"_bbp_topic_count_hidden":0,"_bbp_reply_count_hidden":0,"_bbp_forum_subforum_count":0,"site-sidebar-layout":"default","site-content-layout":"","ast-site-content-layout":"default","site-content-style":"default","site-sidebar-style":"default","ast-global-header-display":"","ast-banner-title-visibility":"","ast-main-header-display":"","ast-hfb-above-header-display":"","ast-hfb-below-header-display":"","ast-hfb-mobile-header-display":"","site-post-title":"","ast-breadcrumbs-content":"","ast-featured-img":"","footer-sml-layout":"","theme-transparent-header-meta":"default","adv-header-id-meta":"","stick-header-meta":"","header-above-stick-meta":"","header-main-stick-meta":"","header-below-stick-meta":"","astra-migrate-meta-layouts":"set","ast-page-background-enabled":"default","ast-page-background-meta":{"desktop":{"background-color":"var(--ast-global-color-4)","background-image":"","background-repeat":"repeat","background-position":"center center","background-size":"auto","background-attachment":"scroll","background-type":"","background-media":"","overlay-type":"","overlay-color":"","overlay-opacity":"","overlay-gradient":""},"tablet":{"background-color":"","background-image":"","background-repeat":"repeat","background-position":"center center","background-size":"auto","background-attachment":"scroll","background-type":"","background-media":"","overlay-type":"","overlay-color":"","overlay-opacity":"","overlay-gradient":""},"mobile":{"background-color":"","background-image":"","background-repeat":"repeat","background-position":"center center","background-size":"auto","background-attachment":"scroll","background-type":"","background-media":"","overlay-type":"","overlay-color":"","overlay-opacity":"","overlay-gradient":""}},"ast-content-background-meta":{"desktop":{"background-color":"var(--ast-global-color-5)","background-image":"","background-repeat":"repeat","background-position":"center center","background-size":"auto","background-attachment":"scroll","background-type":"","background-media":"","overlay-type":"","overlay-color":"","overlay-opacity":"","overlay-gradient":""},"tablet":{"background-color":"var(--ast-global-color-5)","background-image":"","background-repeat":"repeat","background-position":"center center","background-size":"auto","background-attachment":"scroll","background-type":"","background-media":"","overlay-type":"","overlay-color":"","overlay-opacity":"","overlay-gradient":""},"mobile":{"background-color":"var(--ast-global-color-5)","background-image":"","background-repeat":"repeat","background-position":"center center","background-size":"auto","background-attachment":"scroll","background-type":"","background-media":"","overlay-type":"","overlay-color":"","overlay-opacity":"","overlay-gradient":""}},"footnotes":""},"class_list":["post-13403","page","type-page","status-publish","hentry"],"post_mailing_queue_ids":[],"_links":{"self":[{"href":"https:\/\/serveiseducatius.xtec.cat\/vallesoccidental7\/wp-json\/wp\/v2\/pages\/13403","targetHints":{"allow":["GET"]}}],"collection":[{"href":"https:\/\/serveiseducatius.xtec.cat\/vallesoccidental7\/wp-json\/wp\/v2\/pages"}],"about":[{"href":"https:\/\/serveiseducatius.xtec.cat\/vallesoccidental7\/wp-json\/wp\/v2\/types\/page"}],"author":[{"embeddable":true,"href":"https:\/\/serveiseducatius.xtec.cat\/vallesoccidental7\/wp-json\/wp\/v2\/users\/5"}],"replies":[{"embeddable":true,"href":"https:\/\/serveiseducatius.xtec.cat\/vallesoccidental7\/wp-json\/wp\/v2\/comments?post=13403"}],"version-history":[{"count":1,"href":"https:\/\/serveiseducatius.xtec.cat\/vallesoccidental7\/wp-json\/wp\/v2\/pages\/13403\/revisions"}],"predecessor-version":[{"id":13406,"href":"https:\/\/serveiseducatius.xtec.cat\/vallesoccidental7\/wp-json\/wp\/v2\/pages\/13403\/revisions\/13406"}],"wp:attachment":[{"href":"https:\/\/serveiseducatius.xtec.cat\/vallesoccidental7\/wp-json\/wp\/v2\/media?parent=13403"}],"curies":[{"name":"wp","href":"https:\/\/api.w.org\/{rel}","templated":true}]}}