{"id":13386,"date":"2025-09-22T12:58:45","date_gmt":"2025-09-22T10:58:45","guid":{"rendered":"https:\/\/serveiseducatius.xtec.cat\/vallesoccidental7\/?page_id=13386"},"modified":"2026-01-08T15:23:13","modified_gmt":"2026-01-08T14:23:13","slug":"radio-produccio-audivisual-maleta-audiovisual","status":"publish","type":"page","link":"https:\/\/serveiseducatius.xtec.cat\/vallesoccidental7\/radio-produccio-audivisual-maleta-audiovisual\/","title":{"rendered":"R\u00e0dio producci\u00f3 audiovisual (maleta audiovisual)"},"content":{"rendered":"<p><iframe loading=\"lazy\" src=\"https:\/\/docs.google.com\/document\/d\/e\/2PACX-1vS4jI1tzXn6fL3LpuAv-BVJYg2XgBj0s2rFDN3zYNDcdNBn8aCZmdpLNzi3t7b4OwyNtHEkk8Pj0SCh\/pub?embedded=true\" width=\"1500\" height=\"800\"><span data-mce-type=\"bookmark\" style=\"display: inline-block; width: 0px; overflow: hidden; line-height: 0;\" class=\"mce_SELRES_start\">\ufeff<\/span><span data-mce-type=\"bookmark\" style=\"display: inline-block; width: 0px; overflow: hidden; line-height: 0;\" class=\"mce_SELRES_start\">\ufeff<\/span><\/iframe><\/p>\n<p>El grup de treball de r\u00e0dio i audiovisuals, format per diversos Centres de Recursos Pedag\u00f2gics i l\u2019\u00c0rea de Cultura Digital del Departament d\u2019Educaci\u00f3 i Formaci\u00f3 Professional,\u00a0<strong>ha elaborat una s\u00e8rie de propostes d\u2019activitats que tenen per objectiu consolidar i donar continu\u00eftat a les activitats de r\u00e0dio del curs 2023-24, aix\u00ed com per impulsar noves iniciatives audiovisuals.<\/strong><\/p>\n<p>Aquestes propostes volen\u00a0<strong>acompanyar la dotaci\u00f3 de la\u00a0<\/strong><strong><a href=\"https:\/\/projectes.xtec.cat\/digital\/equipaments-i-infraestructures\/maleta-audiovisual\/\">maleta audiovisual<\/a><\/strong><strong>,<\/strong>\u00a0que ofereix un seguit d\u2019eines i dispositius digitals. Aquestes eines han de permetre als alumnes crear, integrar i reelaborar continguts digitals en diferents formats (text, taula, imatge, \u00e0udio, v\u00eddeo, etc.) per expressar idees, sentiments i coneixements, tot respectant la propietat intel\u00b7lectual i els drets d\u2019autoria dels continguts que es reutilitzen. Amb aquestes activitats, volem fomentar la compet\u00e8ncia digital i l\u2019esperit cr\u00edtic dels alumnes, a m\u00e9s d\u2019oferir-los un espai per experimentar i comunicar-se de manera creativa.<\/p>\n<p>Proposta d&#8217;activitats 25-26:<\/p>\n<p><!--a=1--><\/p>\n<p><iframe style=\"display: block; width: 100%; border: none;\" src=\"https:\/\/sinapsi.xtec.cat\/ca\/embed\/?search-box=false&amp;synapse=general&amp;section=everything&amp;view=optimal\" height=\"500\"><\/iframe><\/p>\n<p><!--a=1--><\/p>\n<p><!--a=1--><\/p>\n<p><!--a=1--><\/p>\n<p><!--a=1--><\/p>\n<p><!--a=1--><\/p>\n<p><!--a=1--><\/p>\n<p><!--a=1--><\/p>\n<p><!--a=1--><\/p>\n<p><!--a=1--><\/p>\n","protected":false},"excerpt":{"rendered":"<p>\ufeff\ufeff El grup de treball de r\u00e0dio i audiovisuals, format per diversos Centres de Recursos Pedag\u00f2gics i l\u2019\u00c0rea de Cultura Digital del Departament d\u2019Educaci\u00f3 i Formaci\u00f3 Professional,\u00a0ha elaborat una s\u00e8rie de propostes d\u2019activitats que tenen per objectiu consolidar i donar continu\u00eftat a les activitats de r\u00e0dio del curs 2023-24, aix\u00ed com per impulsar noves iniciatives [&hellip;]<\/p>\n","protected":false},"author":5,"featured_media":0,"parent":0,"menu_order":0,"comment_status":"closed","ping_status":"closed","template":"","meta":{"_bbp_topic_count":0,"_bbp_reply_count":0,"_bbp_total_topic_count":0,"_bbp_total_reply_count":0,"_bbp_voice_count":0,"_bbp_anonymous_reply_count":0,"_bbp_topic_count_hidden":0,"_bbp_reply_count_hidden":0,"_bbp_forum_subforum_count":0,"site-sidebar-layout":"default","site-content-layout":"","ast-site-content-layout":"default","site-content-style":"default","site-sidebar-style":"default","ast-global-header-display":"","ast-banner-title-visibility":"","ast-main-header-display":"","ast-hfb-above-header-display":"","ast-hfb-below-header-display":"","ast-hfb-mobile-header-display":"","site-post-title":"","ast-breadcrumbs-content":"","ast-featured-img":"","footer-sml-layout":"","theme-transparent-header-meta":"default","adv-header-id-meta":"","stick-header-meta":"","header-above-stick-meta":"","header-main-stick-meta":"","header-below-stick-meta":"","astra-migrate-meta-layouts":"set","ast-page-background-enabled":"default","ast-page-background-meta":{"desktop":{"background-color":"var(--ast-global-color-4)","background-image":"","background-repeat":"repeat","background-position":"center center","background-size":"auto","background-attachment":"scroll","background-type":"","background-media":"","overlay-type":"","overlay-color":"","overlay-opacity":"","overlay-gradient":""},"tablet":{"background-color":"","background-image":"","background-repeat":"repeat","background-position":"center center","background-size":"auto","background-attachment":"scroll","background-type":"","background-media":"","overlay-type":"","overlay-color":"","overlay-opacity":"","overlay-gradient":""},"mobile":{"background-color":"","background-image":"","background-repeat":"repeat","background-position":"center center","background-size":"auto","background-attachment":"scroll","background-type":"","background-media":"","overlay-type":"","overlay-color":"","overlay-opacity":"","overlay-gradient":""}},"ast-content-background-meta":{"desktop":{"background-color":"var(--ast-global-color-5)","background-image":"","background-repeat":"repeat","background-position":"center center","background-size":"auto","background-attachment":"scroll","background-type":"","background-media":"","overlay-type":"","overlay-color":"","overlay-opacity":"","overlay-gradient":""},"tablet":{"background-color":"var(--ast-global-color-5)","background-image":"","background-repeat":"repeat","background-position":"center center","background-size":"auto","background-attachment":"scroll","background-type":"","background-media":"","overlay-type":"","overlay-color":"","overlay-opacity":"","overlay-gradient":""},"mobile":{"background-color":"var(--ast-global-color-5)","background-image":"","background-repeat":"repeat","background-position":"center center","background-size":"auto","background-attachment":"scroll","background-type":"","background-media":"","overlay-type":"","overlay-color":"","overlay-opacity":"","overlay-gradient":""}},"footnotes":""},"class_list":["post-13386","page","type-page","status-publish","hentry"],"post_mailing_queue_ids":[],"_links":{"self":[{"href":"https:\/\/serveiseducatius.xtec.cat\/vallesoccidental7\/wp-json\/wp\/v2\/pages\/13386","targetHints":{"allow":["GET"]}}],"collection":[{"href":"https:\/\/serveiseducatius.xtec.cat\/vallesoccidental7\/wp-json\/wp\/v2\/pages"}],"about":[{"href":"https:\/\/serveiseducatius.xtec.cat\/vallesoccidental7\/wp-json\/wp\/v2\/types\/page"}],"author":[{"embeddable":true,"href":"https:\/\/serveiseducatius.xtec.cat\/vallesoccidental7\/wp-json\/wp\/v2\/users\/5"}],"replies":[{"embeddable":true,"href":"https:\/\/serveiseducatius.xtec.cat\/vallesoccidental7\/wp-json\/wp\/v2\/comments?post=13386"}],"version-history":[{"count":4,"href":"https:\/\/serveiseducatius.xtec.cat\/vallesoccidental7\/wp-json\/wp\/v2\/pages\/13386\/revisions"}],"predecessor-version":[{"id":13610,"href":"https:\/\/serveiseducatius.xtec.cat\/vallesoccidental7\/wp-json\/wp\/v2\/pages\/13386\/revisions\/13610"}],"wp:attachment":[{"href":"https:\/\/serveiseducatius.xtec.cat\/vallesoccidental7\/wp-json\/wp\/v2\/media?parent=13386"}],"curies":[{"name":"wp","href":"https:\/\/api.w.org\/{rel}","templated":true}]}}