{"id":13384,"date":"2025-09-22T12:43:25","date_gmt":"2025-09-22T10:43:25","guid":{"rendered":"https:\/\/serveiseducatius.xtec.cat\/vallesoccidental7\/?page_id=13384"},"modified":"2025-10-15T17:32:33","modified_gmt":"2025-10-15T15:32:33","slug":"innovacio","status":"publish","type":"page","link":"https:\/\/serveiseducatius.xtec.cat\/vallesoccidental7\/innovacio\/","title":{"rendered":"Innovaci\u00f3"},"content":{"rendered":"<p>Aquests s\u00f3n els <a href=\"https:\/\/xtec.gencat.cat\/ca\/innovacio\/\">programes d&#8217;innovaci\u00f3<\/a> que es duen a terme a la nostra zona educativa<\/p>\n<table style=\"border-collapse: collapse; width: 63.1887%;\">\n<tbody>\n<tr>\n<td style=\"width: 13.7161%;\">\n<h4>STEAM<\/h4>\n<\/td>\n<td style=\"width: 22.3333%;\">Escola Elisa Badia (Barber\u00e0)<\/td>\n<td style=\"width: 23.3424%;\">Tota la informaci\u00f3 <a href=\"https:\/\/serveiseducatius.xtec.cat\/vallesoccidental7\/steam-cat\/\">aqu\u00ed<\/a><\/td>\n<\/tr>\n<tr>\n<td style=\"width: 13.7161%;\">\n<h4>FAIG<\/h4>\n<\/td>\n<td style=\"width: 22.3333%;\">Institut-Escola Can Llobet (Barber\u00e0)<\/td>\n<td style=\"width: 23.3424%;\">Tota la informaci\u00f3 <a href=\"https:\/\/serveiseducatius.xtec.cat\/vallesoccidental7\/faig-2\/\">aqu\u00ed<\/a><\/td>\n<\/tr>\n<tr>\n<td style=\"width: 13.7161%;\">\n<h4>ARAART<\/h4>\n<\/td>\n<td style=\"width: 22.3333%;\">Institut Bit\u00e0cola (Barber\u00e0)<\/td>\n<td style=\"width: 23.3424%;\">Tota la informaci\u00f3 <a href=\"https:\/\/serveiseducatius.xtec.cat\/vallesoccidental7\/araart\/\">aqu\u00ed<\/a><\/td>\n<\/tr>\n<tr>\n<td style=\"width: 13.7161%;\">\n<h4>MAGNET<\/h4>\n<\/td>\n<td style=\"width: 22.3333%;\">Escola El Bosc (Barber\u00e0)<\/td>\n<td style=\"width: 23.3424%;\">Tota la informaci\u00f3 <a href=\"https:\/\/serveiseducatius.xtec.cat\/vallesoccidental7\/magnet\/\">aqu\u00ed<\/a><\/td>\n<\/tr>\n<tr>\n<td style=\"width: 13.7161%;\">\n<h4>MUFPS<\/h4>\n<\/td>\n<td style=\"width: 22.3333%;\">Institut Bit\u00e0cola (Barber\u00e0)<\/td>\n<td style=\"width: 23.3424%;\">Tota la informaci\u00f3 <a href=\"https:\/\/espai.educacio.gencat.cat\/Centres\/Innovacio-pedagogica\/Programes\/Centres-formadors-MUFPS\/Pagines\/default.aspx\">aqu\u00ed<\/a><\/td>\n<\/tr>\n<tr>\n<td style=\"width: 13.7161%;\">\n<h4>Enfocament Restauratiu Global<\/h4>\n<\/td>\n<td style=\"width: 22.3333%;\">Escola El Bosc (Barber\u00e0)<\/td>\n<td style=\"width: 23.3424%;\">Tota la informaci\u00f3 <a href=\"https:\/\/espai.educacio.gencat.cat\/Centres\/Innovacio-pedagogica\/Programes\/Enfocament-Restauratiu-Global\/Pagines\/default.aspx\">aqu\u00ed<\/a><\/td>\n<\/tr>\n<\/tbody>\n<\/table>\n<p>&nbsp;<\/p>\n","protected":false},"excerpt":{"rendered":"<p>Aquests s\u00f3n els programes d&#8217;innovaci\u00f3 que es duen a terme a la nostra zona educativa STEAM Escola Elisa Badia (Barber\u00e0) Tota la informaci\u00f3 aqu\u00ed FAIG Institut-Escola Can Llobet (Barber\u00e0) Tota la informaci\u00f3 aqu\u00ed ARAART Institut Bit\u00e0cola (Barber\u00e0) Tota la informaci\u00f3 aqu\u00ed MAGNET Escola El Bosc (Barber\u00e0) Tota la informaci\u00f3 aqu\u00ed MUFPS Institut Bit\u00e0cola (Barber\u00e0) Tota [&hellip;]<\/p>\n","protected":false},"author":5,"featured_media":0,"parent":0,"menu_order":0,"comment_status":"closed","ping_status":"closed","template":"","meta":{"_bbp_topic_count":0,"_bbp_reply_count":0,"_bbp_total_topic_count":0,"_bbp_total_reply_count":0,"_bbp_voice_count":0,"_bbp_anonymous_reply_count":0,"_bbp_topic_count_hidden":0,"_bbp_reply_count_hidden":0,"_bbp_forum_subforum_count":0,"site-sidebar-layout":"default","site-content-layout":"","ast-site-content-layout":"default","site-content-style":"default","site-sidebar-style":"default","ast-global-header-display":"","ast-banner-title-visibility":"","ast-main-header-display":"","ast-hfb-above-header-display":"","ast-hfb-below-header-display":"","ast-hfb-mobile-header-display":"","site-post-title":"","ast-breadcrumbs-content":"","ast-featured-img":"","footer-sml-layout":"","theme-transparent-header-meta":"default","adv-header-id-meta":"","stick-header-meta":"","header-above-stick-meta":"","header-main-stick-meta":"","header-below-stick-meta":"","astra-migrate-meta-layouts":"set","ast-page-background-enabled":"default","ast-page-background-meta":{"desktop":{"background-color":"var(--ast-global-color-4)","background-image":"","background-repeat":"repeat","background-position":"center center","background-size":"auto","background-attachment":"scroll","background-type":"","background-media":"","overlay-type":"","overlay-color":"","overlay-opacity":"","overlay-gradient":""},"tablet":{"background-color":"","background-image":"","background-repeat":"repeat","background-position":"center center","background-size":"auto","background-attachment":"scroll","background-type":"","background-media":"","overlay-type":"","overlay-color":"","overlay-opacity":"","overlay-gradient":""},"mobile":{"background-color":"","background-image":"","background-repeat":"repeat","background-position":"center center","background-size":"auto","background-attachment":"scroll","background-type":"","background-media":"","overlay-type":"","overlay-color":"","overlay-opacity":"","overlay-gradient":""}},"ast-content-background-meta":{"desktop":{"background-color":"var(--ast-global-color-5)","background-image":"","background-repeat":"repeat","background-position":"center center","background-size":"auto","background-attachment":"scroll","background-type":"","background-media":"","overlay-type":"","overlay-color":"","overlay-opacity":"","overlay-gradient":""},"tablet":{"background-color":"var(--ast-global-color-5)","background-image":"","background-repeat":"repeat","background-position":"center center","background-size":"auto","background-attachment":"scroll","background-type":"","background-media":"","overlay-type":"","overlay-color":"","overlay-opacity":"","overlay-gradient":""},"mobile":{"background-color":"var(--ast-global-color-5)","background-image":"","background-repeat":"repeat","background-position":"center center","background-size":"auto","background-attachment":"scroll","background-type":"","background-media":"","overlay-type":"","overlay-color":"","overlay-opacity":"","overlay-gradient":""}},"footnotes":""},"class_list":["post-13384","page","type-page","status-publish","hentry"],"post_mailing_queue_ids":[],"_links":{"self":[{"href":"https:\/\/serveiseducatius.xtec.cat\/vallesoccidental7\/wp-json\/wp\/v2\/pages\/13384","targetHints":{"allow":["GET"]}}],"collection":[{"href":"https:\/\/serveiseducatius.xtec.cat\/vallesoccidental7\/wp-json\/wp\/v2\/pages"}],"about":[{"href":"https:\/\/serveiseducatius.xtec.cat\/vallesoccidental7\/wp-json\/wp\/v2\/types\/page"}],"author":[{"embeddable":true,"href":"https:\/\/serveiseducatius.xtec.cat\/vallesoccidental7\/wp-json\/wp\/v2\/users\/5"}],"replies":[{"embeddable":true,"href":"https:\/\/serveiseducatius.xtec.cat\/vallesoccidental7\/wp-json\/wp\/v2\/comments?post=13384"}],"version-history":[{"count":6,"href":"https:\/\/serveiseducatius.xtec.cat\/vallesoccidental7\/wp-json\/wp\/v2\/pages\/13384\/revisions"}],"predecessor-version":[{"id":13501,"href":"https:\/\/serveiseducatius.xtec.cat\/vallesoccidental7\/wp-json\/wp\/v2\/pages\/13384\/revisions\/13501"}],"wp:attachment":[{"href":"https:\/\/serveiseducatius.xtec.cat\/vallesoccidental7\/wp-json\/wp\/v2\/media?parent=13384"}],"curies":[{"name":"wp","href":"https:\/\/api.w.org\/{rel}","templated":true}]}}