{"id":12676,"date":"2024-09-19T09:48:58","date_gmt":"2024-09-19T07:48:58","guid":{"rendered":"https:\/\/serveiseducatius.xtec.cat\/vallesoccidental7\/?page_id=12676"},"modified":"2025-09-12T13:54:42","modified_gmt":"2025-09-12T11:54:42","slug":"seminari-cocobe","status":"publish","type":"page","link":"https:\/\/serveiseducatius.xtec.cat\/vallesoccidental7\/seminari-cocobe\/","title":{"rendered":"Seminari COCOBE"},"content":{"rendered":"<h5><strong>CURS 2025-26<\/strong><\/h5>\n<p>Seminari coordinat per la Laura Girbau.<\/p>\n<p>Les sessions seran els dimarts de 15:15h a 17:00h<\/p>\n<p>Hi haur\u00e0 6 sessions. Dates 14\/10; 11\/11; 20\/01; 17\/02; 10\/03; 21\/04 aquesta \u00faltima sessi\u00f3 sessi\u00f3 ser\u00e0 en format jornades)<\/p>\n<p>Podeu consultar el material en aquesta <a href=\"https:\/\/sites.google.com\/xtec.cat\/cocobe-sevocvi\/p%C3%A0gina-principal\">p\u00e0gina web<\/a><\/p>\n<p>&nbsp;<\/p>\n<p>Aquest curs 24-25 s&#8217;inicia el seminari COCOBE al Servei Educatiu VOC VII. Aquest seminari estar\u00e0 coordinat per la Laura Girbau.<\/p>\n<p>Al llarg del curs es faran 5 sessions, els dimarts de 15:15h a 17:00h.<\/p>\n<p>Podreu trobar els materials d&#8217;aquest seminari en aquesta <a href=\"https:\/\/sites.google.com\/xtec.cat\/cocobe-sevocvi\/p%C3%A0gina-principal\">p\u00e0gina web<\/a><\/p>\n<table style=\"border-collapse: collapse; width: 16.7513%;\">\n<tbody>\n<tr>\n<td style=\"width: 100%;\"><strong>SESSI\u00d3 1\u00a0 \u00a022\/10<\/strong><\/td>\n<\/tr>\n<tr>\n<td style=\"width: 100%;\"><strong>SESSI\u00d3 2\u00a0 \u00a026\/11<\/strong><\/td>\n<\/tr>\n<tr>\n<td style=\"width: 100%;\"><strong>SESSI\u00d3 3\u00a0 \u00a021\/01<\/strong><\/td>\n<\/tr>\n<tr>\n<td style=\"width: 100%;\"><strong>SESSI\u00d3 4\u00a0 18\/03<\/strong><\/td>\n<\/tr>\n<tr>\n<td style=\"width: 100%;\"><strong>SESSI\u00d3 5\u00a0 06\/05<\/strong><\/td>\n<\/tr>\n<\/tbody>\n<\/table>\n<p>&nbsp;<\/p>\n","protected":false},"excerpt":{"rendered":"<p>CURS 2025-26 Seminari coordinat per la Laura Girbau. Les sessions seran els dimarts de 15:15h a 17:00h Hi haur\u00e0 6 sessions. Dates 14\/10; 11\/11; 20\/01; 17\/02; 10\/03; 21\/04 aquesta \u00faltima sessi\u00f3 sessi\u00f3 ser\u00e0 en format jornades) Podeu consultar el material en aquesta p\u00e0gina web &nbsp; Aquest curs 24-25 s&#8217;inicia el seminari COCOBE al Servei Educatiu [&hellip;]<\/p>\n","protected":false},"author":5,"featured_media":0,"parent":0,"menu_order":0,"comment_status":"closed","ping_status":"closed","template":"","meta":{"_bbp_topic_count":0,"_bbp_reply_count":0,"_bbp_total_topic_count":0,"_bbp_total_reply_count":0,"_bbp_voice_count":0,"_bbp_anonymous_reply_count":0,"_bbp_topic_count_hidden":0,"_bbp_reply_count_hidden":0,"_bbp_forum_subforum_count":0,"site-sidebar-layout":"default","site-content-layout":"","ast-site-content-layout":"default","site-content-style":"default","site-sidebar-style":"default","ast-global-header-display":"","ast-banner-title-visibility":"","ast-main-header-display":"","ast-hfb-above-header-display":"","ast-hfb-below-header-display":"","ast-hfb-mobile-header-display":"","site-post-title":"","ast-breadcrumbs-content":"","ast-featured-img":"","footer-sml-layout":"","theme-transparent-header-meta":"default","adv-header-id-meta":"","stick-header-meta":"","header-above-stick-meta":"","header-main-stick-meta":"","header-below-stick-meta":"","astra-migrate-meta-layouts":"set","ast-page-background-enabled":"default","ast-page-background-meta":{"desktop":{"background-color":"var(--ast-global-color-4)","background-image":"","background-repeat":"repeat","background-position":"center center","background-size":"auto","background-attachment":"scroll","background-type":"","background-media":"","overlay-type":"","overlay-color":"","overlay-opacity":"","overlay-gradient":""},"tablet":{"background-color":"","background-image":"","background-repeat":"repeat","background-position":"center center","background-size":"auto","background-attachment":"scroll","background-type":"","background-media":"","overlay-type":"","overlay-color":"","overlay-opacity":"","overlay-gradient":""},"mobile":{"background-color":"","background-image":"","background-repeat":"repeat","background-position":"center center","background-size":"auto","background-attachment":"scroll","background-type":"","background-media":"","overlay-type":"","overlay-color":"","overlay-opacity":"","overlay-gradient":""}},"ast-content-background-meta":{"desktop":{"background-color":"var(--ast-global-color-5)","background-image":"","background-repeat":"repeat","background-position":"center center","background-size":"auto","background-attachment":"scroll","background-type":"","background-media":"","overlay-type":"","overlay-color":"","overlay-opacity":"","overlay-gradient":""},"tablet":{"background-color":"var(--ast-global-color-5)","background-image":"","background-repeat":"repeat","background-position":"center center","background-size":"auto","background-attachment":"scroll","background-type":"","background-media":"","overlay-type":"","overlay-color":"","overlay-opacity":"","overlay-gradient":""},"mobile":{"background-color":"var(--ast-global-color-5)","background-image":"","background-repeat":"repeat","background-position":"center center","background-size":"auto","background-attachment":"scroll","background-type":"","background-media":"","overlay-type":"","overlay-color":"","overlay-opacity":"","overlay-gradient":""}},"footnotes":""},"class_list":["post-12676","page","type-page","status-publish","hentry"],"post_mailing_queue_ids":[],"_links":{"self":[{"href":"https:\/\/serveiseducatius.xtec.cat\/vallesoccidental7\/wp-json\/wp\/v2\/pages\/12676","targetHints":{"allow":["GET"]}}],"collection":[{"href":"https:\/\/serveiseducatius.xtec.cat\/vallesoccidental7\/wp-json\/wp\/v2\/pages"}],"about":[{"href":"https:\/\/serveiseducatius.xtec.cat\/vallesoccidental7\/wp-json\/wp\/v2\/types\/page"}],"author":[{"embeddable":true,"href":"https:\/\/serveiseducatius.xtec.cat\/vallesoccidental7\/wp-json\/wp\/v2\/users\/5"}],"replies":[{"embeddable":true,"href":"https:\/\/serveiseducatius.xtec.cat\/vallesoccidental7\/wp-json\/wp\/v2\/comments?post=12676"}],"version-history":[{"count":4,"href":"https:\/\/serveiseducatius.xtec.cat\/vallesoccidental7\/wp-json\/wp\/v2\/pages\/12676\/revisions"}],"predecessor-version":[{"id":13315,"href":"https:\/\/serveiseducatius.xtec.cat\/vallesoccidental7\/wp-json\/wp\/v2\/pages\/12676\/revisions\/13315"}],"wp:attachment":[{"href":"https:\/\/serveiseducatius.xtec.cat\/vallesoccidental7\/wp-json\/wp\/v2\/media?parent=12676"}],"curies":[{"name":"wp","href":"https:\/\/api.w.org\/{rel}","templated":true}]}}