{"id":12606,"date":"2024-07-12T11:48:04","date_gmt":"2024-07-12T09:48:04","guid":{"rendered":"https:\/\/serveiseducatius.xtec.cat\/vallesoccidental7\/?page_id=12606"},"modified":"2026-03-18T11:57:20","modified_gmt":"2026-03-18T10:57:20","slug":"seminaris-direccions","status":"publish","type":"page","link":"https:\/\/serveiseducatius.xtec.cat\/vallesoccidental7\/seminaris-direccions\/","title":{"rendered":"Seminaris Direccions"},"content":{"rendered":"\n<h6 class=\"wp-block-heading\">CURS 25-26<\/h6>\n\n\n\n<p>Les sessions seran els dijous al mat\u00ed.<\/p>\n\n\n\n<p>Enlla\u00e7 a la unitat compartida:<\/p>\n\n\n\n<p><a href=\"https:\/\/drive.google.com\/drive\/u\/1\/folders\/0AB7blTWO5Lu0Uk9PVA?role=writer\">https:\/\/drive.google.com\/drive\/u\/1\/folders\/0AB7blTWO5Lu0Uk9PVA?role=writer<\/a><\/p>\n\n\n\n<figure class=\"wp-block-table\"><table class=\"has-fixed-layout\"><tbody><tr><td>Sessi\u00f3 1: 23\/10<\/td><td>&nbsp;Aquesta sessi\u00f3 es va cancel\u00b7lar<\/td><\/tr><tr><td>Sessi\u00f3 2: 20\/11<\/td><td>&nbsp;<a href=\"https:\/\/docs.google.com\/document\/d\/1EhHq6TJvb6VVZpois0NdS8j3r9WtvUni4CxschXwaWc\/edit?usp=sharing\">https:\/\/docs.google.com\/document\/d\/1EhHq6TJvb6VVZpois0NdS8j3r9WtvUni4CxschXwaWc\/edit?usp=sharing<\/a><\/td><\/tr><tr><td>Sessi\u00f3 3, 22\/01<\/td><td>&nbsp;M\u00e0rius Mart\u00ednez de 9:15h a 11:15h<br><a href=\"https:\/\/drive.google.com\/file\/d\/1XXkAgmCHZrUspIiVQZ4I30R9wmsavEEu\/view?usp=sharing\" data-type=\"link\" data-id=\"https:\/\/drive.google.com\/file\/d\/1XXkAgmCHZrUspIiVQZ4I30R9wmsavEEu\/view?usp=sharing\">&#8211; Gesti\u00f3 de reunions i situacions dif\u00edcils<\/a><\/td><\/tr><tr><td>Sessi\u00f3 4, 19\/02<strong> <\/strong><\/td><td>&nbsp;&nbsp;M\u00e0rius Mart\u00ednez de 9:15h a 11:15h<br><a href=\"https:\/\/drive.google.com\/file\/d\/14XbEkv-4resSR2hFAJrNvhH07hD8c5Bo\/view?usp=sharing\" data-type=\"link\" data-id=\"https:\/\/drive.google.com\/file\/d\/14XbEkv-4resSR2hFAJrNvhH07hD8c5Bo\/view?usp=sharing\">&#8211; Gesti\u00f3 del temps<\/a><\/td><\/tr><tr><td>Sessi\u00f3 5, 19\/03; <strong>Canvi de dia, la sessi\u00f3 es far\u00e0 el 21<\/strong> de maig<\/td><td>Sessi\u00f3 ajornada (buscar nova data)<\/td><\/tr><tr><td>Sessi\u00f3 6, 30\/04<\/td><td>&nbsp;&nbsp;M\u00e0rius Mart\u00ednez de 9:15h a 11:15h<br>&#8211; Benestar d&#8217;equip.&nbsp;<\/td><\/tr><tr><td>Sessi\u00f3 7, 21\/05<\/td><td>\u00a0\u00a0\u00a0M\u00e0rius Mart\u00ednez de 9:15h a 11:15h<br>&#8211; Clima i cultura de centre\u00a0<\/td><\/tr><\/tbody><\/table><\/figure>\n\n\n\n<p>&nbsp;<\/p>\n\n\n\n<p>&nbsp;<\/p>\n\n\n\n<h5 class=\"wp-block-heading\"><strong>CURS 24-25<\/strong><\/h5>\n\n\n\n<p>Enlla\u00e7 a la unitat compartida:<\/p>\n\n\n\n<p><a href=\"https:\/\/drive.google.com\/drive\/u\/1\/folders\/0AB7blTWO5Lu0Uk9PVA?role=writer\">https:\/\/drive.google.com\/drive\/u\/1\/folders\/0AB7blTWO5Lu0Uk9PVA?role=writer<\/a><\/p>\n\n\n\n<p>Proposta de calendari:<\/p>\n\n\n\n<figure class=\"wp-block-table\"><table class=\"has-fixed-layout\"><tbody><tr><td>Activitat CURS 2024-25<\/td><td>Dia setmana<\/td><td>Horari<\/td><td>Espais<\/td><td>Hores formaci\u00f3 proposades<\/td><td>N\u00ba sessions<\/td><td>Dates provisionals<\/td><td>Coordinadors<\/td><\/tr><tr><td rowspan=\"2\">La funci\u00f3 directiva dels centres de PRIM\u00c0RIA<br>La funci\u00f3 directiva dels centres de SECUND\u00c0RIA<\/td><td rowspan=\"2\">\n<div>Dijous<\/div>\n<\/td><td rowspan=\"2\">\n<div>9:30h a 12:30h<\/div>\n<\/td><td>Servei educatiu (o en centres)<\/td><td>30<\/td><td>8<\/td><td rowspan=\"2\">10\/10, 7\/11, 12\/12, 23\/01, <del>20\/02<\/del>,(sessi\u00f3 cancel\u00b7lada)\n<p>20\/03, Sessi\u00f3 Jordi Mu\u00f1oz<\/p>\n<p>24\/04, Sessi\u00f3 Jordi Mu\u00f1oz<\/p>\n<p>22\/05<\/p>\n<\/td><td rowspan=\"2\">Alfred i Raquel\n<p>Miquel i Rosa<\/p>\n<\/td><\/tr><tr><td>Servei Educatiu<\/td><td>30<\/td><td>8<\/td><\/tr><\/tbody><\/table><\/figure>\n\n\n\n<p>&nbsp;<\/p>\n\n\n\n<p>&nbsp;<\/p>\n\n\n\n<p><\/p>\n","protected":false},"excerpt":{"rendered":"<p>CURS 25-26 Les sessions seran els dijous al mat\u00ed. Enlla\u00e7 a la unitat compartida: https:\/\/drive.google.com\/drive\/u\/1\/folders\/0AB7blTWO5Lu0Uk9PVA?role=writer Sessi\u00f3 1: 23\/10 &nbsp;Aquesta sessi\u00f3 es va cancel\u00b7lar Sessi\u00f3 2: 20\/11 &nbsp;https:\/\/docs.google.com\/document\/d\/1EhHq6TJvb6VVZpois0NdS8j3r9WtvUni4CxschXwaWc\/edit?usp=sharing Sessi\u00f3 3, 22\/01 &nbsp;M\u00e0rius Mart\u00ednez de 9:15h a 11:15h&#8211; Gesti\u00f3 de reunions i situacions dif\u00edcils Sessi\u00f3 4, 19\/02 &nbsp;&nbsp;M\u00e0rius Mart\u00ednez de 9:15h a 11:15h&#8211; Gesti\u00f3 del temps Sessi\u00f3 [&hellip;]<\/p>\n","protected":false},"author":5,"featured_media":0,"parent":0,"menu_order":0,"comment_status":"closed","ping_status":"closed","template":"","meta":{"_bbp_topic_count":0,"_bbp_reply_count":0,"_bbp_total_topic_count":0,"_bbp_total_reply_count":0,"_bbp_voice_count":0,"_bbp_anonymous_reply_count":0,"_bbp_topic_count_hidden":0,"_bbp_reply_count_hidden":0,"_bbp_forum_subforum_count":0,"site-sidebar-layout":"default","site-content-layout":"","ast-site-content-layout":"default","site-content-style":"default","site-sidebar-style":"default","ast-global-header-display":"","ast-banner-title-visibility":"","ast-main-header-display":"","ast-hfb-above-header-display":"","ast-hfb-below-header-display":"","ast-hfb-mobile-header-display":"","site-post-title":"","ast-breadcrumbs-content":"","ast-featured-img":"","footer-sml-layout":"","theme-transparent-header-meta":"default","adv-header-id-meta":"","stick-header-meta":"","header-above-stick-meta":"","header-main-stick-meta":"","header-below-stick-meta":"","astra-migrate-meta-layouts":"set","ast-page-background-enabled":"default","ast-page-background-meta":{"desktop":{"background-color":"var(--ast-global-color-4)","background-image":"","background-repeat":"repeat","background-position":"center center","background-size":"auto","background-attachment":"scroll","background-type":"","background-media":"","overlay-type":"","overlay-color":"","overlay-opacity":"","overlay-gradient":""},"tablet":{"background-color":"","background-image":"","background-repeat":"repeat","background-position":"center center","background-size":"auto","background-attachment":"scroll","background-type":"","background-media":"","overlay-type":"","overlay-color":"","overlay-opacity":"","overlay-gradient":""},"mobile":{"background-color":"","background-image":"","background-repeat":"repeat","background-position":"center center","background-size":"auto","background-attachment":"scroll","background-type":"","background-media":"","overlay-type":"","overlay-color":"","overlay-opacity":"","overlay-gradient":""}},"ast-content-background-meta":{"desktop":{"background-color":"var(--ast-global-color-5)","background-image":"","background-repeat":"repeat","background-position":"center center","background-size":"auto","background-attachment":"scroll","background-type":"","background-media":"","overlay-type":"","overlay-color":"","overlay-opacity":"","overlay-gradient":""},"tablet":{"background-color":"var(--ast-global-color-5)","background-image":"","background-repeat":"repeat","background-position":"center center","background-size":"auto","background-attachment":"scroll","background-type":"","background-media":"","overlay-type":"","overlay-color":"","overlay-opacity":"","overlay-gradient":""},"mobile":{"background-color":"var(--ast-global-color-5)","background-image":"","background-repeat":"repeat","background-position":"center center","background-size":"auto","background-attachment":"scroll","background-type":"","background-media":"","overlay-type":"","overlay-color":"","overlay-opacity":"","overlay-gradient":""}},"footnotes":""},"class_list":["post-12606","page","type-page","status-publish","hentry"],"post_mailing_queue_ids":[],"_links":{"self":[{"href":"https:\/\/serveiseducatius.xtec.cat\/vallesoccidental7\/wp-json\/wp\/v2\/pages\/12606","targetHints":{"allow":["GET"]}}],"collection":[{"href":"https:\/\/serveiseducatius.xtec.cat\/vallesoccidental7\/wp-json\/wp\/v2\/pages"}],"about":[{"href":"https:\/\/serveiseducatius.xtec.cat\/vallesoccidental7\/wp-json\/wp\/v2\/types\/page"}],"author":[{"embeddable":true,"href":"https:\/\/serveiseducatius.xtec.cat\/vallesoccidental7\/wp-json\/wp\/v2\/users\/5"}],"replies":[{"embeddable":true,"href":"https:\/\/serveiseducatius.xtec.cat\/vallesoccidental7\/wp-json\/wp\/v2\/comments?post=12606"}],"version-history":[{"count":6,"href":"https:\/\/serveiseducatius.xtec.cat\/vallesoccidental7\/wp-json\/wp\/v2\/pages\/12606\/revisions"}],"predecessor-version":[{"id":13922,"href":"https:\/\/serveiseducatius.xtec.cat\/vallesoccidental7\/wp-json\/wp\/v2\/pages\/12606\/revisions\/13922"}],"wp:attachment":[{"href":"https:\/\/serveiseducatius.xtec.cat\/vallesoccidental7\/wp-json\/wp\/v2\/media?parent=12606"}],"curies":[{"name":"wp","href":"https:\/\/api.w.org\/{rel}","templated":true}]}}