{"id":12250,"date":"2023-11-16T10:04:30","date_gmt":"2023-11-16T09:04:30","guid":{"rendered":"https:\/\/serveiseducatius.xtec.cat\/vallesoccidental7\/?page_id=12250"},"modified":"2026-03-19T08:53:48","modified_gmt":"2026-03-19T07:53:48","slug":"seminari-caps-destudis-de-primaria","status":"publish","type":"page","link":"https:\/\/serveiseducatius.xtec.cat\/vallesoccidental7\/seminari-caps-destudis-de-primaria\/","title":{"rendered":"Seminari caps d&#8217;estudi de prim\u00e0ria"},"content":{"rendered":"<p><strong>CURS 2025\/2026<\/strong><\/p>\n<p>Les sessions seran els dimecres de 15.00h a 17:00h<\/p>\n<table style=\"width: 100%; border-collapse: collapse; border-style: solid; border-color: #000000; height: 161px;\">\n<tbody>\n<tr style=\"height: 23px;\">\n<td style=\"width: 23.0698%; border-style: solid; border-color: #000000; height: 23px;\">SESSI\u00d3 1<\/td>\n<td style=\"width: 24.318%; border-style: solid; border-color: #000000; height: 23px;\">15\/10<\/td>\n<td style=\"width: 52.6121%; border-style: solid; border-color: #000000; height: 23px;\"><a href=\"https:\/\/drive.google.com\/file\/d\/14xJg66qHzTg_a9yhShfDivg9xS_w0F8x\/view?usp=drive_link\">ACTA<\/a><\/td>\n<\/tr>\n<tr style=\"height: 23px;\">\n<td style=\"width: 23.0698%; border-style: solid; border-color: #000000; height: 23px;\">SESSI\u00d3 2<\/td>\n<td style=\"width: 24.318%; border-style: solid; border-color: #000000; height: 23px;\"><span style=\"font-size: 16px; font-style: normal; font-weight: 400;\">19\/11<\/span><\/td>\n<td style=\"width: 52.6121%; border-style: solid; border-color: #000000; height: 23px;\"><a href=\"https:\/\/drive.google.com\/file\/d\/1HAcOMuWtTBFEZ48vd1QplPM-X5VjZ4y4\/view?usp=drive_link\">ACTA<\/a>\u00a0 I <a href=\"https:\/\/docs.google.com\/presentation\/d\/1a2rODuVnK4TMSkBpoudTjicOPJx-j8igWSL1jDhp5EQ\/edit?usp=sharing\">PRESENTACI\u00d3<\/a><\/td>\n<\/tr>\n<tr style=\"height: 23px;\">\n<td style=\"width: 23.0698%; border-style: solid; border-color: #000000; height: 23px;\">SESSI\u00d3 3<\/td>\n<td style=\"width: 24.318%; border-style: solid; border-color: #000000; height: 23px;\"><span style=\"font-size: 16px; font-style: normal; font-weight: 400;\">21\/01<\/span><\/td>\n<td style=\"width: 52.6121%; border-style: solid; border-color: #000000; height: 23px;\"><a href=\"https:\/\/docs.google.com\/document\/d\/11uJEzPe22P7NWgEPjuNbndM9edMKAh_NNoghPxUJRZU\/edit?usp=sharing\">ACTA<\/a> I <a href=\"https:\/\/docs.google.com\/presentation\/d\/1Ly8VHn8015WMjpL-Db47GYH1lPOX0t4mljAWNOgdWuo\/edit?usp=sharing\">PRESENTACI\u00d3<\/a><\/td>\n<\/tr>\n<tr style=\"height: 23px;\">\n<td style=\"width: 23.0698%; border-style: solid; border-color: #000000; height: 23px;\">SESSI\u00d3 4<\/td>\n<td style=\"width: 24.318%; border-style: solid; border-color: #000000; height: 23px;\"><span style=\"font-size: 16px; font-style: normal; font-weight: 400;\">18\/02<\/span><\/td>\n<td style=\"width: 52.6121%; border-style: solid; border-color: #000000; height: 23px;\"><a href=\"https:\/\/drive.google.com\/file\/d\/1QJwFu74GQf3E91GHAXlU9sUSZnSC7cbc\/view?usp=sharing\">ACTA<\/a> I <a href=\"https:\/\/docs.google.com\/presentation\/d\/1sRmHdkNHGFjhtYD2uNTFn6JSPSgErZJ7hFC5JkZBwgk\/edit?usp=sharing\">PRESENTACI\u00d3<\/a><\/td>\n<\/tr>\n<tr style=\"height: 23px;\">\n<td style=\"width: 23.0698%; border-style: solid; border-color: #000000; height: 23px;\">SESSI\u00d3 5<\/td>\n<td style=\"width: 24.318%; border-style: solid; border-color: #000000; height: 23px;\"><span style=\"font-size: 16px; font-style: normal; font-weight: 400;\">18\/03<\/span><\/td>\n<td style=\"width: 52.6121%; border-style: solid; border-color: #000000; height: 23px;\"><a href=\"https:\/\/drive.google.com\/file\/d\/1STR4HMzx4ablZTYpo6jk1XTeHxiXdHj_\/view?usp=sharing\">ACTA<\/a> I <a href=\"https:\/\/docs.google.com\/presentation\/d\/1j_P5ya9ml13cydEvzMZDXc5VdBVw6MmzRPnDugrHGdw\/edit?usp=sharing\">PRESENTACI\u00d3<\/a><\/td>\n<\/tr>\n<tr style=\"height: 23px;\">\n<td style=\"width: 23.0698%; border-style: solid; border-color: #000000; height: 23px;\">SESSI\u00d3 6<\/td>\n<td style=\"width: 24.318%; border-style: solid; border-color: #000000; height: 23px;\"><span style=\"font-size: 16px; font-style: normal; font-weight: 400;\">15\/04<\/span><\/td>\n<td style=\"width: 52.6121%; border-style: solid; border-color: #000000; height: 23px;\"><\/td>\n<\/tr>\n<tr style=\"height: 23px;\">\n<td style=\"width: 23.0698%; border-style: solid; border-color: #000000; height: 23px;\">SESSI\u00d3 7<\/td>\n<td style=\"width: 24.318%; border-style: solid; border-color: #000000; height: 23px;\"><span style=\"font-size: 16px; font-style: normal; font-weight: 400;\">20\/05<\/span><\/td>\n<td style=\"width: 52.6121%; border-style: solid; border-color: #000000; height: 23px;\"><\/td>\n<\/tr>\n<\/tbody>\n<\/table>\n<p><strong>CURS 2024\/2025\u00a0\u00a0<\/strong><\/p>\n<p>Aquest curs s&#8217;han previst 4 reunions pel seminari de caps d&#8217;estudis i coordinacions pedag\u00f2giques de secund\u00e0ria.<\/p>\n<table style=\"width: 34.4453%; border-collapse: collapse; border-style: solid; border-color: #000000;\">\n<tbody>\n<tr>\n<td style=\"width: 16.4975%; border-style: solid; border-color: #000000;\"><strong>SESSI\u00d3 1\u00a0 \u00a0 02\/10<\/strong><\/td>\n<td style=\"width: 17.9478%; border-style: solid; border-color: #000000;\"><a href=\"https:\/\/drive.google.com\/file\/d\/1mgKr1qMTxfSVzyZYcW3T4bUZgJNlqXW-\/view?usp=drive_link\">ACTA<\/a> i <a href=\"https:\/\/drive.google.com\/file\/d\/1X-1i-AFQ90904Es9c2KYCz9l9IrvFoy8\/view?usp=drive_link\">PRESENTACI\u00d3<\/a><\/td>\n<\/tr>\n<tr>\n<td style=\"width: 16.4975%; border-style: solid; border-color: #000000;\"><strong>SESSI\u00d3 2\u00a0 \u00a0 04\/12<\/strong><\/td>\n<td style=\"width: 17.9478%; border-style: solid; border-color: #000000;\"><a href=\"https:\/\/drive.google.com\/file\/d\/1VprNX-u4eLpjHzBKuPqIqZrFHJBMIBp2\/view?usp=drive_link\">ACTA<\/a>\u00a0 I <a href=\"https:\/\/docs.google.com\/presentation\/d\/1RInGQPztsZD2UX-hVPFM0bSNijfl9SofuFcCRm7eqf0\/edit?usp=drive_link\">PRESENTACI\u00d3<\/a><\/td>\n<\/tr>\n<tr>\n<td style=\"width: 16.4975%; border-style: solid; border-color: #000000;\"><strong>SESSI\u00d3 3\u00a0 \u00a0 02\/04<\/strong><\/td>\n<td style=\"width: 17.9478%; border-style: solid; border-color: #000000;\"><a href=\"https:\/\/drive.google.com\/file\/d\/1124I2vpScBBTq289a_KjBVKFEfEjoq5G\/view?usp=drive_link\">ACTA\u00a0<\/a><\/td>\n<\/tr>\n<tr>\n<td style=\"width: 16.4975%; border-style: solid; border-color: #000000;\"><strong>SESSI\u00d3 4\u00a0 \u00a0 28\/05<\/strong><\/td>\n<td style=\"width: 17.9478%; border-style: solid; border-color: #000000;\"><a href=\"https:\/\/drive.google.com\/file\/d\/1g0ayaAW6UKJ0IYkneyZg_VCQ2PUH34im\/view?usp=drive_link\">ACTA<\/a>\u00a0 I <a href=\"https:\/\/docs.google.com\/presentation\/d\/1rOPY99MR-rYOL66npuGdtIaEj8GzuZw9RkU1xwZ1Hmg\/edit?slide=id.p#slide=id.p\">PRESENTACI\u00d3<\/a><\/td>\n<\/tr>\n<\/tbody>\n<\/table>\n<p>Complement\u00e0riament, es desenvolupar\u00e0 un seminari de revisi\u00f3 i millora en l&#8217;aplicaci\u00f3 de la <strong>immersi\u00f3 ling\u00fc\u00edstica<\/strong> al centre, liderat per l&#8217;assessora LIC Lou Cair\u00f3.<\/p>\n<table style=\"height: 132px; width: 34.2277%; border-collapse: collapse; border-style: solid; border-color: #000000;\">\n<tbody>\n<tr style=\"height: 32px;\">\n<td style=\"width: 16.57%; height: 32px; border-style: solid; border-color: #000000;\"><strong>SESSI\u00d3 1\u00a0 \u00a0 \u00a06\/11<\/strong><\/td>\n<td style=\"width: 17.6577%; height: 132px; border-style: solid; border-color: #000000;\" rowspan=\"4\">MATERIALS AL <a href=\"https:\/\/drive.google.com\/drive\/u\/0\/folders\/0AM5FFo90aB7dUk9PVA\">DRIVE<\/a><\/td>\n<\/tr>\n<tr style=\"height: 32px;\">\n<td style=\"width: 16.57%; height: 32px; border-style: solid; border-color: #000000;\"><strong>SESSI\u00d3 2\u00a0 \u00a0 \u00a015\/01<\/strong><\/td>\n<\/tr>\n<tr style=\"height: 36px;\">\n<td style=\"width: 16.57%; height: 36px; border-style: solid; border-color: #000000;\"><strong>SESSI\u00d3 3\u00a0 \u00a0 12\/03<\/strong><\/td>\n<\/tr>\n<tr style=\"height: 32px;\">\n<td style=\"width: 16.57%; height: 32px; border-style: solid; border-color: #000000;\"><strong>SESSI\u00d3 4\u00a0 \u00a0 14\/05<\/strong><\/td>\n<\/tr>\n<\/tbody>\n<\/table>\n<p>Les sessions dels dos seminaris seran els dimecres de 15:00h a 17:00h<\/p>\n<p><strong>CURS 2023\/2024<\/strong><\/p>\n<p>Les sessions s\u00f3n els dimecres de 15:00h a 17:00h (Materials a la <a href=\"https:\/\/drive.google.com\/drive\/folders\/1yyyHjggGErito7hgng0HGkuXWnv8MNIK?usp=sharing\">carpeta del DRIVE<\/a>)<\/p>\n<table style=\"border-collapse: collapse; width: 33.14%;\">\n<tbody>\n<tr>\n<td style=\"width: 17.5852%;\"><strong>SESSI\u00d3 1\u00a0 04\/10\u00a0\u00a0<\/strong><\/td>\n<td style=\"width: 15.5548%;\"><strong><a href=\"https:\/\/docs.google.com\/document\/d\/1cqhgC4NJN7M5xS_j5n91a6gnjz3a1y0bl1gMFsMxrio\/edit\">ACTA <\/a>\u00a0 \u00a0 \u00a0 \u00a0 \u00a0 \u00a0<\/strong><\/td>\n<\/tr>\n<tr>\n<td style=\"width: 17.5852%;\"><strong>SESSI\u00d3 2\u00a0 15\/11<\/strong><\/td>\n<td style=\"width: 15.5548%;\"><strong><a style=\"color: #2795b6;\" href=\"https:\/\/drive.google.com\/file\/d\/1td7sUqOTTR-nYenM8i5MpqRhNzVFIba8\/view?usp=drive_link\">ACTA<\/a>\u00a0 \u00a0 \u00a0 \u00a0 \u00a0 \u00a0 \u00a0 <a href=\"https:\/\/drive.google.com\/drive\/folders\/1tUf7_bl7cDU4TFYWlYizCpWThqQa4AKp?usp=drive_link\"> FOTOS<\/a><\/strong><\/td>\n<\/tr>\n<tr>\n<td style=\"width: 17.5852%;\"><strong>SESSI\u00d3 3\u00a0 13\/12<\/strong><\/td>\n<td style=\"width: 15.5548%;\"><a href=\"https:\/\/drive.google.com\/file\/d\/1vu76jZeOX_f-_OII4gJTY2x2ICpxeerH\/view?usp=drive_link\">ACTA<\/a><\/td>\n<\/tr>\n<tr>\n<td style=\"width: 17.5852%;\"><strong>SESSI\u00d3 4\u00a0 \u00a017\/01<\/strong><\/td>\n<td style=\"width: 15.5548%;\"><a href=\"https:\/\/drive.google.com\/file\/d\/18J3USDpePwOZgkk_DX35MCUIb22MIBvr\/view?usp=drive_link\">ACTA<\/a><\/td>\n<\/tr>\n<tr>\n<td style=\"width: 17.5852%;\"><strong>SESSI\u00d3 5\u00a0 \u00a014\/02<\/strong><\/td>\n<td style=\"width: 15.5548%;\"><a href=\"https:\/\/drive.google.com\/file\/d\/1XDZ7FcSFaCdTxW9Kps0zIG2-VxFrRG8g\/view?usp=drive_link\">ACTA<\/a><\/td>\n<\/tr>\n<tr>\n<td style=\"width: 17.5852%;\"><strong>SESSI\u00d3 6\u00a0 \u00a013\/03<\/strong><\/td>\n<td style=\"width: 15.5548%;\"><a href=\"https:\/\/drive.google.com\/file\/d\/1VLIX4DYxTV5tDXP5DQerB4TmOi2QuDav\/view?usp=drive_link\">ACTA<\/a><\/td>\n<\/tr>\n<tr>\n<td style=\"width: 17.5852%;\"><strong>SESSI\u00d3 7\u00a0 \u00a017\/04<\/strong><\/td>\n<td style=\"width: 15.5548%;\">ACTA<\/td>\n<\/tr>\n<tr>\n<td style=\"width: 17.5852%;\"><strong>SESSI\u00d3 8\u00a0 \u00a015\/05<\/strong><\/td>\n<td style=\"width: 15.5548%;\">ACTA<\/td>\n<\/tr>\n<\/tbody>\n<\/table>\n<table style=\"border-collapse: collapse; width: 96.9543%;\">\n<tbody>\n<tr>\n<td style=\"width: 33.6958%; text-align: center;\"><iframe loading=\"lazy\" src=\"https:\/\/drive.google.com\/file\/d\/1AeyuTKnSHNJCABgTQYHW7qnDBYEeuoyJ\/preview\" width=\"640\" height=\"480\"><\/iframe><\/td>\n<td style=\"width: 29.9251%; text-align: center;\"><iframe loading=\"lazy\" src=\"https:\/\/drive.google.com\/file\/d\/19NEGx6kgq6MmEJOH3D3f3MoWujPEKxcT\/preview\" width=\"640\" height=\"480\"><\/iframe><\/td>\n<\/tr>\n<\/tbody>\n<\/table>\n","protected":false},"excerpt":{"rendered":"<p>CURS 2025\/2026 Les sessions seran els dimecres de 15.00h a 17:00h SESSI\u00d3 1 15\/10 ACTA SESSI\u00d3 2 19\/11 ACTA\u00a0 I PRESENTACI\u00d3 SESSI\u00d3 3 21\/01 ACTA I PRESENTACI\u00d3 SESSI\u00d3 4 18\/02 ACTA I PRESENTACI\u00d3 SESSI\u00d3 5 18\/03 ACTA I PRESENTACI\u00d3 SESSI\u00d3 6 15\/04 SESSI\u00d3 7 20\/05 CURS 2024\/2025\u00a0\u00a0 Aquest curs s&#8217;han previst 4 reunions pel seminari [&hellip;]<\/p>\n","protected":false},"author":5,"featured_media":0,"parent":0,"menu_order":0,"comment_status":"closed","ping_status":"closed","template":"","meta":{"_bbp_topic_count":0,"_bbp_reply_count":0,"_bbp_total_topic_count":0,"_bbp_total_reply_count":0,"_bbp_voice_count":0,"_bbp_anonymous_reply_count":0,"_bbp_topic_count_hidden":0,"_bbp_reply_count_hidden":0,"_bbp_forum_subforum_count":0,"site-sidebar-layout":"default","site-content-layout":"","ast-site-content-layout":"default","site-content-style":"default","site-sidebar-style":"default","ast-global-header-display":"","ast-banner-title-visibility":"","ast-main-header-display":"","ast-hfb-above-header-display":"","ast-hfb-below-header-display":"","ast-hfb-mobile-header-display":"","site-post-title":"","ast-breadcrumbs-content":"","ast-featured-img":"","footer-sml-layout":"","theme-transparent-header-meta":"default","adv-header-id-meta":"","stick-header-meta":"","header-above-stick-meta":"","header-main-stick-meta":"","header-below-stick-meta":"","astra-migrate-meta-layouts":"set","ast-page-background-enabled":"default","ast-page-background-meta":{"desktop":{"background-color":"var(--ast-global-color-4)","background-image":"","background-repeat":"repeat","background-position":"center center","background-size":"auto","background-attachment":"scroll","background-type":"","background-media":"","overlay-type":"","overlay-color":"","overlay-opacity":"","overlay-gradient":""},"tablet":{"background-color":"","background-image":"","background-repeat":"repeat","background-position":"center center","background-size":"auto","background-attachment":"scroll","background-type":"","background-media":"","overlay-type":"","overlay-color":"","overlay-opacity":"","overlay-gradient":""},"mobile":{"background-color":"","background-image":"","background-repeat":"repeat","background-position":"center center","background-size":"auto","background-attachment":"scroll","background-type":"","background-media":"","overlay-type":"","overlay-color":"","overlay-opacity":"","overlay-gradient":""}},"ast-content-background-meta":{"desktop":{"background-color":"var(--ast-global-color-5)","background-image":"","background-repeat":"repeat","background-position":"center center","background-size":"auto","background-attachment":"scroll","background-type":"","background-media":"","overlay-type":"","overlay-color":"","overlay-opacity":"","overlay-gradient":""},"tablet":{"background-color":"var(--ast-global-color-5)","background-image":"","background-repeat":"repeat","background-position":"center center","background-size":"auto","background-attachment":"scroll","background-type":"","background-media":"","overlay-type":"","overlay-color":"","overlay-opacity":"","overlay-gradient":""},"mobile":{"background-color":"var(--ast-global-color-5)","background-image":"","background-repeat":"repeat","background-position":"center center","background-size":"auto","background-attachment":"scroll","background-type":"","background-media":"","overlay-type":"","overlay-color":"","overlay-opacity":"","overlay-gradient":""}},"footnotes":""},"class_list":["post-12250","page","type-page","status-publish","hentry"],"post_mailing_queue_ids":[],"_links":{"self":[{"href":"https:\/\/serveiseducatius.xtec.cat\/vallesoccidental7\/wp-json\/wp\/v2\/pages\/12250","targetHints":{"allow":["GET"]}}],"collection":[{"href":"https:\/\/serveiseducatius.xtec.cat\/vallesoccidental7\/wp-json\/wp\/v2\/pages"}],"about":[{"href":"https:\/\/serveiseducatius.xtec.cat\/vallesoccidental7\/wp-json\/wp\/v2\/types\/page"}],"author":[{"embeddable":true,"href":"https:\/\/serveiseducatius.xtec.cat\/vallesoccidental7\/wp-json\/wp\/v2\/users\/5"}],"replies":[{"embeddable":true,"href":"https:\/\/serveiseducatius.xtec.cat\/vallesoccidental7\/wp-json\/wp\/v2\/comments?post=12250"}],"version-history":[{"count":6,"href":"https:\/\/serveiseducatius.xtec.cat\/vallesoccidental7\/wp-json\/wp\/v2\/pages\/12250\/revisions"}],"predecessor-version":[{"id":13923,"href":"https:\/\/serveiseducatius.xtec.cat\/vallesoccidental7\/wp-json\/wp\/v2\/pages\/12250\/revisions\/13923"}],"wp:attachment":[{"href":"https:\/\/serveiseducatius.xtec.cat\/vallesoccidental7\/wp-json\/wp\/v2\/media?parent=12250"}],"curies":[{"name":"wp","href":"https:\/\/api.w.org\/{rel}","templated":true}]}}