{"id":11794,"date":"2023-01-20T09:15:09","date_gmt":"2023-01-20T08:15:09","guid":{"rendered":"https:\/\/serveiseducatius.xtec.cat\/vallesoccidental7\/?page_id=11794"},"modified":"2023-04-17T17:10:11","modified_gmt":"2023-04-17T15:10:11","slug":"certamen-minerva-2022-23","status":"publish","type":"page","link":"https:\/\/serveiseducatius.xtec.cat\/vallesoccidental7\/certamen-minerva-2022-23\/","title":{"rendered":"Certamen Minerva 2022-2023"},"content":{"rendered":"<p><a href=\"https:\/\/drive.google.com\/file\/d\/1x6QyoR-ZJK46dNmQTWKqhaA3CNvNTQZ6\/view?usp=share_link\" target=\"_blank\" rel=\"noopener\">BASES<\/a> d&#8217;aquesta edici\u00f3 dels Premis Minerva.<\/p>\n<p>Aquests s\u00f3n els treballs premiats d&#8217;enguany:<\/p>\n<p><iframe loading=\"lazy\" src=\"https:\/\/drive.google.com\/file\/d\/1YoZJnQPRYGTEF4wo11g3Wn9gMaiCQZRj\/preview\" width=\"640\" height=\"480\"><\/iframe><\/p>\n<p>Podeu consultar els treballs clicant a sobre de cadascun.<\/p>\n<table style=\"border-collapse: collapse; width: 100%;\">\n<tbody>\n<tr>\n<td style=\"width: 50%; text-align: center;\"><a href=\"https:\/\/drive.google.com\/file\/d\/1kHAeDsj1BrXhhfn-5gHcBpJImmmLGtqZ\/view?usp=share_link\" target=\"_blank\" rel=\"noopener\"><img loading=\"lazy\" decoding=\"async\" class=\"alignnone wp-image-11964\" src=\"https:\/\/serveiseducatius.xtec.cat\/vallesoccidental7\/wp-content\/uploads\/usu1104\/2023\/04\/TR-medicacio.jpg\" alt=\"\" width=\"227\" height=\"286\" srcset=\"https:\/\/serveiseducatius.xtec.cat\/vallesoccidental7\/wp-content\/uploads\/usu1104\/2023\/04\/TR-medicacio.jpg 422w, https:\/\/serveiseducatius.xtec.cat\/vallesoccidental7\/wp-content\/uploads\/usu1104\/2023\/04\/TR-medicacio-238x300.jpg 238w\" sizes=\"auto, (max-width: 227px) 100vw, 227px\" \/><\/a><\/td>\n<td style=\"width: 50%; text-align: center;\"><a href=\"https:\/\/drive.google.com\/file\/d\/1_d4XiTIvlwFE603njyJ9rz-uFL7W2r3O\/view?usp=share_link\" target=\"_blank\" rel=\"noopener\"><img loading=\"lazy\" decoding=\"async\" class=\"alignnone wp-image-11967\" src=\"https:\/\/serveiseducatius.xtec.cat\/vallesoccidental7\/wp-content\/uploads\/usu1104\/2023\/04\/TR-neuromites.jpg\" alt=\"\" width=\"191\" height=\"194\" srcset=\"https:\/\/serveiseducatius.xtec.cat\/vallesoccidental7\/wp-content\/uploads\/usu1104\/2023\/04\/TR-neuromites.jpg 525w, https:\/\/serveiseducatius.xtec.cat\/vallesoccidental7\/wp-content\/uploads\/usu1104\/2023\/04\/TR-neuromites-296x300.jpg 296w\" sizes=\"auto, (max-width: 191px) 100vw, 191px\" \/><\/a><\/td>\n<\/tr>\n<tr>\n<td style=\"width: 50%; text-align: center;\"><a href=\"https:\/\/drive.google.com\/file\/d\/12SQ4weWtY2KHjhyK-CrMn_tip855OH2-\/view?usp=share_link\" target=\"_blank\" rel=\"noopener\"><img loading=\"lazy\" decoding=\"async\" class=\"alignnone wp-image-11961\" src=\"https:\/\/serveiseducatius.xtec.cat\/vallesoccidental7\/wp-content\/uploads\/usu1104\/2023\/04\/TR-Bullying.jpg\" alt=\"\" width=\"190\" height=\"171\" srcset=\"https:\/\/serveiseducatius.xtec.cat\/vallesoccidental7\/wp-content\/uploads\/usu1104\/2023\/04\/TR-Bullying.jpg 381w, https:\/\/serveiseducatius.xtec.cat\/vallesoccidental7\/wp-content\/uploads\/usu1104\/2023\/04\/TR-Bullying-300x270.jpg 300w\" sizes=\"auto, (max-width: 190px) 100vw, 190px\" \/><\/a><\/td>\n<td style=\"width: 50%; text-align: center;\"><a href=\"https:\/\/drive.google.com\/file\/d\/1AUXGQrJTqzaD4KcDAvC61WYajXuLAUxz\/view?usp=share_link\" target=\"_blank\" rel=\"noopener\"><img loading=\"lazy\" decoding=\"async\" class=\"alignnone wp-image-11962\" src=\"https:\/\/serveiseducatius.xtec.cat\/vallesoccidental7\/wp-content\/uploads\/usu1104\/2023\/04\/TR-fisica.jpg\" alt=\"\" width=\"237\" height=\"182\" srcset=\"https:\/\/serveiseducatius.xtec.cat\/vallesoccidental7\/wp-content\/uploads\/usu1104\/2023\/04\/TR-fisica.jpg 522w, https:\/\/serveiseducatius.xtec.cat\/vallesoccidental7\/wp-content\/uploads\/usu1104\/2023\/04\/TR-fisica-300x231.jpg 300w\" sizes=\"auto, (max-width: 237px) 100vw, 237px\" \/><\/a><\/td>\n<\/tr>\n<tr>\n<td style=\"width: 50%; text-align: center;\"><a href=\"https:\/\/drive.google.com\/file\/d\/1Ayi6itMI2uD9IhTUJrVLkhpDv9bhUpmU\/view?usp=share_link\" target=\"_blank\" rel=\"noopener\"><img loading=\"lazy\" decoding=\"async\" class=\"alignnone wp-image-11969 size-full\" src=\"https:\/\/serveiseducatius.xtec.cat\/vallesoccidental7\/wp-content\/uploads\/usu1104\/2023\/04\/TR-somnis.jpg\" alt=\"\" width=\"156\" height=\"136\" \/><\/a><\/p>\n<h6>Endinsant-nos en el m\u00f3n<\/h6>\n<h6>dels somnis<\/h6>\n<\/td>\n<td style=\"width: 50%; text-align: center;\"><a href=\"https:\/\/drive.google.com\/file\/d\/1hm1s_qftPumDtODT2-eqDYAei4E82qn5\/view?usp=share_link\" target=\"_blank\" rel=\"noopener\"><img loading=\"lazy\" decoding=\"async\" class=\"alignnone wp-image-11963\" src=\"https:\/\/serveiseducatius.xtec.cat\/vallesoccidental7\/wp-content\/uploads\/usu1104\/2023\/04\/TR-futbol.jpg\" alt=\"\" width=\"233\" height=\"244\" srcset=\"https:\/\/serveiseducatius.xtec.cat\/vallesoccidental7\/wp-content\/uploads\/usu1104\/2023\/04\/TR-futbol.jpg 475w, https:\/\/serveiseducatius.xtec.cat\/vallesoccidental7\/wp-content\/uploads\/usu1104\/2023\/04\/TR-futbol-287x300.jpg 287w\" sizes=\"auto, (max-width: 233px) 100vw, 233px\" \/><\/a><\/td>\n<\/tr>\n<tr>\n<td style=\"width: 50%; text-align: center;\"><a href=\"https:\/\/drive.google.com\/file\/d\/1L1kA-6Oy5HiVwr2QaljwInzdtJEujail\/view?usp=share_link\" target=\"_blank\" rel=\"noopener\"><img loading=\"lazy\" decoding=\"async\" class=\"alignnone wp-image-11968\" src=\"https:\/\/serveiseducatius.xtec.cat\/vallesoccidental7\/wp-content\/uploads\/usu1104\/2023\/04\/TR-plastics.jpg\" alt=\"\" width=\"169\" height=\"213\" srcset=\"https:\/\/serveiseducatius.xtec.cat\/vallesoccidental7\/wp-content\/uploads\/usu1104\/2023\/04\/TR-plastics.jpg 389w, https:\/\/serveiseducatius.xtec.cat\/vallesoccidental7\/wp-content\/uploads\/usu1104\/2023\/04\/TR-plastics-238x300.jpg 238w\" sizes=\"auto, (max-width: 169px) 100vw, 169px\" \/><\/a><\/td>\n<td style=\"width: 50%; text-align: center;\"><a href=\"https:\/\/drive.google.com\/file\/d\/1PaxyLcJXYP3serTFAjYL8-NE2_MI2ZHu\/view?usp=share_link\" target=\"_blank\" rel=\"noopener\"><img loading=\"lazy\" decoding=\"async\" class=\"alignnone wp-image-11966\" src=\"https:\/\/serveiseducatius.xtec.cat\/vallesoccidental7\/wp-content\/uploads\/usu1104\/2023\/04\/TR-microbiota2.jpg\" alt=\"\" width=\"208\" height=\"143\" srcset=\"https:\/\/serveiseducatius.xtec.cat\/vallesoccidental7\/wp-content\/uploads\/usu1104\/2023\/04\/TR-microbiota2.jpg 390w, https:\/\/serveiseducatius.xtec.cat\/vallesoccidental7\/wp-content\/uploads\/usu1104\/2023\/04\/TR-microbiota2-300x206.jpg 300w\" sizes=\"auto, (max-width: 208px) 100vw, 208px\" \/><\/a><\/td>\n<\/tr>\n<\/tbody>\n<\/table>\n<p>&nbsp;<\/p>\n","protected":false},"excerpt":{"rendered":"<p>BASES d&#8217;aquesta edici\u00f3 dels Premis Minerva. Aquests s\u00f3n els treballs premiats d&#8217;enguany: Podeu consultar els treballs clicant a sobre de cadascun. Endinsant-nos en el m\u00f3n dels somnis &nbsp;<\/p>\n","protected":false},"author":5,"featured_media":0,"parent":0,"menu_order":0,"comment_status":"closed","ping_status":"closed","template":"","meta":{"_bbp_topic_count":0,"_bbp_reply_count":0,"_bbp_total_topic_count":0,"_bbp_total_reply_count":0,"_bbp_voice_count":0,"_bbp_anonymous_reply_count":0,"_bbp_topic_count_hidden":0,"_bbp_reply_count_hidden":0,"_bbp_forum_subforum_count":0,"site-sidebar-layout":"default","site-content-layout":"","ast-site-content-layout":"","site-content-style":"default","site-sidebar-style":"default","ast-global-header-display":"","ast-banner-title-visibility":"","ast-main-header-display":"","ast-hfb-above-header-display":"","ast-hfb-below-header-display":"","ast-hfb-mobile-header-display":"","site-post-title":"","ast-breadcrumbs-content":"","ast-featured-img":"","footer-sml-layout":"","theme-transparent-header-meta":"","adv-header-id-meta":"","stick-header-meta":"","header-above-stick-meta":"","header-main-stick-meta":"","header-below-stick-meta":"","astra-migrate-meta-layouts":"default","ast-page-background-enabled":"default","ast-page-background-meta":{"desktop":{"background-color":"var(--ast-global-color-4)","background-image":"","background-repeat":"repeat","background-position":"center center","background-size":"auto","background-attachment":"scroll","background-type":"","background-media":"","overlay-type":"","overlay-color":"","overlay-opacity":"","overlay-gradient":""},"tablet":{"background-color":"","background-image":"","background-repeat":"repeat","background-position":"center center","background-size":"auto","background-attachment":"scroll","background-type":"","background-media":"","overlay-type":"","overlay-color":"","overlay-opacity":"","overlay-gradient":""},"mobile":{"background-color":"","background-image":"","background-repeat":"repeat","background-position":"center center","background-size":"auto","background-attachment":"scroll","background-type":"","background-media":"","overlay-type":"","overlay-color":"","overlay-opacity":"","overlay-gradient":""}},"ast-content-background-meta":{"desktop":{"background-color":"var(--ast-global-color-5)","background-image":"","background-repeat":"repeat","background-position":"center center","background-size":"auto","background-attachment":"scroll","background-type":"","background-media":"","overlay-type":"","overlay-color":"","overlay-opacity":"","overlay-gradient":""},"tablet":{"background-color":"var(--ast-global-color-5)","background-image":"","background-repeat":"repeat","background-position":"center center","background-size":"auto","background-attachment":"scroll","background-type":"","background-media":"","overlay-type":"","overlay-color":"","overlay-opacity":"","overlay-gradient":""},"mobile":{"background-color":"var(--ast-global-color-5)","background-image":"","background-repeat":"repeat","background-position":"center center","background-size":"auto","background-attachment":"scroll","background-type":"","background-media":"","overlay-type":"","overlay-color":"","overlay-opacity":"","overlay-gradient":""}},"footnotes":""},"class_list":["post-11794","page","type-page","status-publish","hentry"],"post_mailing_queue_ids":[],"_links":{"self":[{"href":"https:\/\/serveiseducatius.xtec.cat\/vallesoccidental7\/wp-json\/wp\/v2\/pages\/11794","targetHints":{"allow":["GET"]}}],"collection":[{"href":"https:\/\/serveiseducatius.xtec.cat\/vallesoccidental7\/wp-json\/wp\/v2\/pages"}],"about":[{"href":"https:\/\/serveiseducatius.xtec.cat\/vallesoccidental7\/wp-json\/wp\/v2\/types\/page"}],"author":[{"embeddable":true,"href":"https:\/\/serveiseducatius.xtec.cat\/vallesoccidental7\/wp-json\/wp\/v2\/users\/5"}],"replies":[{"embeddable":true,"href":"https:\/\/serveiseducatius.xtec.cat\/vallesoccidental7\/wp-json\/wp\/v2\/comments?post=11794"}],"version-history":[{"count":3,"href":"https:\/\/serveiseducatius.xtec.cat\/vallesoccidental7\/wp-json\/wp\/v2\/pages\/11794\/revisions"}],"predecessor-version":[{"id":11972,"href":"https:\/\/serveiseducatius.xtec.cat\/vallesoccidental7\/wp-json\/wp\/v2\/pages\/11794\/revisions\/11972"}],"wp:attachment":[{"href":"https:\/\/serveiseducatius.xtec.cat\/vallesoccidental7\/wp-json\/wp\/v2\/media?parent=11794"}],"curies":[{"name":"wp","href":"https:\/\/api.w.org\/{rel}","templated":true}]}}