{"id":11760,"date":"2022-12-07T12:36:50","date_gmt":"2022-12-07T11:36:50","guid":{"rendered":"https:\/\/serveiseducatius.xtec.cat\/vallesoccidental7\/?page_id=11760"},"modified":"2026-04-17T08:44:59","modified_gmt":"2026-04-17T06:44:59","slug":"seminari-de-mestres-dangles","status":"publish","type":"page","link":"https:\/\/serveiseducatius.xtec.cat\/vallesoccidental7\/seminari-de-mestres-dangles\/","title":{"rendered":"Seminari de mestres d&#8217;angl\u00e8s"},"content":{"rendered":"<h3><strong>CURS 2025-26<\/strong><\/h3>\n<table style=\"width: 58.8832%; border-collapse: collapse; border-style: solid; border-color: #000000; height: 308px;\">\n<tbody>\n<tr style=\"height: 23px;\">\n<td style=\"width: 27.81%; border-style: solid; border-color: #000000; height: 23px;\"><strong>SESSI\u00d3 1:\u00a0 23\/10<\/strong><\/td>\n<td style=\"width: 31.0732%; border-style: solid; border-color: #000000; height: 23px;\"><a href=\"https:\/\/docs.google.com\/document\/d\/1jFkmUCVuv120DmwaakgcN_eVIAuu6LnpmHB-z0opxYE\/edit?usp=sharing\">ACTA I PRESENTACI\u00d3<\/a><\/td>\n<\/tr>\n<tr style=\"height: 23px;\">\n<td style=\"width: 27.81%; border-style: solid; border-color: #000000; height: 23px;\"><strong>SESSI\u00d3 2:\u00a0 20\/11<\/strong><\/td>\n<td style=\"width: 31.0732%; border-style: solid; border-color: #000000; height: 23px;\"><a href=\"https:\/\/docs.google.com\/document\/d\/1oQAAymA1VGyraM-O07vF-EFTkVMbdvkmgu7DT1LLA4M\/edit?usp=sharing\">ACTA &#8211; BARBER\u00c0<\/a><a href=\"https:\/\/docs.google.com\/document\/d\/1ZH1OeyJqJcUM9gzbNYug9VvPbTCmFhoa_oen1JSApqs\/edit?usp=sharing\">ACTA &#8211; BADIA<\/a><\/td>\n<\/tr>\n<tr style=\"height: 23px;\">\n<td style=\"width: 27.81%; border-style: solid; border-color: #000000; height: 23px;\"><strong>SESSI\u00d3 3:\u00a0 26\/02\u00a0<\/strong><\/td>\n<td style=\"width: 31.0732%; border-style: solid; border-color: #000000; height: 23px;\"><a href=\"https:\/\/drive.google.com\/file\/d\/1DR_pspsweCPNRWRJWLPZ2tvUobceDXrg\/view?usp=sharing\">ACTA &#8211; BADIA<\/a><a href=\"https:\/\/drive.google.com\/file\/d\/1zmlXTBc0o5GTpTI7G0FPXk1yfhiGbdiD\/view?usp=sharing\" data-wplink-edit=\"true\">ACTA &#8211; BARBER\u00c0<\/a><\/td>\n<\/tr>\n<tr style=\"height: 23px;\">\n<td style=\"width: 27.81%; border-style: solid; border-color: #000000; height: 23px;\"><strong>SESSI\u00d3 4:\u00a0 19\/03\u00a0<\/strong><\/td>\n<td style=\"width: 31.0732%; border-style: solid; border-color: #000000; height: 23px;\"><\/td>\n<\/tr>\n<tr style=\"height: 149px;\">\n<td style=\"width: 27.81%; border-style: solid; border-color: #000000; height: 149px;\"><strong>SESSI\u00d3 5:\u00a0 16\/04\u00a0<\/strong><\/td>\n<td style=\"width: 31.0732%; border-style: solid; border-color: #000000; height: 149px;\">Sessi\u00f3: \u201cImplementing Active Learning into Oral Communication\u201d a c\u00e0rrec de la S\u00f2nia Fabr\u00e9<\/p>\n<p><a href=\"https:\/\/drive.google.com\/drive\/folders\/1VMnjP5QtEbyM4GbOgprb1dlKLx_6f1Gj?usp=sharing\">Enlla\u00e7 als materials.<\/a><\/td>\n<\/tr>\n<tr style=\"height: 23px;\">\n<td style=\"width: 27.81%; border-style: solid; border-color: #000000; height: 23px;\"><strong>SESSI\u00d3 6:\u00a0 14\/05\u00a0<\/strong><\/td>\n<td style=\"width: 31.0732%; border-style: solid; border-color: #000000; height: 23px;\"><strong>Preparaci\u00f3 English Day<\/strong><\/td>\n<\/tr>\n<tr style=\"height: 44px;\">\n<td style=\"width: 27.81%; border-style: solid; border-color: #000000; height: 44px;\"><strong>SESSI\u00d3 7:\u00a0 English Day 28\/05<\/strong><\/td>\n<td style=\"width: 31.0732%; border-style: solid; border-color: #000000; height: 44px;\"><\/td>\n<\/tr>\n<\/tbody>\n<\/table>\n<h3><strong>CURS 2024-25<\/strong><\/h3>\n<table style=\"width: 58.8832%; border-collapse: collapse; border-style: solid; border-color: #000000;\">\n<tbody>\n<tr>\n<td style=\"width: 27.81%; border-style: solid; border-color: #000000;\"><strong>SESSI\u00d3 1:\u00a0<\/strong>10\/10<\/td>\n<td style=\"width: 31.0732%; border-style: solid; border-color: #000000;\"><a href=\"https:\/\/drive.google.com\/file\/d\/1YoWlT-Xpuv-Z0SL15UhsHgUuVxZLCuLT\/view?usp=drive_link\">ACTA<\/a> I <a href=\"https:\/\/docs.google.com\/presentation\/d\/1NX1xKtAHxqcNv-gBvuEcvNUULFoQUQT_VHBv8tRzteA\/edit?usp=drive_link\">PRESENTACI\u00d3<\/a><\/td>\n<\/tr>\n<tr>\n<td style=\"width: 27.81%; border-style: solid; border-color: #000000;\"><strong>SESSI\u00d3 2:\u00a0 <\/strong>7\/11<\/td>\n<td style=\"width: 31.0732%; border-style: solid; border-color: #000000;\"><a href=\"https:\/\/drive.google.com\/file\/d\/1zG3f8uiAy45KXesyoljgn3jcGULVQc4Z\/view?usp=drive_link\" target=\"_blank\" rel=\"noopener\">ACTA<\/a> I <a href=\"https:\/\/docs.google.com\/presentation\/d\/1z6S5iZtLtyBYwN3uXoOcC0Jo4dj5s_HS49C8GuJkcwg\/edit?usp=drive_link\">PRESENTACI\u00d3\u00a0<\/a><\/td>\n<\/tr>\n<tr>\n<td style=\"width: 27.81%; border-style: solid; border-color: #000000;\"><strong>SESSI\u00d3 3: 30\/01 (data modificada)<\/strong><\/td>\n<td style=\"width: 31.0732%; border-style: solid; border-color: #000000;\">Sessi\u00f3 Rob\u00f2tica-Angl\u00e8s <a href=\"https:\/\/view.genially.com\/675ffe67c05f43af0b2141c1\">PRESENTACI\u00d3\u00a0\u00a0<\/a><a href=\"https:\/\/drive.google.com\/drive\/folders\/1TPgW63L4m1ihfhsxgMoFRqY_3roV2C5b?usp=drive_link\">Galeria d&#8217;imatges<\/a><\/td>\n<\/tr>\n<tr>\n<td style=\"width: 27.81%; border-style: solid; border-color: #000000;\"><strong>SESSI\u00d3 4:\u00a0<\/strong>20\/2 Lloc: Escola La Jota<\/td>\n<td style=\"width: 31.0732%; border-style: solid; border-color: #000000;\">ACTA I PRESENTACI\u00d3<\/td>\n<\/tr>\n<tr>\n<td style=\"width: 27.81%; border-style: solid; border-color: #000000;\"><strong>SESSI\u00d3 5:\u00a0<\/strong>20\/03 Horari especial: 16:45h- 18:45h<\/td>\n<td style=\"width: 31.0732%; border-style: solid; border-color: #000000;\">\u00a0Xerrada de Situacions d&#8217;Aprenentatge a c\u00e0rrec d&#8217;Annabel Borr\u00e0s <a href=\"https:\/\/drive.google.com\/file\/d\/1eL2J9O5wt8nIS7BkRgw5mxf6e5IklH7P\/view?usp=drive_link\">PRESENTACI\u00d3<\/a><\/td>\n<\/tr>\n<tr>\n<td style=\"width: 27.81%; border-style: solid; border-color: #000000;\"><strong>SESSI\u00d3 6: 08\/05 Lloc per determinar<\/strong><\/td>\n<td style=\"width: 31.0732%; border-style: solid; border-color: #000000;\">Preparaci\u00f3 English Day<\/td>\n<\/tr>\n<tr>\n<td style=\"width: 27.81%; border-style: solid; border-color: #000000;\"><strong>SESSI\u00d3 7:\u00a0<\/strong>22\/05<\/td>\n<td style=\"width: 31.0732%; border-style: solid; border-color: #000000;\"><a href=\"https:\/\/docs.google.com\/document\/d\/1uQG6_geUAit4vm6FThRvnV4sylcOIiBNBqyXi5rpY9M\/edit?usp=sharing\">ACTA\u00a0<\/a><\/td>\n<\/tr>\n<\/tbody>\n<\/table>\n<p><a href=\"https:\/\/sites.google.com\/xtec.cat\/llengesestrangeresvoc\/inici?authuser=0\" target=\"_blank\" rel=\"noopener\"><img loading=\"lazy\" decoding=\"async\" class=\"alignnone wp-image-12148\" src=\"https:\/\/serveiseducatius.xtec.cat\/vallesoccidental7\/wp-content\/uploads\/usu1104\/2023\/09\/nodes-lle-1024x449.png\" alt=\"\" width=\"457\" height=\"200\" srcset=\"https:\/\/serveiseducatius.xtec.cat\/vallesoccidental7\/wp-content\/uploads\/usu1104\/2023\/09\/nodes-lle-1024x449.png 1024w, https:\/\/serveiseducatius.xtec.cat\/vallesoccidental7\/wp-content\/uploads\/usu1104\/2023\/09\/nodes-lle-300x132.png 300w, https:\/\/serveiseducatius.xtec.cat\/vallesoccidental7\/wp-content\/uploads\/usu1104\/2023\/09\/nodes-lle-768x337.png 768w, https:\/\/serveiseducatius.xtec.cat\/vallesoccidental7\/wp-content\/uploads\/usu1104\/2023\/09\/nodes-lle-1536x674.png 1536w, https:\/\/serveiseducatius.xtec.cat\/vallesoccidental7\/wp-content\/uploads\/usu1104\/2023\/09\/nodes-lle.png 1865w\" sizes=\"auto, (max-width: 457px) 100vw, 457px\" \/>\u00a0 \u00a0<\/a><\/p>\n<p><a href=\"https:\/\/sites.google.com\/xtec.cat\/llengesestrangeresvoc\/inici?authuser=0\" target=\"_blank\" rel=\"noopener\"> <iframe loading=\"lazy\" src=\"https:\/\/drive.google.com\/file\/d\/1eL2J9O5wt8nIS7BkRgw5mxf6e5IklH7P\/preview\" width=\"640\" height=\"480\"><\/iframe><\/a><\/p>\n<p><strong>CURS 2023-24<\/strong><\/p>\n<table style=\"border-collapse: collapse; width: 64.4595%; height: 219px;\">\n<tbody>\n<tr style=\"height: 32px;\">\n<td style=\"width: 27.1622%; height: 32px;\">Sessi\u00f3 1: 5\/10<\/td>\n<td style=\"width: 37.2973%; height: 32px;\"><a href=\"https:\/\/docs.google.com\/document\/d\/1t9fdobDvcJ_EVCe4e6OHpHUznoQDDJ_Ce4aG2i-A-Zw\/edit\">Acta<\/a><\/td>\n<\/tr>\n<tr style=\"height: 27px;\">\n<td style=\"width: 27.1622%; height: 27px;\"><span style=\"font-weight: 400;\">Sessi\u00f3 2: 9\/11<\/span><\/td>\n<td style=\"width: 37.2973%; height: 27px;\">Acta<\/td>\n<\/tr>\n<tr style=\"height: 32px;\">\n<td style=\"width: 27.1622%; height: 32px;\">Sessi\u00f3 3: 25\/01<\/td>\n<td style=\"width: 37.2973%; height: 32px;\">Acta<\/td>\n<\/tr>\n<tr style=\"height: 32px;\">\n<td style=\"width: 27.1622%; height: 32px;\">Sessi\u00f3 4: 22\/2<\/td>\n<td style=\"width: 37.2973%; height: 32px;\">Acta<\/td>\n<\/tr>\n<tr style=\"height: 32px;\">\n<td style=\"width: 27.1622%; height: 32px;\"><span style=\"background-color: #f9f9f9;\">Sessi\u00f3 5: 11\/04<\/span><\/td>\n<td style=\"width: 37.2973%; height: 32px;\">Acta<\/td>\n<\/tr>\n<tr style=\"height: 32px;\">\n<td style=\"width: 27.1622%; height: 32px;\">Sessi\u00f3 6: per determinar<\/td>\n<td style=\"width: 37.2973%; height: 32px;\">Acta<\/td>\n<\/tr>\n<tr style=\"height: 32px;\">\n<td style=\"width: 27.1622%; height: 32px;\"><span style=\"background-color: #f9f9f9;\">Sessi\u00f3 7: 16\/05<\/span><\/td>\n<td style=\"width: 37.2973%; height: 32px;\">Acta<\/td>\n<\/tr>\n<\/tbody>\n<\/table>\n<p><strong>CURS 2022-23<\/strong><\/p>\n<table style=\"border-collapse: collapse; width: 64.9697%; height: 255px;\">\n<tbody>\n<tr style=\"height: 32px;\">\n<td style=\"width: 26.9697%; height: 32px;\">Sessi\u00f3 1. 13\/10<\/td>\n<td style=\"width: 38%; height: 32px;\"><a href=\"https:\/\/docs.google.com\/document\/d\/1SqTNaNyX5m8eKyOY-q5hIxt9Vf2lhYAizDS6V7nMp8o\/edit?usp=share_link\">Acta<\/a><\/td>\n<\/tr>\n<tr style=\"height: 32px;\">\n<td style=\"width: 26.9697%; height: 32px;\">Sessi\u00f3 2. 27\/10<\/td>\n<td style=\"width: 38%; height: 32px;\"><a href=\"https:\/\/docs.google.com\/document\/d\/1M3IUdxhDKEjl4OL5Ibj7ujlEHcY0eB09ZQwbe-lrE-8\/edit?usp=share_link\">Acta<\/a><\/td>\n<\/tr>\n<tr style=\"height: 32px;\">\n<td style=\"width: 26.9697%; height: 32px;\">Sessi\u00f3 3. 24\/11<\/td>\n<td style=\"width: 38%; height: 32px;\"><a href=\"https:\/\/docs.google.com\/document\/d\/11cHXduq3taeoKegNZBkmPzVVKjcPcMYU58R9DoHocdw\/edit?usp=share_link\">Acta<\/a><\/td>\n<\/tr>\n<tr style=\"height: 31px;\">\n<td style=\"width: 26.9697%; height: 31px;\">Sessi\u00f3 4. 26\/01 (09\/02)<\/td>\n<td style=\"width: 38%; height: 31px;\"><a href=\"https:\/\/docs.google.com\/document\/d\/171s7-VLGs_1pa5oSaSMvOMGQAUSmz0j-V9YehKvZaF4\/edit?usp=share_link\">Acta<\/a><\/td>\n<\/tr>\n<tr style=\"height: 32px;\">\n<td style=\"width: 26.9697%; height: 32px;\">Sessi\u00f3 5. 23\/02<\/td>\n<td style=\"width: 38%; height: 32px;\"><a href=\"https:\/\/docs.google.com\/document\/d\/10e6C3ZSqLY0GTXWXWlg0H1IDga-IwWOtFKWzzsfjP9c\/edit\">Acta<\/a><\/td>\n<\/tr>\n<tr style=\"height: 32px;\">\n<td style=\"width: 26.9697%; height: 32px;\">Sessi\u00f3 6. 23\/03<\/td>\n<td style=\"width: 38%; height: 32px;\"><a href=\"https:\/\/docs.google.com\/document\/d\/19Dr4HM80CnHLpcmUFDtIJzeK5VHjL-GCWk-sxioQ0IQ\/edit\">Acta<\/a><\/td>\n<\/tr>\n<tr style=\"height: 32px;\">\n<td style=\"width: 26.9697%; height: 32px;\">Sessi\u00f3 extra 27\/04<\/td>\n<td style=\"width: 38%; height: 32px;\"><a href=\"https:\/\/docs.google.com\/document\/d\/1CLZrt5Nm7TpaLKdy9fTd1Y_FQZE4B9-fXoHhJVA1-Ck\/edit\">Acta<\/a><\/td>\n<\/tr>\n<tr style=\"height: 32px;\">\n<td style=\"width: 26.9697%; height: 32px;\">Sessi\u00f3 7. 25\/05<\/td>\n<td style=\"width: 38%; height: 32px;\"><a href=\"https:\/\/docs.google.com\/document\/d\/1xnqFJr-bXErJFJpQ_isbaGT5UmP9EfKzakwvuqLefW0\/edit\">Acta<\/a><\/td>\n<\/tr>\n<tr>\n<td style=\"width: 26.9697%;\">Sessi\u00f3 tancament 15\/06<\/td>\n<td style=\"width: 38%;\"><a href=\"https:\/\/docs.google.com\/document\/d\/1XEGhkFK03vFr3YrBTGRzwS8rsF2KT1RshKRAsoPsrgI\/edit\">Acta<\/a><\/td>\n<\/tr>\n<\/tbody>\n<\/table>\n<table style=\"border-collapse: collapse; width: 24.458%;\">\n<tbody>\n<tr>\n<td style=\"width: 100%;\"><a href=\"https:\/\/serveiseducatius.xtec.cat\/vallesoccidental7\/portada\/english-day\/\">ENGLISH DAY 2023<\/a><\/td>\n<\/tr>\n<\/tbody>\n<\/table>\n","protected":false},"excerpt":{"rendered":"<p>CURS 2025-26 SESSI\u00d3 1:\u00a0 23\/10 ACTA I PRESENTACI\u00d3 SESSI\u00d3 2:\u00a0 20\/11 ACTA &#8211; BARBER\u00c0ACTA &#8211; BADIA SESSI\u00d3 3:\u00a0 26\/02\u00a0 ACTA &#8211; BADIAACTA &#8211; BARBER\u00c0 SESSI\u00d3 4:\u00a0 19\/03\u00a0 SESSI\u00d3 5:\u00a0 16\/04\u00a0 Sessi\u00f3: \u201cImplementing Active Learning into Oral Communication\u201d a c\u00e0rrec de la S\u00f2nia Fabr\u00e9 Enlla\u00e7 als materials. SESSI\u00d3 6:\u00a0 14\/05\u00a0 Preparaci\u00f3 English Day SESSI\u00d3 7:\u00a0 English [&hellip;]<\/p>\n","protected":false},"author":5,"featured_media":0,"parent":0,"menu_order":0,"comment_status":"closed","ping_status":"closed","template":"","meta":{"_bbp_topic_count":0,"_bbp_reply_count":0,"_bbp_total_topic_count":0,"_bbp_total_reply_count":0,"_bbp_voice_count":0,"_bbp_anonymous_reply_count":0,"_bbp_topic_count_hidden":0,"_bbp_reply_count_hidden":0,"_bbp_forum_subforum_count":0,"site-sidebar-layout":"default","site-content-layout":"","ast-site-content-layout":"default","site-content-style":"default","site-sidebar-style":"default","ast-global-header-display":"","ast-banner-title-visibility":"","ast-main-header-display":"","ast-hfb-above-header-display":"","ast-hfb-below-header-display":"","ast-hfb-mobile-header-display":"","site-post-title":"","ast-breadcrumbs-content":"","ast-featured-img":"","footer-sml-layout":"","theme-transparent-header-meta":"default","adv-header-id-meta":"","stick-header-meta":"","header-above-stick-meta":"","header-main-stick-meta":"","header-below-stick-meta":"","astra-migrate-meta-layouts":"set","ast-page-background-enabled":"default","ast-page-background-meta":{"desktop":{"background-color":"var(--ast-global-color-4)","background-image":"","background-repeat":"repeat","background-position":"center center","background-size":"auto","background-attachment":"scroll","background-type":"","background-media":"","overlay-type":"","overlay-color":"","overlay-opacity":"","overlay-gradient":""},"tablet":{"background-color":"","background-image":"","background-repeat":"repeat","background-position":"center center","background-size":"auto","background-attachment":"scroll","background-type":"","background-media":"","overlay-type":"","overlay-color":"","overlay-opacity":"","overlay-gradient":""},"mobile":{"background-color":"","background-image":"","background-repeat":"repeat","background-position":"center center","background-size":"auto","background-attachment":"scroll","background-type":"","background-media":"","overlay-type":"","overlay-color":"","overlay-opacity":"","overlay-gradient":""}},"ast-content-background-meta":{"desktop":{"background-color":"var(--ast-global-color-5)","background-image":"","background-repeat":"repeat","background-position":"center center","background-size":"auto","background-attachment":"scroll","background-type":"","background-media":"","overlay-type":"","overlay-color":"","overlay-opacity":"","overlay-gradient":""},"tablet":{"background-color":"var(--ast-global-color-5)","background-image":"","background-repeat":"repeat","background-position":"center center","background-size":"auto","background-attachment":"scroll","background-type":"","background-media":"","overlay-type":"","overlay-color":"","overlay-opacity":"","overlay-gradient":""},"mobile":{"background-color":"var(--ast-global-color-5)","background-image":"","background-repeat":"repeat","background-position":"center center","background-size":"auto","background-attachment":"scroll","background-type":"","background-media":"","overlay-type":"","overlay-color":"","overlay-opacity":"","overlay-gradient":""}},"footnotes":""},"class_list":["post-11760","page","type-page","status-publish","hentry"],"post_mailing_queue_ids":[],"_links":{"self":[{"href":"https:\/\/serveiseducatius.xtec.cat\/vallesoccidental7\/wp-json\/wp\/v2\/pages\/11760","targetHints":{"allow":["GET"]}}],"collection":[{"href":"https:\/\/serveiseducatius.xtec.cat\/vallesoccidental7\/wp-json\/wp\/v2\/pages"}],"about":[{"href":"https:\/\/serveiseducatius.xtec.cat\/vallesoccidental7\/wp-json\/wp\/v2\/types\/page"}],"author":[{"embeddable":true,"href":"https:\/\/serveiseducatius.xtec.cat\/vallesoccidental7\/wp-json\/wp\/v2\/users\/5"}],"replies":[{"embeddable":true,"href":"https:\/\/serveiseducatius.xtec.cat\/vallesoccidental7\/wp-json\/wp\/v2\/comments?post=11760"}],"version-history":[{"count":6,"href":"https:\/\/serveiseducatius.xtec.cat\/vallesoccidental7\/wp-json\/wp\/v2\/pages\/11760\/revisions"}],"predecessor-version":[{"id":14085,"href":"https:\/\/serveiseducatius.xtec.cat\/vallesoccidental7\/wp-json\/wp\/v2\/pages\/11760\/revisions\/14085"}],"wp:attachment":[{"href":"https:\/\/serveiseducatius.xtec.cat\/vallesoccidental7\/wp-json\/wp\/v2\/media?parent=11760"}],"curies":[{"name":"wp","href":"https:\/\/api.w.org\/{rel}","templated":true}]}}