{"id":11735,"date":"2022-11-17T13:53:54","date_gmt":"2022-11-17T12:53:54","guid":{"rendered":"https:\/\/serveiseducatius.xtec.cat\/vallesoccidental7\/?page_id=11735"},"modified":"2026-03-26T10:23:59","modified_gmt":"2026-03-26T09:23:59","slug":"seminari-ef","status":"publish","type":"page","link":"https:\/\/serveiseducatius.xtec.cat\/vallesoccidental7\/formacio\/seminari-ef\/","title":{"rendered":"Seminari EF"},"content":{"rendered":"\n<p>Curs 25-26: Actes<\/p>\n\n\n\n<p>Jornades de 6\u00e8: 20 i 27 de febrer<\/p>\n\n\n\n<div class=\"wp-block-buttons is-layout-flex wp-block-buttons-is-layout-flex\">\n<div class=\"wp-block-button\"><a class=\"wp-block-button__link has-text-align-center wp-element-button\" href=\"https:\/\/docs.google.com\/document\/d\/1Ig2BmMGDOB_YP18CZzPotTyXlR54WTFdIO2t3GFXVqQ\/edit?usp=sharing\">Sessi\u00f3 1: 20\/11 <\/a><\/div>\n\n\n\n<div class=\"wp-block-button\"><a class=\"wp-block-button__link wp-element-button\" href=\"https:\/\/docs.google.com\/document\/d\/1rsco8ZBIVVAsFpSO54H-rF4WPW-8mT0wMYbSKwpn6zs\/edit?usp=sharing\">Sessi\u00f3 2: 20\/11<\/a><\/div>\n\n\n\n<div class=\"wp-block-button\"><a class=\"wp-block-button__link wp-element-button\" href=\"https:\/\/docs.google.com\/document\/d\/1wFBBvKXM1piX3ztHeMrB08UFbuhvf8cB7hQExwJxsVk\/edit?usp=sharing\">Sessi\u00f3 3: 22\/1<\/a><\/div>\n\n\n\n<div class=\"wp-block-button\"><a class=\"wp-block-button__link wp-element-button\">Sessi\u00f3 5: 7\/5<\/a><\/div>\n\n\n\n<div class=\"wp-block-button\"><a class=\"wp-block-button__link wp-element-button\">Sessi\u00f3 6: 7\/05 (canvi de sata pendent)<\/a><\/div>\n<\/div>\n\n\n<p>Drive amb material:\u00a0<\/p>\n<p><a href=\"https:\/\/drive.google.com\/drive\/folders\/1GBM0QnpK0GQT5FqXxbZaGUNByG8ZcXPb?usp=sharing\">https:\/\/drive.google.com\/drive\/folders\/1GBM0QnpK0GQT5FqXxbZaGUNByG8ZcXPb?usp=sharing<\/a><\/p>\n<table style=\"border-collapse: collapse; width: 100%; height: 184px;\">\n<tbody>\n<tr style=\"height: 23px;\">\n<td style=\"width: 14.0782%; border-color: #000000; height: 23px;\">Sessi\u00f3 (12:30 a 14h)<\/td>\n<td style=\"width: 85.9218%; border-color: #000000; height: 23px;\">Organitzaci\u00f3<\/td>\n<\/tr>\n<tr style=\"height: 23px;\">\n<td style=\"width: 14.0782%; border-color: #000000; height: 23px;\">09\/10<\/td>\n<td style=\"width: 85.9218%; border-color: #000000; height: 23px;\"><a href=\"https:\/\/docs.google.com\/document\/d\/1Ig2BmMGDOB_YP18CZzPotTyXlR54WTFdIO2t3GFXVqQ\/edit?usp=sharing\">https:\/\/docs.google.com\/document\/d\/1Ig2BmMGDOB_YP18CZzPotTyXlR54WTFdIO2t3GFXVqQ\/edit?usp=sharing<\/a><\/td>\n<\/tr>\n<tr style=\"height: 23px;\">\n<td style=\"width: 14.0782%; border-color: #000000; height: 23px;\">10\/11<\/td>\n<td style=\"width: 85.9218%; border-color: #000000; height: 23px;\">\u00a0<\/td>\n<\/tr>\n<tr style=\"height: 23px;\">\n<td style=\"width: 14.0782%; border-color: #000000; height: 23px;\">15\/01<\/td>\n<td style=\"width: 85.9218%; border-color: #000000; height: 23px;\"><b>Sessi\u00f3 3: 15\/1 mirar instal\u00b7lacions i presentar jocs <\/b><\/td>\n<\/tr>\n<tr style=\"height: 23px;\">\n<td style=\"width: 14.0782%; border-color: #000000; height: 23px;\">19\/02<\/td>\n<td style=\"width: 85.9218%; border-color: #000000; height: 23px;\"><b>Sessi\u00f3 4:19\/2 samarretes<\/b><\/td>\n<\/tr>\n<tr style=\"height: 23px;\">\n<td style=\"width: 14.0782%; border-color: #000000; height: 23px;\">26\/03<\/td>\n<td style=\"width: 85.9218%; border-color: #000000; height: 23px;\">\n<p><b>Sessi\u00f3 5:26\/3 (sessi\u00f3 i\u00a0 Tina al Bosc)<\/b><\/p>\n<p>Cancel\u00b7lada<\/p>\n<\/td>\n<\/tr>\n<tr style=\"height: 23px;\">\n<td style=\"width: 14.0782%; border-color: #000000; height: 23px;\">07\/05<\/td>\n<td style=\"width: 85.9218%; border-color: #000000; height: 23px;\"><b>Sessi\u00f3 6:07\/5 (Sessi\u00f3:\u00a0 Eric\u00a0 o\/i Tina)<\/b><\/td>\n<\/tr>\n<tr style=\"height: 23px;\">\n<td style=\"width: 14.0782%; border-color: #000000; height: 23px;\">Jornades<\/td>\n<td style=\"width: 85.9218%; border-color: #000000; height: 23px;\">20 i 27 de febrer<\/td>\n<\/tr>\n<\/tbody>\n<\/table>\n<p>Curs 24-25<\/p>\n<p>Enlla\u00e7 carpeta: <a href=\"https:\/\/drive.google.com\/drive\/folders\/1vhe0R-o0KQS0vpjy7xjR35f99qQnWsaz?usp=sharing\">https:\/\/drive.google.com\/drive\/folders\/1vhe0R-o0KQS0vpjy7xjR35f99qQnWsaz?usp=sharing<\/a><\/p>\n<p>Si no teniu acc\u00e9s envieu un correu a a8930041@xtec.cat<\/p>\n<table style=\"border-collapse: collapse; width: 100%; height: 263px;\">\n<tbody>\n<tr style=\"height: 32px;\">\n<td style=\"width: 18.5315%; height: 32px; border-style: solid; border-color: #000000;\"><strong>Sessi\u00f3 (12:30h a 14h)<\/strong><\/td>\n<td style=\"width: 81.4685%; height: 32px; border-style: solid; border-color: #000000;\"><strong>Enlla\u00e7<\/strong><\/td>\n<\/tr>\n<tr style=\"height: 39px;\">\n<td style=\"width: 18.5315%; height: 39px; border-style: solid; border-color: #000000;\">24\/10 (canvi data 7 de nov)<\/td>\n<td style=\"width: 81.4685%; height: 39px; border-style: solid; border-color: #000000;\"><a href=\"https:\/\/docs.google.com\/document\/d\/1eZALTmiQWjceNBN8mzLFwRbCEbpHz-B9Ujkw5XXE_lI\/edit?usp=sharing\">https:\/\/docs.google.com\/document\/d\/1eZALTmiQWjceNBN8mzLFwRbCEbpHz-B9Ujkw5XXE_lI\/edit?usp=sharing<\/a><\/td>\n<\/tr>\n<tr style=\"height: 32px;\">\n<td style=\"width: 18.5315%; height: 32px; border-style: solid; border-color: #000000;\">21\/11<\/td>\n<td style=\"width: 81.4685%; height: 32px; border-style: solid; border-color: #000000;\"><a href=\"https:\/\/docs.google.com\/document\/d\/11kpHbqVPvEWMNOTM-lTSI2IW2TiaSFZ7v4i7fb-HRXM\/edit?usp=sharing\">https:\/\/docs.google.com\/document\/d\/11kpHbqVPvEWMNOTM-lTSI2IW2TiaSFZ7v4i7fb-HRXM\/edit?usp=sharing<\/a><\/td>\n<\/tr>\n<tr style=\"height: 32px;\">\n<td style=\"width: 18.5315%; height: 32px; border-style: solid; border-color: #000000;\">16\/01<\/td>\n<td style=\"width: 81.4685%; height: 32px; border-style: solid; border-color: #000000;\"><a href=\"https:\/\/docs.google.com\/document\/d\/142OTtHwRRyWQQn3d7xV4I745fCl8SaT9y2y4ALQ5Fh0\/edit?usp=sharing\">https:\/\/docs.google.com\/document\/d\/142OTtHwRRyWQQn3d7xV4I745fCl8SaT9y2y4ALQ5Fh0\/edit?usp=sharing<\/a><\/td>\n<\/tr>\n<tr style=\"height: 32px;\">\n<td style=\"width: 18.5315%; height: 32px; border-style: solid; border-color: #000000;\">13\/02<\/td>\n<td style=\"width: 81.4685%; height: 32px; border-style: solid; border-color: #000000;\"><a href=\"https:\/\/docs.google.com\/document\/d\/1MDNPxyUKeJjBgm4sjivsX9k3UTLm3-L1NEfIHd6BXWY\/edit?usp=sharing\">https:\/\/docs.google.com\/document\/d\/1MDNPxyUKeJjBgm4sjivsX9k3UTLm3-L1NEfIHd6BXWY\/edit?usp=sharing<\/a><\/td>\n<\/tr>\n<tr style=\"height: 32px;\">\n<td style=\"width: 18.5315%; height: 32px; border-style: solid; border-color: #000000;\">13\/03<\/td>\n<td style=\"width: 81.4685%; height: 32px; border-style: solid; border-color: #000000;\"><a href=\"https:\/\/docs.google.com\/document\/d\/1MDNPxyUKeJjBgm4sjivsX9k3UTLm3-L1NEfIHd6BXWY\/edit?usp=sharing\">https:\/\/docs.google.com\/document\/d\/1MDNPxyUKeJjBgm4sjivsX9k3UTLm3-L1NEfIHd6BXWY\/edit?usp=sharing<\/a><\/td>\n<\/tr>\n<tr style=\"height: 32px;\">\n<td style=\"width: 18.5315%; height: 32px; border-style: solid; border-color: #000000;\">8\/05<\/td>\n<td style=\"width: 81.4685%; height: 32px; border-style: solid; border-color: #000000;\"><a href=\"https:\/\/docs.google.com\/document\/d\/13HP65ZqKuuBOyiKzaw1CVqXDKlRfmWqud0b6xCZYoAU\/edit?usp=sharing\">https:\/\/docs.google.com\/document\/d\/13HP65ZqKuuBOyiKzaw1CVqXDKlRfmWqud0b6xCZYoAU\/edit?usp=sharing<\/a><\/td>\n<\/tr>\n<tr style=\"height: 32px;\">\n<td style=\"width: 18.5315%; height: 32px; border-style: solid; border-color: #000000;\">Per definir<\/td>\n<td style=\"width: 81.4685%; height: 32px; border-style: solid; border-color: #000000;\"><a href=\"https:\/\/docs.google.com\/document\/d\/1cUYeKrJQgU3Xg-l-Gv64gJ3-78YtXnWiO90bJU_HFI4\/edit?usp=sharing\">https:\/\/docs.google.com\/document\/d\/1cUYeKrJQgU3Xg-l-Gv64gJ3-78YtXnWiO90bJU_HFI4\/edit?usp=sharing<\/a><\/td>\n<\/tr>\n<\/tbody>\n<\/table>\n<p><a href=\"https:\/\/docs.google.com\/document\/d\/15n0Aj4LMU2QP3asOjAm6iTGRmpPLVPVAjxv_U1iAJwE\/edit?tab=t.0\">Valoraci\u00f3 i aspectes a millorar de la jornada<\/a><\/p>\n<p>Curs 23-24<\/p>\n<table style=\"border-collapse: collapse; width: 100%; height: 224px;\">\n<tbody>\n<tr style=\"height: 32px;\">\n<td style=\"width: 20.1958%; height: 32px;\"><strong>Sessi\u00f3\u00a0<\/strong><\/td>\n<td style=\"width: 79.8042%; height: 32px;\"><strong>Enlla\u00e7<\/strong><\/td>\n<\/tr>\n<tr style=\"height: 32px;\">\n<td style=\"width: 20.1958%; height: 32px;\">Sessi\u00f3 1: 26\/10<\/td>\n<td style=\"width: 79.8042%; height: 32px;\"><a href=\"https:\/\/docs.google.com\/document\/d\/1J2UBr9xl3-leNnGojKBw4wpOENyJLhgHTuyR9itD9h0\/edit?usp=sharing\">Ens organitzem com a seminari decidim que farem aquest curs i com ens organitzarem\u00a0<\/a><\/td>\n<\/tr>\n<tr style=\"height: 32px;\">\n<td style=\"width: 20.1958%; height: 32px;\">Sessi\u00f3 2: 23\/11<\/td>\n<td style=\"width: 79.8042%; height: 32px;\"><a href=\"https:\/\/docs.google.com\/document\/d\/1oIX_A7qiufAYdAZ93TH8rDR2Z5uAOMvzYqp9c4MDKSg\/edit?usp=sharing\">Acta 2a Sessi\u00f3. Planificaci\u00f3 de les jornades<\/a><\/td>\n<\/tr>\n<tr style=\"height: 32px;\">\n<td style=\"width: 20.1958%; height: 32px;\">Sessi\u00f3 3: 18\/01<\/td>\n<td style=\"width: 79.8042%; height: 32px;\"><a href=\"https:\/\/docs.google.com\/document\/d\/1Wze6YDMZ_LQM9FgV3Jx5UJh1z08ZvqxPVdwSYJT5uBw\/edit?usp=sharing\">Acta 3a sessi\u00f3. Planificaci\u00f3 de les jornades<\/a><\/td>\n<\/tr>\n<tr style=\"height: 32px;\">\n<td style=\"width: 20.1958%; height: 32px;\">Sessi\u00f3 4: 29\/02<\/td>\n<td style=\"width: 79.8042%; height: 32px;\"><a href=\"https:\/\/docs.google.com\/document\/d\/1lT0u0Pahj7IM2SmsaxX017hkin3cN0TK72oaUc5T1R0\/edit?usp=sharing\">Acta 4a sessi\u00f3. Planificaci\u00f3 jornades<\/a><\/td>\n<\/tr>\n<tr>\n<td style=\"width: 20.1958%;\">Sessi\u00f3 final preparaci\u00f3 de jornades\n<p>21\/3<\/p>\n<\/td>\n<td style=\"width: 79.8042%;\"><a href=\"https:\/\/docs.google.com\/document\/d\/1rx021LctbJDiyts1TGokCZBrp78ry3EYlT-FSC5pCeg\/edit?usp=sharing\">Acta 5a sessi\u00f3. Concretem les jornades<\/a><\/td>\n<\/tr>\n<tr style=\"height: 32px;\">\n<td style=\"width: 20.1958%; height: 32px;\">Sessi\u00f3 5: 18\/04<\/td>\n<td style=\"width: 79.8042%; height: 32px;\"><a href=\"https:\/\/docs.google.com\/document\/d\/19EerxjZGS1OcpDbP5kAswxkjvgRPDoSGY3xYh1r2XrA\/edit?usp=sharing\">Acta 6. Valoraci\u00f3 jornades i curs 24-25<\/a><\/td>\n<\/tr>\n<tr style=\"height: 32px;\">\n<td style=\"width: 20.1958%; height: 32px;\">Sessi\u00f3 6: 23\/05<\/td>\n<td style=\"width: 79.8042%; height: 32px;\">Tancament de la formaci\u00f3<\/td>\n<\/tr>\n<\/tbody>\n<\/table>\n<p>El nou curr\u00edculum a l&#8217;EF: Confer\u00e8ncies 2024-25<\/p>\n<table style=\"border-collapse: collapse; width: 100%; height: 111px;\">\n<tbody>\n<tr style=\"height: 32px;\">\n<td style=\"width: 19.1892%; height: 32px;\">Data<\/td>\n<td style=\"width: 30.8108%; height: 32px;\">Material<\/td>\n<\/tr>\n<tr style=\"height: 32px;\">\n<td style=\"width: 19.1892%; height: 32px;\">1a confer\u00e8ncia curs 23-24<\/td>\n<td style=\"width: 30.8108%; height: 32px;\"><a href=\"https:\/\/drive.google.com\/file\/d\/1wntbWmGomh1oj9_d3WYPOSectN8PSCT6\/view?usp=sharing\">Presentaci\u00f3 dia 1<\/a><\/td>\n<\/tr>\n<tr style=\"height: 47px;\">\n<td style=\"width: 19.1892%; height: 47px;\">2a confer\u00e8ncia curs 23-24<\/td>\n<td style=\"width: 30.8108%; height: 47px;\"><a href=\"https:\/\/drive.google.com\/drive\/folders\/1BWpJ93PBGP4N1btmDyYcqXwlEf4gYfl5?usp=sharing\">Pendent penjar material<\/a><\/td>\n<\/tr>\n<\/tbody>\n<\/table>\n<p>Curs 22-23<\/p>\n<table style=\"border-collapse: collapse; width: 89.9914%; height: 304px;\">\n<tbody>\n<tr style=\"height: 43px;\">\n<td style=\"width: 19.1876%; height: 43px; text-align: center;\"><strong>Sessi\u00f3<\/strong><\/td>\n<td style=\"width: 11.0392%; height: 43px; text-align: center;\"><strong>Enlla\u00e7<\/strong><\/td>\n<td style=\"width: 285.616%; height: 43px; text-align: center;\"><strong>Acords<\/strong><\/td>\n<\/tr>\n<tr style=\"height: 101px;\">\n<td style=\"width: 19.1876%; height: 101px;\"><a href=\"https:\/\/docs.google.com\/document\/d\/1tDPAZ7kan00FOTdbJnj1ruYELD1ncXarCftJmVuQ69Y\/edit?usp=share_link\"><span style=\"font-weight: 400;\">\u00a0<\/span><span style=\"font-weight: 400;\">03\/11,<\/span><\/a><\/td>\n<td style=\"width: 11.0392%; height: 101px;\"><a href=\"https:\/\/docs.google.com\/document\/d\/1tDPAZ7kan00FOTdbJnj1ruYELD1ncXarCftJmVuQ69Y\/edit?usp=share_link\">Sessi\u00f3 1:<\/a><\/td>\n<td style=\"width: 285.616%; height: 101px;\">\n<ul>\n<li style=\"font-weight: 400;\" aria-level=\"1\"><span style=\"font-weight: 400;\">No es faran les jornades de 4t i de 6\u00e8<\/span><\/li>\n<li style=\"font-weight: 400;\" aria-level=\"1\"><span style=\"font-weight: 400;\">Treballarem el nou curr\u00edculum<\/span><\/li>\n<li style=\"font-weight: 400;\" aria-level=\"1\"><span style=\"font-weight: 400;\">Es deixar\u00e0 una sessi\u00f3 al final del seminari per planificar les jornades el curs 23-24<\/span><\/li>\n<li style=\"font-weight: 400;\" aria-level=\"1\"><span style=\"font-weight: 400;\">La pr\u00f2xima sessi\u00f3, farem parelles i compartirem possibles propostes a treballar en EF en relaci\u00f3 amb el nou curr\u00edculum. Cada parella decidir\u00e0 el cicle i en les sessions posteriors compartirem la proposta.<\/span><\/li>\n<\/ul>\n<\/td>\n<\/tr>\n<tr style=\"height: 32px;\">\n<td style=\"width: 19.1876%; height: 32px;\"><span style=\"font-weight: 400;\"> 17\/11,\u00a0<\/span><\/td>\n<td style=\"width: 11.0392%; height: 32px;\"><a href=\"https:\/\/docs.google.com\/document\/d\/1Rb32MPZxUDuiRkiC9JsDoxAlZI1TQv_MdAqUeNDFv6I\/edit?usp=share_link\">Sessi\u00f3 2:<\/a><\/td>\n<td style=\"width: 285.616%; height: 32px;\">\n<ul>\n<li style=\"font-weight: 400;\" aria-level=\"1\"><span style=\"font-weight: 400;\">Ens trobem el 19\/1<\/span><\/li>\n<li style=\"font-weight: 400;\" aria-level=\"1\"><span style=\"font-weight: 400;\">Dates proposades\u00a0 <\/span><span style=\"font-weight: 400;\">03\/11, 17\/11, 19\/01, 16\/02, 20\/04, 18\/05 (sessi\u00f3 pendent de decidir).\u00a0<\/span><\/li>\n<li style=\"font-weight: 400;\" aria-level=\"1\"><span style=\"font-weight: 400;\">Enlla\u00e7 per whats app: <\/span><a href=\"https:\/\/chat.whatsapp.com\/KF5YmnVKBkkFflFlHGHtgm\"><span style=\"font-weight: 400;\">https:\/\/chat.whatsapp.com\/KF5YmnVKBkkFflFlHGHtgm<\/span><\/a><\/li>\n<li style=\"font-weight: 400;\" aria-level=\"1\"><span style=\"font-weight: 400;\">Decidirem la comunitat i curs que volem fer una possible proposta\u00a0<\/span><\/li>\n<li style=\"font-weight: 400;\" aria-level=\"1\"><span style=\"font-weight: 400;\">Penjarem possibles models, situacions d\u2019aprenentatge: <a href=\"https:\/\/drive.google.com\/drive\/folders\/1gr6OaTUvOIUSXTewzgXQ4buoxh3Acmbz?usp=sharing\">https:\/\/drive.google.com\/drive\/folders\/1gr6OaTUvOIUSXTewzgXQ4buoxh3Acmbz?usp=sharing<\/a><\/span><\/li>\n<\/ul>\n<p><span style=\"font-weight: 400;\">Decret: <\/span><a href=\"https:\/\/drive.google.com\/file\/d\/1iGQ8AixGAHAMlpwXDcsTxufGKAbcr41c\/view?usp=share_link\"><span style=\"font-weight: 400;\">https:\/\/drive.google.com\/file\/d\/1iGQ8AixGAHAMlpwXDcsTxufGKAbcr41c\/view?usp=share_link<\/span><\/a><\/p>\n<\/td>\n<\/tr>\n<tr style=\"height: 32px;\">\n<td style=\"width: 19.1876%; height: 32px;\"><span style=\"font-weight: 400;\">19\/01,\u00a0<\/span><\/td>\n<td style=\"width: 11.0392%; height: 32px;\"><a href=\"https:\/\/docs.google.com\/document\/d\/1qR_SociEotPEnmMtyxUIxRyk_Q6s1GovodpIcbSIk7w\/edit?usp=sharing\">Sessi\u00f3 3<\/a><\/td>\n<td style=\"width: 285.616%; height: 32px;\">Acta: https:\/\/docs.google.com\/document\/d\/1qR_SociEotPEnmMtyxUIxRyk_Q6s1GovodpIcbSIk7w\/edit?usp=sharing\n<p>Acords:<\/p>\n<ul>\n<li style=\"font-weight: 400;\" aria-level=\"1\"><span style=\"font-weight: 400;\">Farem una situaci\u00f3 d\u2019aprenentatge en parelles o individual<\/span><\/li>\n<li style=\"font-weight: 400;\" aria-level=\"1\"><span style=\"font-weight: 400;\">La sessi\u00f3 4 la dedicarem a fer una situaci\u00f3 d\u2019aprenentatge\u00a0<\/span><\/li>\n<li style=\"font-weight: 400;\" aria-level=\"1\"><span style=\"font-weight: 400;\">Ens trobarem de nou el 20 d\u2019abril <\/span><\/li>\n<\/ul>\n<\/td>\n<\/tr>\n<tr style=\"height: 32px;\">\n<td style=\"width: 19.1876%; height: 32px;\"><span style=\"font-weight: 400;\">16\/02,\u00a0<\/span><\/td>\n<td style=\"width: 11.0392%; height: 32px;\">Sessi\u00f3 4<\/td>\n<td style=\"width: 285.616%; height: 32px;\">Sessi\u00f3 destinada a fer situaci\u00f3 d&#8217;aprenentatge\n<p>Materials interessants per programa:<\/p>\n<p>Objectius: <a href=\"https:\/\/tecnocentres.org\/blog\/2022\/03\/31\/com-definim-els-objectius-daprenentatge\/\">https:\/\/tecnocentres.org\/blog\/2022\/03\/31\/com-definim-els-objectius-daprenentatge\/<\/a><\/p>\n<p>Desglo\u00e7ament nou curriculum:<a href=\"https:\/\/sites.google.com\/xtec.cat\/curriculumbasica\/educaci%C3%B3-b%C3%A0sica\/annex-2-%C3%A0rees-deducaci%C3%B3-prim%C3%A0ria\/educaci%C3%B3-f%C3%ADsica?authuser=0\"> https:\/\/sites.google.com\/xtec.cat\/curriculumbasica\/educaci%C3%B3-b%C3%A0sica\/annex-2-%C3%A0rees-deducaci%C3%B3-prim%C3%A0ria\/educaci%C3%B3-f%C3%ADsica?authuser=0<\/a><\/p>\n<\/td>\n<\/tr>\n<tr style=\"height: 32px;\">\n<td style=\"width: 19.1876%; height: 32px;\"><span style=\"font-weight: 400;\">20\/04\u00a0<\/span><\/td>\n<td style=\"width: 11.0392%; height: 32px;\">Sessi\u00f3 5<\/td>\n<td style=\"width: 285.616%; height: 32px;\"><a href=\"https:\/\/docs.google.com\/document\/d\/1qR_SociEotPEnmMtyxUIxRyk_Q6s1GovodpIcbSIk7w\/edit?usp=sharing\">Acta reuni\u00f3 20 d&#8217;abril<\/a><\/td>\n<\/tr>\n<tr style=\"height: 32px;\">\n<td style=\"width: 19.1876%; height: 32px;\"><span style=\"font-weight: 400;\">18\/05<\/span><\/td>\n<td style=\"width: 11.0392%; height: 32px;\">Sessi\u00f3 6<\/td>\n<td style=\"width: 285.616%; height: 32px;\"><a href=\"https:\/\/docs.google.com\/document\/d\/1qJ_RgGflCJqAanUbXg-ZB4jMiqXAqwAfXC_Yo3dYP8g\/edit?usp=sharing\">Acta reuni\u00f3 18 de maig<\/a><\/td>\n<\/tr>\n<\/tbody>\n<\/table>\n<p><!----comment node----><!--a=1--><\/p>\n<p><!--a=1--><\/p>\n<p><!--a=1--><\/p>\n<p><!--a=1--><\/p>\n<p><!--a=1--><\/p>\n<p><!--a=1--><\/p>\n<p><!--a=1--><\/p>\n<p><!--a=1--><\/p>\n<p><!--a=1--><\/p>\n<p><!--a=1--><\/p>\n<p><!--a=1--><\/p>\n<p><!--a=1--><\/p>","protected":false},"excerpt":{"rendered":"<p>Curs 25-26: Actes Jornades de 6\u00e8: 20 i 27 de febrer Drive amb material:\u00a0 https:\/\/drive.google.com\/drive\/folders\/1GBM0QnpK0GQT5FqXxbZaGUNByG8ZcXPb?usp=sharing Sessi\u00f3 (12:30 a 14h) Organitzaci\u00f3 09\/10 https:\/\/docs.google.com\/document\/d\/1Ig2BmMGDOB_YP18CZzPotTyXlR54WTFdIO2t3GFXVqQ\/edit?usp=sharing 10\/11 \u00a0 15\/01 Sessi\u00f3 3: 15\/1 mirar instal\u00b7lacions i presentar jocs 19\/02 Sessi\u00f3 4:19\/2 samarretes 26\/03 Sessi\u00f3 5:26\/3 (sessi\u00f3 i\u00a0 Tina al Bosc) Cancel\u00b7lada 07\/05 Sessi\u00f3 6:07\/5 (Sessi\u00f3:\u00a0 Eric\u00a0 o\/i Tina) Jornades 20 [&hellip;]<\/p>\n","protected":false},"author":5,"featured_media":0,"parent":416,"menu_order":0,"comment_status":"closed","ping_status":"closed","template":"","meta":{"_bbp_topic_count":0,"_bbp_reply_count":0,"_bbp_total_topic_count":0,"_bbp_total_reply_count":0,"_bbp_voice_count":0,"_bbp_anonymous_reply_count":0,"_bbp_topic_count_hidden":0,"_bbp_reply_count_hidden":0,"_bbp_forum_subforum_count":0,"site-sidebar-layout":"default","site-content-layout":"","ast-site-content-layout":"default","site-content-style":"default","site-sidebar-style":"default","ast-global-header-display":"","ast-banner-title-visibility":"","ast-main-header-display":"","ast-hfb-above-header-display":"","ast-hfb-below-header-display":"","ast-hfb-mobile-header-display":"","site-post-title":"","ast-breadcrumbs-content":"","ast-featured-img":"","footer-sml-layout":"","theme-transparent-header-meta":"default","adv-header-id-meta":"","stick-header-meta":"","header-above-stick-meta":"","header-main-stick-meta":"","header-below-stick-meta":"","astra-migrate-meta-layouts":"set","ast-page-background-enabled":"default","ast-page-background-meta":{"desktop":{"background-color":"var(--ast-global-color-4)","background-image":"","background-repeat":"repeat","background-position":"center center","background-size":"auto","background-attachment":"scroll","background-type":"","background-media":"","overlay-type":"","overlay-color":"","overlay-opacity":"","overlay-gradient":""},"tablet":{"background-color":"","background-image":"","background-repeat":"repeat","background-position":"center center","background-size":"auto","background-attachment":"scroll","background-type":"","background-media":"","overlay-type":"","overlay-color":"","overlay-opacity":"","overlay-gradient":""},"mobile":{"background-color":"","background-image":"","background-repeat":"repeat","background-position":"center center","background-size":"auto","background-attachment":"scroll","background-type":"","background-media":"","overlay-type":"","overlay-color":"","overlay-opacity":"","overlay-gradient":""}},"ast-content-background-meta":{"desktop":{"background-color":"var(--ast-global-color-5)","background-image":"","background-repeat":"repeat","background-position":"center center","background-size":"auto","background-attachment":"scroll","background-type":"","background-media":"","overlay-type":"","overlay-color":"","overlay-opacity":"","overlay-gradient":""},"tablet":{"background-color":"var(--ast-global-color-5)","background-image":"","background-repeat":"repeat","background-position":"center center","background-size":"auto","background-attachment":"scroll","background-type":"","background-media":"","overlay-type":"","overlay-color":"","overlay-opacity":"","overlay-gradient":""},"mobile":{"background-color":"var(--ast-global-color-5)","background-image":"","background-repeat":"repeat","background-position":"center center","background-size":"auto","background-attachment":"scroll","background-type":"","background-media":"","overlay-type":"","overlay-color":"","overlay-opacity":"","overlay-gradient":""}},"footnotes":""},"class_list":["post-11735","page","type-page","status-publish","hentry"],"post_mailing_queue_ids":[],"_links":{"self":[{"href":"https:\/\/serveiseducatius.xtec.cat\/vallesoccidental7\/wp-json\/wp\/v2\/pages\/11735","targetHints":{"allow":["GET"]}}],"collection":[{"href":"https:\/\/serveiseducatius.xtec.cat\/vallesoccidental7\/wp-json\/wp\/v2\/pages"}],"about":[{"href":"https:\/\/serveiseducatius.xtec.cat\/vallesoccidental7\/wp-json\/wp\/v2\/types\/page"}],"author":[{"embeddable":true,"href":"https:\/\/serveiseducatius.xtec.cat\/vallesoccidental7\/wp-json\/wp\/v2\/users\/5"}],"replies":[{"embeddable":true,"href":"https:\/\/serveiseducatius.xtec.cat\/vallesoccidental7\/wp-json\/wp\/v2\/comments?post=11735"}],"version-history":[{"count":5,"href":"https:\/\/serveiseducatius.xtec.cat\/vallesoccidental7\/wp-json\/wp\/v2\/pages\/11735\/revisions"}],"predecessor-version":[{"id":13934,"href":"https:\/\/serveiseducatius.xtec.cat\/vallesoccidental7\/wp-json\/wp\/v2\/pages\/11735\/revisions\/13934"}],"up":[{"embeddable":true,"href":"https:\/\/serveiseducatius.xtec.cat\/vallesoccidental7\/wp-json\/wp\/v2\/pages\/416"}],"wp:attachment":[{"href":"https:\/\/serveiseducatius.xtec.cat\/vallesoccidental7\/wp-json\/wp\/v2\/media?parent=11735"}],"curies":[{"name":"wp","href":"https:\/\/api.w.org\/{rel}","templated":true}]}}