{"id":11658,"date":"2022-09-20T10:16:17","date_gmt":"2022-09-20T08:16:17","guid":{"rendered":"https:\/\/serveiseducatius.xtec.cat\/vallesoccidental7\/?page_id=11658"},"modified":"2026-03-04T15:28:18","modified_gmt":"2026-03-04T14:28:18","slug":"seminari-dinclusio-i-orientacio","status":"publish","type":"page","link":"https:\/\/serveiseducatius.xtec.cat\/vallesoccidental7\/formacio\/seminari-dinclusio-i-orientacio\/","title":{"rendered":"Seminari d&#8217;inclusi\u00f3 i orientaci\u00f3"},"content":{"rendered":"<p><strong>CURS 2025\/2026<\/strong><\/p>\n<p>Aquest curs es faran 4 sessions presencials en dijous de 12.45h a 14.00h i 2 sessions en dilluns de 17:00h a 19:00h (una presencial i l&#8217;altra telem\u00e0tica)<\/p>\n<table style=\"width: 78.9537%; border-collapse: collapse; border-style: solid; border-color: #000000; height: 318px;\">\n<tbody>\n<tr style=\"height: 53px;\">\n<td style=\"width: 11.3203%; border-style: solid; border-color: #000000; height: 53px;\"><strong>SESSI\u00d3 1<\/strong><\/td>\n<td style=\"width: 22.8124%; border-style: solid; border-color: #000000; height: 53px;\">16\/10\u00a0 de 12.45h a 14.00h<\/td>\n<td style=\"width: 65.3083%; border-style: solid; border-color: #000000; height: 53px;\"><a href=\"https:\/\/drive.google.com\/file\/d\/1pg6CEXyUsQ2b8bv60FrdOsJ-YGNKutWe\/view?usp=drive_link\">ACTA<\/a><\/td>\n<\/tr>\n<tr style=\"height: 53px;\">\n<td style=\"width: 11.3203%; border-style: solid; border-color: #000000; height: 53px;\"><strong>SESSI\u00d3 2<\/strong><\/td>\n<td style=\"width: 22.8124%; border-style: solid; border-color: #000000; height: 53px;\">10\/11\u00a0 de 17:00h a 19:00h<\/td>\n<td style=\"width: 65.3083%; border-style: solid; border-color: #000000; height: 53px;\">Presencial Xerrada d&#8217;Anna L\u00f3pez (HSJD) <strong><em>Trastorns de l&#8217;aprenentatge<\/em><\/strong><\/p>\n<div style=\"width: 100%;\">\n<div style=\"position: relative; padding-bottom: 56.25%; padding-top: 0; height: 0;\"><iframe loading=\"lazy\" style=\"position: absolute; top: 0; left: 0; width: 100%; height: 100%;\" title=\"PROPERES ACTIVITATS\" src=\"https:\/\/view.genially.com\/68c91e652abb4ca218615200\" width=\"1200\" height=\"675\" frameborder=\"0\" scrolling=\"yes\" allowfullscreen=\"allowfullscreen\" data-mce-fragment=\"1\"><\/iframe><\/div>\n<\/div>\n<\/td>\n<\/tr>\n<tr style=\"height: 53px;\">\n<td style=\"width: 11.3203%; border-style: solid; border-color: #000000; height: 53px;\"><strong>SESSI\u00d3 3<\/strong><\/td>\n<td style=\"width: 22.8124%; border-style: solid; border-color: #000000; height: 53px;\">19\/01 de 17:00h a 19:00h<\/td>\n<td style=\"width: 65.3083%; border-style: solid; border-color: #000000; height: 53px;\">Telem\u00e0tica Xerrada de Marta Massagu\u00e9 (HSJD) \u00a0<strong><em>Comprendre i donar resposta a l\u2019alumnat amb altes capacitats\u00a0<\/em><\/strong><\/p>\n<div style=\"width: 100%;\">\n<div style=\"position: relative; padding-bottom: 56.25%; padding-top: 0; height: 0;\"><img loading=\"lazy\" decoding=\"async\" class=\"wp-image-13671 alignleft\" src=\"https:\/\/serveiseducatius.xtec.cat\/vallesoccidental7\/wp-content\/uploads\/usu1104\/2026\/01\/Captura-de-Pantalla-2026-01-13-a-las-13.20.53-1_page-0001-1-1024x644.jpg\" alt=\"\" width=\"397\" height=\"249\" srcset=\"https:\/\/serveiseducatius.xtec.cat\/vallesoccidental7\/wp-content\/uploads\/usu1104\/2026\/01\/Captura-de-Pantalla-2026-01-13-a-las-13.20.53-1_page-0001-1-1024x644.jpg 1024w, https:\/\/serveiseducatius.xtec.cat\/vallesoccidental7\/wp-content\/uploads\/usu1104\/2026\/01\/Captura-de-Pantalla-2026-01-13-a-las-13.20.53-1_page-0001-1-300x189.jpg 300w, https:\/\/serveiseducatius.xtec.cat\/vallesoccidental7\/wp-content\/uploads\/usu1104\/2026\/01\/Captura-de-Pantalla-2026-01-13-a-las-13.20.53-1_page-0001-1-768x483.jpg 768w, https:\/\/serveiseducatius.xtec.cat\/vallesoccidental7\/wp-content\/uploads\/usu1104\/2026\/01\/Captura-de-Pantalla-2026-01-13-a-las-13.20.53-1_page-0001-1.jpg 1240w\" sizes=\"auto, (max-width: 397px) 100vw, 397px\" \/><\/div>\n<\/div>\n<\/td>\n<\/tr>\n<tr style=\"height: 53px;\">\n<td style=\"width: 11.3203%; border-style: solid; border-color: #000000; height: 53px;\"><strong>SESSI\u00d3 4<\/strong><\/td>\n<td style=\"width: 22.8124%; border-style: solid; border-color: #000000; height: 53px;\">12\/02 o 19\/02 de 12.45h a 14.00h<\/td>\n<td style=\"width: 65.3083%; border-style: solid; border-color: #000000; height: 53px;\"><span style=\"font-size: 16px; font-style: normal; font-weight: 400;\">presencial (5\/03 Secund\u00e0ria;\u00a0 19\/02 Prim\u00e0ria)<\/span><\/td>\n<\/tr>\n<tr style=\"height: 53px;\">\n<td style=\"width: 11.3203%; border-style: solid; border-color: #000000; height: 53px;\"><strong>SESSI\u00d3 5<\/strong><\/td>\n<td style=\"width: 22.8124%; border-style: solid; border-color: #000000; height: 53px;\">19\/04 de 12.45h a 14.00h<\/td>\n<td style=\"width: 65.3083%; border-style: solid; border-color: #000000; height: 53px;\">presencial<\/td>\n<\/tr>\n<tr style=\"height: 53px;\">\n<td style=\"width: 11.3203%; border-style: solid; border-color: #000000; height: 53px;\"><strong>SESSI\u00d3 6<\/strong><\/td>\n<td style=\"width: 22.8124%; border-style: solid; border-color: #000000; height: 53px;\">07\/05 de 12.45h a 14.00h<\/td>\n<td style=\"width: 65.3083%; border-style: solid; border-color: #000000; height: 53px;\">presencial<\/td>\n<\/tr>\n<\/tbody>\n<\/table>\n<table style=\"width: 100%; border-collapse: collapse; border-style: solid; border-color: #000000;\" border=\"1\">\n<tbody>\n<tr>\n<td style=\"width: 25%;\"><iframe loading=\"lazy\" src=\"https:\/\/drive.google.com\/file\/d\/1temVWt50IlG3ASGAnRqPhVFcwKP8F0Z6\/preview\" width=\"640\" height=\"480\"><\/iframe><\/td>\n<td style=\"width: 25%;\"><iframe loading=\"lazy\" src=\"https:\/\/drive.google.com\/file\/d\/1hy9kZd19x4GzqUoCXcsnG7RnM11qUhwe\/preview\" width=\"640\" height=\"480\"><\/iframe><\/td>\n<td style=\"width: 25%;\"><\/td>\n<td style=\"width: 25%;\"><\/td>\n<\/tr>\n<tr>\n<td style=\"width: 25%;\"><iframe loading=\"lazy\" src=\"https:\/\/drive.google.com\/file\/d\/1U_VXW_9PLkdR4fzhCVTu6a3LU8QKyyyc\/preview\" width=\"640\" height=\"480\"><\/iframe><\/td>\n<td style=\"width: 25%;\"><iframe loading=\"lazy\" src=\"https:\/\/drive.google.com\/file\/d\/1zsVV6QlfediPKGh42sdvXy3snbrKa4TI\/preview\" width=\"640\" height=\"480\"><\/iframe><\/td>\n<td style=\"width: 25%;\"><\/td>\n<td style=\"width: 25%;\"><\/td>\n<\/tr>\n<\/tbody>\n<\/table>\n<p><strong>CURS 2024\/2025<\/strong><\/p>\n<p>Aquest curs es faran 4 sessions presencials en dijous de 12.45h a 14.00h i 2 sessions telem\u00e0tiques en dilluns de 17:00h a 19:00h<\/p>\n<table style=\"width: 78.9537%; border-collapse: collapse; border-style: solid; border-color: #000000;\">\n<tbody>\n<tr>\n<td style=\"width: 11.3203%; border-style: solid; border-color: #000000;\"><strong>SESSI\u00d3 1<\/strong><\/td>\n<td style=\"width: 22.8124%; border-style: solid; border-color: #000000;\">17\/10\u00a0 de 12.45h a 14.00h<\/td>\n<td style=\"width: 65.3083%; border-style: solid; border-color: #000000;\">presencial\u00a0<a href=\"https:\/\/drive.google.com\/file\/d\/1IYafuEpD5wue1xtMzGvYKnWRKF0KUegJ\/view?usp=drive_link\"> ACTA<\/a><\/td>\n<\/tr>\n<tr>\n<td style=\"width: 11.3203%; border-style: solid; border-color: #000000;\"><strong>SESSI\u00d3 2<\/strong><\/td>\n<td style=\"width: 22.8124%; border-style: solid; border-color: #000000;\">11\/11\u00a0 de 17:00h a 19:00h<\/td>\n<td style=\"width: 65.3083%; border-style: solid; border-color: #000000;\">Telem\u00e0tica Xerrada de L\u00eddia Mendoza<strong><em>\u00a0 Organitzaci\u00f3 i gesti\u00f3 a l&#8217;aula inclusiva<\/em><\/strong><\/td>\n<\/tr>\n<tr>\n<td style=\"width: 11.3203%; border-style: solid; border-color: #000000;\"><strong>SESSI\u00d3 3<\/strong><\/td>\n<td style=\"width: 22.8124%; border-style: solid; border-color: #000000;\">16\/01 de 12.45h a 14.00h<\/td>\n<td style=\"width: 65.3083%; border-style: solid; border-color: #000000;\">presencial\u00a0 <a href=\"https:\/\/drive.google.com\/file\/d\/1Gei4pU38yUv8iaFLR-1GRzITQ9X_niDF\/view?usp=drive_link\">ACTA<\/a><\/td>\n<\/tr>\n<tr>\n<td style=\"width: 11.3203%; border-style: solid; border-color: #000000;\"><strong>SESSI\u00d3 4<\/strong><\/td>\n<td style=\"width: 22.8124%; border-style: solid; border-color: #000000;\">03\/02 de 17:00h a 19:00h<\/td>\n<td style=\"width: 65.3083%; border-style: solid; border-color: #000000;\">Telem\u00e0tica Xerrada de N\u00faria Reina <strong><em>Alumnat TEA i alimentaci\u00f3\u00a0<\/em><\/strong><\/td>\n<\/tr>\n<tr>\n<td style=\"width: 11.3203%; border-style: solid; border-color: #000000;\"><strong>SESSI\u00d3 5<\/strong><\/td>\n<td style=\"width: 22.8124%; border-style: solid; border-color: #000000;\">27\/03 de 12.45h a 14.00h<\/td>\n<td style=\"width: 65.3083%; border-style: solid; border-color: #000000;\">presencial<\/td>\n<\/tr>\n<tr>\n<td style=\"width: 11.3203%; border-style: solid; border-color: #000000;\"><strong>SESSI\u00d3 6<\/strong><\/td>\n<td style=\"width: 22.8124%; border-style: solid; border-color: #000000;\">15\/05 de 12.45h a 14.00h<\/td>\n<td style=\"width: 65.3083%; border-style: solid; border-color: #000000;\">presencial<\/td>\n<\/tr>\n<\/tbody>\n<\/table>\n<p><img loading=\"lazy\" decoding=\"async\" class=\"wp-image-12776 alignleft\" src=\"https:\/\/serveiseducatius.xtec.cat\/vallesoccidental7\/wp-content\/uploads\/usu1104\/2024\/11\/Webinar-Lidia.jpg\" alt=\"\" width=\"310\" height=\"175\" srcset=\"https:\/\/serveiseducatius.xtec.cat\/vallesoccidental7\/wp-content\/uploads\/usu1104\/2024\/11\/Webinar-Lidia.jpg 796w, https:\/\/serveiseducatius.xtec.cat\/vallesoccidental7\/wp-content\/uploads\/usu1104\/2024\/11\/Webinar-Lidia-300x170.jpg 300w, https:\/\/serveiseducatius.xtec.cat\/vallesoccidental7\/wp-content\/uploads\/usu1104\/2024\/11\/Webinar-Lidia-768x434.jpg 768w\" sizes=\"auto, (max-width: 310px) 100vw, 310px\" \/><\/p>\n<p><iframe loading=\"lazy\" src=\"https:\/\/drive.google.com\/file\/d\/14lFLm9kYGHsl1GaMdZbEh375zmKq2_VL\/preview\" width=\"640\" height=\"480\"><\/iframe><\/p>\n<p><a href=\"https:\/\/serveiseducatius.xtec.cat\/vallesoccidental7\/formacio\/seminari-dinclusio-i-orientacio\/attachment\/nuria-reina\/\" rel=\"attachment wp-att-12962\"><img loading=\"lazy\" decoding=\"async\" class=\"wp-image-12962 alignleft\" src=\"https:\/\/serveiseducatius.xtec.cat\/vallesoccidental7\/wp-content\/uploads\/usu1104\/2025\/02\/Nuria-Reina-1024x576.jpg\" alt=\"\" width=\"297\" height=\"167\" srcset=\"https:\/\/serveiseducatius.xtec.cat\/vallesoccidental7\/wp-content\/uploads\/usu1104\/2025\/02\/Nuria-Reina-1024x576.jpg 1024w, https:\/\/serveiseducatius.xtec.cat\/vallesoccidental7\/wp-content\/uploads\/usu1104\/2025\/02\/Nuria-Reina-300x169.jpg 300w, https:\/\/serveiseducatius.xtec.cat\/vallesoccidental7\/wp-content\/uploads\/usu1104\/2025\/02\/Nuria-Reina-768x432.jpg 768w, https:\/\/serveiseducatius.xtec.cat\/vallesoccidental7\/wp-content\/uploads\/usu1104\/2025\/02\/Nuria-Reina-1536x864.jpg 1536w, https:\/\/serveiseducatius.xtec.cat\/vallesoccidental7\/wp-content\/uploads\/usu1104\/2025\/02\/Nuria-Reina-2048x1152.jpg 2048w\" sizes=\"auto, (max-width: 297px) 100vw, 297px\" \/><\/a><\/p>\n<p><iframe loading=\"lazy\" src=\"https:\/\/drive.google.com\/file\/d\/1uLBfPAFn8oovy92myQ853LtXsfSbdb21\/preview\" width=\"640\" height=\"480\"><\/iframe><\/p>\n<p><iframe loading=\"lazy\" src=\"https:\/\/drive.google.com\/file\/d\/1UKIfSrMkzZ8Qexu-BM6vlBPjdNfNOBO8\/preview\" width=\"640\" height=\"480\"><\/iframe><iframe loading=\"lazy\" src=\"https:\/\/drive.google.com\/file\/d\/1yPhuvNdjB8jHgoxwWQJWeZbgWLT3sf57\/preview\" width=\"640\" height=\"480\"><\/iframe><\/p>\n<p><strong>CURS 2023\/2024<\/strong><\/p>\n<p>Les sessions s\u00f3n dijous de 12.45h a 14.00h<\/p>\n<table style=\"border-collapse: collapse; width: 85.9307%; height: 301px;\">\n<tbody>\n<tr style=\"height: 50px;\">\n<td style=\"width: 17.9823%; height: 50px;\"><strong>SESSI\u00d3 1\u00a0 19\/10\u00a0 \u00a0<\/strong><\/td>\n<td style=\"width: 11.0605%; height: 50px;\"><strong><a href=\"https:\/\/drive.google.com\/file\/d\/1zH0jCkEJbxqovUSnH7WpOn9AgymevldZ\/view?usp=drive_link\" target=\"_blank\" rel=\"noopener\">\u00a0ACTA<\/a><\/strong><\/td>\n<td style=\"width: 21.13%; height: 301px;\" rowspan=\"5\"><a href=\"https:\/\/drive.google.com\/file\/d\/1eNq63oykOSloAdHo1VZruHb5MvVssGBG\/view?usp=drive_link\"><img loading=\"lazy\" decoding=\"async\" class=\"aligncenter size-full wp-image-12554\" src=\"https:\/\/serveiseducatius.xtec.cat\/vallesoccidental7\/wp-content\/uploads\/usu1104\/2024\/05\/pokemon-rotated.jpg\" alt=\"\" width=\"714\" height=\"518\" srcset=\"https:\/\/serveiseducatius.xtec.cat\/vallesoccidental7\/wp-content\/uploads\/usu1104\/2024\/05\/pokemon-rotated.jpg 714w, https:\/\/serveiseducatius.xtec.cat\/vallesoccidental7\/wp-content\/uploads\/usu1104\/2024\/05\/pokemon-300x218.jpg 300w\" sizes=\"auto, (max-width: 714px) 100vw, 714px\" \/><\/a><\/td>\n<td style=\"width: 35.759%; height: 301px;\" rowspan=\"5\">\n<p style=\"text-align: center;\">CURS: LA CURA DE LA SALUT MENTAL ALS CENTRES EDUCATIUS<\/p>\n<p><a href=\"https:\/\/sites.google.com\/xtec.cat\/la-cura-de-la-salut-mental-als\/p%C3%A0gina-principal\"><img loading=\"lazy\" decoding=\"async\" class=\"alignnone size-large wp-image-12382\" src=\"https:\/\/serveiseducatius.xtec.cat\/vallesoccidental7\/wp-content\/uploads\/usu1104\/2024\/02\/CURA-1024x507.png\" alt=\"\" width=\"1024\" height=\"507\" srcset=\"https:\/\/serveiseducatius.xtec.cat\/vallesoccidental7\/wp-content\/uploads\/usu1104\/2024\/02\/CURA-1024x507.png 1024w, https:\/\/serveiseducatius.xtec.cat\/vallesoccidental7\/wp-content\/uploads\/usu1104\/2024\/02\/CURA-300x149.png 300w, https:\/\/serveiseducatius.xtec.cat\/vallesoccidental7\/wp-content\/uploads\/usu1104\/2024\/02\/CURA-768x380.png 768w, https:\/\/serveiseducatius.xtec.cat\/vallesoccidental7\/wp-content\/uploads\/usu1104\/2024\/02\/CURA-1536x761.png 1536w, https:\/\/serveiseducatius.xtec.cat\/vallesoccidental7\/wp-content\/uploads\/usu1104\/2024\/02\/CURA.png 1637w\" sizes=\"auto, (max-width: 1024px) 100vw, 1024px\" \/><\/a><\/td>\n<\/tr>\n<tr style=\"height: 50px;\">\n<td style=\"width: 17.9823%; height: 50px;\"><strong>SESSI\u00d3 2\u00a0 16\/11<\/strong><\/td>\n<td style=\"width: 11.0605%; height: 50px;\"><strong><a href=\"https:\/\/drive.google.com\/file\/d\/1XWoMyUAqsjIhViPON5ixhrFCpKlnzlFa\/view?usp=drive_link\" target=\"_blank\" rel=\"noopener\">ACTA\u00a0\u00a0<\/a> <\/strong><strong>XERRADA SOBRE COEDUCACI\u00d3 I TRANSIT<\/strong><\/td>\n<\/tr>\n<tr style=\"height: 100px;\">\n<td style=\"width: 17.9823%; height: 100px;\"><strong>SESSI\u00d3 3\u00a0 \u00a001\/02<\/strong><\/td>\n<td style=\"width: 11.0605%; height: 100px;\"><strong><a href=\"https:\/\/drive.google.com\/file\/d\/1h-TEQ8thYZqlKnsSMki5bwPs_iJFwePc\/view?usp=drive_link\" target=\"_blank\" rel=\"noopener\">ACTA<\/a> INTERVENCI\u00d3 DE LES DEI I<\/strong><\/td>\n<\/tr>\n<tr style=\"height: 50px;\">\n<td style=\"width: 17.9823%; height: 50px;\"><strong>SESSI\u00d3 4\u00a0 \u00a029\/02<\/strong><\/td>\n<td style=\"width: 11.0605%; height: 50px;\"><a href=\"https:\/\/drive.google.com\/file\/d\/1jxwLgzENoDbDGnPGDH_MYQ5ZQbFCBdZ4\/view?usp=drive_link\"><strong>ACTA<\/strong><\/a> <strong>INTERVENCI\u00d3 DE LES DEI II<\/strong><\/td>\n<\/tr>\n<tr style=\"height: 51px;\">\n<td style=\"width: 17.9823%; height: 51px;\"><strong>SESSI\u00d3 5\u00a0 \u00a009\/05<\/strong><\/td>\n<td style=\"width: 11.0605%; height: 51px;\"><a href=\"https:\/\/drive.google.com\/file\/d\/1IJxvI1VI1naGz5Q6mFlSpNx4SG-V2Cor\/view?usp=drive_link\"><strong>ACTA<\/strong><\/a><\/td>\n<\/tr>\n<\/tbody>\n<\/table>\n<p><strong>CURS 2022\/2023<\/strong><\/p>\n<table style=\"border-collapse: collapse; width: 59.764%; height: 160px;\">\n<tbody>\n<tr style=\"height: 32px;\">\n<td style=\"width: 100%; height: 32px;\"><strong>SESSI\u00d3 1: 20\/10\/2022\u00a0 Presencial\u00a0 <a href=\"https:\/\/docs.google.com\/document\/d\/1ECWQw3w2GaLsufPNayr5TMc-L2OUitdkl6_s0skmYCo\/edit#\" target=\"_blank\" rel=\"noopener\">ACTA<\/a><\/strong><\/td>\n<\/tr>\n<tr style=\"height: 32px;\">\n<td style=\"width: 100%; height: 32px;\"><strong>SESSI\u00d3 2: 17\/11\/2022\u00a0 Confer\u00e8ncia Antonio Hidalgo <\/strong><strong>(CRETDIC)<\/strong><strong> <a href=\"https:\/\/drive.google.com\/file\/d\/12yUETjEwaH8nsZxx_-qWrC37l9mdtjgF\/view?usp=share_link\">PRESENTACI\u00d3<\/a><br \/>\n<\/strong><\/td>\n<\/tr>\n<tr style=\"height: 32px;\">\n<td style=\"width: 100%; height: 32px;\"><strong>SESSI\u00d3 3: 02\/02\/2023\u00a0 Confer\u00e8ncia de N\u00faria Reina (CESMIJ Parc Taul\u00ed)<\/strong><a href=\"https:\/\/drive.google.com\/file\/d\/14htDbPixgAGPHs5cJabsquesGBCiFcp-\/view?usp=sharing\"><strong> PRESENTACI\u00d3<\/strong><\/a><\/td>\n<\/tr>\n<tr style=\"height: 32px;\">\n<td style=\"width: 100%; height: 32px;\"><strong>SESSI\u00d3 4: 02\/03\/2023 Confer\u00e8ncia de Gl\u00f2ria Iniesta (Associaci\u00f3 APSAS) <a href=\"https:\/\/docs.google.com\/document\/d\/1EmyBo4kaFbpnhjURpUghLs7Kf30duut_uj9VWGyzD1I\/edit?usp=share_link\" target=\"_blank\" rel=\"noopener\">RECURSOS<\/a><\/strong><\/td>\n<\/tr>\n<tr style=\"height: 32px;\">\n<td style=\"width: 100%; height: 32px;\"><strong>SESSI\u00d3 5: 04\/05\/2023 Confer\u00e8ncia Antonio Hidalgo (CRETDIC) <a href=\"https:\/\/drive.google.com\/file\/d\/1LLrqfHR-l4DbNHN3UE4xP8absCVBf41c\/view?usp=share_link\">PRESENTACI\u00d3<\/a><\/strong><\/td>\n<\/tr>\n<\/tbody>\n<\/table>\n<table style=\"border-collapse: collapse; width: 28.3914%;\">\n<tbody>\n<tr>\n<td style=\"width: 100%;\"><strong><a href=\"https:\/\/serveiseducatius.xtec.cat\/vallesoccidental7\/formacio\/latencio-a-la-diversitat-a-primaria-compartint-practiques-i-criteris-mestres-deducacio-especial\/\">SEMINARI INCLUSI\u00d3 CURSOS ANTERIORS<\/a><\/strong><\/td>\n<\/tr>\n<\/tbody>\n<\/table>\n<table style=\"border-collapse: collapse; width: 37.4119%; height: 32px;\">\n<tbody>\n<tr style=\"height: 32px;\">\n<td style=\"width: 100%; height: 32px;\"><strong><a href=\"https:\/\/serveiseducatius.xtec.cat\/vallesoccidental7\/formacio\/seminari-orientadors-es\/\">SEMINARI\u00a0 D&#8217;ORIENTADORS\/ES CURSOS ANTERIORS<\/a><\/strong><\/td>\n<\/tr>\n<\/tbody>\n<\/table>\n","protected":false},"excerpt":{"rendered":"<p>CURS 2025\/2026 Aquest curs es faran 4 sessions presencials en dijous de 12.45h a 14.00h i 2 sessions en dilluns de 17:00h a 19:00h (una presencial i l&#8217;altra telem\u00e0tica) SESSI\u00d3 1 16\/10\u00a0 de 12.45h a 14.00h ACTA SESSI\u00d3 2 10\/11\u00a0 de 17:00h a 19:00h Presencial Xerrada d&#8217;Anna L\u00f3pez (HSJD) Trastorns de l&#8217;aprenentatge SESSI\u00d3 3 19\/01 [&hellip;]<\/p>\n","protected":false},"author":5,"featured_media":0,"parent":416,"menu_order":0,"comment_status":"closed","ping_status":"closed","template":"","meta":{"_bbp_topic_count":0,"_bbp_reply_count":0,"_bbp_total_topic_count":0,"_bbp_total_reply_count":0,"_bbp_voice_count":0,"_bbp_anonymous_reply_count":0,"_bbp_topic_count_hidden":0,"_bbp_reply_count_hidden":0,"_bbp_forum_subforum_count":0,"site-sidebar-layout":"default","site-content-layout":"","ast-site-content-layout":"default","site-content-style":"default","site-sidebar-style":"default","ast-global-header-display":"","ast-banner-title-visibility":"","ast-main-header-display":"","ast-hfb-above-header-display":"","ast-hfb-below-header-display":"","ast-hfb-mobile-header-display":"","site-post-title":"","ast-breadcrumbs-content":"","ast-featured-img":"","footer-sml-layout":"","theme-transparent-header-meta":"default","adv-header-id-meta":"","stick-header-meta":"","header-above-stick-meta":"","header-main-stick-meta":"","header-below-stick-meta":"","astra-migrate-meta-layouts":"set","ast-page-background-enabled":"default","ast-page-background-meta":{"desktop":{"background-color":"var(--ast-global-color-4)","background-image":"","background-repeat":"repeat","background-position":"center center","background-size":"auto","background-attachment":"scroll","background-type":"","background-media":"","overlay-type":"","overlay-color":"","overlay-opacity":"","overlay-gradient":""},"tablet":{"background-color":"","background-image":"","background-repeat":"repeat","background-position":"center center","background-size":"auto","background-attachment":"scroll","background-type":"","background-media":"","overlay-type":"","overlay-color":"","overlay-opacity":"","overlay-gradient":""},"mobile":{"background-color":"","background-image":"","background-repeat":"repeat","background-position":"center center","background-size":"auto","background-attachment":"scroll","background-type":"","background-media":"","overlay-type":"","overlay-color":"","overlay-opacity":"","overlay-gradient":""}},"ast-content-background-meta":{"desktop":{"background-color":"var(--ast-global-color-5)","background-image":"","background-repeat":"repeat","background-position":"center center","background-size":"auto","background-attachment":"scroll","background-type":"","background-media":"","overlay-type":"","overlay-color":"","overlay-opacity":"","overlay-gradient":""},"tablet":{"background-color":"var(--ast-global-color-5)","background-image":"","background-repeat":"repeat","background-position":"center center","background-size":"auto","background-attachment":"scroll","background-type":"","background-media":"","overlay-type":"","overlay-color":"","overlay-opacity":"","overlay-gradient":""},"mobile":{"background-color":"var(--ast-global-color-5)","background-image":"","background-repeat":"repeat","background-position":"center center","background-size":"auto","background-attachment":"scroll","background-type":"","background-media":"","overlay-type":"","overlay-color":"","overlay-opacity":"","overlay-gradient":""}},"footnotes":""},"class_list":["post-11658","page","type-page","status-publish","hentry"],"post_mailing_queue_ids":[],"_links":{"self":[{"href":"https:\/\/serveiseducatius.xtec.cat\/vallesoccidental7\/wp-json\/wp\/v2\/pages\/11658","targetHints":{"allow":["GET"]}}],"collection":[{"href":"https:\/\/serveiseducatius.xtec.cat\/vallesoccidental7\/wp-json\/wp\/v2\/pages"}],"about":[{"href":"https:\/\/serveiseducatius.xtec.cat\/vallesoccidental7\/wp-json\/wp\/v2\/types\/page"}],"author":[{"embeddable":true,"href":"https:\/\/serveiseducatius.xtec.cat\/vallesoccidental7\/wp-json\/wp\/v2\/users\/5"}],"replies":[{"embeddable":true,"href":"https:\/\/serveiseducatius.xtec.cat\/vallesoccidental7\/wp-json\/wp\/v2\/comments?post=11658"}],"version-history":[{"count":6,"href":"https:\/\/serveiseducatius.xtec.cat\/vallesoccidental7\/wp-json\/wp\/v2\/pages\/11658\/revisions"}],"predecessor-version":[{"id":13897,"href":"https:\/\/serveiseducatius.xtec.cat\/vallesoccidental7\/wp-json\/wp\/v2\/pages\/11658\/revisions\/13897"}],"up":[{"embeddable":true,"href":"https:\/\/serveiseducatius.xtec.cat\/vallesoccidental7\/wp-json\/wp\/v2\/pages\/416"}],"wp:attachment":[{"href":"https:\/\/serveiseducatius.xtec.cat\/vallesoccidental7\/wp-json\/wp\/v2\/media?parent=11658"}],"curies":[{"name":"wp","href":"https:\/\/api.w.org\/{rel}","templated":true}]}}