{"id":11163,"date":"2022-02-04T11:13:19","date_gmt":"2022-02-04T10:13:19","guid":{"rendered":"https:\/\/serveiseducatius.xtec.cat\/vallesoccidental7\/?page_id=11163"},"modified":"2025-02-20T10:52:32","modified_gmt":"2025-02-20T09:52:32","slug":"certamen-lectura-en-veu-alta-clva","status":"publish","type":"page","link":"https:\/\/serveiseducatius.xtec.cat\/vallesoccidental7\/certamen-lectura-en-veu-alta-clva\/","title":{"rendered":"Certamen de Lectura en veu alta"},"content":{"rendered":"<h4><\/h4>\n<table style=\"border-collapse: collapse; width: 20.8847%;\">\n<tbody>\n<tr>\n<td style=\"width: 100%;\">\n<h4><img decoding=\"async\" src=\"https:\/\/serveiseducatius.xtec.cat\/vallesoccidental7\/wp-content\/uploads\/usu1104\/2024\/02\/va-1.png\" \/><\/h4>\n<\/td>\n<\/tr>\n<\/tbody>\n<\/table>\n<h4><strong>XXI Certamen de Lectura en veu<\/strong> <strong>alta (CLVA)<\/strong><\/h4>\n<table style=\"border-collapse: collapse; width: 94.7789%;\">\n<tbody>\n<tr>\n<td style=\"width: 100%; text-align: center;\"><span style=\"font-size: 16px;\">Ja tenim data i lloc pel Certamen d&#8217;aquest any: el dilluns 24 de mar\u00e7 de 2025 a la Sala Celler de Can Gorgs (Barber\u00e0 del Vall\u00e8s)<\/span><\/td>\n<\/tr>\n<\/tbody>\n<\/table>\n<p>Aquest s\u00f3n els llibres que es llegiran en aquesta edici\u00f3. Recordeu que els heu de portar per poder-ne fer la lectura durant el Certamen.<\/p>\n<p><a href=\"https:\/\/serveiseducatius.xtec.cat\/vallesoccidental7\/certamen-lectura-en-veu-alta-clva\/attachment\/clva-2\/\" rel=\"attachment wp-att-12985\"><img loading=\"lazy\" decoding=\"async\" class=\"aligncenter size-full wp-image-12985\" src=\"https:\/\/serveiseducatius.xtec.cat\/vallesoccidental7\/wp-content\/uploads\/usu1104\/2025\/02\/CLVA.jpg\" alt=\"\" width=\"756\" height=\"689\" srcset=\"https:\/\/serveiseducatius.xtec.cat\/vallesoccidental7\/wp-content\/uploads\/usu1104\/2025\/02\/CLVA.jpg 756w, https:\/\/serveiseducatius.xtec.cat\/vallesoccidental7\/wp-content\/uploads\/usu1104\/2025\/02\/CLVA-300x273.jpg 300w\" sizes=\"auto, (max-width: 756px) 100vw, 756px\" \/><\/a><\/p>\n<p>_____________________________________________________________________________________________________________<\/p>\n<h4><\/h4>\n<h4><strong>XX Certamen de Lectura en veu<\/strong> <strong>alta (CLVA)<\/strong><\/h4>\n<p>Lectures<\/p>\n<p><img loading=\"lazy\" decoding=\"async\" class=\"alignnone wp-image-12358\" src=\"https:\/\/serveiseducatius.xtec.cat\/vallesoccidental7\/wp-content\/uploads\/usu1104\/2024\/02\/va.png\" alt=\"\" width=\"853\" height=\"758\" srcset=\"https:\/\/serveiseducatius.xtec.cat\/vallesoccidental7\/wp-content\/uploads\/usu1104\/2024\/02\/va.png 877w, https:\/\/serveiseducatius.xtec.cat\/vallesoccidental7\/wp-content\/uploads\/usu1104\/2024\/02\/va-300x266.png 300w, https:\/\/serveiseducatius.xtec.cat\/vallesoccidental7\/wp-content\/uploads\/usu1104\/2024\/02\/va-768x682.png 768w\" sizes=\"auto, (max-width: 853px) 100vw, 853px\" \/><\/p>\n<h4><\/h4>\n<h4><\/h4>\n<h4><strong>XVIII Certamen de Lectura en veu<\/strong> <strong>alta (CLVA)<\/strong><\/h4>\n<p><strong>Inscripci\u00f3<\/strong>: de l\u2019<strong>1 d\u2019octubre\u00a0<\/strong>al\u00a0<strong>3 de novembre<br \/>\n<\/strong><a href=\"https:\/\/www.lecturaenveualta.cat\/llibres-del-xviii-certamen-de-lva-curs-2021-2022\/\" target=\"_blank\" rel=\"noopener\">Lectures 21-22\u00a0<\/a><\/p>\n<p><a href=\"https:\/\/serveiseducatius.xtec.cat\/vallesoccidental7\/wp-content\/uploads\/usu1104\/2022\/02\/lectures.png\"><img loading=\"lazy\" decoding=\"async\" class=\"alignnone size-full wp-image-11173\" src=\"https:\/\/serveiseducatius.xtec.cat\/vallesoccidental7\/wp-content\/uploads\/usu1104\/2022\/02\/lectures.png\" alt=\"\" width=\"491\" height=\"689\" srcset=\"https:\/\/serveiseducatius.xtec.cat\/vallesoccidental7\/wp-content\/uploads\/usu1104\/2022\/02\/lectures.png 491w, https:\/\/serveiseducatius.xtec.cat\/vallesoccidental7\/wp-content\/uploads\/usu1104\/2022\/02\/lectures-214x300.png 214w\" sizes=\"auto, (max-width: 491px) 100vw, 491px\" \/><\/a><\/p>\n","protected":false},"excerpt":{"rendered":"<p>XXI Certamen de Lectura en veu alta (CLVA) Ja tenim data i lloc pel Certamen d&#8217;aquest any: el dilluns 24 de mar\u00e7 de 2025 a la Sala Celler de Can Gorgs (Barber\u00e0 del Vall\u00e8s) Aquest s\u00f3n els llibres que es llegiran en aquesta edici\u00f3. Recordeu que els heu de portar per poder-ne fer la lectura [&hellip;]<\/p>\n","protected":false},"author":5,"featured_media":0,"parent":0,"menu_order":0,"comment_status":"closed","ping_status":"closed","template":"","meta":{"_bbp_topic_count":0,"_bbp_reply_count":0,"_bbp_total_topic_count":0,"_bbp_total_reply_count":0,"_bbp_voice_count":0,"_bbp_anonymous_reply_count":0,"_bbp_topic_count_hidden":0,"_bbp_reply_count_hidden":0,"_bbp_forum_subforum_count":0,"site-sidebar-layout":"default","site-content-layout":"","ast-site-content-layout":"","site-content-style":"default","site-sidebar-style":"default","ast-global-header-display":"","ast-banner-title-visibility":"","ast-main-header-display":"","ast-hfb-above-header-display":"","ast-hfb-below-header-display":"","ast-hfb-mobile-header-display":"","site-post-title":"","ast-breadcrumbs-content":"","ast-featured-img":"","footer-sml-layout":"","theme-transparent-header-meta":"","adv-header-id-meta":"","stick-header-meta":"","header-above-stick-meta":"","header-main-stick-meta":"","header-below-stick-meta":"","astra-migrate-meta-layouts":"default","ast-page-background-enabled":"default","ast-page-background-meta":{"desktop":{"background-color":"var(--ast-global-color-4)","background-image":"","background-repeat":"repeat","background-position":"center center","background-size":"auto","background-attachment":"scroll","background-type":"","background-media":"","overlay-type":"","overlay-color":"","overlay-opacity":"","overlay-gradient":""},"tablet":{"background-color":"","background-image":"","background-repeat":"repeat","background-position":"center center","background-size":"auto","background-attachment":"scroll","background-type":"","background-media":"","overlay-type":"","overlay-color":"","overlay-opacity":"","overlay-gradient":""},"mobile":{"background-color":"","background-image":"","background-repeat":"repeat","background-position":"center center","background-size":"auto","background-attachment":"scroll","background-type":"","background-media":"","overlay-type":"","overlay-color":"","overlay-opacity":"","overlay-gradient":""}},"ast-content-background-meta":{"desktop":{"background-color":"var(--ast-global-color-5)","background-image":"","background-repeat":"repeat","background-position":"center center","background-size":"auto","background-attachment":"scroll","background-type":"","background-media":"","overlay-type":"","overlay-color":"","overlay-opacity":"","overlay-gradient":""},"tablet":{"background-color":"var(--ast-global-color-5)","background-image":"","background-repeat":"repeat","background-position":"center center","background-size":"auto","background-attachment":"scroll","background-type":"","background-media":"","overlay-type":"","overlay-color":"","overlay-opacity":"","overlay-gradient":""},"mobile":{"background-color":"var(--ast-global-color-5)","background-image":"","background-repeat":"repeat","background-position":"center center","background-size":"auto","background-attachment":"scroll","background-type":"","background-media":"","overlay-type":"","overlay-color":"","overlay-opacity":"","overlay-gradient":""}},"footnotes":""},"class_list":["post-11163","page","type-page","status-publish","hentry"],"post_mailing_queue_ids":[],"_links":{"self":[{"href":"https:\/\/serveiseducatius.xtec.cat\/vallesoccidental7\/wp-json\/wp\/v2\/pages\/11163","targetHints":{"allow":["GET"]}}],"collection":[{"href":"https:\/\/serveiseducatius.xtec.cat\/vallesoccidental7\/wp-json\/wp\/v2\/pages"}],"about":[{"href":"https:\/\/serveiseducatius.xtec.cat\/vallesoccidental7\/wp-json\/wp\/v2\/types\/page"}],"author":[{"embeddable":true,"href":"https:\/\/serveiseducatius.xtec.cat\/vallesoccidental7\/wp-json\/wp\/v2\/users\/5"}],"replies":[{"embeddable":true,"href":"https:\/\/serveiseducatius.xtec.cat\/vallesoccidental7\/wp-json\/wp\/v2\/comments?post=11163"}],"version-history":[{"count":6,"href":"https:\/\/serveiseducatius.xtec.cat\/vallesoccidental7\/wp-json\/wp\/v2\/pages\/11163\/revisions"}],"predecessor-version":[{"id":12986,"href":"https:\/\/serveiseducatius.xtec.cat\/vallesoccidental7\/wp-json\/wp\/v2\/pages\/11163\/revisions\/12986"}],"wp:attachment":[{"href":"https:\/\/serveiseducatius.xtec.cat\/vallesoccidental7\/wp-json\/wp\/v2\/media?parent=11163"}],"curies":[{"name":"wp","href":"https:\/\/api.w.org\/{rel}","templated":true}]}}