{"id":11159,"date":"2022-02-02T12:18:48","date_gmt":"2022-02-02T11:18:48","guid":{"rendered":"https:\/\/serveiseducatius.xtec.cat\/vallesoccidental7\/?page_id=11159"},"modified":"2022-04-20T09:41:25","modified_gmt":"2022-04-20T07:41:25","slug":"certamen-minerva-2021-2022","status":"publish","type":"page","link":"https:\/\/serveiseducatius.xtec.cat\/vallesoccidental7\/certamen-minerva-2021-2022\/","title":{"rendered":"Certamen Minerva 2021-2022"},"content":{"rendered":"<p><a href=\"https:\/\/drive.google.com\/file\/d\/1jG6OCZJdpxVUFxfLYKlUYBBTUuumPkSN\/view?usp=sharing\">Bases del Certamen 2022<\/a><\/p>\n<p>L\u2019acte de lliurament de premis tindr\u00e0 lloc el 20 d\u2019Abril a les 16.30h al Teatre Municipal Cooperativa de Barber\u00e0.<\/p>\n<p><a href=\"https:\/\/serveiseducatius.xtec.cat\/vallesoccidental7\/wp-content\/uploads\/usu1104\/2022\/04\/poster.png\"><img loading=\"lazy\" decoding=\"async\" class=\"size-full wp-image-11459 aligncenter\" src=\"https:\/\/serveiseducatius.xtec.cat\/vallesoccidental7\/wp-content\/uploads\/usu1104\/2022\/04\/poster.png\" alt=\"\" width=\"580\" height=\"507\" srcset=\"https:\/\/serveiseducatius.xtec.cat\/vallesoccidental7\/wp-content\/uploads\/usu1104\/2022\/04\/poster.png 580w, https:\/\/serveiseducatius.xtec.cat\/vallesoccidental7\/wp-content\/uploads\/usu1104\/2022\/04\/poster-300x262.png 300w\" sizes=\"auto, (max-width: 580px) 100vw, 580px\" \/><\/a><\/p>\n<p>Aqu\u00ed podeu consultar els treballs premiats<\/p>\n<table style=\"border-collapse: collapse; width: 81.608%; height: 2084px;\">\n<tbody>\n<tr style=\"height: 251px;\">\n<td style=\"width: 41.0099%; height: 251px;\"><a href=\"https:\/\/serveiseducatius.xtec.cat\/vallesoccidental7\/wp-content\/uploads\/usu1104\/2022\/04\/Brayan.png\"><img loading=\"lazy\" decoding=\"async\" class=\"alignnone size-full wp-image-11446\" src=\"https:\/\/serveiseducatius.xtec.cat\/vallesoccidental7\/wp-content\/uploads\/usu1104\/2022\/04\/Brayan.png\" alt=\"\" width=\"679\" height=\"501\" srcset=\"https:\/\/serveiseducatius.xtec.cat\/vallesoccidental7\/wp-content\/uploads\/usu1104\/2022\/04\/Brayan.png 679w, https:\/\/serveiseducatius.xtec.cat\/vallesoccidental7\/wp-content\/uploads\/usu1104\/2022\/04\/Brayan-300x221.png 300w\" sizes=\"auto, (max-width: 679px) 100vw, 679px\" \/><\/a><\/td>\n<td style=\"width: 18.2266%; height: 251px; background-color: #eef5e9;\"><a href=\"https:\/\/drive.google.com\/file\/d\/1hZo18V25ETkr7ehmYQcx8HJE0DUbmKBv\/view?usp=sharing\" target=\"_blank\" rel=\"noopener\">Enlla\u00e7 al treball<\/a><\/td>\n<td style=\"width: 40.6404%; height: 251px;\"><a href=\"https:\/\/docs.google.com\/presentation\/d\/1281nqIjhzDyXutL2FVGoxMNMJdP9HP33jS5D27gJ89o\/edit?usp=sharing\" target=\"_blank\" rel=\"noopener\"><img loading=\"lazy\" decoding=\"async\" class=\"alignnone wp-image-11448 size-large\" src=\"https:\/\/serveiseducatius.xtec.cat\/vallesoccidental7\/wp-content\/uploads\/usu1104\/2022\/04\/Brayan-present-1024x581.png\" alt=\"\" width=\"1024\" height=\"581\" srcset=\"https:\/\/serveiseducatius.xtec.cat\/vallesoccidental7\/wp-content\/uploads\/usu1104\/2022\/04\/Brayan-present-1024x581.png 1024w, https:\/\/serveiseducatius.xtec.cat\/vallesoccidental7\/wp-content\/uploads\/usu1104\/2022\/04\/Brayan-present-300x170.png 300w, https:\/\/serveiseducatius.xtec.cat\/vallesoccidental7\/wp-content\/uploads\/usu1104\/2022\/04\/Brayan-present-768x436.png 768w, https:\/\/serveiseducatius.xtec.cat\/vallesoccidental7\/wp-content\/uploads\/usu1104\/2022\/04\/Brayan-present.png 1070w\" sizes=\"auto, (max-width: 1024px) 100vw, 1024px\" \/><\/a><\/td>\n<\/tr>\n<tr style=\"height: 252px;\">\n<td style=\"width: 41.0099%; height: 252px;\"><a href=\"https:\/\/serveiseducatius.xtec.cat\/vallesoccidental7\/wp-content\/uploads\/usu1104\/2022\/04\/Miriam.png\"><img loading=\"lazy\" decoding=\"async\" class=\"alignnone size-full wp-image-11447\" src=\"https:\/\/serveiseducatius.xtec.cat\/vallesoccidental7\/wp-content\/uploads\/usu1104\/2022\/04\/Miriam.png\" alt=\"\" width=\"675\" height=\"501\" srcset=\"https:\/\/serveiseducatius.xtec.cat\/vallesoccidental7\/wp-content\/uploads\/usu1104\/2022\/04\/Miriam.png 675w, https:\/\/serveiseducatius.xtec.cat\/vallesoccidental7\/wp-content\/uploads\/usu1104\/2022\/04\/Miriam-300x223.png 300w\" sizes=\"auto, (max-width: 675px) 100vw, 675px\" \/><\/a><\/td>\n<td style=\"width: 58.867%; height: 252px; background-color: #eef5e9; text-align: center;\" colspan=\"2\"><a href=\"https:\/\/drive.google.com\/file\/d\/1IlR1rYU3mP9MJFCAuQ3Xkgv_pIHxBxnC\/view?usp=sharing\">Enlla\u00e7 al treball<\/a><\/td>\n<\/tr>\n<tr style=\"height: 251px;\">\n<td style=\"width: 41.0099%; height: 251px;\"><a href=\"https:\/\/serveiseducatius.xtec.cat\/vallesoccidental7\/wp-content\/uploads\/usu1104\/2022\/04\/usuario.png\"><img loading=\"lazy\" decoding=\"async\" class=\"alignnone size-full wp-image-11450\" src=\"https:\/\/serveiseducatius.xtec.cat\/vallesoccidental7\/wp-content\/uploads\/usu1104\/2022\/04\/usuario.png\" alt=\"\" width=\"675\" height=\"499\" srcset=\"https:\/\/serveiseducatius.xtec.cat\/vallesoccidental7\/wp-content\/uploads\/usu1104\/2022\/04\/usuario.png 675w, https:\/\/serveiseducatius.xtec.cat\/vallesoccidental7\/wp-content\/uploads\/usu1104\/2022\/04\/usuario-300x222.png 300w\" sizes=\"auto, (max-width: 675px) 100vw, 675px\" \/><\/a><\/td>\n<td style=\"width: 18.2266%; height: 251px; background-color: #eef5e9;\"><a href=\"https:\/\/drive.google.com\/file\/d\/1bcyzvkmiSCiCnt-WvDKOSSq4qxJeYMm8\/view?usp=sharing\" target=\"_blank\" rel=\"noopener\">Enlla\u00e7 al treball<\/a><\/td>\n<td style=\"width: 40.6404%; height: 251px;\"><a href=\"https:\/\/www.youtube.com\/watch?v=QhQqmG8WOtA&amp;t=4s\" target=\"_blank\" rel=\"noopener\"><img loading=\"lazy\" decoding=\"async\" class=\"alignnone size-full wp-image-11451\" src=\"https:\/\/serveiseducatius.xtec.cat\/vallesoccidental7\/wp-content\/uploads\/usu1104\/2022\/04\/usuario2.png\" alt=\"\" width=\"818\" height=\"456\" srcset=\"https:\/\/serveiseducatius.xtec.cat\/vallesoccidental7\/wp-content\/uploads\/usu1104\/2022\/04\/usuario2.png 818w, https:\/\/serveiseducatius.xtec.cat\/vallesoccidental7\/wp-content\/uploads\/usu1104\/2022\/04\/usuario2-300x167.png 300w, https:\/\/serveiseducatius.xtec.cat\/vallesoccidental7\/wp-content\/uploads\/usu1104\/2022\/04\/usuario2-768x428.png 768w\" sizes=\"auto, (max-width: 818px) 100vw, 818px\" \/><\/a><\/td>\n<\/tr>\n<tr style=\"height: 258px;\">\n<td style=\"width: 41.0099%; height: 258px;\"><a href=\"https:\/\/serveiseducatius.xtec.cat\/vallesoccidental7\/wp-content\/uploads\/usu1104\/2022\/04\/peixos.png\"><img loading=\"lazy\" decoding=\"async\" class=\"alignnone size-full wp-image-11452\" src=\"https:\/\/serveiseducatius.xtec.cat\/vallesoccidental7\/wp-content\/uploads\/usu1104\/2022\/04\/peixos.png\" alt=\"\" width=\"670\" height=\"509\" srcset=\"https:\/\/serveiseducatius.xtec.cat\/vallesoccidental7\/wp-content\/uploads\/usu1104\/2022\/04\/peixos.png 670w, https:\/\/serveiseducatius.xtec.cat\/vallesoccidental7\/wp-content\/uploads\/usu1104\/2022\/04\/peixos-300x228.png 300w\" sizes=\"auto, (max-width: 670px) 100vw, 670px\" \/><\/a><\/td>\n<td style=\"width: 58.867%; height: 258px; background-color: #eef5e9; text-align: center;\" colspan=\"2\"><a href=\"https:\/\/drive.google.com\/file\/d\/19DljvXy9i2v3g3MQ_Zo_DwcRfnrCrPMB\/view?usp=sharing\" target=\"_blank\" rel=\"noopener\">Enlla\u00e7 al treball<\/a><\/td>\n<\/tr>\n<tr style=\"height: 251px;\">\n<td style=\"width: 41.0099%; height: 251px;\"><a href=\"https:\/\/serveiseducatius.xtec.cat\/vallesoccidental7\/wp-content\/uploads\/usu1104\/2022\/04\/plastics.png\"><img loading=\"lazy\" decoding=\"async\" class=\"alignnone size-full wp-image-11453\" src=\"https:\/\/serveiseducatius.xtec.cat\/vallesoccidental7\/wp-content\/uploads\/usu1104\/2022\/04\/plastics.png\" alt=\"\" width=\"684\" height=\"506\" srcset=\"https:\/\/serveiseducatius.xtec.cat\/vallesoccidental7\/wp-content\/uploads\/usu1104\/2022\/04\/plastics.png 684w, https:\/\/serveiseducatius.xtec.cat\/vallesoccidental7\/wp-content\/uploads\/usu1104\/2022\/04\/plastics-300x222.png 300w\" sizes=\"auto, (max-width: 684px) 100vw, 684px\" \/><\/a><\/td>\n<td style=\"width: 18.2266%; height: 251px; background-color: #eef5e9;\"><a href=\"https:\/\/drive.google.com\/file\/d\/1sv9DrbetbA9TUkFGe__q5xRD-ih2GHFq\/view?usp=sharing\" target=\"_blank\" rel=\"noopener\">Enlla\u00e7 al treball<\/a><\/td>\n<td style=\"width: 40.6404%; height: 251px;\"><a href=\"https:\/\/www.canva.com\/design\/DAE2vyhlitE\/qROj5F8BJz3Ub_tlKkq4bg\/view?utm_content=DAE2vyhlitE&amp;utm_campaign=designshare&amp;utm_medium=link2&amp;utm_source=sharebutton\" target=\"_blank\" rel=\"noopener\"><img loading=\"lazy\" decoding=\"async\" class=\"alignnone size-full wp-image-11458\" src=\"https:\/\/serveiseducatius.xtec.cat\/vallesoccidental7\/wp-content\/uploads\/usu1104\/2022\/04\/plastics-2.png\" alt=\"\" width=\"826\" height=\"485\" srcset=\"https:\/\/serveiseducatius.xtec.cat\/vallesoccidental7\/wp-content\/uploads\/usu1104\/2022\/04\/plastics-2.png 826w, https:\/\/serveiseducatius.xtec.cat\/vallesoccidental7\/wp-content\/uploads\/usu1104\/2022\/04\/plastics-2-300x176.png 300w, https:\/\/serveiseducatius.xtec.cat\/vallesoccidental7\/wp-content\/uploads\/usu1104\/2022\/04\/plastics-2-768x451.png 768w\" sizes=\"auto, (max-width: 826px) 100vw, 826px\" \/><\/a><\/td>\n<\/tr>\n<tr style=\"height: 249px;\">\n<td style=\"width: 41.0099%; height: 249px;\"><a href=\"https:\/\/serveiseducatius.xtec.cat\/vallesoccidental7\/wp-content\/uploads\/usu1104\/2022\/04\/discriminacio.png\"><img loading=\"lazy\" decoding=\"async\" class=\"alignnone size-full wp-image-11454\" src=\"https:\/\/serveiseducatius.xtec.cat\/vallesoccidental7\/wp-content\/uploads\/usu1104\/2022\/04\/discriminacio.png\" alt=\"\" width=\"682\" height=\"500\" srcset=\"https:\/\/serveiseducatius.xtec.cat\/vallesoccidental7\/wp-content\/uploads\/usu1104\/2022\/04\/discriminacio.png 682w, https:\/\/serveiseducatius.xtec.cat\/vallesoccidental7\/wp-content\/uploads\/usu1104\/2022\/04\/discriminacio-300x220.png 300w\" sizes=\"auto, (max-width: 682px) 100vw, 682px\" \/><\/a><\/td>\n<td style=\"width: 18.2266%; height: 249px; background-color: #eef5e9; text-align: center;\" colspan=\"2\"><a href=\"https:\/\/drive.google.com\/file\/d\/1TL_OZg1zZLn3SqXXGxelEMnLWlNdeKNH\/view?usp=sharing\" target=\"_blank\" rel=\"noopener\">Enlla\u00e7 al treball<\/a><\/td>\n<\/tr>\n<tr style=\"height: 257px;\">\n<td style=\"width: 41.0099%; height: 257px;\"><a href=\"https:\/\/serveiseducatius.xtec.cat\/vallesoccidental7\/wp-content\/uploads\/usu1104\/2022\/04\/izan.png\"><img loading=\"lazy\" decoding=\"async\" class=\"alignnone size-full wp-image-11455\" src=\"https:\/\/serveiseducatius.xtec.cat\/vallesoccidental7\/wp-content\/uploads\/usu1104\/2022\/04\/izan.png\" alt=\"\" width=\"673\" height=\"509\" srcset=\"https:\/\/serveiseducatius.xtec.cat\/vallesoccidental7\/wp-content\/uploads\/usu1104\/2022\/04\/izan.png 673w, https:\/\/serveiseducatius.xtec.cat\/vallesoccidental7\/wp-content\/uploads\/usu1104\/2022\/04\/izan-300x227.png 300w, https:\/\/serveiseducatius.xtec.cat\/vallesoccidental7\/wp-content\/uploads\/usu1104\/2022\/04\/izan-200x150.png 200w\" sizes=\"auto, (max-width: 673px) 100vw, 673px\" \/><\/a><\/td>\n<td style=\"width: 18.2266%; height: 257px; background-color: #eef5e9;\"><a href=\"https:\/\/drive.google.com\/file\/d\/1dxI4EtYZEJfHcunZxCIp0VwtolyHFpOP\/view?usp=sharing\" target=\"_blank\" rel=\"noopener\">Enlla\u00e7 al treball<\/a><\/td>\n<td style=\"width: 40.6404%; height: 257px;\"><a href=\"https:\/\/view.genial.ly\/6175632ef967db0df9ffe3af\/presentation-tdr-evolucio-del-collectiu-lgtbiq-a-badia-del-valles\" target=\"_blank\" rel=\"noopener\"><img loading=\"lazy\" decoding=\"async\" class=\"alignnone size-full wp-image-11457\" src=\"https:\/\/serveiseducatius.xtec.cat\/vallesoccidental7\/wp-content\/uploads\/usu1104\/2022\/04\/izan-2.png\" alt=\"\" width=\"805\" height=\"500\" srcset=\"https:\/\/serveiseducatius.xtec.cat\/vallesoccidental7\/wp-content\/uploads\/usu1104\/2022\/04\/izan-2.png 805w, https:\/\/serveiseducatius.xtec.cat\/vallesoccidental7\/wp-content\/uploads\/usu1104\/2022\/04\/izan-2-300x186.png 300w, https:\/\/serveiseducatius.xtec.cat\/vallesoccidental7\/wp-content\/uploads\/usu1104\/2022\/04\/izan-2-768x477.png 768w\" sizes=\"auto, (max-width: 805px) 100vw, 805px\" \/><\/a><\/td>\n<\/tr>\n<tr style=\"height: 251px;\">\n<td style=\"width: 41.0099%; height: 251px;\"><a href=\"https:\/\/serveiseducatius.xtec.cat\/vallesoccidental7\/wp-content\/uploads\/usu1104\/2022\/04\/sara.png\"><img loading=\"lazy\" decoding=\"async\" class=\"alignnone size-full wp-image-11456\" src=\"https:\/\/serveiseducatius.xtec.cat\/vallesoccidental7\/wp-content\/uploads\/usu1104\/2022\/04\/sara.png\" alt=\"\" width=\"684\" height=\"506\" srcset=\"https:\/\/serveiseducatius.xtec.cat\/vallesoccidental7\/wp-content\/uploads\/usu1104\/2022\/04\/sara.png 684w, https:\/\/serveiseducatius.xtec.cat\/vallesoccidental7\/wp-content\/uploads\/usu1104\/2022\/04\/sara-300x222.png 300w\" sizes=\"auto, (max-width: 684px) 100vw, 684px\" \/><\/a><\/td>\n<td style=\"width: 58.867%; height: 251px; background-color: #eef5e9; text-align: center;\" colspan=\"2\"><a href=\"https:\/\/drive.google.com\/file\/d\/1dvlfOHjwmt5M4eVJqwLcsNCfOt4TPjLZ\/view?usp=sharing\" target=\"_blank\" rel=\"noopener\">Enlla\u00e7 al treball<\/a><\/td>\n<\/tr>\n<\/tbody>\n<\/table>\n<p>&nbsp;<\/p>\n","protected":false},"excerpt":{"rendered":"<p>Bases del Certamen 2022 L\u2019acte de lliurament de premis tindr\u00e0 lloc el 20 d\u2019Abril a les 16.30h al Teatre Municipal Cooperativa de Barber\u00e0. Aqu\u00ed podeu consultar els treballs premiats Enlla\u00e7 al treball Enlla\u00e7 al treball Enlla\u00e7 al treball Enlla\u00e7 al treball Enlla\u00e7 al treball Enlla\u00e7 al treball Enlla\u00e7 al treball Enlla\u00e7 al treball &nbsp;<\/p>\n","protected":false},"author":5,"featured_media":0,"parent":0,"menu_order":0,"comment_status":"closed","ping_status":"closed","template":"","meta":{"_bbp_topic_count":0,"_bbp_reply_count":0,"_bbp_total_topic_count":0,"_bbp_total_reply_count":0,"_bbp_voice_count":0,"_bbp_anonymous_reply_count":0,"_bbp_topic_count_hidden":0,"_bbp_reply_count_hidden":0,"_bbp_forum_subforum_count":0,"site-sidebar-layout":"default","site-content-layout":"","ast-site-content-layout":"","site-content-style":"default","site-sidebar-style":"default","ast-global-header-display":"","ast-banner-title-visibility":"","ast-main-header-display":"","ast-hfb-above-header-display":"","ast-hfb-below-header-display":"","ast-hfb-mobile-header-display":"","site-post-title":"","ast-breadcrumbs-content":"","ast-featured-img":"","footer-sml-layout":"","theme-transparent-header-meta":"","adv-header-id-meta":"","stick-header-meta":"","header-above-stick-meta":"","header-main-stick-meta":"","header-below-stick-meta":"","astra-migrate-meta-layouts":"default","ast-page-background-enabled":"default","ast-page-background-meta":{"desktop":{"background-color":"var(--ast-global-color-4)","background-image":"","background-repeat":"repeat","background-position":"center center","background-size":"auto","background-attachment":"scroll","background-type":"","background-media":"","overlay-type":"","overlay-color":"","overlay-opacity":"","overlay-gradient":""},"tablet":{"background-color":"","background-image":"","background-repeat":"repeat","background-position":"center center","background-size":"auto","background-attachment":"scroll","background-type":"","background-media":"","overlay-type":"","overlay-color":"","overlay-opacity":"","overlay-gradient":""},"mobile":{"background-color":"","background-image":"","background-repeat":"repeat","background-position":"center center","background-size":"auto","background-attachment":"scroll","background-type":"","background-media":"","overlay-type":"","overlay-color":"","overlay-opacity":"","overlay-gradient":""}},"ast-content-background-meta":{"desktop":{"background-color":"var(--ast-global-color-5)","background-image":"","background-repeat":"repeat","background-position":"center center","background-size":"auto","background-attachment":"scroll","background-type":"","background-media":"","overlay-type":"","overlay-color":"","overlay-opacity":"","overlay-gradient":""},"tablet":{"background-color":"var(--ast-global-color-5)","background-image":"","background-repeat":"repeat","background-position":"center center","background-size":"auto","background-attachment":"scroll","background-type":"","background-media":"","overlay-type":"","overlay-color":"","overlay-opacity":"","overlay-gradient":""},"mobile":{"background-color":"var(--ast-global-color-5)","background-image":"","background-repeat":"repeat","background-position":"center center","background-size":"auto","background-attachment":"scroll","background-type":"","background-media":"","overlay-type":"","overlay-color":"","overlay-opacity":"","overlay-gradient":""}},"footnotes":""},"class_list":["post-11159","page","type-page","status-publish","hentry"],"post_mailing_queue_ids":[],"_links":{"self":[{"href":"https:\/\/serveiseducatius.xtec.cat\/vallesoccidental7\/wp-json\/wp\/v2\/pages\/11159","targetHints":{"allow":["GET"]}}],"collection":[{"href":"https:\/\/serveiseducatius.xtec.cat\/vallesoccidental7\/wp-json\/wp\/v2\/pages"}],"about":[{"href":"https:\/\/serveiseducatius.xtec.cat\/vallesoccidental7\/wp-json\/wp\/v2\/types\/page"}],"author":[{"embeddable":true,"href":"https:\/\/serveiseducatius.xtec.cat\/vallesoccidental7\/wp-json\/wp\/v2\/users\/5"}],"replies":[{"embeddable":true,"href":"https:\/\/serveiseducatius.xtec.cat\/vallesoccidental7\/wp-json\/wp\/v2\/comments?post=11159"}],"version-history":[{"count":3,"href":"https:\/\/serveiseducatius.xtec.cat\/vallesoccidental7\/wp-json\/wp\/v2\/pages\/11159\/revisions"}],"predecessor-version":[{"id":11460,"href":"https:\/\/serveiseducatius.xtec.cat\/vallesoccidental7\/wp-json\/wp\/v2\/pages\/11159\/revisions\/11460"}],"wp:attachment":[{"href":"https:\/\/serveiseducatius.xtec.cat\/vallesoccidental7\/wp-json\/wp\/v2\/media?parent=11159"}],"curies":[{"name":"wp","href":"https:\/\/api.w.org\/{rel}","templated":true}]}}