{"id":11009,"date":"2021-06-17T13:40:36","date_gmt":"2021-06-17T11:40:36","guid":{"rendered":"http:\/\/serveiseducatius.xtec.cat\/vallesoccidental7\/?page_id=11009"},"modified":"2023-06-12T10:46:22","modified_gmt":"2023-06-12T08:46:22","slug":"practiques-referencia","status":"publish","type":"page","link":"https:\/\/serveiseducatius.xtec.cat\/vallesoccidental7\/recursos\/practiques-referencia\/","title":{"rendered":"Pr\u00e0ctiques refer\u00e8ncia"},"content":{"rendered":"<p><span style=\"text-decoration: underline;\"><strong>Pr\u00e0ctiques de refer\u00e8ncia:\u00a0<\/strong><\/span><\/p>\n<p>Enlla\u00e7 a l&#8217;espai sites amb les pr\u00e0ctiques de refer\u00e8ncia:<\/p>\n<p>Com a Servei Educatiu hem intentat anar recollint les pr\u00e0ctiques de refer\u00e8ncia del nostre territori. Hem creat una fitxa model per facilitar la visualitzaci\u00f3 de les activitats amb el mateix format. En aquesta fitxa model trobareu els enlla\u00e7os de les pr\u00e0ctiques de refer\u00e8ncia on podreu obtenir m\u00e9s informaci\u00f3 del vostre inter\u00e8s.<\/p>\n<p><a href=\"https:\/\/sites.google.com\/xtec.cat\/servei-educatiu-voc-ii\/p%C3%A0gina-principal\">SITES DE BONES PR\u00c0CTIQUES<\/a><\/p>\n<p>&nbsp;<\/p>\n<table style=\"height: 290px;\" width=\"1123\">\n<tbody>\n<tr>\n<td style=\"width: 558.889px;\">Acta de la sessi\u00f3 prim\u00e0ria secund\u00e0ria on es s&#8217;expliquen les activitats multinivell de 4 centres<\/td>\n<td style=\"width: 560px;\"><a href=\"https:\/\/docs.google.com\/document\/d\/1NL-mAMZCs0RffL1DGJXOME84tbZf6w8XKZGuhT7oumk\/edit?usp=sharing\"><span style=\"font-weight: 400;\">Sem Prim-Sec: multinivell (acta)<\/span><\/a><\/td>\n<\/tr>\n<tr>\n<td style=\"width: 558.889px;\">Enlla\u00e7 al projecte d&#8217;acompanyament 6\u00e8 de prim\u00e0ria 1r d&#8217;ESO<\/td>\n<td style=\"width: 560px;\"><a href=\"https:\/\/docs.google.com\/document\/d\/1I1l_tmGU28n257eYc2Dj3d2WpJ4tU2-h-pXC9jZ6Kxk\/edit?usp=sharing\"><span style=\"font-weight: 400;\">Projecte acompanyament Prim-Sec<\/span><\/a><\/td>\n<\/tr>\n<tr>\n<td style=\"width: 558.889px;\">Recomanacions lectores recomanades dins del seminari de biblioteques 20-21 (acc\u00e9s nom\u00e9s persones concretes per temes de dret d&#8217;imatge)<\/td>\n<td style=\"width: 560px;\"><a href=\"https:\/\/drive.google.com\/drive\/folders\/1Rkwb4gQB37EMJXM4Xzng99qb7CHTMPJf?usp=sharing\">Documents<\/a><\/td>\n<\/tr>\n<tr>\n<td style=\"width: 558.889px;\">Visites VA!! dins de ka xarxa XIEP<\/td>\n<td style=\"width: 560px;\"><a href=\"https:\/\/sites.google.com\/view\/xiep\/va?authuser=0\"><span style=\"font-weight: 400;\">Visites XIEP<\/span><\/a><\/td>\n<\/tr>\n<tr>\n<td style=\"width: 558.889px;\">Bones pr\u00e0ctiques tenim la paraula<\/td>\n<td style=\"width: 560px;\"><a href=\"https:\/\/drive.google.com\/drive\/folders\/1xvFb0BMhbYIRHidmkt8fUR86HXKvyACG?usp=sharing\">Comunicaci\u00f3 Oral<\/a><\/td>\n<\/tr>\n<tr>\n<td style=\"width: 558.889px;\">Activitats Elisa Badia transformaci\u00f3 digital<\/td>\n<td style=\"width: 560px;\"><a href=\"https:\/\/drive.google.com\/drive\/folders\/1rVO--9SLvVSPcQxkIn3_ERH0sEUHCMpc?usp=sharing\">Programacions Elisa Badia<\/a><\/td>\n<\/tr>\n<\/tbody>\n<\/table>\n","protected":false},"excerpt":{"rendered":"<p>Pr\u00e0ctiques de refer\u00e8ncia:\u00a0 Enlla\u00e7 a l&#8217;espai sites amb les pr\u00e0ctiques de refer\u00e8ncia: Com a Servei Educatiu hem intentat anar recollint les pr\u00e0ctiques de refer\u00e8ncia del nostre territori. Hem creat una fitxa model per facilitar la visualitzaci\u00f3 de les activitats amb el mateix format. En aquesta fitxa model trobareu els enlla\u00e7os de les pr\u00e0ctiques de refer\u00e8ncia [&hellip;]<\/p>\n","protected":false},"author":5,"featured_media":0,"parent":906,"menu_order":0,"comment_status":"closed","ping_status":"closed","template":"","meta":{"_bbp_topic_count":0,"_bbp_reply_count":0,"_bbp_total_topic_count":0,"_bbp_total_reply_count":0,"_bbp_voice_count":0,"_bbp_anonymous_reply_count":0,"_bbp_topic_count_hidden":0,"_bbp_reply_count_hidden":0,"_bbp_forum_subforum_count":0,"site-sidebar-layout":"default","site-content-layout":"","ast-site-content-layout":"","site-content-style":"default","site-sidebar-style":"default","ast-global-header-display":"","ast-banner-title-visibility":"","ast-main-header-display":"","ast-hfb-above-header-display":"","ast-hfb-below-header-display":"","ast-hfb-mobile-header-display":"","site-post-title":"","ast-breadcrumbs-content":"","ast-featured-img":"","footer-sml-layout":"","theme-transparent-header-meta":"","adv-header-id-meta":"","stick-header-meta":"","header-above-stick-meta":"","header-main-stick-meta":"","header-below-stick-meta":"","astra-migrate-meta-layouts":"default","ast-page-background-enabled":"default","ast-page-background-meta":{"desktop":{"background-color":"var(--ast-global-color-4)","background-image":"","background-repeat":"repeat","background-position":"center center","background-size":"auto","background-attachment":"scroll","background-type":"","background-media":"","overlay-type":"","overlay-color":"","overlay-opacity":"","overlay-gradient":""},"tablet":{"background-color":"","background-image":"","background-repeat":"repeat","background-position":"center center","background-size":"auto","background-attachment":"scroll","background-type":"","background-media":"","overlay-type":"","overlay-color":"","overlay-opacity":"","overlay-gradient":""},"mobile":{"background-color":"","background-image":"","background-repeat":"repeat","background-position":"center center","background-size":"auto","background-attachment":"scroll","background-type":"","background-media":"","overlay-type":"","overlay-color":"","overlay-opacity":"","overlay-gradient":""}},"ast-content-background-meta":{"desktop":{"background-color":"var(--ast-global-color-5)","background-image":"","background-repeat":"repeat","background-position":"center center","background-size":"auto","background-attachment":"scroll","background-type":"","background-media":"","overlay-type":"","overlay-color":"","overlay-opacity":"","overlay-gradient":""},"tablet":{"background-color":"var(--ast-global-color-5)","background-image":"","background-repeat":"repeat","background-position":"center center","background-size":"auto","background-attachment":"scroll","background-type":"","background-media":"","overlay-type":"","overlay-color":"","overlay-opacity":"","overlay-gradient":""},"mobile":{"background-color":"var(--ast-global-color-5)","background-image":"","background-repeat":"repeat","background-position":"center center","background-size":"auto","background-attachment":"scroll","background-type":"","background-media":"","overlay-type":"","overlay-color":"","overlay-opacity":"","overlay-gradient":""}},"footnotes":""},"class_list":["post-11009","page","type-page","status-publish","hentry"],"post_mailing_queue_ids":[],"_links":{"self":[{"href":"https:\/\/serveiseducatius.xtec.cat\/vallesoccidental7\/wp-json\/wp\/v2\/pages\/11009","targetHints":{"allow":["GET"]}}],"collection":[{"href":"https:\/\/serveiseducatius.xtec.cat\/vallesoccidental7\/wp-json\/wp\/v2\/pages"}],"about":[{"href":"https:\/\/serveiseducatius.xtec.cat\/vallesoccidental7\/wp-json\/wp\/v2\/types\/page"}],"author":[{"embeddable":true,"href":"https:\/\/serveiseducatius.xtec.cat\/vallesoccidental7\/wp-json\/wp\/v2\/users\/5"}],"replies":[{"embeddable":true,"href":"https:\/\/serveiseducatius.xtec.cat\/vallesoccidental7\/wp-json\/wp\/v2\/comments?post=11009"}],"version-history":[{"count":3,"href":"https:\/\/serveiseducatius.xtec.cat\/vallesoccidental7\/wp-json\/wp\/v2\/pages\/11009\/revisions"}],"predecessor-version":[{"id":12060,"href":"https:\/\/serveiseducatius.xtec.cat\/vallesoccidental7\/wp-json\/wp\/v2\/pages\/11009\/revisions\/12060"}],"up":[{"embeddable":true,"href":"https:\/\/serveiseducatius.xtec.cat\/vallesoccidental7\/wp-json\/wp\/v2\/pages\/906"}],"wp:attachment":[{"href":"https:\/\/serveiseducatius.xtec.cat\/vallesoccidental7\/wp-json\/wp\/v2\/media?parent=11009"}],"curies":[{"name":"wp","href":"https:\/\/api.w.org\/{rel}","templated":true}]}}