{"id":10724,"date":"2021-02-04T13:37:10","date_gmt":"2021-02-04T12:37:10","guid":{"rendered":"http:\/\/serveiseducatius.xtec.cat\/vallesoccidental7\/?page_id=10724"},"modified":"2022-02-09T15:51:21","modified_gmt":"2022-02-09T14:51:21","slug":"certamen-minerva-20-21","status":"publish","type":"page","link":"https:\/\/serveiseducatius.xtec.cat\/vallesoccidental7\/certamen-minerva-20-21\/","title":{"rendered":"Certamen Minerva 2020-2021"},"content":{"rendered":"<p style=\"text-align: center;\">\n<table style=\"width: 808px; height: 791px;\">\n<tbody>\n<tr>\n<td style=\"width: 248px; text-align: center;\"><span style=\"font-size: 16px;\">CARTELL<\/span><\/td>\n<td style=\"width: 276px; text-align: center;\"><span style=\"font-size: 16px;\">TR\u00cdPTIC<\/span><\/td>\n<td style=\"width: 278.667px;\" rowspan=\"4\">\n<p style=\"text-align: center;\"><strong>Bases per la participaci\u00f3 del 19\u00e8 Certamen Minerva\u00a0<\/strong><\/p>\n<p style=\"text-align: center;\"><a href=\"https:\/\/docs.google.com\/document\/d\/1cDgSz8MJnH9GmpgCXBDX_BEJP1XHOBvlzO4b_MFrzro\/edit?usp=sharing\">Clicant aquest enlla\u00e7 podreu accedir a les bases<\/a><\/p>\n<p style=\"text-align: left;\"><span style=\"font-size: 16px;\"><br \/>\n<\/span><span style=\"color: #222222;\"><br \/>\n<\/span><\/p>\n<\/td>\n<\/tr>\n<tr>\n<td style=\"width: 248px;\"><a href=\"https:\/\/drive.google.com\/file\/d\/1ck8fVDfOpQNEd8dFqC_Vi1uukYXmxL15\/view?usp=sharing\"><img loading=\"lazy\" decoding=\"async\" class=\"alignnone size-full wp-image-10901\" src=\"https:\/\/serveiseducatius.xtec.cat\/vallesoccidental7\/wp-content\/uploads\/usu1104\/2021\/04\/poster.jpg\" alt=\"\" width=\"266\" height=\"476\" srcset=\"https:\/\/serveiseducatius.xtec.cat\/vallesoccidental7\/wp-content\/uploads\/usu1104\/2021\/04\/poster.jpg 266w, https:\/\/serveiseducatius.xtec.cat\/vallesoccidental7\/wp-content\/uploads\/usu1104\/2021\/04\/poster-168x300.jpg 168w\" sizes=\"auto, (max-width: 266px) 100vw, 266px\" \/><\/a><\/td>\n<td style=\"width: 276px;\"><a href=\"https:\/\/drive.google.com\/file\/d\/1AmnFytPpAZ1rRhL7b0JKPZYHnly6qRAh\/view?usp=sharing\"><img loading=\"lazy\" decoding=\"async\" class=\"wp-image-10902 aligncenter\" src=\"https:\/\/serveiseducatius.xtec.cat\/vallesoccidental7\/wp-content\/uploads\/usu1104\/2021\/04\/triptic.jpg\" alt=\"\" width=\"219\" height=\"398\" srcset=\"https:\/\/serveiseducatius.xtec.cat\/vallesoccidental7\/wp-content\/uploads\/usu1104\/2021\/04\/triptic.jpg 195w, https:\/\/serveiseducatius.xtec.cat\/vallesoccidental7\/wp-content\/uploads\/usu1104\/2021\/04\/triptic-165x300.jpg 165w\" sizes=\"auto, (max-width: 219px) 100vw, 219px\" \/><\/a><\/td>\n<\/tr>\n<tr>\n<td style=\"text-align: center; width: 525.333px;\" colspan=\"2\"><span style=\"font-size: 16px;\">8 CAR\u00c0TULES DELS 8 TREBALLA<\/span><\/td>\n<\/tr>\n<tr>\n<td style=\"width: 525.333px;\" colspan=\"2\"><a href=\"https:\/\/drive.google.com\/drive\/folders\/1rpNZPHHGRDeXVXHTVgZ9WxucTk0oQgtL?usp=sharing\"><img loading=\"lazy\" decoding=\"async\" class=\"alignnone size-full wp-image-10904\" src=\"https:\/\/serveiseducatius.xtec.cat\/vallesoccidental7\/wp-content\/uploads\/usu1104\/2021\/04\/Captura8.jpg\" alt=\"\" width=\"556\" height=\"412\" srcset=\"https:\/\/serveiseducatius.xtec.cat\/vallesoccidental7\/wp-content\/uploads\/usu1104\/2021\/04\/Captura8.jpg 556w, https:\/\/serveiseducatius.xtec.cat\/vallesoccidental7\/wp-content\/uploads\/usu1104\/2021\/04\/Captura8-300x222.jpg 300w\" sizes=\"auto, (max-width: 556px) 100vw, 556px\" \/><\/a><\/td>\n<\/tr>\n<\/tbody>\n<\/table>\n<p style=\"text-align: center;\"><em><strong>Exposici\u00f3 dels treballs de recerca (a partir del 28 d&#8217;abril)<\/strong><\/em><\/p>\n<p>Entrega per part dels ajuntaments del Diploma i el val, a partir del 15 de maig<\/p>\n<table style=\"height: 330px;\" width=\"784\">\n<tbody>\n<tr style=\"height: 36px;\">\n<td style=\"width: 340px; height: 36px; text-align: center;\">Imatge del treball<\/td>\n<td style=\"width: 440px; height: 36px; text-align: center;\">V\u00eddeo del treball (SI l&#8217;enlla\u00e7 no funciona, cliqueu a la fletxa de dalt a la dreta de la imatge)<\/td>\n<\/tr>\n<tr style=\"height: 36px;\">\n<td style=\"width: 340px; height: 36px; text-align: center;\"><a href=\"https:\/\/drive.google.com\/file\/d\/1nvRT3AA5cw_e7X1RwF9K_wNJhhEBUUe-\/view?usp=sharing\"><img loading=\"lazy\" decoding=\"async\" class=\"alignnone size-large wp-image-10912\" src=\"https:\/\/serveiseducatius.xtec.cat\/vallesoccidental7\/wp-content\/uploads\/usu1104\/2021\/04\/8-1024x768.jpg\" alt=\"\" width=\"1024\" height=\"768\" srcset=\"https:\/\/serveiseducatius.xtec.cat\/vallesoccidental7\/wp-content\/uploads\/usu1104\/2021\/04\/8-1024x768.jpg 1024w, https:\/\/serveiseducatius.xtec.cat\/vallesoccidental7\/wp-content\/uploads\/usu1104\/2021\/04\/8-300x225.jpg 300w, https:\/\/serveiseducatius.xtec.cat\/vallesoccidental7\/wp-content\/uploads\/usu1104\/2021\/04\/8-768x576.jpg 768w, https:\/\/serveiseducatius.xtec.cat\/vallesoccidental7\/wp-content\/uploads\/usu1104\/2021\/04\/8-200x150.jpg 200w\" sizes=\"auto, (max-width: 1024px) 100vw, 1024px\" \/><\/a><\/td>\n<td style=\"width: 440px; height: 36px; text-align: center;\"><iframe loading=\"lazy\" src=\"\/\/www.youtube.com\/embed\/_SGG39AES50\" width=\"360\" height=\"202\"><\/iframe><\/td>\n<\/tr>\n<tr style=\"height: 36px;\">\n<td style=\"width: 340px; height: 36px; text-align: center;\"><a href=\"https:\/\/drive.google.com\/file\/d\/1toCOFB_6GYPLtSL8gq_1MC3B82PWvoJP\/view?usp=sharing\"><img loading=\"lazy\" decoding=\"async\" class=\"alignnone size-large wp-image-10911\" src=\"https:\/\/serveiseducatius.xtec.cat\/vallesoccidental7\/wp-content\/uploads\/usu1104\/2021\/04\/7-1024x768.jpg\" alt=\"\" width=\"1024\" height=\"768\" srcset=\"https:\/\/serveiseducatius.xtec.cat\/vallesoccidental7\/wp-content\/uploads\/usu1104\/2021\/04\/7-1024x768.jpg 1024w, https:\/\/serveiseducatius.xtec.cat\/vallesoccidental7\/wp-content\/uploads\/usu1104\/2021\/04\/7-300x225.jpg 300w, https:\/\/serveiseducatius.xtec.cat\/vallesoccidental7\/wp-content\/uploads\/usu1104\/2021\/04\/7-768x576.jpg 768w, https:\/\/serveiseducatius.xtec.cat\/vallesoccidental7\/wp-content\/uploads\/usu1104\/2021\/04\/7-200x150.jpg 200w\" sizes=\"auto, (max-width: 1024px) 100vw, 1024px\" \/><\/a><\/td>\n<td style=\"width: 440px; height: 36px; text-align: center;\"><iframe loading=\"lazy\" src=\"\/\/www.youtube.com\/embed\/zDo9I4Bvc7g\" width=\"360\" height=\"202\"><\/iframe><\/td>\n<\/tr>\n<tr style=\"height: 36px;\">\n<td style=\"width: 340px; height: 36px; text-align: center;\"><a href=\"https:\/\/drive.google.com\/file\/d\/1BK6qFjv9QVX3Lk0LScOi5Vw37N4tTOcZ\/view?usp=sharing\"><img loading=\"lazy\" decoding=\"async\" class=\"alignnone size-large wp-image-10910\" src=\"https:\/\/serveiseducatius.xtec.cat\/vallesoccidental7\/wp-content\/uploads\/usu1104\/2021\/04\/6-1024x768.jpg\" alt=\"\" width=\"1024\" height=\"768\" srcset=\"https:\/\/serveiseducatius.xtec.cat\/vallesoccidental7\/wp-content\/uploads\/usu1104\/2021\/04\/6-1024x768.jpg 1024w, https:\/\/serveiseducatius.xtec.cat\/vallesoccidental7\/wp-content\/uploads\/usu1104\/2021\/04\/6-300x225.jpg 300w, https:\/\/serveiseducatius.xtec.cat\/vallesoccidental7\/wp-content\/uploads\/usu1104\/2021\/04\/6-768x576.jpg 768w, https:\/\/serveiseducatius.xtec.cat\/vallesoccidental7\/wp-content\/uploads\/usu1104\/2021\/04\/6-200x150.jpg 200w\" sizes=\"auto, (max-width: 1024px) 100vw, 1024px\" \/><\/a><\/td>\n<td style=\"width: 440px; height: 36px; text-align: center;\"><iframe loading=\"lazy\" src=\"\/\/www.youtube.com\/embed\/pkEMD4jcU8E\" width=\"360\" height=\"202\"><\/iframe><\/td>\n<\/tr>\n<tr style=\"height: 36px;\">\n<td style=\"width: 340px; height: 36px; text-align: center;\"><a href=\"https:\/\/drive.google.com\/file\/d\/16GLMC9OyC3ngpjk4J5eHpDwmthiazozd\/view?usp=sharing\"><img loading=\"lazy\" decoding=\"async\" class=\"alignnone size-large wp-image-10909\" src=\"https:\/\/serveiseducatius.xtec.cat\/vallesoccidental7\/wp-content\/uploads\/usu1104\/2021\/04\/5-1024x768.jpg\" alt=\"\" width=\"1024\" height=\"768\" srcset=\"https:\/\/serveiseducatius.xtec.cat\/vallesoccidental7\/wp-content\/uploads\/usu1104\/2021\/04\/5-1024x768.jpg 1024w, https:\/\/serveiseducatius.xtec.cat\/vallesoccidental7\/wp-content\/uploads\/usu1104\/2021\/04\/5-300x225.jpg 300w, https:\/\/serveiseducatius.xtec.cat\/vallesoccidental7\/wp-content\/uploads\/usu1104\/2021\/04\/5-768x576.jpg 768w, https:\/\/serveiseducatius.xtec.cat\/vallesoccidental7\/wp-content\/uploads\/usu1104\/2021\/04\/5-200x150.jpg 200w\" sizes=\"auto, (max-width: 1024px) 100vw, 1024px\" \/><\/a><\/td>\n<td style=\"width: 440px; height: 36px; text-align: center;\"><iframe loading=\"lazy\" src=\"\/\/www.youtube.com\/embed\/5Guxoo03HrE\" width=\"360\" height=\"202\"><\/iframe><\/td>\n<\/tr>\n<tr style=\"height: 36px;\">\n<td style=\"width: 340px; height: 36px; text-align: center;\"><a href=\"https:\/\/drive.google.com\/file\/d\/1c371thBSUr3Z0QRmEKvz7SgyaayWiisO\/view?usp=sharing\"><img loading=\"lazy\" decoding=\"async\" class=\"alignnone size-large wp-image-10908\" src=\"https:\/\/serveiseducatius.xtec.cat\/vallesoccidental7\/wp-content\/uploads\/usu1104\/2021\/04\/4-1024x768.jpg\" alt=\"\" width=\"1024\" height=\"768\" srcset=\"https:\/\/serveiseducatius.xtec.cat\/vallesoccidental7\/wp-content\/uploads\/usu1104\/2021\/04\/4-1024x768.jpg 1024w, https:\/\/serveiseducatius.xtec.cat\/vallesoccidental7\/wp-content\/uploads\/usu1104\/2021\/04\/4-300x225.jpg 300w, https:\/\/serveiseducatius.xtec.cat\/vallesoccidental7\/wp-content\/uploads\/usu1104\/2021\/04\/4-768x576.jpg 768w, https:\/\/serveiseducatius.xtec.cat\/vallesoccidental7\/wp-content\/uploads\/usu1104\/2021\/04\/4-200x150.jpg 200w\" sizes=\"auto, (max-width: 1024px) 100vw, 1024px\" \/><\/a><\/td>\n<td style=\"width: 440px; height: 36px; text-align: center;\"><iframe loading=\"lazy\" src=\"\/\/www.youtube.com\/embed\/ANQN5UlYWfg\" width=\"360\" height=\"202\"><\/iframe><\/td>\n<\/tr>\n<tr style=\"height: 38px;\">\n<td style=\"width: 340px; height: 38px; text-align: center;\"><a href=\"https:\/\/drive.google.com\/file\/d\/1NkxJMmdFSSGUJpb7mRscZxzTTP96OLG1\/view?usp=sharing\"><img loading=\"lazy\" decoding=\"async\" class=\"alignnone size-large wp-image-10907\" src=\"https:\/\/serveiseducatius.xtec.cat\/vallesoccidental7\/wp-content\/uploads\/usu1104\/2021\/04\/3-1024x768.jpg\" alt=\"\" width=\"1024\" height=\"768\" srcset=\"https:\/\/serveiseducatius.xtec.cat\/vallesoccidental7\/wp-content\/uploads\/usu1104\/2021\/04\/3-1024x768.jpg 1024w, https:\/\/serveiseducatius.xtec.cat\/vallesoccidental7\/wp-content\/uploads\/usu1104\/2021\/04\/3-300x225.jpg 300w, https:\/\/serveiseducatius.xtec.cat\/vallesoccidental7\/wp-content\/uploads\/usu1104\/2021\/04\/3-768x576.jpg 768w, https:\/\/serveiseducatius.xtec.cat\/vallesoccidental7\/wp-content\/uploads\/usu1104\/2021\/04\/3-200x150.jpg 200w\" sizes=\"auto, (max-width: 1024px) 100vw, 1024px\" \/><\/a><\/td>\n<td style=\"width: 440px; height: 38px; text-align: center;\"><iframe loading=\"lazy\" src=\"\/\/www.youtube.com\/embed\/IKtJ4epSqmY\" width=\"360\" height=\"202\"><\/iframe><\/td>\n<\/tr>\n<tr style=\"height: 38px;\">\n<td style=\"width: 340px; height: 38px; text-align: center;\">\u00a0\u00a0 <a href=\"https:\/\/drive.google.com\/file\/d\/1vPS4L3Xnqy2YJyk49XYFghZGoC6CkAQ1\/view?usp=sharing\"><img loading=\"lazy\" decoding=\"async\" class=\"alignnone size-large wp-image-10906\" src=\"https:\/\/serveiseducatius.xtec.cat\/vallesoccidental7\/wp-content\/uploads\/usu1104\/2021\/04\/2-1024x768.jpg\" alt=\"\" width=\"1024\" height=\"768\" srcset=\"https:\/\/serveiseducatius.xtec.cat\/vallesoccidental7\/wp-content\/uploads\/usu1104\/2021\/04\/2-1024x768.jpg 1024w, https:\/\/serveiseducatius.xtec.cat\/vallesoccidental7\/wp-content\/uploads\/usu1104\/2021\/04\/2-300x225.jpg 300w, https:\/\/serveiseducatius.xtec.cat\/vallesoccidental7\/wp-content\/uploads\/usu1104\/2021\/04\/2-768x576.jpg 768w, https:\/\/serveiseducatius.xtec.cat\/vallesoccidental7\/wp-content\/uploads\/usu1104\/2021\/04\/2-200x150.jpg 200w\" sizes=\"auto, (max-width: 1024px) 100vw, 1024px\" \/><\/a><\/td>\n<td style=\"width: 440px; height: 38px; text-align: center;\"><iframe loading=\"lazy\" src=\"\/\/www.youtube.com\/embed\/ZmD_28M68AA\" width=\"360\" height=\"202\"><\/iframe><\/td>\n<\/tr>\n<tr style=\"height: 38px;\">\n<td style=\"width: 340px; height: 38px; text-align: center;\"><a href=\"https:\/\/drive.google.com\/file\/d\/1RMpdtM6gwmYyaCOOalHC-ikQ942QUt-Z\/view?usp=sharing\"><img loading=\"lazy\" decoding=\"async\" class=\"alignnone size-large wp-image-10905\" src=\"https:\/\/serveiseducatius.xtec.cat\/vallesoccidental7\/wp-content\/uploads\/usu1104\/2021\/04\/1-1024x768.jpg\" alt=\"\" width=\"1024\" height=\"768\" srcset=\"https:\/\/serveiseducatius.xtec.cat\/vallesoccidental7\/wp-content\/uploads\/usu1104\/2021\/04\/1-1024x768.jpg 1024w, https:\/\/serveiseducatius.xtec.cat\/vallesoccidental7\/wp-content\/uploads\/usu1104\/2021\/04\/1-300x225.jpg 300w, https:\/\/serveiseducatius.xtec.cat\/vallesoccidental7\/wp-content\/uploads\/usu1104\/2021\/04\/1-768x576.jpg 768w, https:\/\/serveiseducatius.xtec.cat\/vallesoccidental7\/wp-content\/uploads\/usu1104\/2021\/04\/1-200x150.jpg 200w\" sizes=\"auto, (max-width: 1024px) 100vw, 1024px\" \/><\/a><\/td>\n<td style=\"width: 440px; height: 38px; text-align: center;\"><iframe loading=\"lazy\" src=\"\/\/www.youtube.com\/embed\/oiAh0Rx2S5A\" width=\"360\" height=\"202\"><\/iframe><\/td>\n<\/tr>\n<\/tbody>\n<\/table>\n<p>&nbsp;<\/p>\n","protected":false},"excerpt":{"rendered":"<p>CARTELL TR\u00cdPTIC Bases per la participaci\u00f3 del 19\u00e8 Certamen Minerva\u00a0 Clicant aquest enlla\u00e7 podreu accedir a les bases 8 CAR\u00c0TULES DELS 8 TREBALLA Exposici\u00f3 dels treballs de recerca (a partir del 28 d&#8217;abril) Entrega per part dels ajuntaments del Diploma i el val, a partir del 15 de maig Imatge del treball V\u00eddeo del treball [&hellip;]<\/p>\n","protected":false},"author":5,"featured_media":0,"parent":0,"menu_order":0,"comment_status":"closed","ping_status":"closed","template":"","meta":{"_bbp_topic_count":0,"_bbp_reply_count":0,"_bbp_total_topic_count":0,"_bbp_total_reply_count":0,"_bbp_voice_count":0,"_bbp_anonymous_reply_count":0,"_bbp_topic_count_hidden":0,"_bbp_reply_count_hidden":0,"_bbp_forum_subforum_count":0,"site-sidebar-layout":"default","site-content-layout":"","ast-site-content-layout":"","site-content-style":"default","site-sidebar-style":"default","ast-global-header-display":"","ast-banner-title-visibility":"","ast-main-header-display":"","ast-hfb-above-header-display":"","ast-hfb-below-header-display":"","ast-hfb-mobile-header-display":"","site-post-title":"","ast-breadcrumbs-content":"","ast-featured-img":"","footer-sml-layout":"","theme-transparent-header-meta":"","adv-header-id-meta":"","stick-header-meta":"","header-above-stick-meta":"","header-main-stick-meta":"","header-below-stick-meta":"","astra-migrate-meta-layouts":"default","ast-page-background-enabled":"default","ast-page-background-meta":{"desktop":{"background-color":"var(--ast-global-color-4)","background-image":"","background-repeat":"repeat","background-position":"center center","background-size":"auto","background-attachment":"scroll","background-type":"","background-media":"","overlay-type":"","overlay-color":"","overlay-opacity":"","overlay-gradient":""},"tablet":{"background-color":"","background-image":"","background-repeat":"repeat","background-position":"center center","background-size":"auto","background-attachment":"scroll","background-type":"","background-media":"","overlay-type":"","overlay-color":"","overlay-opacity":"","overlay-gradient":""},"mobile":{"background-color":"","background-image":"","background-repeat":"repeat","background-position":"center center","background-size":"auto","background-attachment":"scroll","background-type":"","background-media":"","overlay-type":"","overlay-color":"","overlay-opacity":"","overlay-gradient":""}},"ast-content-background-meta":{"desktop":{"background-color":"var(--ast-global-color-5)","background-image":"","background-repeat":"repeat","background-position":"center center","background-size":"auto","background-attachment":"scroll","background-type":"","background-media":"","overlay-type":"","overlay-color":"","overlay-opacity":"","overlay-gradient":""},"tablet":{"background-color":"var(--ast-global-color-5)","background-image":"","background-repeat":"repeat","background-position":"center center","background-size":"auto","background-attachment":"scroll","background-type":"","background-media":"","overlay-type":"","overlay-color":"","overlay-opacity":"","overlay-gradient":""},"mobile":{"background-color":"var(--ast-global-color-5)","background-image":"","background-repeat":"repeat","background-position":"center center","background-size":"auto","background-attachment":"scroll","background-type":"","background-media":"","overlay-type":"","overlay-color":"","overlay-opacity":"","overlay-gradient":""}},"footnotes":""},"class_list":["post-10724","page","type-page","status-publish","hentry"],"post_mailing_queue_ids":[],"_links":{"self":[{"href":"https:\/\/serveiseducatius.xtec.cat\/vallesoccidental7\/wp-json\/wp\/v2\/pages\/10724","targetHints":{"allow":["GET"]}}],"collection":[{"href":"https:\/\/serveiseducatius.xtec.cat\/vallesoccidental7\/wp-json\/wp\/v2\/pages"}],"about":[{"href":"https:\/\/serveiseducatius.xtec.cat\/vallesoccidental7\/wp-json\/wp\/v2\/types\/page"}],"author":[{"embeddable":true,"href":"https:\/\/serveiseducatius.xtec.cat\/vallesoccidental7\/wp-json\/wp\/v2\/users\/5"}],"replies":[{"embeddable":true,"href":"https:\/\/serveiseducatius.xtec.cat\/vallesoccidental7\/wp-json\/wp\/v2\/comments?post=10724"}],"version-history":[{"count":3,"href":"https:\/\/serveiseducatius.xtec.cat\/vallesoccidental7\/wp-json\/wp\/v2\/pages\/10724\/revisions"}],"predecessor-version":[{"id":10903,"href":"https:\/\/serveiseducatius.xtec.cat\/vallesoccidental7\/wp-json\/wp\/v2\/pages\/10724\/revisions\/10903"}],"wp:attachment":[{"href":"https:\/\/serveiseducatius.xtec.cat\/vallesoccidental7\/wp-json\/wp\/v2\/media?parent=10724"}],"curies":[{"name":"wp","href":"https:\/\/api.w.org\/{rel}","templated":true}]}}