{"id":10545,"date":"2020-09-07T11:19:24","date_gmt":"2020-09-07T09:19:24","guid":{"rendered":"http:\/\/serveiseducatius.xtec.cat\/vallesoccidental7\/?page_id=10545"},"modified":"2022-02-09T13:53:20","modified_gmt":"2022-02-09T12:53:20","slug":"setmana-de-la-ciencia-100cientifiques","status":"publish","type":"page","link":"https:\/\/serveiseducatius.xtec.cat\/vallesoccidental7\/setmana-de-la-ciencia-100cientifiques\/","title":{"rendered":"Setmana de la Ci\u00e8ncia (#100t\u00edfiques) setembre 2020"},"content":{"rendered":"<p style=\"font-weight: 400;\">La Fundaci\u00f3 Catalana per a la Recerca i la Innovaci\u00f3 (FCRI), amb el suport de la Generalitat de Catalunya, organitza la<strong>25a edici\u00f3 de la Setmana de la Ci\u00e8ncia<\/strong>, que se celebrar\u00e0 del 14 al 29 de novembre, arreu de Catalunya.<\/p>\n<p style=\"font-weight: 400;\">L&#8217;activitat &#8220;<strong>La ci\u00e8ncia en primera persona<\/strong>&#8221; que es celebrar\u00e0 el dia\u00a0<strong>18 de novembre<\/strong>\u00a0al mat\u00ed s&#8217;emmarca en la Setmana de la Ci\u00e8ncia,\u00a0 amb la finalitat del foment de les vocacions cient\u00edfiques i tecnol\u00f2giques entre l&#8217;alumnat del nostre pa\u00eds, pretenent apropar els i les cient\u00edfiques als instituts.<\/p>\n<p style=\"font-weight: 400;\">La situaci\u00f3 excepcional viscuda amb motiu de la pand\u00e8mia de la COVID-19, fa que, aquest cop la modalitat sigui virtual. Per aquest motiu es proposa fer un canvi. <strong>Aquest any es substitueixen les 100 xerrades als centres pel format seg\u00fcent:<\/strong><\/p>\n<p style=\"font-weight: 400;\">L\u2019activitat es fonamenta en tres parts:<\/p>\n<ol>\n<li style=\"font-weight: 400;\">Edici\u00f3 d\u2019un v\u00eddeo, d\u2019una durada d\u2019uns 5-10 minuts on es llen\u00e7a tamb\u00e9 una proposta o un repte.<\/li>\n<li style=\"font-weight: 400;\">Aquest v\u00eddeo el visualitzar\u00e0 l\u2019alumnat en hores lectives juntament amb els seus professors\/es. L\u2019alumnat ens faran arribar imatge del repte aconseguit (foto o v\u00eddeo) aix\u00ed com les preguntes que volen formular als\/a les cient\u00edfics\/ques.<\/li>\n<li style=\"font-weight: 400;\">El dia 18 de novembre al mat\u00ed, connexi\u00f3 en l\u00ednia amb cadascun dels\/de les 4 cient\u00edfics\/ques.<\/li>\n<\/ol>\n<p>L\u2019<strong>activitat adre\u00e7ada a l\u2019alumnat de 3r i 4t d\u2019ESO\u00a0<\/strong>va a c\u00e0rrec de cient\u00edfics que es dediquen a la investigaci\u00f3 i que expliquen la seva tasca, tant des del vessant cient\u00edfic com del vessant hum\u00e0.<\/p>\n<p>Es proposen 4 grans temes per a tractar amb els seg\u00fcents ponents:<\/p>\n<ul>\n<li>Intel\u00b7lig\u00e8ncia Artificial:\u00a0<strong>Ram\u00f3n L\u00f3pez de M\u00e1ntaras<\/strong>(IIIA CSIC)<\/li>\n<li>Epidemiologia:\u00a0<strong>Antoni Trilla (<\/strong>ISGlobal, Hospital Cl\u00ednic)<\/li>\n<li>Gen\u00e8tica:\u00a0<strong>Gemma Marfany<\/strong>(UB)<\/li>\n<li>Sostenibilitat:\u00a0<strong>S\u00edlvia Lacorte<\/strong>(IDAEA CSIC)<\/li>\n<\/ul>\n<p>Aprofitem per falicitar-vos l&#8217;enlla\u00e7\u00a0que han d\u2019omplir els centres educatius interessats a participar en l\u2019activitat,\u00a0<strong>abans del 8 d\u2019octubre.<\/strong><\/p>\n<p><a href=\"https:\/\/forms.gle\/o3mReQBZJ4gFn2oS7\" data-saferedirecturl=\"https:\/\/www.google.com\/url?q=https:\/\/forms.gle\/o3mReQBZJ4gFn2oS7&amp;source=gmail&amp;ust=1599545713924000&amp;usg=AFQjCNFHN3_XT-SfxTnbZscdIFCwWPXS0A\">Formulari d\u2019inscripci\u00f3 dels centres<\/a><\/p>\n<p>Podeu\u00a0 trobar m\u00e9s informaci\u00f3 en els arxius adjunts.<\/p>\n<p>Per a qualsevol dubte o q\u00fcesti\u00f3, us podeu adre\u00e7ar a:\u00a0<a href=\"mailto:serveiseducatius@xtec.cat\">serveiseducatius@xtec.cat<\/a><\/p>\n<p>M\u00e9s informaci\u00f3 detallada a<strong>\u00a0<\/strong><a href=\"http:\/\/www.setmanaciencia.cat\/\" data-saferedirecturl=\"https:\/\/www.google.com\/url?q=http:\/\/www.setmanaciencia.cat\/&amp;source=gmail&amp;ust=1599545713924000&amp;usg=AFQjCNHGSiY9mR9J-eLo4dHo_167mse-xw\"><strong>www.setmanaciencia.cat<\/strong><\/a><\/p>\n","protected":false},"excerpt":{"rendered":"<p>La Fundaci\u00f3 Catalana per a la Recerca i la Innovaci\u00f3 (FCRI), amb el suport de la Generalitat de Catalunya, organitza la25a edici\u00f3 de la Setmana de la Ci\u00e8ncia, que se celebrar\u00e0 del 14 al 29 de novembre, arreu de Catalunya. L&#8217;activitat &#8220;La ci\u00e8ncia en primera persona&#8221; que es celebrar\u00e0 el dia\u00a018 de novembre\u00a0al mat\u00ed s&#8217;emmarca [&hellip;]<\/p>\n","protected":false},"author":5,"featured_media":0,"parent":0,"menu_order":0,"comment_status":"closed","ping_status":"closed","template":"","meta":{"_bbp_topic_count":0,"_bbp_reply_count":0,"_bbp_total_topic_count":0,"_bbp_total_reply_count":0,"_bbp_voice_count":0,"_bbp_anonymous_reply_count":0,"_bbp_topic_count_hidden":0,"_bbp_reply_count_hidden":0,"_bbp_forum_subforum_count":0,"site-sidebar-layout":"default","site-content-layout":"","ast-site-content-layout":"","site-content-style":"default","site-sidebar-style":"default","ast-global-header-display":"","ast-banner-title-visibility":"","ast-main-header-display":"","ast-hfb-above-header-display":"","ast-hfb-below-header-display":"","ast-hfb-mobile-header-display":"","site-post-title":"","ast-breadcrumbs-content":"","ast-featured-img":"","footer-sml-layout":"","theme-transparent-header-meta":"","adv-header-id-meta":"","stick-header-meta":"","header-above-stick-meta":"","header-main-stick-meta":"","header-below-stick-meta":"","astra-migrate-meta-layouts":"default","ast-page-background-enabled":"default","ast-page-background-meta":{"desktop":{"background-color":"var(--ast-global-color-4)","background-image":"","background-repeat":"repeat","background-position":"center center","background-size":"auto","background-attachment":"scroll","background-type":"","background-media":"","overlay-type":"","overlay-color":"","overlay-opacity":"","overlay-gradient":""},"tablet":{"background-color":"","background-image":"","background-repeat":"repeat","background-position":"center center","background-size":"auto","background-attachment":"scroll","background-type":"","background-media":"","overlay-type":"","overlay-color":"","overlay-opacity":"","overlay-gradient":""},"mobile":{"background-color":"","background-image":"","background-repeat":"repeat","background-position":"center center","background-size":"auto","background-attachment":"scroll","background-type":"","background-media":"","overlay-type":"","overlay-color":"","overlay-opacity":"","overlay-gradient":""}},"ast-content-background-meta":{"desktop":{"background-color":"var(--ast-global-color-5)","background-image":"","background-repeat":"repeat","background-position":"center center","background-size":"auto","background-attachment":"scroll","background-type":"","background-media":"","overlay-type":"","overlay-color":"","overlay-opacity":"","overlay-gradient":""},"tablet":{"background-color":"var(--ast-global-color-5)","background-image":"","background-repeat":"repeat","background-position":"center center","background-size":"auto","background-attachment":"scroll","background-type":"","background-media":"","overlay-type":"","overlay-color":"","overlay-opacity":"","overlay-gradient":""},"mobile":{"background-color":"var(--ast-global-color-5)","background-image":"","background-repeat":"repeat","background-position":"center center","background-size":"auto","background-attachment":"scroll","background-type":"","background-media":"","overlay-type":"","overlay-color":"","overlay-opacity":"","overlay-gradient":""}},"footnotes":""},"class_list":["post-10545","page","type-page","status-publish","hentry"],"post_mailing_queue_ids":[],"_links":{"self":[{"href":"https:\/\/serveiseducatius.xtec.cat\/vallesoccidental7\/wp-json\/wp\/v2\/pages\/10545","targetHints":{"allow":["GET"]}}],"collection":[{"href":"https:\/\/serveiseducatius.xtec.cat\/vallesoccidental7\/wp-json\/wp\/v2\/pages"}],"about":[{"href":"https:\/\/serveiseducatius.xtec.cat\/vallesoccidental7\/wp-json\/wp\/v2\/types\/page"}],"author":[{"embeddable":true,"href":"https:\/\/serveiseducatius.xtec.cat\/vallesoccidental7\/wp-json\/wp\/v2\/users\/5"}],"replies":[{"embeddable":true,"href":"https:\/\/serveiseducatius.xtec.cat\/vallesoccidental7\/wp-json\/wp\/v2\/comments?post=10545"}],"version-history":[{"count":3,"href":"https:\/\/serveiseducatius.xtec.cat\/vallesoccidental7\/wp-json\/wp\/v2\/pages\/10545\/revisions"}],"predecessor-version":[{"id":11199,"href":"https:\/\/serveiseducatius.xtec.cat\/vallesoccidental7\/wp-json\/wp\/v2\/pages\/10545\/revisions\/11199"}],"wp:attachment":[{"href":"https:\/\/serveiseducatius.xtec.cat\/vallesoccidental7\/wp-json\/wp\/v2\/media?parent=10545"}],"curies":[{"name":"wp","href":"https:\/\/api.w.org\/{rel}","templated":true}]}}