{"id":10420,"date":"2020-04-27T11:47:35","date_gmt":"2020-04-27T09:47:35","guid":{"rendered":"http:\/\/serveiseducatius.xtec.cat\/vallesoccidental7\/?page_id=10420"},"modified":"2020-05-21T12:30:47","modified_gmt":"2020-05-21T10:30:47","slug":"certamen-minerva-2019-2020","status":"publish","type":"page","link":"https:\/\/serveiseducatius.xtec.cat\/vallesoccidental7\/certamen-minerva-2019-2020\/","title":{"rendered":"Certamen Minerva 2019-2020"},"content":{"rendered":"<p style=\"text-align: center;\"><strong>Bases per la participaci\u00f3 del 18\u00e8 Certamen Minerva\u00a0<\/strong><\/p>\n<p style=\"text-align: center;\"><a href=\"https:\/\/docs.google.com\/document\/d\/1dwmPiPs_Q2DzFss5GHmcGX8jyNdi0teNAbqwK4q4MnA\/edit?usp=sharing\">Clicant aquest enlla\u00e7 podreu accedir a les bases<\/a><\/p>\n<table style=\"width: 808px; height: 791px;\">\n<tbody>\n<tr>\n<td style=\"width: 248px; text-align: center;\"><span style=\"font-size: 16px;\">CARTELL<\/span><\/td>\n<td style=\"width: 276px; text-align: center;\"><span style=\"font-size: 16px;\">TR\u00cdPTIC<\/span><\/td>\n<td style=\"width: 278.667px;\" rowspan=\"4\">\n<p style=\"text-align: center;\"><strong>CERTAMEN MINERVA<\/strong><\/p>\n<p style=\"text-align: left;\">El Certamen Minerva, organitzat des del<br \/>\nServei Educatiu del Vall\u00e8s Occidental VII,<br \/>\nreconeix cada curs els millors Treballs de<br \/>\nRecerca de l&#8217;alumnat de Batxillerat dels<br \/>\ninstituts de la zona educativa de Badia del Vall\u00e8s i Brber\u00e0 del Vall\u00e8s<\/p>\n<p style=\"text-align: left;\">El seu nom, Minerva, prov\u00e9 de la deessa<br \/>\nromana de la saviesa i de les arts. Minerva, sovint apareix representada amb un mussol i el seu culte es va relacionar amb el m\u00f3n de l&#8217;ensenyament.<\/p>\n<p style=\"text-align: left;\">L&#8217;acte \u00e9s un reconeixement a la bona<br \/>\nfeina, tant de l&#8217;alumnat com del<br \/>\nprofessorat dels nostres instituts. A m\u00e9s,<br \/>\nesdev\u00e9 un mitj\u00e0 per difondre exemples<br \/>\nentre els companys i les companyes que,<br \/>\nen el futur, hauran de fer els seus propis treballs.<\/p>\n<p style=\"text-align: left;\"><span style=\"color: #222222;\"><br \/>\n<\/span><span style=\"font-size: 16px;\"><br \/>\n<\/span><span style=\"color: #222222;\"><br \/>\n<\/span><\/p>\n<\/td>\n<\/tr>\n<tr>\n<td style=\"width: 248px;\"><a href=\"https:\/\/drive.google.com\/file\/d\/14I1yEEmX_wHTUOlTT6NywDV521cM5-6Z\/view?usp=sharing\"><img loading=\"lazy\" decoding=\"async\" class=\"alignnone wp-image-10458 size-large\" src=\"https:\/\/serveiseducatius.xtec.cat\/vallesoccidental7\/wp-content\/uploads\/usu1104\/2020\/04\/Cartell-18\u00e8-certamen-Minerva-falta-modificar-treballs\u00c7-576x1024.jpg\" alt=\"\" width=\"576\" height=\"1024\" srcset=\"https:\/\/serveiseducatius.xtec.cat\/vallesoccidental7\/wp-content\/uploads\/usu1104\/2020\/04\/Cartell-18\u00e8-certamen-Minerva-falta-modificar-treballs\u00c7-576x1024.jpg 576w, https:\/\/serveiseducatius.xtec.cat\/vallesoccidental7\/wp-content\/uploads\/usu1104\/2020\/04\/Cartell-18\u00e8-certamen-Minerva-falta-modificar-treballs\u00c7-169x300.jpg 169w, https:\/\/serveiseducatius.xtec.cat\/vallesoccidental7\/wp-content\/uploads\/usu1104\/2020\/04\/Cartell-18\u00e8-certamen-Minerva-falta-modificar-treballs\u00c7-768x1365.jpg 768w, https:\/\/serveiseducatius.xtec.cat\/vallesoccidental7\/wp-content\/uploads\/usu1104\/2020\/04\/Cartell-18\u00e8-certamen-Minerva-falta-modificar-treballs\u00c7.jpg 1080w\" sizes=\"auto, (max-width: 576px) 100vw, 576px\" \/><\/a><\/td>\n<td style=\"width: 276px;\"><a href=\"https:\/\/drive.google.com\/file\/d\/1gbyj1Nad2dCblgFqhDHBMaDPJP6Tw-jC\/view?usp=sharing\"><img loading=\"lazy\" decoding=\"async\" class=\"aligncenter wp-image-10459\" src=\"https:\/\/serveiseducatius.xtec.cat\/vallesoccidental7\/wp-content\/uploads\/usu1104\/2020\/04\/13-de-maig-del-2020-16_00H-Auditori-de-Badia-BADIA-DEL-VALL\u00c8S-490x1024.jpg\" alt=\"\" width=\"193\" height=\"403\" srcset=\"https:\/\/serveiseducatius.xtec.cat\/vallesoccidental7\/wp-content\/uploads\/usu1104\/2020\/04\/13-de-maig-del-2020-16_00H-Auditori-de-Badia-BADIA-DEL-VALL\u00c8S-490x1024.jpg 490w, https:\/\/serveiseducatius.xtec.cat\/vallesoccidental7\/wp-content\/uploads\/usu1104\/2020\/04\/13-de-maig-del-2020-16_00H-Auditori-de-Badia-BADIA-DEL-VALL\u00c8S-144x300.jpg 144w, https:\/\/serveiseducatius.xtec.cat\/vallesoccidental7\/wp-content\/uploads\/usu1104\/2020\/04\/13-de-maig-del-2020-16_00H-Auditori-de-Badia-BADIA-DEL-VALL\u00c8S.jpg 672w\" sizes=\"auto, (max-width: 193px) 100vw, 193px\" \/><\/a><\/td>\n<\/tr>\n<tr>\n<td style=\"text-align: center; width: 525.333px;\" colspan=\"2\"><span style=\"font-size: 16px;\">8 CAR\u00c0TULES DELS 8 TREBALLA<\/span><\/td>\n<\/tr>\n<tr>\n<td style=\"width: 525.333px;\" colspan=\"2\"><a style=\"font-size: 16px;\" href=\"https:\/\/drive.google.com\/file\/d\/1Z4ULCujukUlg107i3R3dpoyKLgsG2VNs\/view?usp=sharing\"><span style=\"color: #222222;\"><img loading=\"lazy\" decoding=\"async\" class=\"alignnone size-full wp-image-10435\" src=\"https:\/\/serveiseducatius.xtec.cat\/vallesoccidental7\/wp-content\/uploads\/usu1104\/2020\/04\/8-trball.jpg\" alt=\"\" width=\"684\" height=\"506\" srcset=\"https:\/\/serveiseducatius.xtec.cat\/vallesoccidental7\/wp-content\/uploads\/usu1104\/2020\/04\/8-trball.jpg 684w, https:\/\/serveiseducatius.xtec.cat\/vallesoccidental7\/wp-content\/uploads\/usu1104\/2020\/04\/8-trball-300x222.jpg 300w\" sizes=\"auto, (max-width: 684px) 100vw, 684px\" \/><\/span><\/a><\/td>\n<\/tr>\n<\/tbody>\n<\/table>\n<p style=\"text-align: center;\"><em><strong>Exposici\u00f3 dels treballs de recerca\u00a0<\/strong><\/em><\/p>\n<p>&nbsp;<\/p>\n<table style=\"height: 330px;\" width=\"784\">\n<tbody>\n<tr style=\"height: 36px;\">\n<td style=\"width: 340px; height: 36px; text-align: center;\">Imatge del treball<\/td>\n<td style=\"width: 440px; height: 36px; text-align: center;\">V\u00eddeo del treball (SI l&#8217;enlla\u00e7 no funciona, cliqueu a la fletxa de dalt a la dreta de la imatge)<\/td>\n<\/tr>\n<tr style=\"height: 36px;\">\n<td style=\"width: 340px; height: 36px; text-align: center;\"><a href=\"https:\/\/serveiseducatius.xtec.cat\/vallesoccidental7\/wp-content\/uploads\/usu1104\/2020\/05\/1984.jpg\"><img loading=\"lazy\" decoding=\"async\" class=\"alignnone size-full wp-image-10483\" src=\"https:\/\/serveiseducatius.xtec.cat\/vallesoccidental7\/wp-content\/uploads\/usu1104\/2020\/05\/1984.jpg\" alt=\"\" width=\"643\" height=\"482\" srcset=\"https:\/\/serveiseducatius.xtec.cat\/vallesoccidental7\/wp-content\/uploads\/usu1104\/2020\/05\/1984.jpg 643w, https:\/\/serveiseducatius.xtec.cat\/vallesoccidental7\/wp-content\/uploads\/usu1104\/2020\/05\/1984-300x225.jpg 300w, https:\/\/serveiseducatius.xtec.cat\/vallesoccidental7\/wp-content\/uploads\/usu1104\/2020\/05\/1984-200x150.jpg 200w\" sizes=\"auto, (max-width: 643px) 100vw, 643px\" \/><\/a><\/td>\n<td style=\"width: 440px; height: 36px; text-align: center;\"><iframe loading=\"lazy\" src=\"https:\/\/drive.google.com\/file\/d\/1DJYPmIc_ny9u98XorenoWUWgj9W2hngc\/preview\" width=\"300\" height=\"150\"><\/iframe><\/td>\n<\/tr>\n<tr style=\"height: 36px;\">\n<td style=\"width: 340px; height: 36px; text-align: center;\"><a href=\"https:\/\/serveiseducatius.xtec.cat\/vallesoccidental7\/wp-content\/uploads\/usu1104\/2020\/05\/app.jpg\"><img loading=\"lazy\" decoding=\"async\" class=\"alignnone size-full wp-image-10484\" src=\"https:\/\/serveiseducatius.xtec.cat\/vallesoccidental7\/wp-content\/uploads\/usu1104\/2020\/05\/app.jpg\" alt=\"\" width=\"640\" height=\"479\" srcset=\"https:\/\/serveiseducatius.xtec.cat\/vallesoccidental7\/wp-content\/uploads\/usu1104\/2020\/05\/app.jpg 640w, https:\/\/serveiseducatius.xtec.cat\/vallesoccidental7\/wp-content\/uploads\/usu1104\/2020\/05\/app-300x225.jpg 300w, https:\/\/serveiseducatius.xtec.cat\/vallesoccidental7\/wp-content\/uploads\/usu1104\/2020\/05\/app-200x150.jpg 200w\" sizes=\"auto, (max-width: 640px) 100vw, 640px\" \/><\/a><\/td>\n<td style=\"width: 440px; height: 36px; text-align: center;\"><iframe loading=\"lazy\" src=\"https:\/\/drive.google.com\/file\/d\/1ZldZhkh6fBGJjcD9pfZzOZUVzHUGSEbo\/preview\" width=\"300\" height=\"150\"><\/iframe><\/td>\n<\/tr>\n<tr style=\"height: 36px;\">\n<td style=\"width: 340px; height: 36px; text-align: center;\"><a href=\"https:\/\/serveiseducatius.xtec.cat\/vallesoccidental7\/wp-content\/uploads\/usu1104\/2020\/05\/emocions.jpg\"><img loading=\"lazy\" decoding=\"async\" class=\"alignnone size-full wp-image-10485\" src=\"https:\/\/serveiseducatius.xtec.cat\/vallesoccidental7\/wp-content\/uploads\/usu1104\/2020\/05\/emocions.jpg\" alt=\"\" width=\"640\" height=\"479\" srcset=\"https:\/\/serveiseducatius.xtec.cat\/vallesoccidental7\/wp-content\/uploads\/usu1104\/2020\/05\/emocions.jpg 640w, https:\/\/serveiseducatius.xtec.cat\/vallesoccidental7\/wp-content\/uploads\/usu1104\/2020\/05\/emocions-300x225.jpg 300w, https:\/\/serveiseducatius.xtec.cat\/vallesoccidental7\/wp-content\/uploads\/usu1104\/2020\/05\/emocions-200x150.jpg 200w\" sizes=\"auto, (max-width: 640px) 100vw, 640px\" \/><\/a><\/td>\n<td style=\"width: 440px; height: 36px; text-align: center;\"><iframe loading=\"lazy\" src=\"https:\/\/drive.google.com\/file\/d\/1vfm0avXLNwgAXAtR7OaJBsgtJdMlroVW\/preview\" width=\"300\" height=\"150\"><\/iframe><\/td>\n<\/tr>\n<tr style=\"height: 36px;\">\n<td style=\"width: 340px; height: 36px; text-align: center;\"><a href=\"https:\/\/serveiseducatius.xtec.cat\/vallesoccidental7\/wp-content\/uploads\/usu1104\/2020\/05\/estereotips.jpg\"><img loading=\"lazy\" decoding=\"async\" class=\"alignnone size-full wp-image-10486\" src=\"https:\/\/serveiseducatius.xtec.cat\/vallesoccidental7\/wp-content\/uploads\/usu1104\/2020\/05\/estereotips.jpg\" alt=\"\" width=\"639\" height=\"482\" srcset=\"https:\/\/serveiseducatius.xtec.cat\/vallesoccidental7\/wp-content\/uploads\/usu1104\/2020\/05\/estereotips.jpg 639w, https:\/\/serveiseducatius.xtec.cat\/vallesoccidental7\/wp-content\/uploads\/usu1104\/2020\/05\/estereotips-300x226.jpg 300w, https:\/\/serveiseducatius.xtec.cat\/vallesoccidental7\/wp-content\/uploads\/usu1104\/2020\/05\/estereotips-200x150.jpg 200w\" sizes=\"auto, (max-width: 639px) 100vw, 639px\" \/><\/a><\/td>\n<td style=\"width: 440px; height: 36px; text-align: center;\"><iframe loading=\"lazy\" src=\"https:\/\/drive.google.com\/file\/d\/10GWW2fSTCdqgcus0gwCmP51ebQMrjRK6\/preview\" width=\"300\" height=\"150\"><\/iframe><\/td>\n<\/tr>\n<tr style=\"height: 36px;\">\n<td style=\"width: 340px; height: 36px; text-align: center;\"><a href=\"https:\/\/serveiseducatius.xtec.cat\/vallesoccidental7\/wp-content\/uploads\/usu1104\/2020\/05\/Levoluci\u00f3-de-lart-japones.jpg\"><img loading=\"lazy\" decoding=\"async\" class=\"alignnone size-full wp-image-10489\" src=\"https:\/\/serveiseducatius.xtec.cat\/vallesoccidental7\/wp-content\/uploads\/usu1104\/2020\/05\/Levoluci\u00f3-de-lart-japones.jpg\" alt=\"\" width=\"641\" height=\"483\" srcset=\"https:\/\/serveiseducatius.xtec.cat\/vallesoccidental7\/wp-content\/uploads\/usu1104\/2020\/05\/Levoluci\u00f3-de-lart-japones.jpg 641w, https:\/\/serveiseducatius.xtec.cat\/vallesoccidental7\/wp-content\/uploads\/usu1104\/2020\/05\/Levoluci\u00f3-de-lart-japones-300x226.jpg 300w, https:\/\/serveiseducatius.xtec.cat\/vallesoccidental7\/wp-content\/uploads\/usu1104\/2020\/05\/Levoluci\u00f3-de-lart-japones-200x150.jpg 200w\" sizes=\"auto, (max-width: 641px) 100vw, 641px\" \/><\/a><\/td>\n<td style=\"width: 440px; height: 36px; text-align: center;\"><iframe loading=\"lazy\" src=\"https:\/\/drive.google.com\/file\/d\/1vZcC4akMlMdcqySueb8o47j5Tjs5iujz\/preview\" width=\"300\" height=\"150\"><\/iframe><\/td>\n<\/tr>\n<tr style=\"height: 38px;\">\n<td style=\"width: 340px; height: 38px; text-align: center;\"><a href=\"https:\/\/serveiseducatius.xtec.cat\/vallesoccidental7\/wp-content\/uploads\/usu1104\/2020\/05\/Farmacs-contaminants.jpg\"><img loading=\"lazy\" decoding=\"async\" class=\"alignnone size-full wp-image-10487\" src=\"https:\/\/serveiseducatius.xtec.cat\/vallesoccidental7\/wp-content\/uploads\/usu1104\/2020\/05\/Farmacs-contaminants.jpg\" alt=\"\" width=\"639\" height=\"481\" srcset=\"https:\/\/serveiseducatius.xtec.cat\/vallesoccidental7\/wp-content\/uploads\/usu1104\/2020\/05\/Farmacs-contaminants.jpg 639w, https:\/\/serveiseducatius.xtec.cat\/vallesoccidental7\/wp-content\/uploads\/usu1104\/2020\/05\/Farmacs-contaminants-300x226.jpg 300w, https:\/\/serveiseducatius.xtec.cat\/vallesoccidental7\/wp-content\/uploads\/usu1104\/2020\/05\/Farmacs-contaminants-200x150.jpg 200w\" sizes=\"auto, (max-width: 639px) 100vw, 639px\" \/><\/a><\/td>\n<td style=\"width: 440px; height: 38px; text-align: center;\"><iframe loading=\"lazy\" src=\"https:\/\/drive.google.com\/file\/d\/1Zq0UWiS5AhV7ahEpsbeEJHCXsHlhC34Q\/preview\" width=\"300\" height=\"150\"><\/iframe><\/td>\n<\/tr>\n<tr style=\"height: 38px;\">\n<td style=\"width: 340px; height: 38px; text-align: center;\"><a href=\"https:\/\/serveiseducatius.xtec.cat\/vallesoccidental7\/wp-content\/uploads\/usu1104\/2020\/05\/KONGLISH.jpg\"><img loading=\"lazy\" decoding=\"async\" class=\"alignnone size-full wp-image-10488\" src=\"https:\/\/serveiseducatius.xtec.cat\/vallesoccidental7\/wp-content\/uploads\/usu1104\/2020\/05\/KONGLISH.jpg\" alt=\"\" width=\"642\" height=\"480\" srcset=\"https:\/\/serveiseducatius.xtec.cat\/vallesoccidental7\/wp-content\/uploads\/usu1104\/2020\/05\/KONGLISH.jpg 642w, https:\/\/serveiseducatius.xtec.cat\/vallesoccidental7\/wp-content\/uploads\/usu1104\/2020\/05\/KONGLISH-300x224.jpg 300w, https:\/\/serveiseducatius.xtec.cat\/vallesoccidental7\/wp-content\/uploads\/usu1104\/2020\/05\/KONGLISH-200x150.jpg 200w\" sizes=\"auto, (max-width: 642px) 100vw, 642px\" \/><\/a><\/td>\n<td style=\"width: 440px; height: 38px; text-align: center;\"><iframe loading=\"lazy\" src=\"https:\/\/drive.google.com\/file\/d\/1OI1fJgTwQBi43eh1mxjEJko6SQm1-vdv\/preview\" width=\"300\" height=\"150\"><\/iframe><\/td>\n<\/tr>\n<tr style=\"height: 38px;\">\n<td style=\"width: 340px; height: 38px; text-align: center;\"><a href=\"https:\/\/serveiseducatius.xtec.cat\/vallesoccidental7\/wp-content\/uploads\/usu1104\/2020\/05\/3d.jpg\"><img loading=\"lazy\" decoding=\"async\" class=\"alignnone size-full wp-image-10482\" src=\"https:\/\/serveiseducatius.xtec.cat\/vallesoccidental7\/wp-content\/uploads\/usu1104\/2020\/05\/3d.jpg\" alt=\"\" width=\"641\" height=\"479\" srcset=\"https:\/\/serveiseducatius.xtec.cat\/vallesoccidental7\/wp-content\/uploads\/usu1104\/2020\/05\/3d.jpg 641w, https:\/\/serveiseducatius.xtec.cat\/vallesoccidental7\/wp-content\/uploads\/usu1104\/2020\/05\/3d-300x224.jpg 300w, https:\/\/serveiseducatius.xtec.cat\/vallesoccidental7\/wp-content\/uploads\/usu1104\/2020\/05\/3d-200x150.jpg 200w\" sizes=\"auto, (max-width: 641px) 100vw, 641px\" \/><\/a><\/td>\n<td style=\"width: 440px; height: 38px; text-align: center;\"><iframe loading=\"lazy\" src=\"https:\/\/drive.google.com\/file\/d\/1mvrMe7yke-By53Aj5P-6E5Q9Sdozw2td\/preview\" width=\"300\" height=\"150\"><\/iframe><\/td>\n<\/tr>\n<\/tbody>\n<\/table>\n<p>&nbsp;<\/p>\n","protected":false},"excerpt":{"rendered":"<p>Bases per la participaci\u00f3 del 18\u00e8 Certamen Minerva\u00a0 Clicant aquest enlla\u00e7 podreu accedir a les bases CARTELL TR\u00cdPTIC CERTAMEN MINERVA El Certamen Minerva, organitzat des del Servei Educatiu del Vall\u00e8s Occidental VII, reconeix cada curs els millors Treballs de Recerca de l&#8217;alumnat de Batxillerat dels instituts de la zona educativa de Badia del Vall\u00e8s i [&hellip;]<\/p>\n","protected":false},"author":5,"featured_media":0,"parent":0,"menu_order":0,"comment_status":"closed","ping_status":"closed","template":"","meta":{"_bbp_topic_count":0,"_bbp_reply_count":0,"_bbp_total_topic_count":0,"_bbp_total_reply_count":0,"_bbp_voice_count":0,"_bbp_anonymous_reply_count":0,"_bbp_topic_count_hidden":0,"_bbp_reply_count_hidden":0,"_bbp_forum_subforum_count":0,"site-sidebar-layout":"default","site-content-layout":"","ast-site-content-layout":"","site-content-style":"default","site-sidebar-style":"default","ast-global-header-display":"","ast-banner-title-visibility":"","ast-main-header-display":"","ast-hfb-above-header-display":"","ast-hfb-below-header-display":"","ast-hfb-mobile-header-display":"","site-post-title":"","ast-breadcrumbs-content":"","ast-featured-img":"","footer-sml-layout":"","theme-transparent-header-meta":"","adv-header-id-meta":"","stick-header-meta":"","header-above-stick-meta":"","header-main-stick-meta":"","header-below-stick-meta":"","astra-migrate-meta-layouts":"default","ast-page-background-enabled":"default","ast-page-background-meta":{"desktop":{"background-color":"var(--ast-global-color-4)","background-image":"","background-repeat":"repeat","background-position":"center center","background-size":"auto","background-attachment":"scroll","background-type":"","background-media":"","overlay-type":"","overlay-color":"","overlay-opacity":"","overlay-gradient":""},"tablet":{"background-color":"","background-image":"","background-repeat":"repeat","background-position":"center center","background-size":"auto","background-attachment":"scroll","background-type":"","background-media":"","overlay-type":"","overlay-color":"","overlay-opacity":"","overlay-gradient":""},"mobile":{"background-color":"","background-image":"","background-repeat":"repeat","background-position":"center center","background-size":"auto","background-attachment":"scroll","background-type":"","background-media":"","overlay-type":"","overlay-color":"","overlay-opacity":"","overlay-gradient":""}},"ast-content-background-meta":{"desktop":{"background-color":"var(--ast-global-color-5)","background-image":"","background-repeat":"repeat","background-position":"center center","background-size":"auto","background-attachment":"scroll","background-type":"","background-media":"","overlay-type":"","overlay-color":"","overlay-opacity":"","overlay-gradient":""},"tablet":{"background-color":"var(--ast-global-color-5)","background-image":"","background-repeat":"repeat","background-position":"center center","background-size":"auto","background-attachment":"scroll","background-type":"","background-media":"","overlay-type":"","overlay-color":"","overlay-opacity":"","overlay-gradient":""},"mobile":{"background-color":"var(--ast-global-color-5)","background-image":"","background-repeat":"repeat","background-position":"center center","background-size":"auto","background-attachment":"scroll","background-type":"","background-media":"","overlay-type":"","overlay-color":"","overlay-opacity":"","overlay-gradient":""}},"footnotes":""},"class_list":["post-10420","page","type-page","status-publish","hentry"],"post_mailing_queue_ids":[],"_links":{"self":[{"href":"https:\/\/serveiseducatius.xtec.cat\/vallesoccidental7\/wp-json\/wp\/v2\/pages\/10420","targetHints":{"allow":["GET"]}}],"collection":[{"href":"https:\/\/serveiseducatius.xtec.cat\/vallesoccidental7\/wp-json\/wp\/v2\/pages"}],"about":[{"href":"https:\/\/serveiseducatius.xtec.cat\/vallesoccidental7\/wp-json\/wp\/v2\/types\/page"}],"author":[{"embeddable":true,"href":"https:\/\/serveiseducatius.xtec.cat\/vallesoccidental7\/wp-json\/wp\/v2\/users\/5"}],"replies":[{"embeddable":true,"href":"https:\/\/serveiseducatius.xtec.cat\/vallesoccidental7\/wp-json\/wp\/v2\/comments?post=10420"}],"version-history":[{"count":3,"href":"https:\/\/serveiseducatius.xtec.cat\/vallesoccidental7\/wp-json\/wp\/v2\/pages\/10420\/revisions"}],"predecessor-version":[{"id":10495,"href":"https:\/\/serveiseducatius.xtec.cat\/vallesoccidental7\/wp-json\/wp\/v2\/pages\/10420\/revisions\/10495"}],"wp:attachment":[{"href":"https:\/\/serveiseducatius.xtec.cat\/vallesoccidental7\/wp-json\/wp\/v2\/media?parent=10420"}],"curies":[{"name":"wp","href":"https:\/\/api.w.org\/{rel}","templated":true}]}}