{"id":9447,"date":"2018-02-21T08:23:59","date_gmt":"2018-02-21T07:23:59","guid":{"rendered":"http:\/\/serveiseducatius.xtec.cat\/vallesoccidental6\/?page_id=9447"},"modified":"2020-10-06T09:32:38","modified_gmt":"2020-10-06T07:32:38","slug":"xarxa-xiep","status":"publish","type":"page","link":"https:\/\/serveiseducatius.xtec.cat\/vallesoccidental6\/xarxa-xiep\/","title":{"rendered":"Xarxa XIEP"},"content":{"rendered":"<p>La Xarxa d&#8217;Innovaci\u00f3 d&#8217;Escoles de Prim\u00e0ria (XIEP) som una xarxa de centres educatius d&#8217;infantil i prim\u00e0ria del Vall\u00e8s Occidental que estem implementant processos de canvi i millora al voltant del treball globalitzat a l&#8217;aula i que volem fer de la pr\u00e0ctica reflexiva conjunta un element clau d&#8217;impuls als projectes de transformaci\u00f3 en qu\u00e8 estem implicats.<\/p>\n<p>Els principals objectius que perseguim amb la xarxa s\u00f3n:<\/p>\n<p>Compartir de manera reflexiva i crear coneixement, com a valor afegit, a partir de les prioritats que estableixin els centres sobre els enfocaments globalitzats<br \/>\nAprofundir en processos de formaci\u00f3 interna i externa, i la seva transfer\u00e8ncia a l\u2019aula, utilitzant metodologies reflexives i participatives (estades de proximitat en centres, v\u00eddeo 3\u2019, participaci\u00f3 d\u2019experts &#8230;)<br \/>\nAprofitar els elements facilitadors d\u2019aprenentatge de la xarxa (comprom\u00eds, connexions, contacte, reconeixement mutu, seguretat en els processos, formaci\u00f3 entre iguals, projectes compartits &#8230;)<\/p>\n<p>Aquesta xarxa est\u00e0 impulsada pels Serveis Territorials del Departament d&#8217;Ensenyament al Vall\u00e8s Occidental, coordinada pels diferents Serveis Educatius, amb el suport de la Inspecci\u00f3 i la col\u00b7laboraci\u00f3 de la ICE.<\/p>\n<p><a href=\"https:\/\/sites.google.com\/view\/xiep\/inici?authuser=0\" target=\"_blank\" rel=\"noopener noreferrer\"><img loading=\"lazy\" decoding=\"async\" class=\"aligncenter wp-image-9448 size-large\" src=\"https:\/\/serveiseducatius.xtec.cat\/vallesoccidental6\/wp-content\/uploads\/usu1109\/2018\/02\/Captura-de-pantalla-2018-02-21-a-les-8.13.47-1024x270.png\" alt=\"\" width=\"1024\" height=\"270\" srcset=\"https:\/\/serveiseducatius.xtec.cat\/vallesoccidental6\/wp-content\/uploads\/usu1109\/2018\/02\/Captura-de-pantalla-2018-02-21-a-les-8.13.47-1024x270.png 1024w, https:\/\/serveiseducatius.xtec.cat\/vallesoccidental6\/wp-content\/uploads\/usu1109\/2018\/02\/Captura-de-pantalla-2018-02-21-a-les-8.13.47-300x79.png 300w, https:\/\/serveiseducatius.xtec.cat\/vallesoccidental6\/wp-content\/uploads\/usu1109\/2018\/02\/Captura-de-pantalla-2018-02-21-a-les-8.13.47-768x202.png 768w, https:\/\/serveiseducatius.xtec.cat\/vallesoccidental6\/wp-content\/uploads\/usu1109\/2018\/02\/Captura-de-pantalla-2018-02-21-a-les-8.13.47.png 1234w\" sizes=\"auto, (max-width: 1024px) 100vw, 1024px\" \/><\/a><\/p>\n<p>La Xarxa est\u00e0 dividida en 3 subxarxes.<br \/>\nSubxarxa 1: formada per centres del SE I, SE V i SE VIII<br \/>\nSubxarxa 2: formada per centres del SE II, SE IV i SE VII<br \/>\nSubxarxa 3: formada per centres del SE III, SE V i SE VI (nosaltres)<\/p>\n<p>Subxarxa 3:<\/p>\n<p>Centres participants SE III: Esc. Montessori, Esc. Torre de la Llebre, Esc. Teresa Altet, Esc. Joan Maragall, Esc. Rivo Rubeo, Esc. Benviure, Esc. Els Arenys, Esc. Mare de D\u00e9u de Montserrat, I-E Les Vinyes, ESC Ramon Llull i Esc. 25 de setembre.<\/p>\n<p>Centres participants SE V: Escola Serraparera i Escola Sant Mart\u00ed.<\/p>\n<p>Centres participants SE VI: Escola Font Freda, Escola El Tur\u00f3, Escola El Viver, Escola Els Aig\u00fcerols, Escola Els Pinetons, Escola Tiana de la Riba, Escola Mas Rampinyo, Escola Santa Perp\u00e8tua, Escola La Florida.<\/p>\n<p>Amb els centres participants de la nostra zona, hem iniciat un seminari de coordinaci\u00f3 per seguir treballant i aprofundint en els aspectes que treballem a la xarxa. Podeu fer un cop d&#8217;ull al Site del Seminari:<\/p>\n<p><a href=\"https:\/\/sites.google.com\/xtec.cat\/subxiep-sevoc6\/inici\" target=\"_blank\" rel=\"noopener noreferrer\"><img loading=\"lazy\" decoding=\"async\" class=\"aligncenter wp-image-10581 size-large\" src=\"https:\/\/serveiseducatius.xtec.cat\/vallesoccidental6\/wp-content\/uploads\/usu1109\/2019\/11\/cap\u00e7alera-subxiep-1024x241.jpg\" alt=\"\" width=\"1024\" height=\"241\" srcset=\"https:\/\/serveiseducatius.xtec.cat\/vallesoccidental6\/wp-content\/uploads\/usu1109\/2019\/11\/cap\u00e7alera-subxiep-1024x241.jpg 1024w, https:\/\/serveiseducatius.xtec.cat\/vallesoccidental6\/wp-content\/uploads\/usu1109\/2019\/11\/cap\u00e7alera-subxiep-300x71.jpg 300w, https:\/\/serveiseducatius.xtec.cat\/vallesoccidental6\/wp-content\/uploads\/usu1109\/2019\/11\/cap\u00e7alera-subxiep-768x181.jpg 768w, https:\/\/serveiseducatius.xtec.cat\/vallesoccidental6\/wp-content\/uploads\/usu1109\/2019\/11\/cap\u00e7alera-subxiep.jpg 1477w\" sizes=\"auto, (max-width: 1024px) 100vw, 1024px\" \/><\/a><\/p>\n","protected":false},"excerpt":{"rendered":"<p>La Xarxa d&#8217;Innovaci\u00f3 d&#8217;Escoles de Prim\u00e0ria (XIEP) som una xarxa de centres educatius d&#8217;infantil i prim\u00e0ria del Vall\u00e8s Occidental que [&hellip;]<\/p>\n","protected":false},"author":25,"featured_media":0,"parent":0,"menu_order":0,"comment_status":"closed","ping_status":"closed","template":"","meta":{"_bbp_topic_count":0,"_bbp_reply_count":0,"_bbp_total_topic_count":0,"_bbp_total_reply_count":0,"_bbp_voice_count":0,"_bbp_anonymous_reply_count":0,"_bbp_topic_count_hidden":0,"_bbp_reply_count_hidden":0,"_bbp_forum_subforum_count":0,"site-sidebar-layout":"default","site-content-layout":"","ast-site-content-layout":"","site-content-style":"default","site-sidebar-style":"default","ast-global-header-display":"","ast-banner-title-visibility":"","ast-main-header-display":"","ast-hfb-above-header-display":"","ast-hfb-below-header-display":"","ast-hfb-mobile-header-display":"","site-post-title":"","ast-breadcrumbs-content":"","ast-featured-img":"","footer-sml-layout":"","theme-transparent-header-meta":"","adv-header-id-meta":"","stick-header-meta":"","header-above-stick-meta":"","header-main-stick-meta":"","header-below-stick-meta":"","astra-migrate-meta-layouts":"default","ast-page-background-enabled":"default","ast-page-background-meta":{"desktop":{"background-color":"var(--ast-global-color-4)","background-image":"","background-repeat":"repeat","background-position":"center center","background-size":"auto","background-attachment":"scroll","background-type":"","background-media":"","overlay-type":"","overlay-color":"","overlay-opacity":"","overlay-gradient":""},"tablet":{"background-color":"","background-image":"","background-repeat":"repeat","background-position":"center center","background-size":"auto","background-attachment":"scroll","background-type":"","background-media":"","overlay-type":"","overlay-color":"","overlay-opacity":"","overlay-gradient":""},"mobile":{"background-color":"","background-image":"","background-repeat":"repeat","background-position":"center center","background-size":"auto","background-attachment":"scroll","background-type":"","background-media":"","overlay-type":"","overlay-color":"","overlay-opacity":"","overlay-gradient":""}},"ast-content-background-meta":{"desktop":{"background-color":"var(--ast-global-color-5)","background-image":"","background-repeat":"repeat","background-position":"center center","background-size":"auto","background-attachment":"scroll","background-type":"","background-media":"","overlay-type":"","overlay-color":"","overlay-opacity":"","overlay-gradient":""},"tablet":{"background-color":"var(--ast-global-color-5)","background-image":"","background-repeat":"repeat","background-position":"center center","background-size":"auto","background-attachment":"scroll","background-type":"","background-media":"","overlay-type":"","overlay-color":"","overlay-opacity":"","overlay-gradient":""},"mobile":{"background-color":"var(--ast-global-color-5)","background-image":"","background-repeat":"repeat","background-position":"center center","background-size":"auto","background-attachment":"scroll","background-type":"","background-media":"","overlay-type":"","overlay-color":"","overlay-opacity":"","overlay-gradient":""}},"footnotes":""},"class_list":["post-9447","page","type-page","status-publish","hentry"],"post_mailing_queue_ids":[],"_links":{"self":[{"href":"https:\/\/serveiseducatius.xtec.cat\/vallesoccidental6\/wp-json\/wp\/v2\/pages\/9447","targetHints":{"allow":["GET"]}}],"collection":[{"href":"https:\/\/serveiseducatius.xtec.cat\/vallesoccidental6\/wp-json\/wp\/v2\/pages"}],"about":[{"href":"https:\/\/serveiseducatius.xtec.cat\/vallesoccidental6\/wp-json\/wp\/v2\/types\/page"}],"author":[{"embeddable":true,"href":"https:\/\/serveiseducatius.xtec.cat\/vallesoccidental6\/wp-json\/wp\/v2\/users\/25"}],"replies":[{"embeddable":true,"href":"https:\/\/serveiseducatius.xtec.cat\/vallesoccidental6\/wp-json\/wp\/v2\/comments?post=9447"}],"version-history":[{"count":5,"href":"https:\/\/serveiseducatius.xtec.cat\/vallesoccidental6\/wp-json\/wp\/v2\/pages\/9447\/revisions"}],"predecessor-version":[{"id":12554,"href":"https:\/\/serveiseducatius.xtec.cat\/vallesoccidental6\/wp-json\/wp\/v2\/pages\/9447\/revisions\/12554"}],"wp:attachment":[{"href":"https:\/\/serveiseducatius.xtec.cat\/vallesoccidental6\/wp-json\/wp\/v2\/media?parent=9447"}],"curies":[{"name":"wp","href":"https:\/\/api.w.org\/{rel}","templated":true}]}}