{"id":17571,"date":"2025-03-27T13:11:02","date_gmt":"2025-03-27T12:11:02","guid":{"rendered":"https:\/\/serveiseducatius.xtec.cat\/vallesoccidental6\/?page_id=17571"},"modified":"2025-04-02T14:09:34","modified_gmt":"2025-04-02T12:09:34","slug":"centres-spm-contactes","status":"publish","type":"page","link":"https:\/\/serveiseducatius.xtec.cat\/vallesoccidental6\/centres-educatius\/centres-spm-contactes\/","title":{"rendered":"Informaci\u00f3 de contacte dels centres educatius de Santa Perp\u00e8tua de Mogoda"},"content":{"rendered":"\n<h4 class=\"wp-block-heading has-ast-global-color-1-color has-text-color has-link-color wp-elements-bffe32accb22182008a75476bd5bc6ef\">ESCOLES D&#8217;INFANTIL I PRIM\u00c0RIA<\/h4>\n\n\n\n<!DOCTYPE html>\n<html lang=\"ca\">\n<head>\n    <meta charset=\"UTF-8\">\n    <meta name=\"viewport\" content=\"width=device-width, initial-scale=1.0\">\n    <title>Taula HTML<\/title>\n    <style>\n        body {\n            font-family: sans-serif; \/* Tipus de lletra sans-serif *\/\n        }\n        table {\n            width: 100%;\n            border-collapse: collapse;\n            background-color: #f7f7f7; \/* gris molt suau *\/\n        }\n        th, td {\n            border: 1px solid white; \/* l\u00ednies de taula en blanc *\/\n            padding: 10px;\n            text-align: center;\n        }\n        th {\n            background-color: #f0f0f0; \/* gris suau diferenciat per a la fila de t\u00edtol *\/\n        }\n    <\/style>\n<\/head>\n<body>\n\n    <table>\n        <tr>\n            <th>CENTRE<\/th>\n            <th>ADRE\u00c7A<\/th>\n            <th>TEL\u00c8FON<\/th>\n            <th>E-MAIL<\/th>\n        <\/tr>\n        <tr>\n            <td>ESCOLA SANTA PERP\u00c8TUA<\/td>\n            <td>C. Tierno Galvan 79 <\/td>\n            <td>935603054935 743 493\/<\/td>\n            <td>a8028497@xtec.cat<\/td>\n        <\/tr>\n        <tr>\n            <td>ESCOLA LA FLORIDA<\/td>\n            <td>Avinguda Disset, 2<\/td>\n            <td>935 603 218<\/td>\n            <td>a8028436@xtec.cat<\/td>\n        <\/tr>\n        <tr>\n            <td>ESCOLA BERNAT DE MOGODA<\/td>\n            <td>Pablo Ruiz Picasso, 2 <\/td>\n            <td>935 601 165<\/td>\n            <td>a8034461@xtec.cat<\/td>\n        <\/tr>\n    <\/table>\n<\/body>\n<\/html>\n\n\n\n<div style=\"height:19px\" aria-hidden=\"true\" class=\"wp-block-spacer\"><\/div>\n\n\n\n<h4 class=\"wp-block-heading has-ast-global-color-1-color has-text-color has-link-color wp-elements-f4ab6deef0efd5b68a91314de2314c32\">INSTITUTS DE SECUND\u00c0RIA<\/h4>\n\n\n\n<!DOCTYPE html>\n<html lang=\"ca\">\n<head>\n    <meta charset=\"UTF-8\">\n    <meta name=\"viewport\" content=\"width=device-width, initial-scale=1.0\">\n    <title>Taula HTML<\/title>\n    <style>\n        body {\n            font-family: sans-serif; \/* Tipus de lletra sans-serif *\/\n        }\n        table {\n            width: 100%;\n            border-collapse: collapse;\n            background-color: #f7f7f7; \/* gris molt suau *\/\n        }\n        th, td {\n            border: 1px solid white; \/* l\u00ednies de taula en blanc *\/\n            padding: 10px;\n            text-align: center;\n        }\n        th {\n            background-color: #f0f0f0; \/* gris suau diferenciat per a la fila de t\u00edtol *\/\n        }\n    <\/style>\n<\/head>\n<body>\n\n    <table>\n        <tr>\n            <th>CENTRE<\/th>\n            <th>ADRE\u00c7A<\/th>\n            <th>TEL\u00c8FON<\/th>\n            <th>E-MAIL<\/th>\n        <\/tr>\n        <tr>\n            <td>INS ESTELA IB\u00c8RICA<\/td>\n            <td>Passatge de Mas Granollacs, s\/n<\/td>\n            <td> 935 740 670<\/td>\n            <td>a8045021@xtec.cat<\/td>\n        <\/tr>\n        <tr>\n            <td>INS ROVIRA FORNS<\/td>\n            <td>Tierno Galv\u00e1n, 77<\/td>\n            <td>935 604 251<\/td>\n            <td>a8053236@xtec.cat<\/td>\n        <\/tr>\n    <\/table>\n<\/body>\n<\/html>\n\n\n\n<div style=\"height:19px\" aria-hidden=\"true\" class=\"wp-block-spacer\"><\/div>\n\n\n\n<h4 class=\"wp-block-heading has-ast-global-color-1-color has-text-color has-link-color wp-elements-c9c2f86af7d9851f44e3882e0b36bb7f\">INSTITUTS-ESCOLA<\/h4>\n\n\n\n<!DOCTYPE html>\n<html lang=\"ca\">\n<head>\n    <meta charset=\"UTF-8\">\n    <meta name=\"viewport\" content=\"width=device-width, initial-scale=1.0\">\n    <title>Taula HTML<\/title>\n    <style>\n        body {\n            font-family: sans-serif; \/* Tipus de lletra sans-serif *\/\n        }\n        table {\n            width: 100%;\n            border-collapse: collapse;\n            background-color: #f7f7f7; \/* gris molt suau *\/\n        }\n        th, td {\n            border: 1px solid white; \/* l\u00ednies de taula en blanc *\/\n            padding: 10px;\n            text-align: center;\n        }\n        th {\n            background-color: #f0f0f0; \/* gris suau diferenciat per a la fila de t\u00edtol *\/\n        }\n    <\/style>\n<\/head>\n<body>\n\n    <table>\n        <tr>\n            <th>CENTRE<\/th>\n            <th>ADRE\u00c7A<\/th>\n            <th>TEL\u00c8FON<\/th>\n            <th>E-MAIL<\/th>\n        <\/tr>\n        <tr>\n            <td>IE CAN FILU\u00c0 (abans SANTIGA)<\/td>\n            <td>Av. de Sabadell, 3<\/td>\n            <td>935 743 746<\/td>\n            <td>a8077459@xtec.cat<\/td>\n        <\/tr>\n    <\/table>\n<\/body>\n<\/html>\n\n\n\n<div style=\"height:19px\" aria-hidden=\"true\" class=\"wp-block-spacer\"><\/div>\n\n\n\n<h4 class=\"wp-block-heading has-ast-global-color-1-color has-text-color has-link-color wp-elements-5f20719b36e1dea887346c5eb8e13150\">CENTRE CONCERTAT D\u2019ESO I PFI<\/h4>\n\n\n\n<!DOCTYPE html>\n<html lang=\"ca\">\n<head>\n    <meta charset=\"UTF-8\">\n    <meta name=\"viewport\" content=\"width=device-width, initial-scale=1.0\">\n    <title>Taula HTML<\/title>\n    <style>\n        body {\n            font-family: sans-serif; \/* Tipus de lletra sans-serif *\/\n        }\n        table {\n            width: 100%;\n            border-collapse: collapse;\n            background-color: #f7f7f7; \/* gris molt suau *\/\n        }\n        th, td {\n            border: 1px solid white; \/* l\u00ednies de taula en blanc *\/\n            padding: 10px;\n            text-align: center;\n        }\n        th {\n            background-color: #f0f0f0; \/* gris suau diferenciat per a la fila de t\u00edtol *\/\n        }\n    <\/style>\n<\/head>\n<body>\n\n    <table>\n        <tr>\n            <th>CENTRE<\/th>\n            <th>ADRE\u00c7A<\/th>\n            <th>TEL\u00c8FON<\/th>\n            <th>E-MAIL<\/th>\n        <\/tr>\n        <tr>\n            <td>BARCANOVA<\/td>\n            <td>Cam\u00ed de Can Gomis, s\/n<\/td>\n            <td>935 743 590<\/td>\n            <td>escolabarcanova@xtec.cat<\/td>\n        <\/tr>\n    <\/table>\n<\/body>\n<\/html>\n\n\n\n<div style=\"height:19px\" aria-hidden=\"true\" class=\"wp-block-spacer\"><\/div>\n\n\n\n<h4 class=\"wp-block-heading has-ast-global-color-1-color has-text-color has-link-color wp-elements-f40094f4c3ed1861c12742678dc471c4\">CENTRE DE FORMACI\u00d3 D&#8217;ADULTS<\/h4>\n\n\n\n<!DOCTYPE html>\n<html lang=\"ca\">\n<head>\n    <meta charset=\"UTF-8\">\n    <meta name=\"viewport\" content=\"width=device-width, initial-scale=1.0\">\n    <title>Taula HTML<\/title>\n    <style>\n        body {\n            font-family: sans-serif; \/* Tipus de lletra sans-serif *\/\n        }\n        table {\n            width: 100%;\n            border-collapse: collapse;\n            background-color: #f7f7f7; \/* gris molt suau *\/\n        }\n        th, td {\n            border: 1px solid white; \/* l\u00ednies de taula en blanc *\/\n            padding: 10px;\n            text-align: center;\n        }\n        th {\n            background-color: #f0f0f0; \/* gris suau diferenciat per a la fila de t\u00edtol *\/\n        }\n    <\/style>\n<\/head>\n<body>\n\n    <table>\n        <tr>\n            <th>CENTRE<\/th>\n            <th>ADRE\u00c7A<\/th>\n            <th>TEL\u00c8FON<\/th>\n            <th>E-MAIL<\/th>\n        <\/tr>\n        <tr>\n            <td>CAN FALGUERA<\/td>\n            <td>Garcia Nieto, 1<\/td>\n            <td>935 740 510<\/td>\n            <td>a8061555@xtec.cat<\/td>\n        <\/tr>\n    <\/table>\n<\/body>\n<\/html>\n\n\n\n<div style=\"height:19px\" aria-hidden=\"true\" class=\"wp-block-spacer\"><\/div>\n\n\n\n<h4 class=\"wp-block-heading has-ast-global-color-1-color has-text-color has-link-color wp-elements-6460a7cab55faed0538b40baa08bdcc0\">CENTRES EDUCATIUS CONCERTATS<\/h4>\n\n\n\n<!DOCTYPE html>\n<html lang=\"ca\">\n<head>\n    <meta charset=\"UTF-8\">\n    <meta name=\"viewport\" content=\"width=device-width, initial-scale=1.0\">\n    <title>Taula HTML<\/title>\n    <style>\n        body {\n            font-family: sans-serif; \/* Tipus de lletra sans-serif *\/\n        }\n        table {\n            width: 100%;\n            border-collapse: collapse;\n            background-color: #f7f7f7; \/* gris molt suau *\/\n        }\n        th, td {\n            border: 1px solid white; \/* l\u00ednies de taula en blanc *\/\n            padding: 10px;\n            text-align: center;\n        }\n        th {\n            background-color: #f0f0f0; \/* gris suau diferenciat per a la fila de t\u00edtol *\/\n        }\n    <\/style>\n<\/head>\n<body>\n\n    <table>\n        <tr>\n            <th>CENTRE<\/th>\n            <th>ADRE\u00c7A<\/th>\n            <th>TEL\u00c8FON<\/th>\n            <th>E-MAIL<\/th>\n        <\/tr>\n        <tr>\n            <td>COL\u00b7LEGI SAGRADA FAM\u00cdLIA<\/td>\n            <td>Puig i Cadafalch, s\/n <\/td>\n            <td>935 600 510<\/td>\n            <td> centre@safasp.net<\/td>\n        <\/tr>\n        <tr>\n            <td>ESCOLA TABOR<\/td>\n            <td>Pare Rod\u00e9s, 9<\/td>\n            <td>935602155\/ 683602415<\/td>\n            <td>tabor@escolatabor.cat<\/td>\n        <\/tr>\n    <\/table>\n<\/body>\n<\/html>\n","protected":false},"excerpt":{"rendered":"<p>ESCOLES D&#8217;INFANTIL I PRIM\u00c0RIA Taula HTML CENTRE ADRE\u00c7A TEL\u00c8FON E-MAIL ESCOLA SANTA PERP\u00c8TUA C. Tierno Galvan 79 935603054935 743 493\/ [&hellip;]<\/p>\n","protected":false},"author":1,"featured_media":0,"parent":338,"menu_order":0,"comment_status":"closed","ping_status":"close","template":"","meta":{"_bbp_topic_count":0,"_bbp_reply_count":0,"_bbp_total_topic_count":0,"_bbp_total_reply_count":0,"_bbp_voice_count":0,"_bbp_anonymous_reply_count":0,"_bbp_topic_count_hidden":0,"_bbp_reply_count_hidden":0,"_bbp_forum_subforum_count":0,"site-sidebar-layout":"default","site-content-layout":"","ast-site-content-layout":"default","site-content-style":"default","site-sidebar-style":"default","ast-global-header-display":"","ast-banner-title-visibility":"","ast-main-header-display":"","ast-hfb-above-header-display":"","ast-hfb-below-header-display":"","ast-hfb-mobile-header-display":"","site-post-title":"","ast-breadcrumbs-content":"","ast-featured-img":"","footer-sml-layout":"","theme-transparent-header-meta":"","adv-header-id-meta":"","stick-header-meta":"","header-above-stick-meta":"","header-main-stick-meta":"","header-below-stick-meta":"","astra-migrate-meta-layouts":"set","ast-page-background-enabled":"default","ast-page-background-meta":{"desktop":{"background-color":"var(--ast-global-color-4)","background-image":"","background-repeat":"repeat","background-position":"center center","background-size":"auto","background-attachment":"scroll","background-type":"","background-media":"","overlay-type":"","overlay-color":"","overlay-opacity":"","overlay-gradient":""},"tablet":{"background-color":"","background-image":"","background-repeat":"repeat","background-position":"center center","background-size":"auto","background-attachment":"scroll","background-type":"","background-media":"","overlay-type":"","overlay-color":"","overlay-opacity":"","overlay-gradient":""},"mobile":{"background-color":"","background-image":"","background-repeat":"repeat","background-position":"center center","background-size":"auto","background-attachment":"scroll","background-type":"","background-media":"","overlay-type":"","overlay-color":"","overlay-opacity":"","overlay-gradient":""}},"ast-content-background-meta":{"desktop":{"background-color":"var(--ast-global-color-5)","background-image":"","background-repeat":"repeat","background-position":"center center","background-size":"auto","background-attachment":"scroll","background-type":"","background-media":"","overlay-type":"","overlay-color":"","overlay-opacity":"","overlay-gradient":""},"tablet":{"background-color":"var(--ast-global-color-5)","background-image":"","background-repeat":"repeat","background-position":"center center","background-size":"auto","background-attachment":"scroll","background-type":"","background-media":"","overlay-type":"","overlay-color":"","overlay-opacity":"","overlay-gradient":""},"mobile":{"background-color":"var(--ast-global-color-5)","background-image":"","background-repeat":"repeat","background-position":"center center","background-size":"auto","background-attachment":"scroll","background-type":"","background-media":"","overlay-type":"","overlay-color":"","overlay-opacity":"","overlay-gradient":""}},"footnotes":""},"class_list":["post-17571","page","type-page","status-publish","hentry"],"post_mailing_queue_ids":[],"_links":{"self":[{"href":"https:\/\/serveiseducatius.xtec.cat\/vallesoccidental6\/wp-json\/wp\/v2\/pages\/17571","targetHints":{"allow":["GET"]}}],"collection":[{"href":"https:\/\/serveiseducatius.xtec.cat\/vallesoccidental6\/wp-json\/wp\/v2\/pages"}],"about":[{"href":"https:\/\/serveiseducatius.xtec.cat\/vallesoccidental6\/wp-json\/wp\/v2\/types\/page"}],"author":[{"embeddable":true,"href":"https:\/\/serveiseducatius.xtec.cat\/vallesoccidental6\/wp-json\/wp\/v2\/users\/1"}],"replies":[{"embeddable":true,"href":"https:\/\/serveiseducatius.xtec.cat\/vallesoccidental6\/wp-json\/wp\/v2\/comments?post=17571"}],"version-history":[{"count":6,"href":"https:\/\/serveiseducatius.xtec.cat\/vallesoccidental6\/wp-json\/wp\/v2\/pages\/17571\/revisions"}],"predecessor-version":[{"id":17784,"href":"https:\/\/serveiseducatius.xtec.cat\/vallesoccidental6\/wp-json\/wp\/v2\/pages\/17571\/revisions\/17784"}],"up":[{"embeddable":true,"href":"https:\/\/serveiseducatius.xtec.cat\/vallesoccidental6\/wp-json\/wp\/v2\/pages\/338"}],"wp:attachment":[{"href":"https:\/\/serveiseducatius.xtec.cat\/vallesoccidental6\/wp-json\/wp\/v2\/media?parent=17571"}],"curies":[{"name":"wp","href":"https:\/\/api.w.org\/{rel}","templated":true}]}}