{"id":13217,"date":"2021-12-10T08:57:08","date_gmt":"2021-12-10T07:57:08","guid":{"rendered":"https:\/\/serveiseducatius.xtec.cat\/vallesoccidental6\/?page_id=13217"},"modified":"2021-12-10T08:57:08","modified_gmt":"2021-12-10T07:57:08","slug":"revistes-dambit-educatiu","status":"publish","type":"page","link":"https:\/\/serveiseducatius.xtec.cat\/vallesoccidental6\/recursos\/revistes-dambit-educatiu\/","title":{"rendered":"Revistes d\u2019\u00e0mbit educatiu"},"content":{"rendered":"<header class=\"entry-header\"><img loading=\"lazy\" decoding=\"async\" class=\"wp-image-13219 alignleft\" src=\"https:\/\/serveiseducatius.xtec.cat\/vallesoccidental6\/wp-content\/uploads\/usu1109\/2021\/12\/pexels-alleksana-4271624-683x1024.jpg\" alt=\"\" width=\"272\" height=\"407\" srcset=\"https:\/\/serveiseducatius.xtec.cat\/vallesoccidental6\/wp-content\/uploads\/usu1109\/2021\/12\/pexels-alleksana-4271624-683x1024.jpg 683w, https:\/\/serveiseducatius.xtec.cat\/vallesoccidental6\/wp-content\/uploads\/usu1109\/2021\/12\/pexels-alleksana-4271624-200x300.jpg 200w, https:\/\/serveiseducatius.xtec.cat\/vallesoccidental6\/wp-content\/uploads\/usu1109\/2021\/12\/pexels-alleksana-4271624-768x1152.jpg 768w, https:\/\/serveiseducatius.xtec.cat\/vallesoccidental6\/wp-content\/uploads\/usu1109\/2021\/12\/pexels-alleksana-4271624-1024x1536.jpg 1024w, https:\/\/serveiseducatius.xtec.cat\/vallesoccidental6\/wp-content\/uploads\/usu1109\/2021\/12\/pexels-alleksana-4271624-1365x2048.jpg 1365w, https:\/\/serveiseducatius.xtec.cat\/vallesoccidental6\/wp-content\/uploads\/usu1109\/2021\/12\/pexels-alleksana-4271624-scaled.jpg 1707w\" sizes=\"auto, (max-width: 272px) 100vw, 272px\" \/><\/p>\n<p>El servei educatiu est\u00e0 subscrit a totes les revistes educatives que es publiquen a Catalunya i us recomana aquestes revistes de diferents temes (Educaci\u00f3, Llengua i literatura, Matem\u00e0tiques, Ci\u00e8ncies socials, Ci\u00e8ncies experimentals, Pedagogia, Educaci\u00f3 f\u00edsica, etc.).<\/p>\n<p>Adjuntem\u00a0una breu refer\u00e8ncia del seu contingut i els enlla\u00e7os corresponents a cadascuna.<\/p>\n<\/header>\n<div class=\"entry-content\">\n<p><strong><a href=\"http:\/\/alambique.grao.com\/\">Alambique<br \/>\n<\/a><\/strong>Did\u00e0ctica de les Ci\u00e8ncies Experimentals. Reflexions, recursos i experi\u00e8ncies per a l\u2019educaci\u00f3 prim\u00e0ria i secund\u00e0ria (ESO i Batxillerat). T\u00e9 com a objectiu proporcionar informaci\u00f3 \u00fatil per a la pr\u00e0ctica docent i per a l\u2019autoformaci\u00f3 del professorat.<\/p>\n<p><strong><a href=\"http:\/\/ambitsaaf.cat\/issue\/view\/154\">\u00c0mbits de psicopedagogia<br \/>\n<\/a><\/strong>Psicopedagogia i educaci\u00f3. S\u2019adre\u00e7a a professionals de la psicologia educativa, psicopedagogs, mestres i professionals vinculats al m\u00f3n educatiu.<\/p>\n<p>Articles d\u2019acc\u00e9s lliure.<\/p>\n<p><strong><a href=\"http:\/\/articles.grao.com\/\">Articles<br \/>\n<\/a><\/strong>Articles de Did\u00e0ctica de la Llengua i de la Literatura. T\u00e9 com a objectiu ser un instrument de formaci\u00f3 permanent dels professionals de l\u2019ensenyament de la llengua, un espai d\u2019intercanvi i de coneixements, opinions, recerques i experi\u00e8ncies.<\/p>\n<p><strong><a href=\"http:\/\/aulainfantil.grao.com\/\">Aula d\u2019infantil<br \/>\n<\/a><\/strong>Reflexions, recursos did\u00e0ctics i experi\u00e8ncies pedag\u00f2giques d\u2019educaci\u00f3 infantil (primer i segon cicle)<\/p>\n<p><strong><a href=\"http:\/\/aula.grao.com\/\">Aula de innovaci\u00f3n educativa<\/a><br \/>\n<\/strong>Did\u00e0ctica general. Reflexions, recursos did\u00e0ctics i experi\u00e8ncies pedag\u00f2giques per a l\u2019educaci\u00f3 prim\u00e0ria i secund\u00e0ria.<\/p>\n<p><strong><a href=\"https:\/\/www.google.es\/url?sa=t&amp;rct=j&amp;q=&amp;esrc=s&amp;source=web&amp;cd=1&amp;cad=rja&amp;uact=8&amp;ved=0ahUKEwic45bT_7XJAhUHVRQKHWpqCNYQFgghMAA&amp;url=http%3A%2F%2Fauladesecundaria.grao.com%2F&amp;usg=AFQjCNFrjn4VaZXCLq7IXni-9RAMCmbMwg&amp;sig2=iJUEj1rWq3Wht_RAWKwVoQ\">Aula de secundaria<\/a><br \/>\n<\/strong>Revista bimestral dirigida especialment al professorat de l\u2019etapa de secund\u00e0ria. Aporta eines de tutoria i orientaci\u00f3, aix\u00ed com reflexions i recursos de did\u00e0ctica.<\/p>\n<p><strong><a href=\"http:\/\/www.cavallfort.cat\/\">Cavall Fort<\/a><br \/>\n<\/strong>C\u00f2mics, contes, articles, reportatges, jocs, propostes d\u2019activitats\u2026 per a lectors de 9 a 15 anys.<\/p>\n<p><strong><a href=\"http:\/\/www.revistaclij.com\/\">CLIJ<\/a><\/strong><br \/>\nRevista d\u2019an\u00e0lisi de la literatura infantil i juvenil. Ofereix articles d\u2019an\u00e0lisis sobre obres, autors, generes, animaci\u00f3 a la lectura, ressenyes de novetats o llibres premiats i un apartat sobre autors i il\u00b7lustradors relativament novells.<\/p>\n<p><strong><a href=\"http:\/\/www.cuadernosdepedagogia.com\/\">Cuadernos de pedagog\u00eda<\/a><br \/>\n<\/strong>Revista mensual que ofereix tota l\u2019actualitat del sector de l\u2019ensenyament en forma d\u2019experi\u00e8ncies, articles d\u2019opini\u00f3, entrevistes, reportatges, legislaci\u00f3, propostes innovadores i ressenyes bibliogr\u00e0fiques.<\/p>\n<p><strong><a href=\"https:\/\/www.educat.cat\/blog\/\">Educat. Blog de Psicopedagogia<\/a><br \/>\n<\/strong>Publicaci\u00f3 bimensual que s\u2019edita amb la col\u00b7laboraci\u00f3 de professionals afins als \u00e0mbits de la psicopedagogia, psicologia, logop\u00e8dia, educaci\u00f3\u2026 Cont\u00e9 articles d\u2019inter\u00e8s actual dins l\u2019\u00e0mbit educatiu, nous recursos per a la investigaci\u00f3, entrevistes a professionals o formaci\u00f3 espec\u00edfica per als professors.<\/p>\n<p><strong><a href=\"https:\/\/www.clijcat.cat\/faristol\/\">Faristol<\/a>\u00a0\u00a0<\/strong><br \/>\n\u00c9s la revista del Consell Catal\u00e0 del llibre per a Infants i Joves. Dirigida als mediadors i lectors amb la finalitat d\u2019ajudar-los a mantenir-se informats de l\u2019actualitat del llibre en catal\u00e0.<br \/>\nArticles d\u2019acc\u00e9s lliure<\/p>\n<p><strong><a href=\"https:\/\/cat.grao.com\/ca\/forum\">F\u00f2rum<\/a><br \/>\n<\/strong>Revista d\u2019organitzaci\u00f3 i gesti\u00f3 educativa, d\u00f3na pautes per lluitar contra la cultura de la improvisaci\u00f3, la desorganitzaci\u00f3, la burocratitzaci\u00f3 i la ignor\u00e0ncia. Pret\u00e9n minimitzar el nombre d\u2019experi\u00e8ncies negatives que desmotiven el professorat.<\/p>\n<p><strong><a href=\"https:\/\/cat.grao.com\/ca\/guix\">Guix<\/a><br \/>\n<\/strong>Des de 1997, Guix es mant\u00e9 fidel a la tradici\u00f3 educativa i donant suport a la renovaci\u00f3 educativa pedag\u00f2gica a trav\u00e9s de la reflexi\u00f3 i la pr\u00e0ctica.<\/p>\n<p><strong><a href=\"https:\/\/cat.grao.com\/ca\/iber\">\u00cdber<\/a><\/strong><br \/>\nReflexions, recursos i experi\u00e8ncies per a educaci\u00f3 prim\u00e0ria i secund\u00e0ria (ESO i Batxillerat).<\/p>\n<p><strong><a href=\"https:\/\/www.rosasensat.org\/revistes\/in-fan-ci-a\/\">Inf\u00e0ncia<\/a><br \/>\n<\/strong>Revista de l\u2019Associaci\u00f3 de Mestres Rosa Sensat que contribueix a difondre diverses maneres d\u2019atendre i educar els infants, des del naixement fins als 6 anys, amb articles te\u00f2rics i pr\u00e0ctics.<\/p>\n<p><strong><a href=\"https:\/\/www.rosasensat.org\/revistes\/infancia-europa\/\">Inf\u00e0ncia a Europa<\/a><br \/>\n<\/strong>L\u2019educaci\u00f3 de zero a sis anys en l\u2019\u00e0mbit europeu<\/p>\n<p><strong><a href=\"https:\/\/llenguanacional.cat\/\">Llengua Nacional<\/a>\u00a0\u00a0<\/strong><br \/>\nLlengua Nacional explica i defensa els valors de la llengua catalana i impulsa el seu bon coneixement, domini i \u00fas.<br \/>\nArticles d\u2019acc\u00e9s lliure.<\/p>\n<p><strong><a href=\"http:\/\/www.centrocp.com\/category\/making-of\/numeros-making-of\/\">Making Of: cuadernos de cine y educaci\u00f3n<\/a><\/strong><br \/>\nOfereix als lectors amplia informaci\u00f3 sobre esdeveniments relacionats amb l\u2019aplicaci\u00f3 del cine en les activitats d\u2019ensenyament-aprenentatge.<\/p>\n<p><strong><a href=\"https:\/\/sites.google.com\/site\/noubiaix\/home\/biaix-noubiaix\">Nou Biaix<\/a><\/strong><br \/>\nLa revista vol ser un punt de trobada per compartir experi\u00e8ncies, reflexions i inquietuds entre els col\u00b7lectius dels diferents nivells d\u2019educaci\u00f3 matem\u00e0tica a Catalunya, des de la b\u00e0sica fins a la universitat.<\/p>\n<p><strong><a href=\"https:\/\/www.rosasensat.org\/revistes\/perspectiva-escolar\/\">Perspectiva escolar<\/a><\/strong><br \/>\nRevista adre\u00e7ada als professionals dels sistema educatiu que s\u2019ocupa de difondre accions educatives d\u2019innovaci\u00f3 i promoure reflexions sobre els reptes de l\u2019ensenyament obligatori.<\/p>\n<p><strong><a href=\"http:\/\/www.revistamusical.cat\/\">Revista musical catalana<\/a><\/strong><br \/>\nEl seu objecte \u00e9s el tractament de l\u2019activitat musical catalana de m\u00fasica culta i popular. Tamb\u00e9 publica assaigs sobre aquests temes i entrevistes als int\u00e8rprets i compositors actuals.<br \/>\nArticles d\u2019acc\u00e9s lliure.<\/p>\n<p><strong><a href=\"https:\/\/www.iquiosc.cat\/revistes\/serra-d-or\">Serra d\u2019Or<\/a><br \/>\n<\/strong>Iniciada el 1959 amb l\u2019objectiu de divulgar l\u2019alta cultura. \u00c9s una revista destacable dins l\u2019entremat cultural dels Pa\u00efsos Catalans.<\/p>\n<p><strong><a href=\"http:\/\/revistasuma.es\/\">Suma<\/a><\/strong><br \/>\nRevista per a l\u2019ensenyament i l\u2019aprenentatge de les matem\u00e0tiques.\u00a0Articles d\u2019acc\u00e9s lliure.<\/p>\n<p><strong><a href=\"https:\/\/cat.grao.com\/ca\/tandem\">T\u00e0ndem: Did\u00e0ctica de l\u2019educaci\u00f3 f\u00edsica<\/a>\u00a0\u00a0<\/strong><br \/>\nRevista per al professorat d\u2019educaci\u00f3 f\u00edsica. Did\u00e0ctica de l\u2019educaci\u00f3 f\u00edsica i l\u2019esport a l\u2019escola. Ofereix unitats did\u00e0ctiques d\u2019educaci\u00f3 f\u00edsica.<\/p>\n<p><strong><a href=\"https:\/\/cat.grao.com\/ca\/productes\/revista-textos\">Textos<\/a><br \/>\n<\/strong>Reflexions, recursos i experi\u00e8ncies sobre did\u00e0ctica de la llengua i la literatura per educaci\u00f3 prim\u00e0ria i secund\u00e0ria (ESO i Batxillerat)<\/p>\n<p><strong><a href=\"https:\/\/cat.grao.com\/ca\/productes\/revista-viure-en-familia\">Viure en fam\u00edlia<\/a><\/strong><br \/>\nAdre\u00e7ada a pares i mares de nens i nenes de 0 a 8 anys. T\u00e9 un punt de vista innovador, i para atenci\u00f3 a les opcions m\u00e9s naturals.<\/p>\n<\/div>\n","protected":false},"excerpt":{"rendered":"<p>El servei educatiu est\u00e0 subscrit a totes les revistes educatives que es publiquen a Catalunya i us recomana aquestes revistes [&hellip;]<\/p>\n","protected":false},"author":1,"featured_media":0,"parent":906,"menu_order":2,"comment_status":"closed","ping_status":"closed","template":"","meta":{"_bbp_topic_count":0,"_bbp_reply_count":0,"_bbp_total_topic_count":0,"_bbp_total_reply_count":0,"_bbp_voice_count":0,"_bbp_anonymous_reply_count":0,"_bbp_topic_count_hidden":0,"_bbp_reply_count_hidden":0,"_bbp_forum_subforum_count":0,"site-sidebar-layout":"default","site-content-layout":"","ast-site-content-layout":"","site-content-style":"default","site-sidebar-style":"default","ast-global-header-display":"","ast-banner-title-visibility":"","ast-main-header-display":"","ast-hfb-above-header-display":"","ast-hfb-below-header-display":"","ast-hfb-mobile-header-display":"","site-post-title":"","ast-breadcrumbs-content":"","ast-featured-img":"","footer-sml-layout":"","theme-transparent-header-meta":"","adv-header-id-meta":"","stick-header-meta":"","header-above-stick-meta":"","header-main-stick-meta":"","header-below-stick-meta":"","astra-migrate-meta-layouts":"default","ast-page-background-enabled":"default","ast-page-background-meta":{"desktop":{"background-color":"var(--ast-global-color-4)","background-image":"","background-repeat":"repeat","background-position":"center center","background-size":"auto","background-attachment":"scroll","background-type":"","background-media":"","overlay-type":"","overlay-color":"","overlay-opacity":"","overlay-gradient":""},"tablet":{"background-color":"","background-image":"","background-repeat":"repeat","background-position":"center center","background-size":"auto","background-attachment":"scroll","background-type":"","background-media":"","overlay-type":"","overlay-color":"","overlay-opacity":"","overlay-gradient":""},"mobile":{"background-color":"","background-image":"","background-repeat":"repeat","background-position":"center center","background-size":"auto","background-attachment":"scroll","background-type":"","background-media":"","overlay-type":"","overlay-color":"","overlay-opacity":"","overlay-gradient":""}},"ast-content-background-meta":{"desktop":{"background-color":"var(--ast-global-color-5)","background-image":"","background-repeat":"repeat","background-position":"center center","background-size":"auto","background-attachment":"scroll","background-type":"","background-media":"","overlay-type":"","overlay-color":"","overlay-opacity":"","overlay-gradient":""},"tablet":{"background-color":"var(--ast-global-color-5)","background-image":"","background-repeat":"repeat","background-position":"center center","background-size":"auto","background-attachment":"scroll","background-type":"","background-media":"","overlay-type":"","overlay-color":"","overlay-opacity":"","overlay-gradient":""},"mobile":{"background-color":"var(--ast-global-color-5)","background-image":"","background-repeat":"repeat","background-position":"center center","background-size":"auto","background-attachment":"scroll","background-type":"","background-media":"","overlay-type":"","overlay-color":"","overlay-opacity":"","overlay-gradient":""}},"footnotes":""},"class_list":["post-13217","page","type-page","status-publish","hentry"],"post_mailing_queue_ids":[],"_links":{"self":[{"href":"https:\/\/serveiseducatius.xtec.cat\/vallesoccidental6\/wp-json\/wp\/v2\/pages\/13217","targetHints":{"allow":["GET"]}}],"collection":[{"href":"https:\/\/serveiseducatius.xtec.cat\/vallesoccidental6\/wp-json\/wp\/v2\/pages"}],"about":[{"href":"https:\/\/serveiseducatius.xtec.cat\/vallesoccidental6\/wp-json\/wp\/v2\/types\/page"}],"author":[{"embeddable":true,"href":"https:\/\/serveiseducatius.xtec.cat\/vallesoccidental6\/wp-json\/wp\/v2\/users\/1"}],"replies":[{"embeddable":true,"href":"https:\/\/serveiseducatius.xtec.cat\/vallesoccidental6\/wp-json\/wp\/v2\/comments?post=13217"}],"version-history":[{"count":3,"href":"https:\/\/serveiseducatius.xtec.cat\/vallesoccidental6\/wp-json\/wp\/v2\/pages\/13217\/revisions"}],"predecessor-version":[{"id":13222,"href":"https:\/\/serveiseducatius.xtec.cat\/vallesoccidental6\/wp-json\/wp\/v2\/pages\/13217\/revisions\/13222"}],"up":[{"embeddable":true,"href":"https:\/\/serveiseducatius.xtec.cat\/vallesoccidental6\/wp-json\/wp\/v2\/pages\/906"}],"wp:attachment":[{"href":"https:\/\/serveiseducatius.xtec.cat\/vallesoccidental6\/wp-json\/wp\/v2\/media?parent=13217"}],"curies":[{"name":"wp","href":"https:\/\/api.w.org\/{rel}","templated":true}]}}