{"id":12496,"date":"2021-09-14T09:08:42","date_gmt":"2021-09-14T07:08:42","guid":{"rendered":"https:\/\/serveiseducatius.xtec.cat\/vallesoccidental6\/?page_id=12496"},"modified":"2025-05-29T11:37:04","modified_gmt":"2025-05-29T09:37:04","slug":"presentacio-serveis-educatius","status":"publish","type":"page","link":"https:\/\/serveiseducatius.xtec.cat\/vallesoccidental6\/inici\/presentacio-serveis-educatius\/","title":{"rendered":"Presentaci\u00f3 del Servei Educatiu"},"content":{"rendered":"\n<div class=\"wp-block-getwid-image-hotspot\" data-appearance-animation=\"none\" data-image-points=\"[{&quot;link&quot;:&quot;&quot;,&quot;icon&quot;:&quot;&quot;,&quot;title&quot;:&quot;QUI SOM?&quot;,&quot;color&quot;:&quot;&quot;,&quot;content&quot;:&quot;<div style=\\&quot;font-family: sans-serif; font-size: 14px; line-height: 1.5; text-align: left;\\&quot;&gt;\\n  <p&gt;El nostre servei educatiu est\u00e0 format per un equip multidisciplinar: <strong&gt;CRP<\/strong&gt;, <strong&gt;EAP<\/strong&gt; i <strong&gt;ELIC<\/strong&gt;.<\/p&gt;\\n\\n  <ul&gt;\\n    <li&gt;<strong&gt;CRP<\/strong&gt; (Centre de recursos pedag\u00f2gics): dona suport a l\u2019activitat pedag\u00f2gica dels centres i al professorat en formaci\u00f3 permanent, recursos i projectes de centre.<\/li&gt;\\n\\n    <li&gt;<strong&gt;EAP<\/strong&gt; (Equip d\u2019assessorament i orientaci\u00f3 psicopedag\u00f2gic): acompanya els centres en l\u2019atenci\u00f3 a la diversitat i a l\u2019alumnat amb necessitats educatives espec\u00edfiques, aix\u00ed com a les seves fam\u00edlies.<\/li&gt;\\n\\n    <li&gt;<strong&gt;ELIC<\/strong&gt; (Equip en llengua, interculturalitat i cohesi\u00f3 social): dona suport a l\u2019atenci\u00f3 a la diversitat cultural i ling\u00fc\u00edstica, especialment amb alumnat nouvingut o en risc d\u2019exclusi\u00f3.<\/li&gt;\\n  <\/ul&gt;\\n\\n  <p&gt;Tamb\u00e9 col\u00b7laborem amb el \\n    <a href=\\&quot;https:\/\/serveiseducatius.xtec.cat\/creda-jordiperello\/\\&quot; target=\\&quot;_blank\\&quot; style=\\&quot;font-weight: bold;\\&quot;&gt;CREDA<\/a&gt; \\n    (Centre de Recursos Educatius per a Deficients Auditius) del Vall\u00e8s Occidental i amb el professorat que at\u00e9n alumnat amb discapacitat visual.\\n  <\/p&gt;\\n<\/div&gt;&quot;,&quot;backgroundColor&quot;:&quot;#f1b5b5&quot;,&quot;newTab&quot;:false,&quot;popUpOpen&quot;:false,&quot;popUpWidth&quot;:350,&quot;placement&quot;:&quot;top&quot;,&quot;position&quot;:{&quot;x&quot;:&quot;51%&quot;,&quot;y&quot;:&quot;20%&quot;}},{&quot;link&quot;:&quot;&quot;,&quot;icon&quot;:&quot;&quot;,&quot;title&quot;:&quot;ON SOM?&quot;,&quot;color&quot;:&quot;&quot;,&quot;content&quot;:&quot;<div style=\\&quot;font-family: sans-serif; font-size: 14px; line-height: 1.5; text-align: left;\\&quot;&gt;\\n  <p&gt;<strong&gt;Servei Educatiu Vall\u00e8s Occidental VI<\/strong&gt;<br&gt;\\n  Carrer Garc\u00eda Nieto, 1<br&gt;\\n  08130 Santa Perp\u00e8tua de Mogoda, Barcelona<\/p&gt;\\n\\n  <p&gt;<strong&gt;Tel\u00e8fon general:<\/strong&gt; 93 575 28 92<br&gt;\\n  <strong&gt;Correu electr\u00f2nic:<\/strong&gt; <a href=\\&quot;mailto:a8930039@xtec.cat\\&quot;&gt;a8930039@xtec.cat<\/a&gt;<\/p&gt;\\n\\n  <ul&gt;\\n    <li&gt;<strong&gt;EAP<\/strong&gt; \u2013 <a href=\\&quot;mailto:a8900271@xtec.cat\\&quot;&gt;a8900271@xtec.cat<\/a&gt; \u2013 93 575 28 92 \/ 634 80 04 96<\/li&gt;\\n    <li&gt;<strong&gt;CRP<\/strong&gt; \u2013 <a href=\\&quot;mailto:a8930039@xtec.cat\\&quot;&gt;a8930039@xtec.cat<\/a&gt; \u2013 93 564 76 39 \/ 634 80 05 06<\/li&gt;\\n    <li&gt;<strong&gt;ELIC<\/strong&gt; \u2013 <a href=\\&quot;mailto:apere299@xtec.cat\\&quot;&gt;apere299@xtec.cat<\/a&gt;<\/li&gt;\\n  <\/ul&gt;\\n\\n  <p&gt;<strong&gt;Xarxes socials:<\/strong&gt;  <a href=\\&quot;https:\/\/www.instagram.com\/sevallesoccidental6\/\\&quot; target=\\&quot;_blank\\&quot; style=\\&quot;font-weight: bold;\\&quot;&gt;Instagram<\/a&gt;\\n   <\/p&gt;\\n  <iframe src=\\&quot;https:\/\/www.google.com\/maps\/embed?pb=!1m18!1m12!1m3!1d2990.2043690549356!2d2.1765051157013736!3d41.5342955792504!2m3!1f0!2f0!3f0!3m2!1i1024!2i768!4f13.1!3m3!1m2!1s0x12a4997a2039a035:0xfbd5a4c96359ce25!2sCarrer de Garci\u00ada Nieto, 1, 08130 Santa Perp\u00e8tua de Mogoda, Barcelona!5e0!3m2!1sca!2ses!4v1716981400000!5m2!1sca!2ses\\&quot; width=\\&quot;100%\\&quot; height=\\&quot;200\\&quot; style=\\&quot;border:0; border-radius: 8px;\\&quot; allowfullscreen=\\&quot;\\&quot; loading=\\&quot;lazy\\&quot; referrerpolicy=\\&quot;no-referrer-when-downgrade\\&quot;&gt;\\n  <\/iframe&gt;\\n<\/div&gt;&quot;,&quot;backgroundColor&quot;:&quot;#f1b5b5&quot;,&quot;newTab&quot;:false,&quot;popUpOpen&quot;:false,&quot;popUpWidth&quot;:350,&quot;placement&quot;:&quot;top&quot;,&quot;position&quot;:{&quot;x&quot;:&quot;81.5%&quot;,&quot;y&quot;:&quot;20%&quot;}},{&quot;link&quot;:&quot;&quot;,&quot;icon&quot;:&quot;&quot;,&quot;title&quot;:&quot;ASSESSOREM&quot;,&quot;color&quot;:&quot;&quot;,&quot;content&quot;:&quot;<div style=\\&quot;font-family: sans-serif; font-size: 14px; line-height: 1.5; text-align: left;\\&quot;&gt;\\n  <ul&gt;\\n    <li&gt;Treballem la inclusi\u00f3 i l\u2019atenci\u00f3 a la diversitat.<\/li&gt;\\n    <li&gt;Portem endavant l\u2019atenci\u00f3 a l'alumnat nouvingut i\/o amb necessitats educatives especials i de suport educatiu.<\/li&gt;\\n    <li&gt;Impulsem canvis en els processos d'ensenyament i aprenentatge.<\/li&gt;\\n    <li&gt;Treballem per les lleng\u00fces, la interculturalitat i la cohesi\u00f3 social.<\/li&gt;\\n    <li&gt;Dissenyem materials did\u00e0ctics, curriculars i altres recursos educatius.<\/li&gt;\\n    <li&gt;Potenciem l\u2019aplicaci\u00f3 de metodologies d'acompanyament a l'aprenentatge.<\/li&gt;\\n    <li&gt;Acompanyem en el proc\u00e9s de transici\u00f3 de les diferents etapes educatives.<\/li&gt;\\n    <li&gt;Identifiquem les pr\u00e0ctiques educatives de refer\u00e8ncia.<\/li&gt;\\n    <li&gt;Impulsem plans, projectes, processos de millora i d'innovaci\u00f3, aix\u00ed com la formaci\u00f3 i la recerca educativa.<\/li&gt;\\n    <li&gt;Integrem i gestionem les tecnologies digitals als centres educatius.<\/li&gt;\\n    <li&gt;Assessorem en els plans educatius de centre.<\/li&gt;\\n  <\/ul&gt;\\n<\/div&gt;&quot;,&quot;backgroundColor&quot;:&quot;#f1b5b5&quot;,&quot;newTab&quot;:false,&quot;popUpOpen&quot;:false,&quot;popUpWidth&quot;:350,&quot;placement&quot;:&quot;top&quot;,&quot;position&quot;:{&quot;x&quot;:&quot;48.64%&quot;,&quot;y&quot;:&quot;84%&quot;}},{&quot;link&quot;:&quot;&quot;,&quot;icon&quot;:&quot;&quot;,&quot;title&quot;:&quot;ORIENTEM&quot;,&quot;color&quot;:&quot;&quot;,&quot;content&quot;:&quot;<div style=\\&quot;font-family: sans-serif; font-size: 14px; line-height: 1.5; text-align: left;\\&quot;&gt;\\n  <ul&gt;\\n    <li&gt;Afavorim la implicaci\u00f3 de les fam\u00edlies en el proc\u00e9s educatiu dels seus fills i filles, aix\u00ed com la seva participaci\u00f3 en la vida dels centres.<\/li&gt;\\n    <li&gt;Fomentem una relaci\u00f3 flu\u00efda i positiva entre escola i fam\u00edlia.<\/li&gt;\\n    <li&gt;Activem la coresponsabilitat educativa entre fam\u00edlia i escola.<\/li&gt;\\n    <li&gt;Detectem, avaluem i fem seguiment psicopedag\u00f2gic, social i\/o motriu de les necessitats educatives espec\u00edfiques de l\u2019alumnat al llarg del seu itinerari educatiu.<\/li&gt;\\n    <li&gt;Ens coordinem amb els diferents agents de la zona per donar una resposta coherent i ajustada a les necessitats dels centres educatius.<\/li&gt;\\n    <li&gt;Acompanyem i fem seguiment de les transicions educatives de l\u2019alumnat.<\/li&gt;\\n    <li&gt;Informem i assessorem les fam\u00edlies en els processos educatius.<\/li&gt;\\n  <\/ul&gt;\\n<\/div&gt;&quot;,&quot;backgroundColor&quot;:&quot;#f1b5b5&quot;,&quot;newTab&quot;:false,&quot;popUpOpen&quot;:false,&quot;popUpWidth&quot;:350,&quot;placement&quot;:&quot;top&quot;,&quot;position&quot;:{&quot;x&quot;:&quot;68.5%&quot;,&quot;y&quot;:&quot;84%&quot;}},{&quot;link&quot;:&quot;&quot;,&quot;icon&quot;:&quot;&quot;,&quot;title&quot;:&quot;IMPULSEM&quot;,&quot;color&quot;:&quot;&quot;,&quot;content&quot;:&quot;<div style=\\&quot;font-family: sans-serif; font-size: 14px; line-height: 1.5; text-align: left;\\&quot;&gt;\\n  <ul&gt;\\n    <li&gt;Impulsem la formaci\u00f3 permanent del professorat.<\/li&gt;\\n    <li&gt;Facilitem el coneixement de l'entorn i l'aprofitament did\u00e0ctic dels seus recursos, aix\u00ed com de les actuacions de formaci\u00f3 i orientaci\u00f3.<\/li&gt;\\n    <li&gt;Activem i participem en xarxes de centres, zones, cultura digital i biblioteques escolars.<\/li&gt;\\n    <li&gt;Donem suport als programes d\u2019innovaci\u00f3 i projectes educatius impulsats pel Departament d\u2019Educaci\u00f3 als centres de la zona.<\/li&gt;\\n    <li&gt;Acompanyem i promovem plans i projectes europeus per al desenvolupament de les compet\u00e8ncies b\u00e0siques de l\u2019alumnat i les professionals del professorat.<\/li&gt;\\n    <li&gt;Col\u00b7laborem, impulsem i coordinem els Plans Educatius d\u2019Entorn (Montcada i Ripollet).<\/li&gt;\\n    <li&gt;Duem a terme accions per fomentar la lectura (ILEC) i l\u2019escriptura (araESCRIC).<\/li&gt;\\n    <li&gt;Treballem en xarxa amb altres serveis educatius, institucions i entitats de la zona i la comarca.<\/li&gt;\\n    <li&gt;Implementem i acompanyem el Servei Comunitari als centres de secund\u00e0ria.<\/li&gt;\\n    <li&gt;Donem suport i seguiment continu als centres educatius.<\/li&gt;\\n    <li&gt;Dinamitzem seminaris de coordinaci\u00f3 i grups de treball.<\/li&gt;\\n  <\/ul&gt;\\n<\/div&gt;&quot;,&quot;backgroundColor&quot;:&quot;#f1b5b5&quot;,&quot;newTab&quot;:false,&quot;popUpOpen&quot;:false,&quot;popUpWidth&quot;:350,&quot;placement&quot;:&quot;top&quot;,&quot;position&quot;:{&quot;x&quot;:&quot;88.00%&quot;,&quot;y&quot;:&quot;84%&quot;}}]\" data-trigger=\"click\" data-theme=\"light\" data-tooltip-animation=\"shift-toward\" data-arrow=\"true\"><div class=\"wp-block-getwid-image-hotspot__wrapper\"><img loading=\"lazy\" decoding=\"async\" width=\"1024\" height=\"768\" src=\"https:\/\/serveiseducatius.xtec.cat\/vallesoccidental6\/wp-content\/uploads\/usu1109\/2025\/05\/QUI-SOM-1-1024x768.png\" class=\"wp-block-getwid-image-hotspot__image wp-image-18365\" srcset=\"https:\/\/serveiseducatius.xtec.cat\/vallesoccidental6\/wp-content\/uploads\/usu1109\/2025\/05\/QUI-SOM-1-1024x768.png 1024w, https:\/\/serveiseducatius.xtec.cat\/vallesoccidental6\/wp-content\/uploads\/usu1109\/2025\/05\/QUI-SOM-1-300x225.png 300w, https:\/\/serveiseducatius.xtec.cat\/vallesoccidental6\/wp-content\/uploads\/usu1109\/2025\/05\/QUI-SOM-1-768x576.png 768w, https:\/\/serveiseducatius.xtec.cat\/vallesoccidental6\/wp-content\/uploads\/usu1109\/2025\/05\/QUI-SOM-1.png 1133w\" sizes=\"auto, (max-width: 1024px) 100vw, 1024px\" \/><div data-point-id=\"0\" class=\"wp-block-getwid-image-hotspot__dot has-animation-pulse\" style=\"left:51%;top:20%;background-color:#f1b5b5\"><div class=\"wp-block-getwid-image-hotspot__dot-wrapper\"><div class=\"wp-block-getwid-image-hotspot__dot-content\"><i class=\"fas fa-plus wp-block-getwid-image-hotspot__dot-icon\"><\/i><\/div><\/div><div class=\"wp-block-getwid-image-hotspot__dot-description\"><div class=\"wp-block-getwid-image-hotspot__dot-title\">QUI SOM?<\/div><\/div><\/div><div data-point-id=\"1\" class=\"wp-block-getwid-image-hotspot__dot has-animation-pulse\" style=\"left:81.5%;top:20%;background-color:#f1b5b5\"><div class=\"wp-block-getwid-image-hotspot__dot-wrapper\"><div class=\"wp-block-getwid-image-hotspot__dot-content\"><i class=\"fas fa-plus wp-block-getwid-image-hotspot__dot-icon\"><\/i><\/div><\/div><div class=\"wp-block-getwid-image-hotspot__dot-description\"><div class=\"wp-block-getwid-image-hotspot__dot-title\">ON SOM?<\/div><\/div><\/div><div data-point-id=\"2\" class=\"wp-block-getwid-image-hotspot__dot has-animation-pulse\" style=\"left:48.64%;top:84%;background-color:#f1b5b5\"><div class=\"wp-block-getwid-image-hotspot__dot-wrapper\"><div class=\"wp-block-getwid-image-hotspot__dot-content\"><i class=\"fas fa-plus wp-block-getwid-image-hotspot__dot-icon\"><\/i><\/div><\/div><div class=\"wp-block-getwid-image-hotspot__dot-description\"><div class=\"wp-block-getwid-image-hotspot__dot-title\">ASSESSOREM<\/div><\/div><\/div><div data-point-id=\"3\" class=\"wp-block-getwid-image-hotspot__dot has-animation-pulse\" style=\"left:68.5%;top:84%;background-color:#f1b5b5\"><div class=\"wp-block-getwid-image-hotspot__dot-wrapper\"><div class=\"wp-block-getwid-image-hotspot__dot-content\"><i class=\"fas fa-plus wp-block-getwid-image-hotspot__dot-icon\"><\/i><\/div><\/div><div class=\"wp-block-getwid-image-hotspot__dot-description\"><div class=\"wp-block-getwid-image-hotspot__dot-title\">ORIENTEM<\/div><\/div><\/div><div data-point-id=\"4\" class=\"wp-block-getwid-image-hotspot__dot has-animation-pulse\" style=\"left:88.00%;top:84%;background-color:#f1b5b5\"><div class=\"wp-block-getwid-image-hotspot__dot-wrapper\"><div class=\"wp-block-getwid-image-hotspot__dot-content\"><i class=\"fas fa-plus wp-block-getwid-image-hotspot__dot-icon\"><\/i><\/div><\/div><div class=\"wp-block-getwid-image-hotspot__dot-description\"><div class=\"wp-block-getwid-image-hotspot__dot-title\">IMPULSEM<\/div><\/div><\/div><\/div><\/div>\n","protected":false},"excerpt":{"rendered":"","protected":false},"author":1,"featured_media":0,"parent":17442,"menu_order":0,"comment_status":"closed","ping_status":"closed","template":"","meta":{"_bbp_topic_count":0,"_bbp_reply_count":0,"_bbp_total_topic_count":0,"_bbp_total_reply_count":0,"_bbp_voice_count":0,"_bbp_anonymous_reply_count":0,"_bbp_topic_count_hidden":0,"_bbp_reply_count_hidden":0,"_bbp_forum_subforum_count":0,"site-sidebar-layout":"default","site-content-layout":"","ast-site-content-layout":"default","site-content-style":"default","site-sidebar-style":"default","ast-global-header-display":"","ast-banner-title-visibility":"","ast-main-header-display":"","ast-hfb-above-header-display":"","ast-hfb-below-header-display":"","ast-hfb-mobile-header-display":"","site-post-title":"","ast-breadcrumbs-content":"","ast-featured-img":"","footer-sml-layout":"","theme-transparent-header-meta":"","adv-header-id-meta":"","stick-header-meta":"","header-above-stick-meta":"","header-main-stick-meta":"","header-below-stick-meta":"","astra-migrate-meta-layouts":"set","ast-page-background-enabled":"default","ast-page-background-meta":{"desktop":{"background-color":"var(--ast-global-color-4)","background-image":"","background-repeat":"repeat","background-position":"center center","background-size":"auto","background-attachment":"scroll","background-type":"","background-media":"","overlay-type":"","overlay-color":"","overlay-opacity":"","overlay-gradient":""},"tablet":{"background-color":"","background-image":"","background-repeat":"repeat","background-position":"center center","background-size":"auto","background-attachment":"scroll","background-type":"","background-media":"","overlay-type":"","overlay-color":"","overlay-opacity":"","overlay-gradient":""},"mobile":{"background-color":"","background-image":"","background-repeat":"repeat","background-position":"center center","background-size":"auto","background-attachment":"scroll","background-type":"","background-media":"","overlay-type":"","overlay-color":"","overlay-opacity":"","overlay-gradient":""}},"ast-content-background-meta":{"desktop":{"background-color":"var(--ast-global-color-5)","background-image":"","background-repeat":"repeat","background-position":"center center","background-size":"auto","background-attachment":"scroll","background-type":"","background-media":"","overlay-type":"","overlay-color":"","overlay-opacity":"","overlay-gradient":""},"tablet":{"background-color":"var(--ast-global-color-5)","background-image":"","background-repeat":"repeat","background-position":"center center","background-size":"auto","background-attachment":"scroll","background-type":"","background-media":"","overlay-type":"","overlay-color":"","overlay-opacity":"","overlay-gradient":""},"mobile":{"background-color":"var(--ast-global-color-5)","background-image":"","background-repeat":"repeat","background-position":"center center","background-size":"auto","background-attachment":"scroll","background-type":"","background-media":"","overlay-type":"","overlay-color":"","overlay-opacity":"","overlay-gradient":""}},"footnotes":""},"class_list":["post-12496","page","type-page","status-publish","hentry"],"post_mailing_queue_ids":[],"_links":{"self":[{"href":"https:\/\/serveiseducatius.xtec.cat\/vallesoccidental6\/wp-json\/wp\/v2\/pages\/12496","targetHints":{"allow":["GET"]}}],"collection":[{"href":"https:\/\/serveiseducatius.xtec.cat\/vallesoccidental6\/wp-json\/wp\/v2\/pages"}],"about":[{"href":"https:\/\/serveiseducatius.xtec.cat\/vallesoccidental6\/wp-json\/wp\/v2\/types\/page"}],"author":[{"embeddable":true,"href":"https:\/\/serveiseducatius.xtec.cat\/vallesoccidental6\/wp-json\/wp\/v2\/users\/1"}],"replies":[{"embeddable":true,"href":"https:\/\/serveiseducatius.xtec.cat\/vallesoccidental6\/wp-json\/wp\/v2\/comments?post=12496"}],"version-history":[{"count":6,"href":"https:\/\/serveiseducatius.xtec.cat\/vallesoccidental6\/wp-json\/wp\/v2\/pages\/12496\/revisions"}],"predecessor-version":[{"id":18383,"href":"https:\/\/serveiseducatius.xtec.cat\/vallesoccidental6\/wp-json\/wp\/v2\/pages\/12496\/revisions\/18383"}],"up":[{"embeddable":true,"href":"https:\/\/serveiseducatius.xtec.cat\/vallesoccidental6\/wp-json\/wp\/v2\/pages\/17442"}],"wp:attachment":[{"href":"https:\/\/serveiseducatius.xtec.cat\/vallesoccidental6\/wp-json\/wp\/v2\/media?parent=12496"}],"curies":[{"name":"wp","href":"https:\/\/api.w.org\/{rel}","templated":true}]}}