{"id":8764,"date":"2017-03-12T17:13:13","date_gmt":"2017-03-12T16:13:13","guid":{"rendered":"http:\/\/serveiseducatius.xtec.cat\/vallesoccidental5\/?page_id=8764"},"modified":"2024-06-06T12:57:15","modified_gmt":"2024-06-06T10:57:15","slug":"competencia-social-tutoria","status":"publish","type":"page","link":"https:\/\/serveiseducatius.xtec.cat\/vallesoccidental5\/maletes-pedagogiques-en-prestec\/competencia-social-tutoria\/","title":{"rendered":"Educaci\u00f3 en valors c\u00edvics i \u00e8tics"},"content":{"rendered":"<table style=\"width: 44.7409%; height: 58px;\" border=\"1\" width=\"608\" align=\"center\">\n<tbody>\n<tr style=\"height: 48px;\">\n<td style=\"width: 43.9063%; height: 48px; text-align: center;\" width=\"144\"><a href=\"https:\/\/educacio.gencat.cat\/ca\/departament\/publicacions\/monografies\/convivencia-centres-infantil-primaria\/\" target=\"_blank\" rel=\"noopener\">La conviv\u00e8ncia en els centres d&#8217;EI i EP<\/a><\/td>\n<td style=\"width: 76.2969%; height: 48px;\" width=\"144\">\n<div align=\"center\"><span class=\"Estilo2\"><a href=\"http:\/\/ensenyament.gencat.cat\/ca\/departament\/publicacions\/monografies\/convivencia-centres-secundaria\/\" target=\"_blank\" rel=\"noopener noreferrer\">La conviv\u00e8ncia en els centres<br \/>\nd&#8217;ESO<\/a><\/span><\/div>\n<\/td>\n<td style=\"width: 1.68634%; height: 48px;\" width=\"146\">\n<div align=\"center\"><span class=\"Estilo2\"><a href=\"https:\/\/www.educaixa.com\/ca\/-\/kitscaixa-valores\" target=\"_blank\" rel=\"noopener noreferrer\">Kit Caixa Valors<\/a><\/span><\/div>\n<\/td>\n<\/tr>\n<tr style=\"height: 10px;\">\n<td style=\"width: 43.9063%; height: 10px;\">\n<p class=\"Estilo2\"><a href=\"https:\/\/serveiseducatius.xtec.cat\/vallesoccidental5\/wp-content\/uploads\/usu1111\/2024\/06\/convivencia-primaria.jpg\"><img loading=\"lazy\" decoding=\"async\" class=\"aligncenter size-medium wp-image-15521\" src=\"https:\/\/serveiseducatius.xtec.cat\/vallesoccidental5\/wp-content\/uploads\/usu1111\/2024\/06\/convivencia-primaria-246x300.jpg\" alt=\"\" width=\"246\" height=\"300\" srcset=\"https:\/\/serveiseducatius.xtec.cat\/vallesoccidental5\/wp-content\/uploads\/usu1111\/2024\/06\/convivencia-primaria-246x300.jpg 246w, https:\/\/serveiseducatius.xtec.cat\/vallesoccidental5\/wp-content\/uploads\/usu1111\/2024\/06\/convivencia-primaria.jpg 540w\" sizes=\"auto, (max-width: 246px) 100vw, 246px\" \/><\/a><\/p>\n<\/td>\n<td style=\"width: 76.2969%; height: 10px;\"><a href=\"https:\/\/serveiseducatius.xtec.cat\/vallesoccidental5\/wp-content\/uploads\/usu1111\/2024\/06\/convivencia-secundaria.jpg\"><img loading=\"lazy\" decoding=\"async\" class=\"aligncenter size-medium wp-image-15520\" src=\"https:\/\/serveiseducatius.xtec.cat\/vallesoccidental5\/wp-content\/uploads\/usu1111\/2024\/06\/convivencia-secundaria-290x300.jpg\" alt=\"\" width=\"290\" height=\"300\" srcset=\"https:\/\/serveiseducatius.xtec.cat\/vallesoccidental5\/wp-content\/uploads\/usu1111\/2024\/06\/convivencia-secundaria-290x300.jpg 290w, https:\/\/serveiseducatius.xtec.cat\/vallesoccidental5\/wp-content\/uploads\/usu1111\/2024\/06\/convivencia-secundaria.jpg 571w\" sizes=\"auto, (max-width: 290px) 100vw, 290px\" \/><\/a><\/td>\n<td style=\"width: 1.68634%; height: 10px;\"><\/td>\n<\/tr>\n<\/tbody>\n<\/table>\n<p class=\"Estilo4\" style=\"text-align: center;\"><a href=\"https:\/\/docs.google.com\/forms\/d\/1Slg8swPFN68CsMjNP8jM0Wt28VDrglR7EBM0yVcNZco\/edit\" target=\"_blank\" rel=\"noopener\"><strong>FORMULARI DE DEMANDA<\/strong><\/a><\/p>\n<p class=\"Estilo4\">Les microcompet\u00e8ncies que inclou s\u00f3n les seg\u00fcents:<\/p>\n<p><em><span class=\"Estilo2\"><span class=\"Estilo3\"><strong>Dominar les habilitats socials b\u00e0siques<\/strong>. &#8211; La primera de les habilitats socials \u00e9s escoltar. Sense ella, dif\u00edcilment es pugui passar a les altres: saludar, acomiadar-se, donar les gr\u00e0cies, demanar un favor, manifestar agra\u00efment, demanar disculpes, esperar torn, mantenir una actitud dialogant, etc.<\/span><\/span><\/em><\/p>\n<p class=\"Estilo4\"><em><strong>Respecte per la resta.<\/strong>\u00a0&#8211; \u00c9s la intenci\u00f3 d&#8217;acceptar i apreciar les difer\u00e8ncies individuals i grupals i valorar els drets de totes les persones. Aix\u00f2 s&#8217;aplica en els diferents punts de vista que puguin sorgir en una discussi\u00f3.<\/em><\/p>\n<p class=\"Estilo2\"><em><span class=\"Estilo3\"><strong>Practicar la comunicaci\u00f3 receptiva.<\/strong>\u00a0&#8211; \u00c9s la capacitat per atendre els altres tant en la comunicaci\u00f3 verbal com no verbal per rebre els missatges amb precisi\u00f3.<\/span><\/em><\/p>\n<p class=\"Estilo4\"><em><strong>Practicar la comunicaci\u00f3 expressiva<\/strong>. &#8211; \u00c9s la capacitat per iniciar i mantenir converses, expressar els propis pensaments i sentiments amb claredat, tant en comunicaci\u00f3 verbal com no verbal, i demostrar als altres que han estat b\u00e9 compresos.<\/em><\/p>\n<p class=\"Estilo4\"><em><strong>Compartir emocions.<\/strong>\u00a0&#8211; Compartir emocions profundes no sempre \u00e9s f\u00e0cil. Implica la consci\u00e8ncia que l&#8217;estructura i naturalesa de les relacions v\u00e9nen en part definides tant pel grau d&#8217;immediatesa emocional, o sinceritat expressiva, com pel grau de reciprocitat o simetria en la relaci\u00f3.<\/em><\/p>\n<p class=\"Estilo4\"><em><strong>Comportament prosocial i cooperaci\u00f3.<\/strong>\u00a0&#8211; \u00c9s la capacitat per realitzar accions en favor d&#8217;altres persones, sense que ho hagin sol \u00b7 licitat. Encara que no coincideix amb l&#8217;altruisme, t\u00e9 molts elements en com\u00fa.<\/em><\/p>\n<p class=\"Estilo3\"><em><span class=\"Estilo2\"><strong>Assertivitat.<\/strong>\u00a0&#8211; Significa mantenir un comportament equilibrat entre l&#8217;agressivitat i la passivitat. Aix\u00f2 implica la capacitat per defensar i expressar els propis drets, opinions i sentiments, alhora que es respecta als altres, amb les seves opinions i drets. Dir &#8220;no&#8221; clarament i mantenir-lo i acceptar que l&#8217;altre et pugui dir &#8220;no&#8221;. Fer front a la pressi\u00f3 de grup i evitar situacions en les quals un pot veure coaccionat per adoptar comportaments de risc. En certes circumst\u00e0ncies de pressi\u00f3, procurar demorar la presa de decisions i l&#8217;actuaci\u00f3, fins a sentir adequadament preparat, etc.<\/span><\/em><\/p>\n<p class=\"Estilo4\"><em><strong>Prevenci\u00f3 i soluci\u00f3 de conflictes.<\/strong>\u00a0&#8211; \u00c9s la capacitat per identificar, anticipar o afrontar resolutivamente conflictes socials i problemes interpersonals. Implica la capacitat per identificar situacions que requereixen una soluci\u00f3 o decisi\u00f3 preventiva i avaluar riscos, barreres i recursos. Quan inevitablement es produeixen els conflictes, afrontar-los de manera positiva, aportant solucions informades i constructives. La capacitat de negociaci\u00f3 i mediaci\u00f3 s\u00f3n aspectes importants de cara a una resoluci\u00f3 pac\u00edfica del problema, considerant la perspectiva i els sentiments dels altres.<\/em><\/p>\n<p class=\"Estilo4\"><em><strong>Capacitat per gestionar situacions emocionals .<\/strong>\u00a0&#8211; \u00c9s l&#8217;habilitat per reconduir situacions emocionals en contextos socials. Es tracta d&#8217;activar estrat\u00e8gies de regulaci\u00f3 emocional col \u00b7 lectiva. Aix\u00f2 es superposa amb la capacitat per induir o regular les emocions en els altres.<\/em><\/p>\n<p><a href=\"https:\/\/plus.google.com\/u\/0\/113765146979218556366?rel=author\">Rafel Bisquerra<\/a><\/p>\n","protected":false},"excerpt":{"rendered":"<p>La conviv\u00e8ncia en els centres d&#8217;EI i EP La conviv\u00e8ncia en els centres d&#8217;ESO Kit Caixa Valors FORMULARI DE DEMANDA Les microcompet\u00e8ncies que inclou s\u00f3n les seg\u00fcents: Dominar les habilitats socials b\u00e0siques. &#8211; La primera de les habilitats socials \u00e9s escoltar. Sense ella, dif\u00edcilment es pugui passar a les altres: saludar, acomiadar-se, donar les gr\u00e0cies, [&hellip;]<\/p>\n","protected":false},"author":1,"featured_media":0,"parent":8622,"menu_order":80,"comment_status":"closed","ping_status":"closed","template":"page-templates\/side-menu.php","meta":{"_bbp_topic_count":0,"_bbp_reply_count":0,"_bbp_total_topic_count":0,"_bbp_total_reply_count":0,"_bbp_voice_count":0,"_bbp_anonymous_reply_count":0,"_bbp_topic_count_hidden":0,"_bbp_reply_count_hidden":0,"_bbp_forum_subforum_count":0,"site-sidebar-layout":"default","site-content-layout":"","ast-site-content-layout":"","site-content-style":"default","site-sidebar-style":"default","ast-global-header-display":"","ast-banner-title-visibility":"","ast-main-header-display":"","ast-hfb-above-header-display":"","ast-hfb-below-header-display":"","ast-hfb-mobile-header-display":"","site-post-title":"","ast-breadcrumbs-content":"","ast-featured-img":"","footer-sml-layout":"","theme-transparent-header-meta":"","adv-header-id-meta":"","stick-header-meta":"","header-above-stick-meta":"","header-main-stick-meta":"","header-below-stick-meta":"","astra-migrate-meta-layouts":"default","ast-page-background-enabled":"default","ast-page-background-meta":{"desktop":{"background-color":"var(--ast-global-color-4)","background-image":"","background-repeat":"repeat","background-position":"center center","background-size":"auto","background-attachment":"scroll","background-type":"","background-media":"","overlay-type":"","overlay-color":"","overlay-opacity":"","overlay-gradient":""},"tablet":{"background-color":"","background-image":"","background-repeat":"repeat","background-position":"center center","background-size":"auto","background-attachment":"scroll","background-type":"","background-media":"","overlay-type":"","overlay-color":"","overlay-opacity":"","overlay-gradient":""},"mobile":{"background-color":"","background-image":"","background-repeat":"repeat","background-position":"center center","background-size":"auto","background-attachment":"scroll","background-type":"","background-media":"","overlay-type":"","overlay-color":"","overlay-opacity":"","overlay-gradient":""}},"ast-content-background-meta":{"desktop":{"background-color":"var(--ast-global-color-5)","background-image":"","background-repeat":"repeat","background-position":"center center","background-size":"auto","background-attachment":"scroll","background-type":"","background-media":"","overlay-type":"","overlay-color":"","overlay-opacity":"","overlay-gradient":""},"tablet":{"background-color":"var(--ast-global-color-5)","background-image":"","background-repeat":"repeat","background-position":"center center","background-size":"auto","background-attachment":"scroll","background-type":"","background-media":"","overlay-type":"","overlay-color":"","overlay-opacity":"","overlay-gradient":""},"mobile":{"background-color":"var(--ast-global-color-5)","background-image":"","background-repeat":"repeat","background-position":"center center","background-size":"auto","background-attachment":"scroll","background-type":"","background-media":"","overlay-type":"","overlay-color":"","overlay-opacity":"","overlay-gradient":""}},"footnotes":""},"class_list":["post-8764","page","type-page","status-publish","hentry"],"post_mailing_queue_ids":[],"_links":{"self":[{"href":"https:\/\/serveiseducatius.xtec.cat\/vallesoccidental5\/wp-json\/wp\/v2\/pages\/8764","targetHints":{"allow":["GET"]}}],"collection":[{"href":"https:\/\/serveiseducatius.xtec.cat\/vallesoccidental5\/wp-json\/wp\/v2\/pages"}],"about":[{"href":"https:\/\/serveiseducatius.xtec.cat\/vallesoccidental5\/wp-json\/wp\/v2\/types\/page"}],"author":[{"embeddable":true,"href":"https:\/\/serveiseducatius.xtec.cat\/vallesoccidental5\/wp-json\/wp\/v2\/users\/1"}],"replies":[{"embeddable":true,"href":"https:\/\/serveiseducatius.xtec.cat\/vallesoccidental5\/wp-json\/wp\/v2\/comments?post=8764"}],"version-history":[{"count":6,"href":"https:\/\/serveiseducatius.xtec.cat\/vallesoccidental5\/wp-json\/wp\/v2\/pages\/8764\/revisions"}],"predecessor-version":[{"id":15522,"href":"https:\/\/serveiseducatius.xtec.cat\/vallesoccidental5\/wp-json\/wp\/v2\/pages\/8764\/revisions\/15522"}],"up":[{"embeddable":true,"href":"https:\/\/serveiseducatius.xtec.cat\/vallesoccidental5\/wp-json\/wp\/v2\/pages\/8622"}],"wp:attachment":[{"href":"https:\/\/serveiseducatius.xtec.cat\/vallesoccidental5\/wp-json\/wp\/v2\/media?parent=8764"}],"curies":[{"name":"wp","href":"https:\/\/api.w.org\/{rel}","templated":true}]}}