{"id":8762,"date":"2017-03-12T17:06:42","date_gmt":"2017-03-12T16:06:42","guid":{"rendered":"http:\/\/serveiseducatius.xtec.cat\/vallesoccidental5\/?page_id=8762"},"modified":"2025-10-16T09:24:34","modified_gmt":"2025-10-16T07:24:34","slug":"ioga-i-relaxacio-a-laula","status":"publish","type":"page","link":"https:\/\/serveiseducatius.xtec.cat\/vallesoccidental5\/maletes-pedagogiques-en-prestec\/ioga-i-relaxacio-a-laula\/","title":{"rendered":"Ioga i relaxaci\u00f3 a l&#8217;aula"},"content":{"rendered":"<p class=\"Estilo1\" align=\"left\">Si vols demanar el material que et presentem, has d&#8217;omplir el seg\u00fcent<a href=\"https:\/\/docs.google.com\/forms\/d\/e\/1FAIpQLSdcfG2P2N18hPr_PmbpmG0e_KRkpPnSjYVaABfSYskoxyaCsA\/viewform\" target=\"_blank\" rel=\"noopener\"><span style=\"color: #ff0000;\"><strong> FORMULARI DE DEMANDA.<\/strong><\/span><\/a> Als pocs dies rebr\u00e0s la resposta.<\/p>\n<p class=\"Estilo1\" align=\"left\"><strong>Experi\u00e8ncies realitzades amb aquest material:<\/strong> estem esperant les teves!<br \/>\n<a href=\"http:\/\/goo.gl\/forms\/u7SeuMedod\"><br \/>\n<\/a>* Per saber-ne m\u00e9s:<br \/>\n<a href=\"http:\/\/iogaaleducacio-griae.blogspot.com.es\/\" target=\"_blank\" rel=\"noopener noreferrer\">GRIAE. Grup de recerca de ioga<\/a><br \/>\n<a href=\"http:\/\/www.lavanguardia.com\/vida\/20100523\/53932042902\/una-escuela-incluye-el-yoga-en-su-proyecto-educativo-para-mejorar-los-resultados-academicos.html\" target=\"_blank\" rel=\"noopener noreferrer\">Ioga per millorar els resultats acad\u00e8mics<br \/>\n<\/a><a href=\"https:\/\/drive.google.com\/file\/d\/1EoelscNsqzReDEIqSo57GHWyxcDVEprf\/view?usp=drive_link\" target=\"_blank\" rel=\"noopener noreferrer\">Yoga en las escuelas<\/a><a href=\"https:\/\/drive.google.com\/file\/d\/1CfmyeFFvDnpIJZYCFc5EPOw6FhjvUOvR\/view?usp=drive_link\" target=\"_blank\" rel=\"noopener noreferrer\"><br \/>\nYoga en la escuela<\/a><\/p>\n<p class=\"Estilo1\" align=\"left\">Y recorda&#8230; un cop acabat el pr\u00e9stec, has d&#8217;omplir <a href=\"https:\/\/docs.google.com\/forms\/d\/e\/1FAIpQLScFguvonTNu1CZpPShgE-TNnZHTs_i4AnGGJnEmWnmLxsHVRQ\/viewform?c=0&amp;w=1\" target=\"_blank\" rel=\"noopener\"><span style=\"color: #ff0000;\"><strong>aquest formulari<\/strong><\/span><\/a><\/p>\n<table border=\"1\" width=\"753\" align=\"center\">\n<tbody>\n<tr>\n<td>\n<div class=\"Estilo1\" align=\"center\"><strong>EMOCIONARI<\/strong><\/div>\n<\/td>\n<td>\n<div align=\"center\"><img loading=\"lazy\" decoding=\"async\" src=\"http:\/\/www.xtec.cat\/crp-cerdanyola\/Prestec\/ioga\/emocionari.jpg\" width=\"204\" height=\"225\" \/><\/div>\n<\/td>\n<td colspan=\"2\">\n<p class=\"Estilo3\">Per a totes les edats<br \/>\nOfereix als nens\/es una oportunitat de con\u00e8ixer les seves emocions i a dialogar sobre els seus sentiments. Fa un recorregut emocional de 42 emocions on es defineix i s\u2019explica una particularitat. Al costat, hi ha una imatge que identifica aquesta emoci\u00f3.<\/p>\n<\/td>\n<\/tr>\n<tr>\n<td>\n<div class=\"Estilo1\" align=\"center\"><strong>TRANQUILS I ATENTS COM UNA GRANOTA<\/strong><\/div>\n<\/td>\n<td>\n<div align=\"center\"><img loading=\"lazy\" decoding=\"async\" src=\"http:\/\/www.xtec.cat\/crp-cerdanyola\/Prestec\/ioga\/tranquils%20i%20atents.jpg\" width=\"133\" height=\"205\" \/><\/div>\n<\/td>\n<td colspan=\"2\">\n<p class=\"Estilo1 Estilo4\">Ofereix hist\u00f2ries i exercicis simples i breus que els nens podran practicar cada dia.<br \/>\nL&#8217;autora ha basat les seves t\u00e8cniques en el m\u00e8tode de mindfulness. Els resultats han demostrat que els nens\/es que practiquen aquests exercicis dormen millor, estan m\u00e9s concentrats i serens, i es senten m\u00e9s segurs.<br \/>\nInclou un CD amb11 meditacions guiades espec\u00edfiques per a infants de 5 a 12 anys.<\/p>\n<\/td>\n<\/tr>\n<tr>\n<td>\n<div class=\"Estilo1\" align=\"center\"><strong><strong>LA TERRA \u00c9S CASA MEVA<\/strong><\/strong><\/div>\n<\/td>\n<td>\n<div align=\"center\"><img loading=\"lazy\" decoding=\"async\" src=\"http:\/\/www.xtec.cat\/crp-cerdanyola\/Prestec\/ioga\/cantem.jpg\" width=\"207\" height=\"222\" \/><\/div>\n<\/td>\n<td colspan=\"2\">\n<p class=\"Estilo1 Estilo4\">Hi trobareu can\u00e7ons que parlen de l\u2019harmonia, la pau, el respecte, les emocions, el coratge i l\u2019empatia, qualitats que tots tenim dins nostre i que aquesta obra ens convida a fer emergir a trav\u00e9s del cant.<br \/>\nCantant aquestes can\u00e7ons sentim com les nostres emocions s\u2019equilibren, el nostre cor s\u2019obre i la nostra ment es calma. Aquests s\u00f3n els efectes de la pr\u00e0ctica de Bhakti yoga, el yoga del cor.<\/p>\n<\/td>\n<\/tr>\n<tr>\n<td>\n<div class=\"Estilo1\" align=\"center\"><strong>MEDITACION PARA NI\u00d1OS<\/strong><\/div>\n<\/td>\n<td>\n<div align=\"center\"><img loading=\"lazy\" decoding=\"async\" src=\"http:\/\/www.xtec.cat\/crp-cerdanyola\/Prestec\/ioga\/meditacion.png\" width=\"132\" height=\"205\" \/><\/div>\n<\/td>\n<td colspan=\"2\">\n<p class=\"Estilo1\">Llibre amb un CD de relats i can\u00e7ons perqu\u00e8 l&#8217;infant aprenguin a fer exercicis de ioga i relaxar-se.<\/p>\n<\/td>\n<\/tr>\n<tr>\n<td>\n<div class=\"Estilo1\" align=\"center\"><strong>EL MEU PRIMER LLIBRE DE IOGA<\/strong><\/div>\n<\/td>\n<td>\n<div align=\"center\"><img loading=\"lazy\" decoding=\"async\" src=\"http:\/\/www.xtec.cat\/crp-cerdanyola\/Prestec\/ioga\/primer%20ioga.jpg\" width=\"208\" height=\"207\" \/><\/div>\n<\/td>\n<td colspan=\"2\">\n<p class=\"Estilo5\">La meditaci\u00f3 ajuda al nen a regular-se millor, a calmar i aclarir la seva ment, a afirmar el seu car\u00e0cter i desenvolupar la seva voluntat. L\u2019entrenament met\u00f2dic en la meditaci\u00f3 intensifica la seva capacitat de concentraci\u00f3, afavoreix el seu equilibri psicosom\u00e0tic i li atorga m\u00e9s seguretat en si mateix. L\u2019autor recull en aquesta obra, amb precisi\u00f3 i claredat, els principals ensenyaments i t\u00e8cniques de meditaci\u00f3 per a nens\/es.<\/p>\n<\/td>\n<\/tr>\n<tr>\n<td>\n<div align=\"center\"><span class=\"Estilo1\"><strong>RESPIRA IOGA<\/strong><\/span><\/div>\n<\/td>\n<td><img loading=\"lazy\" decoding=\"async\" src=\"http:\/\/www.xtec.cat\/crp-cerdanyola\/Prestec\/ioga\/respira.jpg\" width=\"206\" height=\"179\" \/><\/td>\n<td colspan=\"2\">\n<p class=\"Estilo1 Estilo4\">RESPIRA \u00e9s un di\u00e0leg entre un nen i la seva mare a l\u2019hora d\u2019anar a dormir. Per\u00f2 aquest di\u00e0leg podria esdevenir-se a qualsevol hora del dia i en qualsevol lloc. Perqu\u00e8, en realitat, el que presenta aquest llibre \u00e9s un recull d\u2019exercicis il\u00b7lustrats que poden ajudar els m\u00e9s petits a prendre consci\u00e8ncia de la seva respiraci\u00f3.<br \/>\nA partir de 4 anys.<\/p>\n<\/td>\n<\/tr>\n<tr>\n<td height=\"150\">\n<p class=\"Estilo1\" align=\"center\"><strong><a href=\"https:\/\/drive.google.com\/file\/d\/1EoelscNsqzReDEIqSo57GHWyxcDVEprf\/view?usp=drive_link\" target=\"_blank\" rel=\"noopener noreferrer\">YOGA EN LA ESCUELA. Ejercicios relajaci\u00f3n<\/a><\/strong><\/p>\n<p class=\"Estilo1\" align=\"center\">Dossier<\/p>\n<\/td>\n<td>\n<div align=\"center\"><img loading=\"lazy\" decoding=\"async\" src=\"http:\/\/www.xtec.cat\/crp-cerdanyola\/Prestec\/ioga\/dossier1.png\" width=\"125\" height=\"178\" \/><\/div>\n<\/td>\n<td width=\"177\">\n<div align=\"center\">\n<p class=\"Estilo1\" align=\"center\"><strong><a href=\"https:\/\/drive.google.com\/file\/d\/1CfmyeFFvDnpIJZYCFc5EPOw6FhjvUOvR\/view?usp=drive_link\" target=\"_blank\" rel=\"noopener noreferrer\">EL YOGA EN LA ESCUELA. LA APLICACI\u00d3N EN EL AULA<\/a><\/strong><\/p>\n<p class=\"Estilo1\" align=\"center\">Dossier de treball<\/p>\n<\/div>\n<\/td>\n<td width=\"183\">\n<div align=\"center\"><img loading=\"lazy\" decoding=\"async\" src=\"http:\/\/www.xtec.cat\/crp-cerdanyola\/Prestec\/ioga\/dossier2.png\" width=\"137\" height=\"199\" \/><\/div>\n<\/td>\n<\/tr>\n<\/tbody>\n<\/table>\n<p class=\"Estilo1\" align=\"left\">\n","protected":false},"excerpt":{"rendered":"<p>Si vols demanar el material que et presentem, has d&#8217;omplir el seg\u00fcent FORMULARI DE DEMANDA. Als pocs dies rebr\u00e0s la resposta. Experi\u00e8ncies realitzades amb aquest material: estem esperant les teves! * Per saber-ne m\u00e9s: GRIAE. Grup de recerca de ioga Ioga per millorar els resultats acad\u00e8mics Yoga en las escuelas Yoga en la escuela Y [&hellip;]<\/p>\n","protected":false},"author":1,"featured_media":0,"parent":8622,"menu_order":130,"comment_status":"closed","ping_status":"closed","template":"page-templates\/side-menu.php","meta":{"_bbp_topic_count":0,"_bbp_reply_count":0,"_bbp_total_topic_count":0,"_bbp_total_reply_count":0,"_bbp_voice_count":0,"_bbp_anonymous_reply_count":0,"_bbp_topic_count_hidden":0,"_bbp_reply_count_hidden":0,"_bbp_forum_subforum_count":0,"site-sidebar-layout":"default","site-content-layout":"","ast-site-content-layout":"","site-content-style":"default","site-sidebar-style":"default","ast-global-header-display":"","ast-banner-title-visibility":"","ast-main-header-display":"","ast-hfb-above-header-display":"","ast-hfb-below-header-display":"","ast-hfb-mobile-header-display":"","site-post-title":"","ast-breadcrumbs-content":"","ast-featured-img":"","footer-sml-layout":"","theme-transparent-header-meta":"","adv-header-id-meta":"","stick-header-meta":"","header-above-stick-meta":"","header-main-stick-meta":"","header-below-stick-meta":"","astra-migrate-meta-layouts":"default","ast-page-background-enabled":"default","ast-page-background-meta":{"desktop":{"background-color":"var(--ast-global-color-4)","background-image":"","background-repeat":"repeat","background-position":"center center","background-size":"auto","background-attachment":"scroll","background-type":"","background-media":"","overlay-type":"","overlay-color":"","overlay-opacity":"","overlay-gradient":""},"tablet":{"background-color":"","background-image":"","background-repeat":"repeat","background-position":"center center","background-size":"auto","background-attachment":"scroll","background-type":"","background-media":"","overlay-type":"","overlay-color":"","overlay-opacity":"","overlay-gradient":""},"mobile":{"background-color":"","background-image":"","background-repeat":"repeat","background-position":"center center","background-size":"auto","background-attachment":"scroll","background-type":"","background-media":"","overlay-type":"","overlay-color":"","overlay-opacity":"","overlay-gradient":""}},"ast-content-background-meta":{"desktop":{"background-color":"var(--ast-global-color-5)","background-image":"","background-repeat":"repeat","background-position":"center center","background-size":"auto","background-attachment":"scroll","background-type":"","background-media":"","overlay-type":"","overlay-color":"","overlay-opacity":"","overlay-gradient":""},"tablet":{"background-color":"var(--ast-global-color-5)","background-image":"","background-repeat":"repeat","background-position":"center center","background-size":"auto","background-attachment":"scroll","background-type":"","background-media":"","overlay-type":"","overlay-color":"","overlay-opacity":"","overlay-gradient":""},"mobile":{"background-color":"var(--ast-global-color-5)","background-image":"","background-repeat":"repeat","background-position":"center center","background-size":"auto","background-attachment":"scroll","background-type":"","background-media":"","overlay-type":"","overlay-color":"","overlay-opacity":"","overlay-gradient":""}},"footnotes":""},"class_list":["post-8762","page","type-page","status-publish","hentry"],"post_mailing_queue_ids":[],"_links":{"self":[{"href":"https:\/\/serveiseducatius.xtec.cat\/vallesoccidental5\/wp-json\/wp\/v2\/pages\/8762","targetHints":{"allow":["GET"]}}],"collection":[{"href":"https:\/\/serveiseducatius.xtec.cat\/vallesoccidental5\/wp-json\/wp\/v2\/pages"}],"about":[{"href":"https:\/\/serveiseducatius.xtec.cat\/vallesoccidental5\/wp-json\/wp\/v2\/types\/page"}],"author":[{"embeddable":true,"href":"https:\/\/serveiseducatius.xtec.cat\/vallesoccidental5\/wp-json\/wp\/v2\/users\/1"}],"replies":[{"embeddable":true,"href":"https:\/\/serveiseducatius.xtec.cat\/vallesoccidental5\/wp-json\/wp\/v2\/comments?post=8762"}],"version-history":[{"count":6,"href":"https:\/\/serveiseducatius.xtec.cat\/vallesoccidental5\/wp-json\/wp\/v2\/pages\/8762\/revisions"}],"predecessor-version":[{"id":15762,"href":"https:\/\/serveiseducatius.xtec.cat\/vallesoccidental5\/wp-json\/wp\/v2\/pages\/8762\/revisions\/15762"}],"up":[{"embeddable":true,"href":"https:\/\/serveiseducatius.xtec.cat\/vallesoccidental5\/wp-json\/wp\/v2\/pages\/8622"}],"wp:attachment":[{"href":"https:\/\/serveiseducatius.xtec.cat\/vallesoccidental5\/wp-json\/wp\/v2\/media?parent=8762"}],"curies":[{"name":"wp","href":"https:\/\/api.w.org\/{rel}","templated":true}]}}