{"id":8659,"date":"2017-03-12T11:42:32","date_gmt":"2017-03-12T10:42:32","guid":{"rendered":"http:\/\/serveiseducatius.xtec.cat\/vallesoccidental5\/?page_id=8659"},"modified":"2024-06-07T14:32:45","modified_gmt":"2024-06-07T12:32:45","slug":"comunicacio-augmentativa","status":"publish","type":"page","link":"https:\/\/serveiseducatius.xtec.cat\/vallesoccidental5\/maletes-pedagogiques-en-prestec\/comunicacio-augmentativa\/","title":{"rendered":"Comunicaci\u00f3 augmentativa"},"content":{"rendered":"<p class=\"Estilo1\" align=\"left\">Si vols demanar aquest material, has d&#8217;omplir el seg\u00fcent <a href=\"https:\/\/docs.google.com\/forms\/d\/e\/1FAIpQLSd-JL22gO92eBX0OsupCaOpFXogDOO3NGwM6xzCwv2bg95Dkg\/viewform\" target=\"_blank\" rel=\"noopener\"><span style=\"color: #ff0000;\"><strong>FORMULARI DE DEMANDA<\/strong><\/span><\/a>. Als pocs dies rebr\u00e0s la resposta<a href=\"http:\/\/goo.gl\/forms\/u7SeuMedod\"><br \/>\n<\/a><\/p>\n<p class=\"Estilo1\" align=\"left\">Experi\u00e8ncies amb aquest material:<br \/>\n<span style=\"color: #000000;\"><u><a href=\"https:\/\/prezi.com\/jva2ero20zr0\/ginys-per-lexpressio-oral\/\" target=\"_blank\" rel=\"noopener noreferrer\"><strong>Ginys per a l&#8217;expressi\u00f3 oral<\/strong><\/a><\/u><\/span><span style=\"color: #db5137;\"><u><a href=\"http:\/\/prezi.com\/_sg27ehzcrkz\/?utm_campaign=share&amp;utm_medium=copy&amp;rc=ex0share\" target=\"_blank\" rel=\"noopener noreferrer\"><br \/>\n<\/a><\/u><\/span><span style=\"color: #db5137;\"><u><a href=\"https:\/\/docs.google.com\/presentation\/d\/1LrUvEIfvZoEdBPKaVnVsQ4OM-e8uC9RyaLu1AQDkEBQ\/edit#slide=id.p\" target=\"_blank\" rel=\"noopener noreferrer\"><strong>Petites experi\u00e8ncies<\/strong><br \/>\n<strong>Ginys per a la compet\u00e8ncia comunicativa<\/strong><\/a><\/u><\/span><\/p>\n<p class=\"Estilo1\" align=\"left\">* Recorda, un cop acabat el pr\u00e9stec, omplir <a href=\"https:\/\/docs.google.com\/forms\/d\/e\/1FAIpQLScFguvonTNu1CZpPShgE-TNnZHTs_i4AnGGJnEmWnmLxsHVRQ\/viewform?c=0&amp;w=1\" target=\"_blank\" rel=\"noopener\"><span style=\"color: #ff0000;\"><strong>aquest formulari<\/strong><\/span><\/a><\/p>\n<table border=\"1\" align=\"center\">\n<tbody>\n<tr class=\"Estilo2\">\n<td width=\"166\">\n<div class=\"Estilo1\" align=\"center\"><span style=\"font-size: 10pt;\"><strong style=\"font-family: inherit;\">Material<\/strong><\/span><\/div>\n<\/td>\n<td width=\"423\">\n<div class=\"Estilo1 Estilo6\" align=\"center\">\n<div align=\"center\"><span style=\"font-size: 10pt;\"><strong>Descripci\u00f3<\/strong><\/span><\/div>\n<\/div>\n<\/td>\n<td width=\"102\">\n<div class=\"Estilo1\" align=\"center\">\n<div style=\"text-align: center;\" align=\"left\"><span style=\"font-size: 10pt;\"><strong>Imatge<\/strong><\/span><\/div>\n<\/div>\n<\/td>\n<\/tr>\n<tr class=\"Estilo2\">\n<td><span class=\"Estilo1\">\u00c0lbum de fotos<\/span><\/td>\n<td><span class=\"Estilo1\">\u00c0lbum de 30 p\u00e0gines intercanviables dinA5<\/span><\/td>\n<td>\n<div class=\"Estilo1\" align=\"center\"><a href=\"https:\/\/serveiseducatius.xtec.cat\/vallesoccidental5\/wp-content\/uploads\/usu1111\/2024\/03\/album.jpeg\"><img loading=\"lazy\" decoding=\"async\" class=\"aligncenter size-medium wp-image-14492\" src=\"https:\/\/serveiseducatius.xtec.cat\/vallesoccidental5\/wp-content\/uploads\/usu1111\/2024\/03\/album-300x225.jpeg\" alt=\"\" width=\"300\" height=\"225\" srcset=\"https:\/\/serveiseducatius.xtec.cat\/vallesoccidental5\/wp-content\/uploads\/usu1111\/2024\/03\/album-300x225.jpeg 300w, https:\/\/serveiseducatius.xtec.cat\/vallesoccidental5\/wp-content\/uploads\/usu1111\/2024\/03\/album-1024x768.jpeg 1024w, https:\/\/serveiseducatius.xtec.cat\/vallesoccidental5\/wp-content\/uploads\/usu1111\/2024\/03\/album-768x576.jpeg 768w, https:\/\/serveiseducatius.xtec.cat\/vallesoccidental5\/wp-content\/uploads\/usu1111\/2024\/03\/album-1536x1152.jpeg 1536w, https:\/\/serveiseducatius.xtec.cat\/vallesoccidental5\/wp-content\/uploads\/usu1111\/2024\/03\/album-200x150.jpeg 200w, https:\/\/serveiseducatius.xtec.cat\/vallesoccidental5\/wp-content\/uploads\/usu1111\/2024\/03\/album.jpeg 2016w\" sizes=\"auto, (max-width: 300px) 100vw, 300px\" \/><\/a><\/div>\n<\/td>\n<\/tr>\n<tr class=\"Estilo2\">\n<td>\u00c0lbum de fotos<\/td>\n<td>\u00c0lbums amb fulles esborrables dinA4<\/td>\n<td><a href=\"https:\/\/serveiseducatius.xtec.cat\/vallesoccidental5\/wp-content\/uploads\/usu1111\/2024\/03\/albumA4.jpeg\"><img loading=\"lazy\" decoding=\"async\" class=\"aligncenter size-medium wp-image-14493\" src=\"https:\/\/serveiseducatius.xtec.cat\/vallesoccidental5\/wp-content\/uploads\/usu1111\/2024\/03\/albumA4-300x225.jpeg\" alt=\"\" width=\"300\" height=\"225\" srcset=\"https:\/\/serveiseducatius.xtec.cat\/vallesoccidental5\/wp-content\/uploads\/usu1111\/2024\/03\/albumA4-300x225.jpeg 300w, https:\/\/serveiseducatius.xtec.cat\/vallesoccidental5\/wp-content\/uploads\/usu1111\/2024\/03\/albumA4-1024x768.jpeg 1024w, https:\/\/serveiseducatius.xtec.cat\/vallesoccidental5\/wp-content\/uploads\/usu1111\/2024\/03\/albumA4-768x576.jpeg 768w, https:\/\/serveiseducatius.xtec.cat\/vallesoccidental5\/wp-content\/uploads\/usu1111\/2024\/03\/albumA4-1536x1152.jpeg 1536w, https:\/\/serveiseducatius.xtec.cat\/vallesoccidental5\/wp-content\/uploads\/usu1111\/2024\/03\/albumA4-200x150.jpeg 200w, https:\/\/serveiseducatius.xtec.cat\/vallesoccidental5\/wp-content\/uploads\/usu1111\/2024\/03\/albumA4.jpeg 2016w\" sizes=\"auto, (max-width: 300px) 100vw, 300px\" \/><\/a><\/td>\n<\/tr>\n<tr class=\"Estilo2\">\n<td>Bigpoint<\/td>\n<td class=\"Estilo2\"><span class=\"Estilo1\">Giny de sobretaula amb 30&#8243; d&#8217;\u00e0udio<\/span><\/td>\n<td><a href=\"https:\/\/serveiseducatius.xtec.cat\/vallesoccidental5\/wp-content\/uploads\/usu1111\/2024\/06\/bigpoint.jpg\"><img loading=\"lazy\" decoding=\"async\" class=\"aligncenter size-full wp-image-15544\" src=\"https:\/\/serveiseducatius.xtec.cat\/vallesoccidental5\/wp-content\/uploads\/usu1111\/2024\/06\/bigpoint.jpg\" alt=\"\" width=\"600\" height=\"279\" srcset=\"https:\/\/serveiseducatius.xtec.cat\/vallesoccidental5\/wp-content\/uploads\/usu1111\/2024\/06\/bigpoint.jpg 600w, https:\/\/serveiseducatius.xtec.cat\/vallesoccidental5\/wp-content\/uploads\/usu1111\/2024\/06\/bigpoint-300x140.jpg 300w\" sizes=\"auto, (max-width: 600px) 100vw, 600px\" \/><\/a><\/td>\n<\/tr>\n<tr>\n<td><span class=\"Estilo1 Estilo5\">Caixes de colors<\/span><\/td>\n<td class=\"Estilo2\" height=\"23\"><span class=\"Estilo1\">Caixa amb 10&#8243; de gravaci\u00f3<\/span><\/td>\n<td><a href=\"https:\/\/serveiseducatius.xtec.cat\/vallesoccidental5\/wp-content\/uploads\/usu1111\/2024\/03\/caixescolors.jpeg\"><img loading=\"lazy\" decoding=\"async\" class=\"aligncenter size-medium wp-image-14489\" src=\"https:\/\/serveiseducatius.xtec.cat\/vallesoccidental5\/wp-content\/uploads\/usu1111\/2024\/03\/caixescolors-290x300.jpeg\" alt=\"\" width=\"290\" height=\"300\" srcset=\"https:\/\/serveiseducatius.xtec.cat\/vallesoccidental5\/wp-content\/uploads\/usu1111\/2024\/03\/caixescolors-290x300.jpeg 290w, https:\/\/serveiseducatius.xtec.cat\/vallesoccidental5\/wp-content\/uploads\/usu1111\/2024\/03\/caixescolors-991x1024.jpeg 991w, https:\/\/serveiseducatius.xtec.cat\/vallesoccidental5\/wp-content\/uploads\/usu1111\/2024\/03\/caixescolors-768x793.jpeg 768w, https:\/\/serveiseducatius.xtec.cat\/vallesoccidental5\/wp-content\/uploads\/usu1111\/2024\/03\/caixescolors.jpeg 1460w\" sizes=\"auto, (max-width: 290px) 100vw, 290px\" \/><\/a><\/td>\n<\/tr>\n<tr>\n<td><span class=\"Estilo1 Estilo5\">Pinces<\/span><\/td>\n<td class=\"Estilo2\" height=\"34\">Pinces enregistrables amb 10&#8243; d&#8217;\u00e0udio<\/td>\n<td width=\"102\" height=\"34\"><a href=\"https:\/\/serveiseducatius.xtec.cat\/vallesoccidental5\/wp-content\/uploads\/usu1111\/2024\/03\/pincesCA-scaled.jpg\"><img loading=\"lazy\" decoding=\"async\" class=\"aligncenter size-medium wp-image-14487\" src=\"https:\/\/serveiseducatius.xtec.cat\/vallesoccidental5\/wp-content\/uploads\/usu1111\/2024\/03\/pincesCA-300x225.jpg\" alt=\"\" width=\"300\" height=\"225\" srcset=\"https:\/\/serveiseducatius.xtec.cat\/vallesoccidental5\/wp-content\/uploads\/usu1111\/2024\/03\/pincesCA-300x225.jpg 300w, https:\/\/serveiseducatius.xtec.cat\/vallesoccidental5\/wp-content\/uploads\/usu1111\/2024\/03\/pincesCA-1024x768.jpg 1024w, https:\/\/serveiseducatius.xtec.cat\/vallesoccidental5\/wp-content\/uploads\/usu1111\/2024\/03\/pincesCA-768x576.jpg 768w, https:\/\/serveiseducatius.xtec.cat\/vallesoccidental5\/wp-content\/uploads\/usu1111\/2024\/03\/pincesCA-1536x1152.jpg 1536w, https:\/\/serveiseducatius.xtec.cat\/vallesoccidental5\/wp-content\/uploads\/usu1111\/2024\/03\/pincesCA-2048x1536.jpg 2048w, https:\/\/serveiseducatius.xtec.cat\/vallesoccidental5\/wp-content\/uploads\/usu1111\/2024\/03\/pincesCA-200x150.jpg 200w\" sizes=\"auto, (max-width: 300px) 100vw, 300px\" \/><\/a><\/td>\n<\/tr>\n<tr>\n<td><span class=\"Estilo1 Estilo5\">Talk point 10&#8243;<\/span><\/td>\n<td class=\"Estilo2\" height=\"38\"><span class=\"Estilo1\">Ginys de sobretaula o paret (bluetack) amb 10 segons d&#8217;\u00e0udio<\/span><\/td>\n<td width=\"102\" height=\"38\">\n<p class=\"Estilo1\" align=\"center\"><a href=\"https:\/\/serveiseducatius.xtec.cat\/vallesoccidental5\/wp-content\/uploads\/usu1111\/2024\/03\/caixes-scaled.jpg\"><img loading=\"lazy\" decoding=\"async\" class=\"aligncenter size-full wp-image-14486\" src=\"https:\/\/serveiseducatius.xtec.cat\/vallesoccidental5\/wp-content\/uploads\/usu1111\/2024\/03\/caixes-scaled.jpg\" alt=\"\" width=\"2560\" height=\"1920\" srcset=\"https:\/\/serveiseducatius.xtec.cat\/vallesoccidental5\/wp-content\/uploads\/usu1111\/2024\/03\/caixes-scaled.jpg 2560w, https:\/\/serveiseducatius.xtec.cat\/vallesoccidental5\/wp-content\/uploads\/usu1111\/2024\/03\/caixes-300x225.jpg 300w, https:\/\/serveiseducatius.xtec.cat\/vallesoccidental5\/wp-content\/uploads\/usu1111\/2024\/03\/caixes-1024x768.jpg 1024w, https:\/\/serveiseducatius.xtec.cat\/vallesoccidental5\/wp-content\/uploads\/usu1111\/2024\/03\/caixes-768x576.jpg 768w, https:\/\/serveiseducatius.xtec.cat\/vallesoccidental5\/wp-content\/uploads\/usu1111\/2024\/03\/caixes-1536x1152.jpg 1536w, https:\/\/serveiseducatius.xtec.cat\/vallesoccidental5\/wp-content\/uploads\/usu1111\/2024\/03\/caixes-2048x1536.jpg 2048w, https:\/\/serveiseducatius.xtec.cat\/vallesoccidental5\/wp-content\/uploads\/usu1111\/2024\/03\/caixes-200x150.jpg 200w\" sizes=\"auto, (max-width: 2560px) 100vw, 2560px\" \/><\/a><\/p>\n<\/td>\n<\/tr>\n<tr class=\"Estilo2\">\n<td><span class=\"Estilo1 Estilo5\">Talk point 30&#8243; negres<\/span><\/td>\n<td><span class=\"Estilo1\">Gyns de sobretaula o paret (bluetack) amb 30 segons d&#8217;\u00e0udio<\/span><\/td>\n<td><a href=\"https:\/\/serveiseducatius.xtec.cat\/vallesoccidental5\/wp-content\/uploads\/usu1111\/2024\/03\/caixes-scaled.jpg\"><img loading=\"lazy\" decoding=\"async\" class=\"size-medium wp-image-14486 aligncenter\" src=\"https:\/\/serveiseducatius.xtec.cat\/vallesoccidental5\/wp-content\/uploads\/usu1111\/2024\/03\/caixes-300x225.jpg\" alt=\"\" width=\"300\" height=\"225\" srcset=\"https:\/\/serveiseducatius.xtec.cat\/vallesoccidental5\/wp-content\/uploads\/usu1111\/2024\/03\/caixes-300x225.jpg 300w, https:\/\/serveiseducatius.xtec.cat\/vallesoccidental5\/wp-content\/uploads\/usu1111\/2024\/03\/caixes-1024x768.jpg 1024w, https:\/\/serveiseducatius.xtec.cat\/vallesoccidental5\/wp-content\/uploads\/usu1111\/2024\/03\/caixes-768x576.jpg 768w, https:\/\/serveiseducatius.xtec.cat\/vallesoccidental5\/wp-content\/uploads\/usu1111\/2024\/03\/caixes-1536x1152.jpg 1536w, https:\/\/serveiseducatius.xtec.cat\/vallesoccidental5\/wp-content\/uploads\/usu1111\/2024\/03\/caixes-2048x1536.jpg 2048w, https:\/\/serveiseducatius.xtec.cat\/vallesoccidental5\/wp-content\/uploads\/usu1111\/2024\/03\/caixes-200x150.jpg 200w\" sizes=\"auto, (max-width: 300px) 100vw, 300px\" \/><\/a><\/td>\n<\/tr>\n<\/tbody>\n<\/table>\n<p class=\"Estilo2\" align=\"center\"><a href=\"https:\/\/docs.google.com\/forms\/d\/e\/1FAIpQLScFguvonTNu1CZpPShgE-TNnZHTs_i4AnGGJnEmWnmLxsHVRQ\/viewform?c=0&amp;w=1\"><span style=\"color: #ff0000;\"><strong>FORMULARI A OMPLIR EN ACABAR EL PR\u00c9STEC<\/strong><\/span><\/a><\/p>\n<p align=\"center\">\n","protected":false},"excerpt":{"rendered":"<p>Si vols demanar aquest material, has d&#8217;omplir el seg\u00fcent FORMULARI DE DEMANDA. Als pocs dies rebr\u00e0s la resposta Experi\u00e8ncies amb aquest material: Ginys per a l&#8217;expressi\u00f3 oral Petites experi\u00e8ncies Ginys per a la compet\u00e8ncia comunicativa * Recorda, un cop acabat el pr\u00e9stec, omplir aquest formulari Material Descripci\u00f3 Imatge \u00c0lbum de fotos \u00c0lbum de 30 p\u00e0gines [&hellip;]<\/p>\n","protected":false},"author":1,"featured_media":0,"parent":8622,"menu_order":70,"comment_status":"closed","ping_status":"closed","template":"page-templates\/side-menu.php","meta":{"_bbp_topic_count":0,"_bbp_reply_count":0,"_bbp_total_topic_count":0,"_bbp_total_reply_count":0,"_bbp_voice_count":0,"_bbp_anonymous_reply_count":0,"_bbp_topic_count_hidden":0,"_bbp_reply_count_hidden":0,"_bbp_forum_subforum_count":0,"site-sidebar-layout":"default","site-content-layout":"","ast-site-content-layout":"","site-content-style":"default","site-sidebar-style":"default","ast-global-header-display":"","ast-banner-title-visibility":"","ast-main-header-display":"","ast-hfb-above-header-display":"","ast-hfb-below-header-display":"","ast-hfb-mobile-header-display":"","site-post-title":"","ast-breadcrumbs-content":"","ast-featured-img":"","footer-sml-layout":"","theme-transparent-header-meta":"","adv-header-id-meta":"","stick-header-meta":"","header-above-stick-meta":"","header-main-stick-meta":"","header-below-stick-meta":"","astra-migrate-meta-layouts":"default","ast-page-background-enabled":"default","ast-page-background-meta":{"desktop":{"background-color":"var(--ast-global-color-4)","background-image":"","background-repeat":"repeat","background-position":"center center","background-size":"auto","background-attachment":"scroll","background-type":"","background-media":"","overlay-type":"","overlay-color":"","overlay-opacity":"","overlay-gradient":""},"tablet":{"background-color":"","background-image":"","background-repeat":"repeat","background-position":"center center","background-size":"auto","background-attachment":"scroll","background-type":"","background-media":"","overlay-type":"","overlay-color":"","overlay-opacity":"","overlay-gradient":""},"mobile":{"background-color":"","background-image":"","background-repeat":"repeat","background-position":"center center","background-size":"auto","background-attachment":"scroll","background-type":"","background-media":"","overlay-type":"","overlay-color":"","overlay-opacity":"","overlay-gradient":""}},"ast-content-background-meta":{"desktop":{"background-color":"var(--ast-global-color-5)","background-image":"","background-repeat":"repeat","background-position":"center center","background-size":"auto","background-attachment":"scroll","background-type":"","background-media":"","overlay-type":"","overlay-color":"","overlay-opacity":"","overlay-gradient":""},"tablet":{"background-color":"var(--ast-global-color-5)","background-image":"","background-repeat":"repeat","background-position":"center center","background-size":"auto","background-attachment":"scroll","background-type":"","background-media":"","overlay-type":"","overlay-color":"","overlay-opacity":"","overlay-gradient":""},"mobile":{"background-color":"var(--ast-global-color-5)","background-image":"","background-repeat":"repeat","background-position":"center center","background-size":"auto","background-attachment":"scroll","background-type":"","background-media":"","overlay-type":"","overlay-color":"","overlay-opacity":"","overlay-gradient":""}},"footnotes":""},"class_list":["post-8659","page","type-page","status-publish","hentry"],"post_mailing_queue_ids":[],"_links":{"self":[{"href":"https:\/\/serveiseducatius.xtec.cat\/vallesoccidental5\/wp-json\/wp\/v2\/pages\/8659","targetHints":{"allow":["GET"]}}],"collection":[{"href":"https:\/\/serveiseducatius.xtec.cat\/vallesoccidental5\/wp-json\/wp\/v2\/pages"}],"about":[{"href":"https:\/\/serveiseducatius.xtec.cat\/vallesoccidental5\/wp-json\/wp\/v2\/types\/page"}],"author":[{"embeddable":true,"href":"https:\/\/serveiseducatius.xtec.cat\/vallesoccidental5\/wp-json\/wp\/v2\/users\/1"}],"replies":[{"embeddable":true,"href":"https:\/\/serveiseducatius.xtec.cat\/vallesoccidental5\/wp-json\/wp\/v2\/comments?post=8659"}],"version-history":[{"count":6,"href":"https:\/\/serveiseducatius.xtec.cat\/vallesoccidental5\/wp-json\/wp\/v2\/pages\/8659\/revisions"}],"predecessor-version":[{"id":15546,"href":"https:\/\/serveiseducatius.xtec.cat\/vallesoccidental5\/wp-json\/wp\/v2\/pages\/8659\/revisions\/15546"}],"up":[{"embeddable":true,"href":"https:\/\/serveiseducatius.xtec.cat\/vallesoccidental5\/wp-json\/wp\/v2\/pages\/8622"}],"wp:attachment":[{"href":"https:\/\/serveiseducatius.xtec.cat\/vallesoccidental5\/wp-json\/wp\/v2\/media?parent=8659"}],"curies":[{"name":"wp","href":"https:\/\/api.w.org\/{rel}","templated":true}]}}