{"id":8656,"date":"2017-03-12T11:40:29","date_gmt":"2017-03-12T10:40:29","guid":{"rendered":"http:\/\/serveiseducatius.xtec.cat\/vallesoccidental5\/?page_id=8656"},"modified":"2024-09-13T13:12:36","modified_gmt":"2024-09-13T11:12:36","slug":"exp-artistica","status":"publish","type":"page","link":"https:\/\/serveiseducatius.xtec.cat\/vallesoccidental5\/maletes-pedagogiques-en-prestec\/exp-artistica\/","title":{"rendered":"Expressi\u00f3 art\u00edstica"},"content":{"rendered":"<h3 style=\"text-align: center;\"><em><strong>BASTONS &#8211; BALL DE BASTONS <a href=\"https:\/\/serveiseducatius.xtec.cat\/vallesoccidental5\/wp-content\/uploads\/usu1111\/2024\/09\/bastons2.jpg\"><img loading=\"lazy\" decoding=\"async\" class=\" wp-image-15587 alignleft\" src=\"https:\/\/serveiseducatius.xtec.cat\/vallesoccidental5\/wp-content\/uploads\/usu1111\/2024\/09\/bastons2.jpg\" alt=\"\" width=\"231\" height=\"231\" srcset=\"https:\/\/serveiseducatius.xtec.cat\/vallesoccidental5\/wp-content\/uploads\/usu1111\/2024\/09\/bastons2.jpg 400w, https:\/\/serveiseducatius.xtec.cat\/vallesoccidental5\/wp-content\/uploads\/usu1111\/2024\/09\/bastons2-300x300.jpg 300w, https:\/\/serveiseducatius.xtec.cat\/vallesoccidental5\/wp-content\/uploads\/usu1111\/2024\/09\/bastons2-150x150.jpg 150w\" sizes=\"auto, (max-width: 231px) 100vw, 231px\" \/><\/a><\/strong><\/em><\/h3>\n<p>&nbsp;<\/p>\n<p>Tenim a la vostra disposici\u00f3 <span style=\"text-decoration: underline;\"><strong>15 parells<\/strong><\/span> de bastons de mida mitjana per tal de poder fer BALL DE BASTONS. Aquesta mida va molt b\u00e9 <span style=\"font-family: inherit; font-size: 1em;\">des de 3r de Prim\u00e0ria fins a Secund\u00e0ria.<\/span><\/p>\n<p>Per tal de fer la reserva d&#8217;aquest material cal que ompliu el <a href=\"https:\/\/forms.gle\/BQxTxvmMzDeEieBAA\" target=\"_blank\" rel=\"noopener\"><span style=\"color: #ff0000;\"><strong><span style=\"font-size: 12pt;\">FORMULARI de DEMANDA.<\/span><\/strong><\/span><\/a><\/p>\n<p>Recordeu que al finalitzar el pr\u00e9stec, haureu d&#8217;omplir aquest <a href=\"https:\/\/forms.gle\/9RiDJ83Bg6Zj24oj7\" target=\"_blank\" rel=\"noopener\"><span style=\"color: #ff0000;\"><strong><span style=\"font-size: 12pt;\">FORMULARI de VALORACI\u00d3<\/span><\/strong><\/span><\/a>\u00a0on es recolliran les vostres experi\u00e8ncies que podrem compartir al nostre web.<\/p>\n<p>&nbsp;<\/p>\n<table style=\"border-collapse: collapse; width: 100%;\">\n<tbody>\n<tr>\n<td style=\"width: 50%;\"><a href=\"https:\/\/serveiseducatius.xtec.cat\/vallesoccidental5\/wp-content\/uploads\/usu1111\/2024\/09\/WhatsApp-Image-2024-09-13-at-11.53.40.jpeg\"><img loading=\"lazy\" decoding=\"async\" class=\"aligncenter wp-image-15581\" src=\"https:\/\/serveiseducatius.xtec.cat\/vallesoccidental5\/wp-content\/uploads\/usu1111\/2024\/09\/WhatsApp-Image-2024-09-13-at-11.53.40.jpeg\" alt=\"\" width=\"454\" height=\"340\" srcset=\"https:\/\/serveiseducatius.xtec.cat\/vallesoccidental5\/wp-content\/uploads\/usu1111\/2024\/09\/WhatsApp-Image-2024-09-13-at-11.53.40.jpeg 800w, https:\/\/serveiseducatius.xtec.cat\/vallesoccidental5\/wp-content\/uploads\/usu1111\/2024\/09\/WhatsApp-Image-2024-09-13-at-11.53.40-300x225.jpeg 300w, https:\/\/serveiseducatius.xtec.cat\/vallesoccidental5\/wp-content\/uploads\/usu1111\/2024\/09\/WhatsApp-Image-2024-09-13-at-11.53.40-768x576.jpeg 768w, https:\/\/serveiseducatius.xtec.cat\/vallesoccidental5\/wp-content\/uploads\/usu1111\/2024\/09\/WhatsApp-Image-2024-09-13-at-11.53.40-200x150.jpeg 200w\" sizes=\"auto, (max-width: 454px) 100vw, 454px\" \/><\/a><\/td>\n<td style=\"width: 50%;\"><a href=\"https:\/\/serveiseducatius.xtec.cat\/vallesoccidental5\/wp-content\/uploads\/usu1111\/2024\/09\/WhatsApp-Image-2024-09-13-at-11.53.40-1.jpeg\"><img loading=\"lazy\" decoding=\"async\" class=\"aligncenter wp-image-15580\" src=\"https:\/\/serveiseducatius.xtec.cat\/vallesoccidental5\/wp-content\/uploads\/usu1111\/2024\/09\/WhatsApp-Image-2024-09-13-at-11.53.40-1.jpeg\" alt=\"\" width=\"390\" height=\"292\" srcset=\"https:\/\/serveiseducatius.xtec.cat\/vallesoccidental5\/wp-content\/uploads\/usu1111\/2024\/09\/WhatsApp-Image-2024-09-13-at-11.53.40-1.jpeg 800w, https:\/\/serveiseducatius.xtec.cat\/vallesoccidental5\/wp-content\/uploads\/usu1111\/2024\/09\/WhatsApp-Image-2024-09-13-at-11.53.40-1-300x225.jpeg 300w, https:\/\/serveiseducatius.xtec.cat\/vallesoccidental5\/wp-content\/uploads\/usu1111\/2024\/09\/WhatsApp-Image-2024-09-13-at-11.53.40-1-768x576.jpeg 768w, https:\/\/serveiseducatius.xtec.cat\/vallesoccidental5\/wp-content\/uploads\/usu1111\/2024\/09\/WhatsApp-Image-2024-09-13-at-11.53.40-1-200x150.jpeg 200w\" sizes=\"auto, (max-width: 390px) 100vw, 390px\" \/><\/a><\/td>\n<\/tr>\n<\/tbody>\n<\/table>\n<p>&nbsp;<\/p>\n<p>&nbsp;<\/p>\n<p>AQUESTS S\u00d3N ELS RECURSOS QUE PODEM OFERIR DE:<\/p>\n<p>&nbsp;<\/p>\n<table style=\"height: 626px; width: 79.2052%;\" border=\"0\" width=\"700\" align=\"center\">\n<tbody>\n<tr style=\"height: 200px;\">\n<td style=\"height: 200px; width: 20.2027%;\">\n<div class=\"Estilo1\" align=\"center\"><span style=\"font-size: 14pt;\"><strong>EXPRESS ART<\/strong><\/span><\/div>\n<div align=\"center\"><\/div>\n<\/td>\n<td style=\"height: 200px; width: 29.0831%;\">\n<div align=\"center\"><a href=\"https:\/\/serveiseducatius.xtec.cat\/vallesoccidental5\/wp-content\/uploads\/usu1111\/2023\/09\/ExpressARt.png\"><img loading=\"lazy\" decoding=\"async\" class=\"alignnone size-full wp-image-14207\" src=\"https:\/\/serveiseducatius.xtec.cat\/vallesoccidental5\/wp-content\/uploads\/usu1111\/2023\/09\/ExpressARt.png\" alt=\"\" width=\"349\" height=\"319\" srcset=\"https:\/\/serveiseducatius.xtec.cat\/vallesoccidental5\/wp-content\/uploads\/usu1111\/2023\/09\/ExpressARt.png 349w, https:\/\/serveiseducatius.xtec.cat\/vallesoccidental5\/wp-content\/uploads\/usu1111\/2023\/09\/ExpressARt-300x274.png 300w\" sizes=\"auto, (max-width: 349px) 100vw, 349px\" \/><\/a><\/div>\n<\/td>\n<td style=\"height: 200px; width: 96.9174%;\">\n<p class=\"Estilo1\" align=\"center\"><span style=\"font-size: 12pt;\"><a href=\"http:\/\/www.xtec.cat\/crp-cerdanyola\/Prestec\/Ex.%20Artistica\/expressart.html\" target=\"_blank\" rel=\"noopener noreferrer\">Informaci\u00f3<\/a><\/span><\/p>\n<p class=\"Estilo1\" align=\"center\"><span style=\"font-size: 12pt;\"><a href=\"http:\/\/www.macba.cat\/ca\/recursos-descarregables-expressart\" target=\"_blank\" rel=\"noopener noreferrer\">Recursos descarregables<\/a><\/span><\/p>\n<p class=\"Estilo1\" align=\"center\"><span style=\"font-size: 12pt;\"><a href=\"http:\/\/www.macba.cat\/press\/expressart\" target=\"_blank\" rel=\"noopener noreferrer\">CD interactiu<\/a><\/span><\/p>\n<p class=\"Estilo1\" align=\"center\"><span style=\"font-size: 12pt;\"><a href=\"http:\/\/plastiquem.blogspot.com.es\/p\/projecte-expressart_26.html\" target=\"_blank\" rel=\"noopener noreferrer\">Experi\u00e8ncies<\/a><\/span><\/p>\n<\/td>\n<\/tr>\n<tr style=\"height: 762px;\">\n<td style=\"height: 10px; width: 20.2027%;\">\n<div align=\"center\"><span class=\"Estilo1\" style=\"font-size: 14pt;\"><strong>DAN DAN DANSA<\/strong><\/span><\/div>\n<\/td>\n<td style=\"height: 10px; width: 29.0831%;\">\n<div align=\"center\"><a href=\"https:\/\/serveiseducatius.xtec.cat\/vallesoccidental5\/wp-content\/uploads\/usu1111\/2024\/03\/dan-dan-dansa.jpg\"><img loading=\"lazy\" decoding=\"async\" class=\"aligncenter size-medium wp-image-14626\" src=\"https:\/\/serveiseducatius.xtec.cat\/vallesoccidental5\/wp-content\/uploads\/usu1111\/2024\/03\/dan-dan-dansa-300x224.jpg\" alt=\"\" width=\"300\" height=\"224\" srcset=\"https:\/\/serveiseducatius.xtec.cat\/vallesoccidental5\/wp-content\/uploads\/usu1111\/2024\/03\/dan-dan-dansa-300x224.jpg 300w, https:\/\/serveiseducatius.xtec.cat\/vallesoccidental5\/wp-content\/uploads\/usu1111\/2024\/03\/dan-dan-dansa-200x150.jpg 200w, https:\/\/serveiseducatius.xtec.cat\/vallesoccidental5\/wp-content\/uploads\/usu1111\/2024\/03\/dan-dan-dansa.jpg 532w\" sizes=\"auto, (max-width: 300px) 100vw, 300px\" \/><\/a><\/div>\n<p>&nbsp;<\/p>\n<div align=\"center\"><\/div>\n<div align=\"center\"><\/div>\n<div align=\"center\"><a href=\"https:\/\/serveiseducatius.xtec.cat\/vallesoccidental5\/wp-content\/uploads\/usu1111\/2023\/09\/Dan-Dan-Dansa2.png\"><img loading=\"lazy\" decoding=\"async\" class=\"alignnone wp-image-14209\" src=\"https:\/\/serveiseducatius.xtec.cat\/vallesoccidental5\/wp-content\/uploads\/usu1111\/2023\/09\/Dan-Dan-Dansa2.png\" alt=\"\" width=\"291\" height=\"263\" srcset=\"https:\/\/serveiseducatius.xtec.cat\/vallesoccidental5\/wp-content\/uploads\/usu1111\/2023\/09\/Dan-Dan-Dansa2.png 541w, https:\/\/serveiseducatius.xtec.cat\/vallesoccidental5\/wp-content\/uploads\/usu1111\/2023\/09\/Dan-Dan-Dansa2-300x271.png 300w\" sizes=\"auto, (max-width: 291px) 100vw, 291px\" \/><\/a><\/div>\n<\/td>\n<td style=\"height: 10px; width: 96.9174%;\">\n<div align=\"center\">\n<p class=\"Estilo1\"><span style=\"font-size: 12pt;\"><a href=\"http:\/\/www.xtec.cat\/crp-cerdanyola\/Prestec\/Ex.%20Artistica\/dandandansa.html\" target=\"_blank\" rel=\"noopener noreferrer\">Informaci\u00f3<\/a><\/span><\/p>\n<p class=\"Estilo1\"><iframe loading=\"lazy\" src=\"https:\/\/www.youtube.com\/embed\/RDJTtrmJ9W0\" width=\"320\" height=\"180\" frameborder=\"0\" allowfullscreen=\"allowfullscreen\"><\/iframe><\/p>\n<p class=\"Estilo1\"><span style=\"font-size: 12pt;\"><a href=\"http:\/\/mercatflors.cat\/mes-recursos-2017-18\/\" target=\"_blank\" rel=\"noopener noreferrer\">Versi\u00f3 online<\/a><\/span><\/p>\n<p style=\"text-align: left;\">Des de fa uns mesos el\u00a0<strong>programa CaixaEscena<\/strong>\u00a0ha estat col\u00b7laborant amb Dan Dan Dansa per aportar el contingut i metodologia del projecte del Mercat de les Flors\u00a0<strong>a la seva plataforma on-line<\/strong>\u00a0per poder oferir-lo a\u00a0<strong>mestres d&#8217;Educaci\u00f3 Infantil i Prim\u00e0ria<\/strong>.<br \/>\nEls docents poden accedir a Dan Dan Dansa a trav\u00e9s del portal\u00a0<a href=\"http:\/\/www.caixaescena.org\/ca\/per-a-professors\" target=\"_blank\" rel=\"noopener noreferrer\">www.caixaescena.org<\/a>\u00a0(cal registrar-se a l&#8217;\u00e0rea privada) i compartir l&#8217;experi\u00e8ncia del moviment a l&#8217;aula amb els seus alumnes.<\/p>\n<p style=\"text-align: left;\">A trav\u00e9s d&#8217;aquest recurs, els alumnes podran aprendre a generar un di\u00e0leg amb el propi cos, a escoltar-lo; con\u00e8ixer les pr\u00f2pies possibilitats de moviment: to, respiraci\u00f3, relaxaci\u00f3, mobilitat, expressi\u00f3, l\u00edmits, equilibri, actitud i postura corporal; descobrir nous moviments, experimentar noves sensacions. En definitiva,\u00a0<strong>adquirir consci\u00e8ncia corporal<\/strong>.<\/p>\n<\/div>\n<\/td>\n<\/tr>\n<tr style=\"height: 429px;\">\n<td style=\"width: 20.2027%; height: 416px;\">\n<div align=\"center\"><span class=\"Estilo1\"><strong><span style=\"font-size: 14pt;\">7 de CINEMA<\/span><br \/>\n<\/strong><\/span><\/div>\n<\/td>\n<td style=\"width: 29.0831%; height: 416px;\">\n<div align=\"center\"><a href=\"https:\/\/serveiseducatius.xtec.cat\/vallesoccidental5\/wp-content\/uploads\/usu1111\/2018\/10\/img_6824_x_web.jpg\"><img loading=\"lazy\" decoding=\"async\" class=\"alignnone wp-image-10980\" src=\"https:\/\/serveiseducatius.xtec.cat\/vallesoccidental5\/wp-content\/uploads\/usu1111\/2018\/10\/img_6824_x_web.jpg\" alt=\"\" width=\"260\" height=\"349\" srcset=\"https:\/\/serveiseducatius.xtec.cat\/vallesoccidental5\/wp-content\/uploads\/usu1111\/2018\/10\/img_6824_x_web.jpg 476w, https:\/\/serveiseducatius.xtec.cat\/vallesoccidental5\/wp-content\/uploads\/usu1111\/2018\/10\/img_6824_x_web-223x300.jpg 223w\" sizes=\"auto, (max-width: 260px) 100vw, 260px\" \/><\/a><\/div>\n<div align=\"center\"><\/div>\n<div align=\"center\"><a href=\"https:\/\/serveiseducatius.xtec.cat\/vallesoccidental5\/wp-content\/uploads\/usu1111\/2018\/10\/160211_serveis-educatius_maleta-7-de-cine2_x_web.jpg\"><img loading=\"lazy\" decoding=\"async\" class=\"alignnone wp-image-10981\" src=\"https:\/\/serveiseducatius.xtec.cat\/vallesoccidental5\/wp-content\/uploads\/usu1111\/2018\/10\/160211_serveis-educatius_maleta-7-de-cine2_x_web.jpg\" alt=\"\" width=\"239\" height=\"159\" srcset=\"https:\/\/serveiseducatius.xtec.cat\/vallesoccidental5\/wp-content\/uploads\/usu1111\/2018\/10\/160211_serveis-educatius_maleta-7-de-cine2_x_web.jpg 640w, https:\/\/serveiseducatius.xtec.cat\/vallesoccidental5\/wp-content\/uploads\/usu1111\/2018\/10\/160211_serveis-educatius_maleta-7-de-cine2_x_web-300x200.jpg 300w\" sizes=\"auto, (max-width: 239px) 100vw, 239px\" \/><\/a><\/div>\n<\/td>\n<td style=\"width: 96.9174%; vertical-align: top; height: 416px;\">\n<div align=\"center\">\n<p style=\"text-align: justify;\">Aquest curs 18-19 disposem de la maleta did\u00e0ctica <a href=\"http:\/\/www.filmoteca.cat\/web\/contingut\/maletes-didactiques-7-de-cinema-secundaria-i-batxillerat\" target=\"_blank\" rel=\"noopener\"><em><strong><span style=\"font-size: 12pt;\">7 de CINEMA<\/span><\/strong><\/em><\/a> de la <a href=\"http:\/\/www.filmoteca.cat\/web\/serveis-educatius\" target=\"_blank\" rel=\"noopener\">Filmoteca de Catalunya<\/a>.<\/p>\n<p style=\"text-align: justify;\">Aquesta maleta us permetr\u00e0 treballar el cinema a l\u2019aula amb els vostres alumnes, experimentar qu\u00e8 \u00e9s i com es fa el cinema, i integrar la cultura cinematogr\u00e0fica en el curr\u00edculum educatiu.<\/p>\n<p style=\"text-align: justify;\">Les maletes estan pensades per ser\u00a0<strong>utilitzades de manera aut\u00f2noma<\/strong>, i per aix\u00f2 inclouen una guia did\u00e0ctica i diferents objectes, recursos i aparells que us permetran organitzar les activitats de les maletes de la manera que considereu m\u00e9s convenient.<\/p>\n<p style=\"text-align: justify;\">La maleta 7 de cinema est\u00e0 dirigida a nois i noies de les etapes d&#8217;ESO i\u00a0 Batxillerat i es divideixen en tres sales cinematogr\u00e0fiques:<\/p>\n<ul style=\"text-align: justify;\">\n<li style=\"text-align: left;\">Sala 1.T\u00e8cnica. De qu\u00e8 est\u00e0 fet el set\u00e8 art?<\/li>\n<li style=\"text-align: left;\">Sala 2. Creativitat. Com es narren les hist\u00f2ries?<\/li>\n<li style=\"text-align: left;\">Sala 3. Acci\u00f3! Qui fa les pel\u00b7l\u00edcules?<\/li>\n<\/ul>\n<p style=\"text-align: left;\">Cada sala cinematogr\u00e0fica est\u00e0 estructurada en 4<br \/>\nactivitats independents que permeten tra\u00e7ar un<br \/>\nrecorregut parcial o complert, segons els interessos<br \/>\nde cada mestre i grup-classe. Aquest funcionament i distribuci\u00f3 de les activitats per sales cinematogr\u00e0fiques est\u00e0 molt ben explicat en la <span style=\"font-size: 12pt;\"><a href=\"http:\/\/www.filmoteca.cat\/web\/sites\/default\/files\/guia_didactica_7_de_cinema.pdf\" target=\"_blank\" rel=\"noopener\">guia did\u00e0ctca.<\/a><\/span><\/p>\n<p style=\"text-align: left;\">Gaudiu de la maleta!\u00a0<em>SILENCI i&#8230;ACCI\u00d3!<\/em><\/p>\n<\/div>\n<\/td>\n<\/tr>\n<\/tbody>\n<\/table>\n<p align=\"center\">* Si voleu demanar aquest material, heu d&#8217;omplir el seg\u00fcent <a href=\"https:\/\/docs.google.com\/forms\/d\/1kHqlq8ZTKET_IVmNK6bpr261ElUOZpq6J5zPtd64U1s\/edit\" target=\"_blank\" rel=\"noopener\"><span style=\"color: #ff0000;\"><strong>FORMULARI DE DEMANDA<\/strong><\/span><\/a><a href=\"https:\/\/docs.google.com\/forms\/d\/e\/1FAIpQLSdOIpW4EjXSc_3iC8UgvqAw704AcARNKbNvNw8fPLvNv7zj-A\/viewform\"><strong>.<\/strong><\/a> Als pocs dies rebreu la resposta.<br \/>\n<a href=\"http:\/\/goo.gl\/forms\/u7SeuMedod\"><br \/>\n<\/a>* I recorda&#8230; un cop acabat el pr\u00e9stec, haureu d&#8217;omplir <a href=\"https:\/\/docs.google.com\/forms\/d\/e\/1FAIpQLScFguvonTNu1CZpPShgE-TNnZHTs_i4AnGGJnEmWnmLxsHVRQ\/viewform?c=0&amp;w=1\" target=\"_blank\" rel=\"noopener\"><span style=\"color: #ff0000;\"><strong>aquest formular<\/strong>i!<\/span><\/a><\/p>\n<p class=\"Estilo2\" align=\"center\"><a href=\"https:\/\/forms.gle\/Dksd5ZGi4HVXqpwi6\" target=\"_blank\" rel=\"noopener\"><strong><span class=\"Estilo1\">FORMULARI A OMPLIR EN ACABAR EL PR\u00c8STEC<\/span><\/strong><\/a><\/p>\n<p>&nbsp;<\/p>\n<p>&nbsp;<\/p>\n<p>&nbsp;<\/p>\n<p>&nbsp;<\/p>\n","protected":false},"excerpt":{"rendered":"<p>BASTONS &#8211; BALL DE BASTONS &nbsp; Tenim a la vostra disposici\u00f3 15 parells de bastons de mida mitjana per tal de poder fer BALL DE BASTONS. Aquesta mida va molt b\u00e9 des de 3r de Prim\u00e0ria fins a Secund\u00e0ria. Per tal de fer la reserva d&#8217;aquest material cal que ompliu el FORMULARI de DEMANDA. Recordeu [&hellip;]<\/p>\n","protected":false},"author":1,"featured_media":0,"parent":8622,"menu_order":100,"comment_status":"closed","ping_status":"closed","template":"page-templates\/side-menu.php","meta":{"_bbp_topic_count":0,"_bbp_reply_count":0,"_bbp_total_topic_count":0,"_bbp_total_reply_count":0,"_bbp_voice_count":0,"_bbp_anonymous_reply_count":0,"_bbp_topic_count_hidden":0,"_bbp_reply_count_hidden":0,"_bbp_forum_subforum_count":0,"site-sidebar-layout":"default","site-content-layout":"","ast-site-content-layout":"","site-content-style":"default","site-sidebar-style":"default","ast-global-header-display":"","ast-banner-title-visibility":"","ast-main-header-display":"","ast-hfb-above-header-display":"","ast-hfb-below-header-display":"","ast-hfb-mobile-header-display":"","site-post-title":"","ast-breadcrumbs-content":"","ast-featured-img":"","footer-sml-layout":"","theme-transparent-header-meta":"","adv-header-id-meta":"","stick-header-meta":"","header-above-stick-meta":"","header-main-stick-meta":"","header-below-stick-meta":"","astra-migrate-meta-layouts":"default","ast-page-background-enabled":"default","ast-page-background-meta":{"desktop":{"background-color":"var(--ast-global-color-4)","background-image":"","background-repeat":"repeat","background-position":"center center","background-size":"auto","background-attachment":"scroll","background-type":"","background-media":"","overlay-type":"","overlay-color":"","overlay-opacity":"","overlay-gradient":""},"tablet":{"background-color":"","background-image":"","background-repeat":"repeat","background-position":"center center","background-size":"auto","background-attachment":"scroll","background-type":"","background-media":"","overlay-type":"","overlay-color":"","overlay-opacity":"","overlay-gradient":""},"mobile":{"background-color":"","background-image":"","background-repeat":"repeat","background-position":"center center","background-size":"auto","background-attachment":"scroll","background-type":"","background-media":"","overlay-type":"","overlay-color":"","overlay-opacity":"","overlay-gradient":""}},"ast-content-background-meta":{"desktop":{"background-color":"var(--ast-global-color-5)","background-image":"","background-repeat":"repeat","background-position":"center center","background-size":"auto","background-attachment":"scroll","background-type":"","background-media":"","overlay-type":"","overlay-color":"","overlay-opacity":"","overlay-gradient":""},"tablet":{"background-color":"var(--ast-global-color-5)","background-image":"","background-repeat":"repeat","background-position":"center center","background-size":"auto","background-attachment":"scroll","background-type":"","background-media":"","overlay-type":"","overlay-color":"","overlay-opacity":"","overlay-gradient":""},"mobile":{"background-color":"var(--ast-global-color-5)","background-image":"","background-repeat":"repeat","background-position":"center center","background-size":"auto","background-attachment":"scroll","background-type":"","background-media":"","overlay-type":"","overlay-color":"","overlay-opacity":"","overlay-gradient":""}},"footnotes":""},"class_list":["post-8656","page","type-page","status-publish","hentry"],"post_mailing_queue_ids":[],"_links":{"self":[{"href":"https:\/\/serveiseducatius.xtec.cat\/vallesoccidental5\/wp-json\/wp\/v2\/pages\/8656","targetHints":{"allow":["GET"]}}],"collection":[{"href":"https:\/\/serveiseducatius.xtec.cat\/vallesoccidental5\/wp-json\/wp\/v2\/pages"}],"about":[{"href":"https:\/\/serveiseducatius.xtec.cat\/vallesoccidental5\/wp-json\/wp\/v2\/types\/page"}],"author":[{"embeddable":true,"href":"https:\/\/serveiseducatius.xtec.cat\/vallesoccidental5\/wp-json\/wp\/v2\/users\/1"}],"replies":[{"embeddable":true,"href":"https:\/\/serveiseducatius.xtec.cat\/vallesoccidental5\/wp-json\/wp\/v2\/comments?post=8656"}],"version-history":[{"count":6,"href":"https:\/\/serveiseducatius.xtec.cat\/vallesoccidental5\/wp-json\/wp\/v2\/pages\/8656\/revisions"}],"predecessor-version":[{"id":15588,"href":"https:\/\/serveiseducatius.xtec.cat\/vallesoccidental5\/wp-json\/wp\/v2\/pages\/8656\/revisions\/15588"}],"up":[{"embeddable":true,"href":"https:\/\/serveiseducatius.xtec.cat\/vallesoccidental5\/wp-json\/wp\/v2\/pages\/8622"}],"wp:attachment":[{"href":"https:\/\/serveiseducatius.xtec.cat\/vallesoccidental5\/wp-json\/wp\/v2\/media?parent=8656"}],"curies":[{"name":"wp","href":"https:\/\/api.w.org\/{rel}","templated":true}]}}